{"id":339,"date":"2021-03-22T16:04:03","date_gmt":"2021-03-22T15:04:03","guid":{"rendered":"https:\/\/www.byronweb.net\/?page_id=339"},"modified":"2024-11-20T11:12:56","modified_gmt":"2024-11-20T10:12:56","slug":"presenze-del-personale","status":"publish","type":"page","link":"http:\/\/www.byronweb.net\/es\/presenze-del-personale\/","title":{"rendered":"Asistencia del Personal"},"content":{"rendered":"<div data-elementor-type=\"wp-page\" data-elementor-id=\"339\" class=\"elementor elementor-339\">\n\t\t\t\t\t\t\t\t\t<section class=\"elementor-section elementor-top-section elementor-element elementor-element-fef3d3a elementor-section-boxed elementor-section-height-default elementor-section-height-default\" data-id=\"fef3d3a\" data-element_type=\"section\">\n\t\t\t\t\t\t<div class=\"elementor-container elementor-column-gap-default\">\n\t\t\t\t\t<div class=\"elementor-column elementor-col-100 elementor-top-column elementor-element elementor-element-61cf6c81\" data-id=\"61cf6c81\" data-element_type=\"column\">\n\t\t\t<div class=\"elementor-widget-wrap elementor-element-populated\">\n\t\t\t\t\t\t\t\t<div class=\"elementor-element elementor-element-3dadae64 elementor-widget elementor-widget-text-editor\" data-id=\"3dadae64\" data-element_type=\"widget\" data-widget_type=\"text-editor.default\">\n\t\t\t\t<div class=\"elementor-widget-container\">\n\t\t\t<style>\/*! elementor - v3.6.2 - 04-04-2022 *\/\n.elementor-widget-text-editor.elementor-drop-cap-view-stacked .elementor-drop-cap{background-color:#818a91;color:#fff}.elementor-widget-text-editor.elementor-drop-cap-view-framed .elementor-drop-cap{color:#818a91;border:3px solid;background-color:transparent}.elementor-widget-text-editor:not(.elementor-drop-cap-view-default) .elementor-drop-cap{margin-top:8px}.elementor-widget-text-editor:not(.elementor-drop-cap-view-default) .elementor-drop-cap-letter{width:1em;height:1em}.elementor-widget-text-editor .elementor-drop-cap{float:left;text-align:center;line-height:1;font-size:50px}.elementor-widget-text-editor .elementor-drop-cap-letter{display:inline-block}<\/style>\t\t\t\t<!-- wp:paragraph -->\n<p><span style=\"font-family: georgia, palatino, serif; font-size: 12pt;\">Es posible gestionar las asistencias y todos los asuntos que tienen que ver con el personal de manera muy detallada a trav\u00e9s de nuevas funcionalidades disponibles en el M\u00f3dulo Asistencias en el que hasta se pueden registrar m\u00e1s turnos cumplidos en el mismo d\u00eda. El c\u00e1lculo de las horas trabajadas se transmitir\u00e1 en autom\u00e1tico y ser\u00e1 visible en la secci\u00f3n de ByronWeb dedicada, clasificadas<\/span><\/p>\n<p><span style=\"font-family: georgia, palatino, serif; font-size: 12pt;\"><!-- \/wp:paragraph --><!-- wp:image {\"align\":\"right\",\"id\":340,\"sizeSlug\":\"large\"} --><\/span><\/p>\n<div class=\"wp-block-image\">\n<figure class=\"alignright size-large\"><span style=\"font-family: georgia, palatino, serif; font-size: 12pt;\"><img loading=\"lazy\" width=\"336\" height=\"317\" class=\"wp-image-340\" src=\"https:\/\/www.byronweb.net\/wp-content\/uploads\/2021\/03\/immagine.png\" alt=\"\" srcset=\"https:\/\/www.byronweb.net\/wp-content\/uploads\/2021\/03\/immagine.png 336w, https:\/\/www.byronweb.net\/wp-content\/uploads\/2021\/03\/immagine-300x283.png 300w\" sizes=\"(max-width: 336px) 100vw, 336px\" \/><\/span><\/figure>\n<\/div>\n<p><span style=\"font-family: georgia, palatino, serif; font-size: 12pt;\"><!-- \/wp:image --><!-- wp:paragraph --><\/span><\/p>\n<p><span style=\"font-family: georgia, palatino, serif; font-size: 12pt;\">en Ordinario, Extraordinario y Nocturno en funci\u00f3n del horario de trabajo a\u00f1adido en la ficha del dependiente en la agenda de contactos.<\/span><\/p>\n<p><span style=\"font-family: georgia, palatino, serif; font-size: 12pt;\"><!-- \/wp:paragraph --><!-- wp:paragraph --><\/span><\/p>\n<p><span style=\"font-family: georgia, palatino, serif; font-size: 12pt;\">Solicitudes de vacaciones, permisos etc. El dependiente podr\u00e1 enviar solicitudes de permisos, vacaciones y otras comunicaciones como licencia por enfermedad a trav\u00e9s de la aplicaci\u00f3n Android. La solicitud llegar\u00e1 a la empresa por correo el\u00e9ctronico. La funci\u00f3n se encuentra en el men\u00fa de la aplicaci\u00f3n, inicio\u2192 Asistencias\u2192 Solicitud Vacaciones\/Permisos Aceptada\/Rechazada<\/span><\/p>\n<p><span style=\"font-family: georgia, palatino, serif; font-size: 12pt;\"><!-- \/wp:paragraph --><!-- wp:paragraph --><\/span><\/p>\n<p><span style=\"font-family: georgia, palatino, serif; font-size: 12pt;\">La oficina\/Dpto. de administraci\u00f3n podr\u00e1 gestionar las solicitudes recibidas que, si aceptadas, aparecer\u00e1n en autom\u00e1tico en el registro de presencias del dependiente para no incluirlo en una eventual planificaci\u00f3n. La funci\u00f3n est\u00e1 disponible en el men\u00fa principal al acceder el WebBrowser en Utilidad-&gt;Presencias Env\u00edo Adjuntos, comprobantes, recibos, de la APP a la oficina. Para llegar a una digitalizaci\u00f3n total hemos a\u00f1adido la posibilidad de enviar a trav\u00e9s de la APP todos los documentos necesarios a la oficina para el c\u00e1lculo y el reembolso del sueldo. De hecho el operador a trav\u00e9s de su cuenta puede seleccionar la voz \"Asistencias\" en el men\u00fa principal  y acceder a la secci\u00f3n Adjuntos para enviar a trav\u00e9s de una foto la documentaci\u00f3n necesaria para la oficina.<\/span><\/p>\n<p><span style=\"font-family: georgia, palatino, serif; font-size: 12pt;\"><!-- \/wp:paragraph --><!-- wp:paragraph --><\/span><\/p>\n<p><span style=\"font-family: georgia, palatino, serif; font-size: 14pt;\"><strong><a href=\"https:\/\/accesso.byronweb.net\/ByronWeb\/stampe\/presenze.pdf\" target=\"_blank\" rel=\"noreferrer noopener\">Descarga el folleto de presentaci\u00f3n del m\u00f3dulo<\/a><\/strong><\/span><\/p>\n<!-- \/wp:paragraph --><!-- wp:paragraph -->\n<p>\u00a0<\/p>\n<p><\/p>\n<!-- \/wp:paragraph -->\t\t\t\t\t\t<\/div>\n\t\t\t\t<\/div>\n\t\t\t\t\t<\/div>\n\t\t<\/div>\n\t\t\t\t\t\t\t<\/div>\n\t\t<\/section>\n\t\t\t\t<section class=\"elementor-section elementor-top-section elementor-element elementor-element-57b13db elementor-section-boxed elementor-section-height-default elementor-section-height-default\" data-id=\"57b13db\" data-element_type=\"section\">\n\t\t\t\t\t\t<div class=\"elementor-container elementor-column-gap-default\">\n\t\t\t\t\t<div class=\"elementor-column elementor-col-100 elementor-top-column elementor-element elementor-element-2344685\" data-id=\"2344685\" data-element_type=\"column\">\n\t\t\t<div class=\"elementor-widget-wrap elementor-element-populated\">\n\t\t\t\t\t\t\t\t<div class=\"elementor-element elementor-element-e5716fc elementor-aspect-ratio-169 elementor-widget elementor-widget-video\" data-id=\"e5716fc\" data-element_type=\"widget\" data-settings=\"{&quot;youtube_url&quot;:&quot;https:\\\/\\\/www.youtube.com\\\/watch?v=tXuOoSIeVc8&quot;,&quot;video_type&quot;:&quot;youtube&quot;,&quot;controls&quot;:&quot;yes&quot;,&quot;aspect_ratio&quot;:&quot;169&quot;}\" data-widget_type=\"video.default\">\n\t\t\t\t<div class=\"elementor-widget-container\">\n\t\t\t<style>\/*! elementor - v3.6.2 - 04-04-2022 *\/\n.elementor-widget-video .elementor-widget-container{overflow:hidden;-webkit-transform:translateZ(0);transform:translateZ(0)}.elementor-widget-video .elementor-open-inline .elementor-custom-embed-image-overlay{position:absolute;top:0;left:0;width:100%;height:100%;background-size:cover;background-position:50%}.elementor-widget-video .elementor-custom-embed-image-overlay{cursor:pointer;text-align:center}.elementor-widget-video .elementor-custom-embed-image-overlay:hover .elementor-custom-embed-play i{opacity:1}.elementor-widget-video .elementor-custom-embed-image-overlay img{display:block;width:100%}.elementor-widget-video .e-hosted-video .elementor-video{-o-object-fit:cover;object-fit:cover}<\/style>\t\t<div class=\"elementor-wrapper elementor-fit-aspect-ratio elementor-open-inline\">\n\t\t\t<div class=\"elementor-video\"><\/div>\t\t<\/div>\n\t\t\t\t<\/div>\n\t\t\t\t<\/div>\n\t\t\t\t\t<\/div>\n\t\t<\/div>\n\t\t\t\t\t\t\t<\/div>\n\t\t<\/section>\n\t\t\t\t\t\t\t<\/div>","protected":false},"excerpt":{"rendered":"<p>La gestione delle presenze avviene in maniera approfondita e riesce a soddisfare le principali necessit\u00e0 relative alla gestione delle risorse umane integrando nuovi moduli e funzionalit\u00e0 presenti nel Modulo Presenze,dove \u00e8 possibile registrare tramite ByronMobile pi\u00f9 turni di presenze svolti nella stessa giornata. Il calcolo delle ore lavorate sar\u00e0 automaticamente trasmesso nell\u2019apposita sezione su ByronWeb, [&hellip;]<\/p>","protected":false},"author":1,"featured_media":0,"parent":0,"menu_order":0,"comment_status":"closed","ping_status":"closed","template":"","meta":[],"yoast_head":"<!-- This site is optimized with the Yoast SEO plugin v14.9 - https:\/\/yoast.com\/wordpress\/plugins\/seo\/ -->\n<title>Presenze del Personale -<\/title>\n<meta name=\"robots\" content=\"index, follow, max-snippet:-1, max-image-preview:large, max-video-preview:-1\" \/>\n<link rel=\"canonical\" href=\"http:\/\/www.byronweb.net\/es\/presenze-del-personale\/\" \/>\n<meta property=\"og:locale\" content=\"es_ES\" \/>\n<meta property=\"og:type\" content=\"article\" \/>\n<meta property=\"og:title\" content=\"Presenze del Personale -\" \/>\n<meta property=\"og:description\" content=\"La gestione delle presenze avviene in maniera approfondita e riesce a soddisfare le principali necessit\u00e0 relative alla gestione delle risorse umane integrando nuovi moduli e funzionalit\u00e0 presenti nel Modulo Presenze,dove \u00e8 possibile registrare tramite ByronMobile pi\u00f9 turni di presenze svolti nella stessa giornata. Il calcolo delle ore lavorate sar\u00e0 automaticamente trasmesso nell\u2019apposita sezione su ByronWeb, [&hellip;]\" \/>\n<meta property=\"og:url\" content=\"http:\/\/www.byronweb.net\/es\/presenze-del-personale\/\" \/>\n<meta property=\"article:modified_time\" content=\"2024-11-20T10:12:56+00:00\" \/>\n<meta property=\"og:image\" content=\"https:\/\/www.byronweb.net\/wp-content\/uploads\/2021\/03\/immagine.png\" \/>\n<meta name=\"twitter:card\" content=\"summary_large_image\" \/>\n<script type=\"application\/ld+json\" class=\"yoast-schema-graph\">{\"@context\":\"https:\/\/schema.org\",\"@graph\":[{\"@type\":\"WebSite\",\"@id\":\"http:\/\/www.byronweb.net\/es\/#website\",\"url\":\"http:\/\/www.byronweb.net\/es\/\",\"name\":\"\",\"description\":\"\",\"potentialAction\":[{\"@type\":\"SearchAction\",\"target\":\"http:\/\/www.byronweb.net\/es\/?s={search_term_string}\",\"query-input\":\"required name=search_term_string\"}],\"inLanguage\":\"es-ES\"},{\"@type\":\"ImageObject\",\"@id\":\"https:\/\/www.byronweb.net\/presenze-del-personale\/#primaryimage\",\"inLanguage\":\"es-ES\",\"url\":\"https:\/\/www.byronweb.net\/wp-content\/uploads\/2021\/03\/immagine.png\"},{\"@type\":\"WebPage\",\"@id\":\"https:\/\/www.byronweb.net\/presenze-del-personale\/#webpage\",\"url\":\"https:\/\/www.byronweb.net\/presenze-del-personale\/\",\"name\":\"Presenze del Personale -\",\"isPartOf\":{\"@id\":\"http:\/\/www.byronweb.net\/es\/#website\"},\"primaryImageOfPage\":{\"@id\":\"https:\/\/www.byronweb.net\/presenze-del-personale\/#primaryimage\"},\"datePublished\":\"2021-03-22T15:04:03+00:00\",\"dateModified\":\"2024-11-20T10:12:56+00:00\",\"inLanguage\":\"es-ES\",\"potentialAction\":[{\"@type\":\"ReadAction\",\"target\":[\"https:\/\/www.byronweb.net\/presenze-del-personale\/\"]}]}]}<\/script>\n<!-- \/ Yoast SEO plugin. -->","_links":{"self":[{"href":"http:\/\/www.byronweb.net\/es\/wp-json\/wp\/v2\/pages\/339"}],"collection":[{"href":"http:\/\/www.byronweb.net\/es\/wp-json\/wp\/v2\/pages"}],"about":[{"href":"http:\/\/www.byronweb.net\/es\/wp-json\/wp\/v2\/types\/page"}],"author":[{"embeddable":true,"href":"http:\/\/www.byronweb.net\/es\/wp-json\/wp\/v2\/users\/1"}],"replies":[{"embeddable":true,"href":"http:\/\/www.byronweb.net\/es\/wp-json\/wp\/v2\/comments?post=339"}],"version-history":[{"count":16,"href":"http:\/\/www.byronweb.net\/es\/wp-json\/wp\/v2\/pages\/339\/revisions"}],"predecessor-version":[{"id":3106,"href":"http:\/\/www.byronweb.net\/es\/wp-json\/wp\/v2\/pages\/339\/revisions\/3106"}],"wp:attachment":[{"href":"http:\/\/www.byronweb.net\/es\/wp-json\/wp\/v2\/media?parent=339"}],"curies":[{"name":"wp","href":"https:\/\/api.w.org\/{rel}","templated":true}]}}