{"id":184,"date":"2020-09-18T12:09:50","date_gmt":"2020-09-18T10:09:50","guid":{"rendered":"http:\/\/nuovo.byronweb.com\/?page_id=184"},"modified":"2025-06-19T11:46:40","modified_gmt":"2025-06-19T09:46:40","slug":"track-gps-automezzi-disinfestazione-adulticida-larvicida-html","status":"publish","type":"page","link":"https:\/\/www.byronweb.net\/en\/track-gps-automezzi-disinfestazione-adulticida-larvicida-html\/","title":{"rendered":"Vehicle GPS Tracking - Adulticide treatments"},"content":{"rendered":"<div data-elementor-type=\"wp-page\" data-elementor-id=\"184\" class=\"elementor elementor-184\">\n\t\t\t\t\t\t\t\t\t<section class=\"elementor-section elementor-top-section elementor-element elementor-element-2f3a2662 elementor-section-boxed elementor-section-height-default elementor-section-height-default\" data-id=\"2f3a2662\" data-element_type=\"section\">\n\t\t\t\t\t\t<div class=\"elementor-container elementor-column-gap-default\">\n\t\t\t\t\t<div class=\"elementor-column elementor-col-100 elementor-top-column elementor-element elementor-element-3aa0c08\" data-id=\"3aa0c08\" data-element_type=\"column\">\n\t\t\t<div class=\"elementor-widget-wrap elementor-element-populated\">\n\t\t\t\t\t\t\t\t<div class=\"elementor-element elementor-element-3442ed34 elementor-widget elementor-widget-text-editor\" data-id=\"3442ed34\" data-element_type=\"widget\" data-widget_type=\"text-editor.default\">\n\t\t\t\t<div class=\"elementor-widget-container\">\n\t\t\t<style>\/*! elementor - v3.6.2 - 04-04-2022 *\/\n.elementor-widget-text-editor.elementor-drop-cap-view-stacked .elementor-drop-cap{background-color:#818a91;color:#fff}.elementor-widget-text-editor.elementor-drop-cap-view-framed .elementor-drop-cap{color:#818a91;border:3px solid;background-color:transparent}.elementor-widget-text-editor:not(.elementor-drop-cap-view-default) .elementor-drop-cap{margin-top:8px}.elementor-widget-text-editor:not(.elementor-drop-cap-view-default) .elementor-drop-cap-letter{width:1em;height:1em}.elementor-widget-text-editor .elementor-drop-cap{float:left;text-align:center;line-height:1;font-size:50px}.elementor-widget-text-editor .elementor-drop-cap-letter{display:inline-block}<\/style>\t\t\t\t<p><!-- wp:tadv\/classic-paragraph --><\/p>\n<p><span style=\"font-family: georgia, palatino, serif; font-size: 12pt;\">Byron features a specific module conceived to meet the increasing needs of the pest control sector.<\/span><\/p>\n<p><span style=\"font-family: georgia, palatino, serif; font-size: 12pt;\"><!-- \/wp:tadv\/classic-paragraph --><!-- wp:paragraph --><\/span><\/p>\n<p><span style=\"font-family: georgia, palatino, serif; font-size: 12pt;\">Customers require always more frequently to certify the route travelled during the pest control service.<\/span><\/p>\n<p><span style=\"font-family: georgia, palatino, serif; font-size: 12pt;\"><!-- \/wp:paragraph --><!-- wp:embed {\"url\":\"https:\/\/www.youtube.com\/watch?v=nTGCbhIv2q0\",\"type\":\"video\",\"providerNameSlug\":\"youtube\",\"responsive\":true,\"className\":\"wp-embed-aspect-16-9 wp-has-aspect-ratio\"} --><\/span><\/p>\n<figure class=\"wp-block-embed is-type-video is-provider-youtube wp-block-embed-youtube wp-embed-aspect-16-9 wp-has-aspect-ratio\">\n<div class=\"wp-block-embed__wrapper\"><iframe loading=\"lazy\" src=\"\/\/www.youtube.com\/embed\/nTGCbhIv2q0\" width=\"560\" height=\"314\" allowfullscreen=\"allowfullscreen\"><\/iframe><\/div>\n<\/figure>\n<p><span style=\"font-family: georgia, palatino, serif; font-size: 12pt;\"><!-- \/wp:paragraph --><!-- wp:paragraph --><\/span><\/p>\n<p><span style=\"font-family: georgia, palatino, serif; font-size: 12pt;\">Today it is possible to get this information by installing Trackers on company vehicles.<img loading=\"lazy\" class=\"\" style=\"float: right;\" title=\"Track GPS automezzi\" src=\"http:\/\/nuovo.byronweb.com\/wp-content\/uploads\/2020\/09\/Percorsi.png\" alt=\"percorso automezzo\" width=\"177\" height=\"177\" \/><\/span><\/p>\n<p><span style=\"font-family: georgia, palatino, serif; font-size: 12pt;\"><!-- \/wp:paragraph --><!-- wp:paragraph --><\/span><\/p>\n<p>Trackers <span style=\"font-family: georgia, palatino, serif; font-size: 12pt;\">can be fixed or portable to track more vehicles.<\/span><\/p>\n<p><span style=\"font-family: georgia, palatino, serif; font-size: 12pt;\"><!-- \/wp:paragraph --><!-- wp:paragraph --><\/span><\/p>\n<p><span style=\"font-family: georgia, palatino, serif; font-size: 12pt;\">A specific area reserved to the customer that can be activated on demand allows to manage the operations carried out. All this available on ByronWeb!<\/span><\/p>\n<p><span style=\"font-family: georgia, palatino, serif; font-size: 12pt;\"><!-- \/wp:paragraph --><!-- wp:paragraph --><\/span><\/p>\n<p><span style=\"font-family: georgia, palatino, serif; font-size: 12pt;\">In particular ByronWeb modules includes the following functions:<\/span><\/p>\n<p><span style=\"font-family: georgia, palatino, serif; font-size: 12pt;\"><!-- \/wp:paragraph --><!-- wp:image {\"align\":\"right\"} --><\/span><\/p>\n<div class=\"wp-block-image\">\n<figure class=\"alignright\"><span style=\"font-family: georgia, palatino, serif; font-size: 12pt;\"><img loading=\"lazy\" class=\"\" title=\"track gps automezzi disinfestazione\" src=\"http:\/\/nuovo.byronweb.com\/wp-content\/uploads\/2020\/09\/pcotecnologico.png\" alt=\"automezzo\" width=\"260\" height=\"149\" \/><\/span><\/figure>\n<\/div>\n<p><span style=\"font-family: georgia, palatino, serif; font-size: 12pt;\"><!-- \/wp:image --><!-- wp:paragraph --><\/span><\/p>\n<p><span style=\"font-family: georgia, palatino, serif; font-size: 12pt;\">Georeferenced equipment installation in open areas (bait stations, <strong>manholes map<\/strong>) thanks to own production devices.<br \/><\/span><\/p>\n<p><span style=\"font-family: georgia, palatino, serif; font-size: 12pt;\"><!-- \/wp:paragraph --><!-- wp:paragraph --><\/span><\/p>\n<p><span style=\"font-family: georgia, palatino, serif; font-size: 12pt;\">2) <strong>ADULTICIDE road map with average speed detected, stops and spraying level<br \/><\/strong><\/span><\/p>\n<p><span style=\"font-family: georgia, palatino, serif; font-size: 12pt;\"><!-- \/wp:paragraph --><!-- wp:paragraph {\"fontSize\":\"medium\"} --><\/span><\/p>\n<p><span style=\"font-size: 12pt; font-family: georgia, palatino, serif;\">3) <strong>ENTRY INTO THE SITE IN REAL TIME with notice to the customer and the office<\/strong><\/span><\/p>\n<p><span style=\"font-family: georgia, palatino, serif; font-size: 12pt;\"><!-- \/wp:paragraph --><!-- wp:paragraph --><\/span><\/p>\n<p><span style=\"font-family: georgia, palatino, serif; font-size: 12pt;\">ByronWeb creates all the documents requested by <strong>public bodies during a tender<\/strong><\/span><\/p>\n<p><span style=\"font-family: georgia, palatino, serif; font-size: 12pt;\"><!-- \/wp:paragraph --><!-- wp:paragraph {\"fontSize\":\"medium\"} --><\/span><\/p>\n<p class=\"has-medium-font-size\"><span style=\"font-size: 12pt; font-family: georgia, palatino, serif;\">and compatible with interface system for reading: Standard Google and and wgs 84 \/ utm zone 32n format, as well as all the documents in compliance with the ministerial decree about the integrated National Plan on virus surveillance and response <strong><span class=\"il\">(West<\/span> Nile and Usutu \u2013 2019).<\/strong><\/span><\/p>\n<p><span style=\"font-family: georgia, palatino, serif; font-size: 12pt;\"><!-- \/wp:paragraph --><!-- wp:paragraph --><\/span><span style=\"font-family: georgia, palatino, serif; font-size: 12pt;\"><!-- \/wp:paragraph --><!-- wp:paragraph --><\/span><span style=\"font-family: georgia, palatino, serif; font-size: 12pt;\"><!-- \/wp:paragraph --><!-- wp:embed {\"url\":\"https:\/\/www.youtube.com\/watch?v=1hUjwswm-qA\\u0026t=3s\",\"type\":\"video\",\"providerNameSlug\":\"youtube\",\"responsive\":true,\"className\":\"wp-embed-aspect-16-9 wp-has-aspect-ratio\"} --><\/span><\/p>\n<figure class=\"wp-block-embed is-type-video is-provider-youtube wp-block-embed-youtube wp-embed-aspect-16-9 wp-has-aspect-ratio\">\n<div class=\"wp-block-embed__wrapper\"><img loading=\"lazy\" class=\"aligncenter size-full wp-image-3590\" src=\"https:\/\/www.byronweb.net\/wp-content\/uploads\/2025\/06\/6a99079a-cbbf-495c-ab44-d6b2e5b4310d.jpeg\" alt=\"\" width=\"836\" height=\"696\" srcset=\"https:\/\/www.byronweb.net\/wp-content\/uploads\/2025\/06\/6a99079a-cbbf-495c-ab44-d6b2e5b4310d.jpeg 836w, https:\/\/www.byronweb.net\/wp-content\/uploads\/2025\/06\/6a99079a-cbbf-495c-ab44-d6b2e5b4310d-300x250.jpeg 300w, https:\/\/www.byronweb.net\/wp-content\/uploads\/2025\/06\/6a99079a-cbbf-495c-ab44-d6b2e5b4310d-768x639.jpeg 768w, https:\/\/www.byronweb.net\/wp-content\/uploads\/2025\/06\/6a99079a-cbbf-495c-ab44-d6b2e5b4310d-14x12.jpeg 14w\" sizes=\"(max-width: 836px) 100vw, 836px\" \/><\/div>\n<\/figure>\n<p><span style=\"font-family: georgia, palatino, serif; font-size: 12pt;\"><!-- \/wp:paragraph --><!-- wp:paragraph --><\/span><\/p>\n<p><span style=\"font-family: georgia, palatino, serif; font-size: 12pt;\"><strong>WHY CHOOSE <\/strong><\/span><span style=\"font-family: georgia, palatino, serif; font-size: 12pt;\"><strong>BYRONWEB?<\/strong><\/span><\/p>\n<p><span style=\"font-family: georgia, palatino, serif; font-size: 12pt;\"><!-- \/wp:paragraph --><!-- wp:paragraph --><\/span><\/p>\n<p><span style=\"font-family: georgia, palatino, serif; font-size: 12pt;\">With the ISO 27001 certified Byronweb software you can gain up to 10 scores more in public competitive bidding processes or rank higher in private commissions.<\/span><\/p>\n<p><span style=\"font-family: georgia, palatino, serif; font-size: 12pt;\"><!-- \/wp:paragraph --><!-- wp:paragraph --><\/span><\/p>\n<p><span style=\"font-family: georgia, palatino, serif; font-size: 12pt;\">The software allows to meet every need with a very low management cost. You can also use the efficacy and quality control with the picking module for larval stages counting. Offer a high level service, your company deserves the BEST!<\/span><\/p>\n<p>\u00a0<\/p>\n<p><a href=\"https:\/\/www.byronweb.net\/en\/registrati-e-gratis\/\">Contattaci per maggiori informazioni<\/a><\/p>\n<p><span style=\"font-family: georgia, palatino, serif; font-size: 12pt;\"><!-- \/wp:paragraph --><!-- wp:paragraph --><\/span><\/p>\n<p><span style=\"font-family: georgia, palatino, serif; font-size: 12pt;\"><strong>\u00a0<\/strong><\/span><\/p>\n<p><!-- \/wp:paragraph --><!-- wp:paragraph --><\/p>\n<p><!-- \/wp:paragraph --><!-- wp:image {\"align\":\"center\",\"id\":480,\"width\":831,\"height\":435,\"sizeSlug\":\"large\"} --><\/p>\n<div class=\"wp-block-image\">\u00a0<\/div>\n<p><!-- \/wp:image --><\/p>\t\t\t\t\t\t<\/div>\n\t\t\t\t<\/div>\n\t\t\t\t\t<\/div>\n\t\t<\/div>\n\t\t\t\t\t\t\t<\/div>\n\t\t<\/section>\n\t\t\t\t\t\t\t<\/div>","protected":false},"excerpt":{"rendered":"<p>Byron dispone di un apposito modulo studiato per rispondere alle crescenti esigenze del settore della disinfestazione. Sempre pi\u00f9 spesso \u00e8 richiesta dagli appaltanti la certificazione dei percorsi svolti durante le operazioni di disinfestazione. Oggi \u00e8 possibile ottenere queste informazioni installando dei Tracker sugli automezzi aziendali. \u00c9 possibile scegliere tra Tracker fissi o Portatili, in modo [&hellip;]<\/p>","protected":false},"author":1,"featured_media":0,"parent":0,"menu_order":0,"comment_status":"closed","ping_status":"closed","template":"","meta":[],"yoast_head":"<!-- This site is optimized with the Yoast SEO plugin v14.9 - https:\/\/yoast.com\/wordpress\/plugins\/seo\/ -->\n<title>Track GPS Automezzi - trattamenti ADULTICIDA -<\/title>\n<meta name=\"robots\" content=\"index, follow, max-snippet:-1, max-image-preview:large, max-video-preview:-1\" \/>\n<link rel=\"canonical\" href=\"https:\/\/www.byronweb.net\/en\/track-gps-automezzi-disinfestazione-adulticida-larvicida-html\/\" \/>\n<meta property=\"og:locale\" content=\"en_US\" \/>\n<meta property=\"og:type\" content=\"article\" \/>\n<meta property=\"og:title\" content=\"Track GPS Automezzi - trattamenti ADULTICIDA -\" \/>\n<meta property=\"og:description\" content=\"Byron dispone di un apposito modulo studiato per rispondere alle crescenti esigenze del settore della disinfestazione. Sempre pi\u00f9 spesso \u00e8 richiesta dagli appaltanti la certificazione dei percorsi svolti durante le operazioni di disinfestazione. Oggi \u00e8 possibile ottenere queste informazioni installando dei Tracker sugli automezzi aziendali. \u00c9 possibile scegliere tra Tracker fissi o Portatili, in modo [&hellip;]\" \/>\n<meta property=\"og:url\" content=\"https:\/\/www.byronweb.net\/en\/track-gps-automezzi-disinfestazione-adulticida-larvicida-html\/\" \/>\n<meta property=\"article:modified_time\" content=\"2025-06-19T09:46:40+00:00\" \/>\n<meta property=\"og:image\" content=\"http:\/\/nuovo.byronweb.com\/wp-content\/uploads\/2020\/09\/Percorsi.png\" \/>\n<meta name=\"twitter:card\" content=\"summary_large_image\" \/>\n<script type=\"application\/ld+json\" class=\"yoast-schema-graph\">{\"@context\":\"https:\/\/schema.org\",\"@graph\":[{\"@type\":\"WebSite\",\"@id\":\"https:\/\/www.byronweb.net\/en\/#website\",\"url\":\"https:\/\/www.byronweb.net\/en\/\",\"name\":\"\",\"description\":\"\",\"potentialAction\":[{\"@type\":\"SearchAction\",\"target\":\"https:\/\/www.byronweb.net\/en\/?s={search_term_string}\",\"query-input\":\"required name=search_term_string\"}],\"inLanguage\":\"en-US\"},{\"@type\":\"ImageObject\",\"@id\":\"https:\/\/www.byronweb.net\/track-gps-automezzi-disinfestazione-adulticida-larvicida-html\/#primaryimage\",\"inLanguage\":\"en-US\",\"url\":\"http:\/\/nuovo.byronweb.com\/wp-content\/uploads\/2020\/09\/Percorsi.png\"},{\"@type\":\"WebPage\",\"@id\":\"https:\/\/www.byronweb.net\/track-gps-automezzi-disinfestazione-adulticida-larvicida-html\/#webpage\",\"url\":\"https:\/\/www.byronweb.net\/track-gps-automezzi-disinfestazione-adulticida-larvicida-html\/\",\"name\":\"Track GPS Automezzi - trattamenti ADULTICIDA -\",\"isPartOf\":{\"@id\":\"https:\/\/www.byronweb.net\/en\/#website\"},\"primaryImageOfPage\":{\"@id\":\"https:\/\/www.byronweb.net\/track-gps-automezzi-disinfestazione-adulticida-larvicida-html\/#primaryimage\"},\"datePublished\":\"2020-09-18T10:09:50+00:00\",\"dateModified\":\"2025-06-19T09:46:40+00:00\",\"inLanguage\":\"en-US\",\"potentialAction\":[{\"@type\":\"ReadAction\",\"target\":[\"https:\/\/www.byronweb.net\/track-gps-automezzi-disinfestazione-adulticida-larvicida-html\/\"]}]}]}<\/script>\n<!-- \/ Yoast SEO plugin. -->","_links":{"self":[{"href":"https:\/\/www.byronweb.net\/en\/wp-json\/wp\/v2\/pages\/184"}],"collection":[{"href":"https:\/\/www.byronweb.net\/en\/wp-json\/wp\/v2\/pages"}],"about":[{"href":"https:\/\/www.byronweb.net\/en\/wp-json\/wp\/v2\/types\/page"}],"author":[{"embeddable":true,"href":"https:\/\/www.byronweb.net\/en\/wp-json\/wp\/v2\/users\/1"}],"replies":[{"embeddable":true,"href":"https:\/\/www.byronweb.net\/en\/wp-json\/wp\/v2\/comments?post=184"}],"version-history":[{"count":44,"href":"https:\/\/www.byronweb.net\/en\/wp-json\/wp\/v2\/pages\/184\/revisions"}],"predecessor-version":[{"id":3596,"href":"https:\/\/www.byronweb.net\/en\/wp-json\/wp\/v2\/pages\/184\/revisions\/3596"}],"wp:attachment":[{"href":"https:\/\/www.byronweb.net\/en\/wp-json\/wp\/v2\/media?parent=184"}],"curies":[{"name":"wp","href":"https:\/\/api.w.org\/{rel}","templated":true}]}}