{"id":2436,"date":"2024-04-19T09:29:58","date_gmt":"2024-04-19T07:29:58","guid":{"rendered":"https:\/\/www.byronweb.net\/?page_id=2436"},"modified":"2024-04-19T09:36:48","modified_gmt":"2024-04-19T07:36:48","slug":"16636-5-5-campo-di-applicazione-legale","status":"publish","type":"page","link":"https:\/\/www.byronweb.net\/en\/16636-5-5-campo-di-applicazione-legale\/","title":{"rendered":"UNI EN 16636 \u2013 5.5 Definition of the legal application scope"},"content":{"rendered":"<div data-elementor-type=\"wp-page\" data-elementor-id=\"2436\" class=\"elementor elementor-2436\">\n\t\t\t\t\t\t\t\t\t<section class=\"elementor-section elementor-top-section elementor-element elementor-element-91bab6c elementor-section-boxed elementor-section-height-default elementor-section-height-default\" data-id=\"91bab6c\" data-element_type=\"section\">\n\t\t\t\t\t\t<div class=\"elementor-container elementor-column-gap-default\">\n\t\t\t\t\t<div class=\"elementor-column elementor-col-100 elementor-top-column elementor-element elementor-element-5485349\" data-id=\"5485349\" data-element_type=\"column\">\n\t\t\t<div class=\"elementor-widget-wrap elementor-element-populated\">\n\t\t\t\t\t\t\t\t<div class=\"elementor-element elementor-element-6dd3875 elementor-widget elementor-widget-text-editor\" data-id=\"6dd3875\" data-element_type=\"widget\" data-widget_type=\"text-editor.default\">\n\t\t\t\t<div class=\"elementor-widget-container\">\n\t\t\t<style>\/*! elementor - v3.6.2 - 04-04-2022 *\/\n.elementor-widget-text-editor.elementor-drop-cap-view-stacked .elementor-drop-cap{background-color:#818a91;color:#fff}.elementor-widget-text-editor.elementor-drop-cap-view-framed .elementor-drop-cap{color:#818a91;border:3px solid;background-color:transparent}.elementor-widget-text-editor:not(.elementor-drop-cap-view-default) .elementor-drop-cap{margin-top:8px}.elementor-widget-text-editor:not(.elementor-drop-cap-view-default) .elementor-drop-cap-letter{width:1em;height:1em}.elementor-widget-text-editor .elementor-drop-cap{float:left;text-align:center;line-height:1;font-size:50px}.elementor-widget-text-editor .elementor-drop-cap-letter{display:inline-block}<\/style>\t\t\t\t<p>So many times we take for granted the importance of being compliant with local laws and regulations when it comes to use pesticides and pest control practices. But why is it so important?<\/p><p>First of all, complying with regulations is essential to avoid legal sanctions or fines. But that's not all: protecting the environment, ensuring the safety of both workers and people and reducing the risk of legal action are only some of the reasons why it is essential to be aware of laws and regulations.<\/p><p>It is an important step to ensure that the work is carried out in compliance with regulations and in a safe and efficient way. Here you go some of the most important points on paragraph 5.5 of UNI EN 16636<\/p><ol><li><p><strong>Regulatory compliance<\/strong>: It is important to be compliant with local laws and regulations regarding the use of pesticide  and pest control practices. A careful review of legal regulations helps to ensure that the treatment is carried out in accordance with current legal regulations, thus avoiding legal sanctions or fines.<\/p><\/li><li><p><strong>Environmental protection<\/strong>: Environmental laws often establish restrictions on the use of pesticides to protect and preserve sensitive ecosystems, water resources and biodiversity. Understanding these regulations helps to avoid environmental damage and to contribute to preservation.<\/p><\/li><li><p><strong>Staff and people safety<\/strong>: Adequate knowledge of laws and regulations related to safety and the use of pesticides helps to protect from harmful exposures or accidents both the staff involved in pest control treatment and, in general, the public.<\/p><\/li><li><p><strong>Legal liability<\/strong>: Being aware of relevant laws and regulations reduces the risk of lawsuits from third parties if some property damage, environmental damage or personal injury occures during the pest control.<\/p><\/li><li><p><strong>Operational efficiency<\/strong>: Understanding the legal framework allows to plan and execute the pest control service efficiently, avoiding delays or interruptions due to legal disputes or regulatory violations.<\/p><\/li><\/ol><p><img loading=\"lazy\" class=\"aligncenter size-large wp-image-2438\" src=\"https:\/\/www.byronweb.net\/wp-content\/uploads\/2024\/04\/16636-5.5-1024x858.png\" alt=\"\" width=\"750\" height=\"628\" srcset=\"https:\/\/www.byronweb.net\/wp-content\/uploads\/2024\/04\/16636-5.5-1024x858.png 1024w, https:\/\/www.byronweb.net\/wp-content\/uploads\/2024\/04\/16636-5.5-300x251.png 300w, https:\/\/www.byronweb.net\/wp-content\/uploads\/2024\/04\/16636-5.5-768x644.png 768w, https:\/\/www.byronweb.net\/wp-content\/uploads\/2024\/04\/16636-5.5-14x12.png 14w, https:\/\/www.byronweb.net\/wp-content\/uploads\/2024\/04\/16636-5.5.png 1410w\" sizes=\"(max-width: 750px) 100vw, 750px\" \/><\/p>\t\t\t\t\t\t<\/div>\n\t\t\t\t<\/div>\n\t\t\t\t\t<\/div>\n\t\t<\/div>\n\t\t\t\t\t\t\t<\/div>\n\t\t<\/section>\n\t\t\t\t\t\t\t<\/div>","protected":false},"excerpt":{"rendered":"<p>Molte volte diamo per scontato l&#8217;importanza di rispettare le leggi e i regolamenti locali quando si tratta di utilizzare pesticidi e pratiche di controllo degli infestanti. Ma perch\u00e9 \u00e8 cos\u00ec importante? Innanzitutto, rispettare le normative \u00e8 essenziale per evitare sanzioni legali o multe. Ma non \u00e8 tutto: proteggere l&#8217;ambiente, garantire la sicurezza di chi lavora [&hellip;]<\/p>","protected":false},"author":1,"featured_media":0,"parent":0,"menu_order":0,"comment_status":"closed","ping_status":"closed","template":"","meta":[],"yoast_head":"<!-- This site is optimized with the Yoast SEO plugin v14.9 - https:\/\/yoast.com\/wordpress\/plugins\/seo\/ -->\n<title>UNI EN 16636 \u2013 5.5 Definizione del campo di applicazione legale -<\/title>\n<meta name=\"robots\" content=\"index, follow, max-snippet:-1, max-image-preview:large, max-video-preview:-1\" \/>\n<link rel=\"canonical\" href=\"https:\/\/www.byronweb.net\/en\/16636-5-5-campo-di-applicazione-legale\/\" \/>\n<meta property=\"og:locale\" content=\"en_US\" \/>\n<meta property=\"og:type\" content=\"article\" \/>\n<meta property=\"og:title\" content=\"UNI EN 16636 \u2013 5.5 Definizione del campo di applicazione legale -\" \/>\n<meta property=\"og:description\" content=\"Molte volte diamo per scontato l&#8217;importanza di rispettare le leggi e i regolamenti locali quando si tratta di utilizzare pesticidi e pratiche di controllo degli infestanti. Ma perch\u00e9 \u00e8 cos\u00ec importante? Innanzitutto, rispettare le normative \u00e8 essenziale per evitare sanzioni legali o multe. Ma non \u00e8 tutto: proteggere l&#8217;ambiente, garantire la sicurezza di chi lavora [&hellip;]\" \/>\n<meta property=\"og:url\" content=\"https:\/\/www.byronweb.net\/en\/16636-5-5-campo-di-applicazione-legale\/\" \/>\n<meta property=\"article:modified_time\" content=\"2024-04-19T07:36:48+00:00\" \/>\n<meta property=\"og:image\" content=\"https:\/\/www.byronweb.net\/wp-content\/uploads\/2024\/04\/16636-5.5-1024x858.png\" \/>\n<meta name=\"twitter:card\" content=\"summary_large_image\" \/>\n<script type=\"application\/ld+json\" class=\"yoast-schema-graph\">{\"@context\":\"https:\/\/schema.org\",\"@graph\":[{\"@type\":\"WebSite\",\"@id\":\"https:\/\/www.byronweb.net\/en\/#website\",\"url\":\"https:\/\/www.byronweb.net\/en\/\",\"name\":\"\",\"description\":\"\",\"potentialAction\":[{\"@type\":\"SearchAction\",\"target\":\"https:\/\/www.byronweb.net\/en\/?s={search_term_string}\",\"query-input\":\"required name=search_term_string\"}],\"inLanguage\":\"en-US\"},{\"@type\":\"ImageObject\",\"@id\":\"https:\/\/www.byronweb.net\/16636-5-5-campo-di-applicazione-legale\/#primaryimage\",\"inLanguage\":\"en-US\",\"url\":\"https:\/\/www.byronweb.net\/wp-content\/uploads\/2024\/04\/16636-5.5.png\",\"width\":1410,\"height\":1182},{\"@type\":\"WebPage\",\"@id\":\"https:\/\/www.byronweb.net\/16636-5-5-campo-di-applicazione-legale\/#webpage\",\"url\":\"https:\/\/www.byronweb.net\/16636-5-5-campo-di-applicazione-legale\/\",\"name\":\"UNI EN 16636 \\u2013 5.5 Definizione del campo di applicazione legale -\",\"isPartOf\":{\"@id\":\"https:\/\/www.byronweb.net\/en\/#website\"},\"primaryImageOfPage\":{\"@id\":\"https:\/\/www.byronweb.net\/16636-5-5-campo-di-applicazione-legale\/#primaryimage\"},\"datePublished\":\"2024-04-19T07:29:58+00:00\",\"dateModified\":\"2024-04-19T07:36:48+00:00\",\"inLanguage\":\"en-US\",\"potentialAction\":[{\"@type\":\"ReadAction\",\"target\":[\"https:\/\/www.byronweb.net\/16636-5-5-campo-di-applicazione-legale\/\"]}]}]}<\/script>\n<!-- \/ Yoast SEO plugin. -->","_links":{"self":[{"href":"https:\/\/www.byronweb.net\/en\/wp-json\/wp\/v2\/pages\/2436"}],"collection":[{"href":"https:\/\/www.byronweb.net\/en\/wp-json\/wp\/v2\/pages"}],"about":[{"href":"https:\/\/www.byronweb.net\/en\/wp-json\/wp\/v2\/types\/page"}],"author":[{"embeddable":true,"href":"https:\/\/www.byronweb.net\/en\/wp-json\/wp\/v2\/users\/1"}],"replies":[{"embeddable":true,"href":"https:\/\/www.byronweb.net\/en\/wp-json\/wp\/v2\/comments?post=2436"}],"version-history":[{"count":8,"href":"https:\/\/www.byronweb.net\/en\/wp-json\/wp\/v2\/pages\/2436\/revisions"}],"predecessor-version":[{"id":2446,"href":"https:\/\/www.byronweb.net\/en\/wp-json\/wp\/v2\/pages\/2436\/revisions\/2446"}],"wp:attachment":[{"href":"https:\/\/www.byronweb.net\/en\/wp-json\/wp\/v2\/media?parent=2436"}],"curies":[{"name":"wp","href":"https:\/\/api.w.org\/{rel}","templated":true}]}}