{"id":2825,"date":"2024-09-13T09:26:30","date_gmt":"2024-09-13T07:26:30","guid":{"rendered":"https:\/\/www.byronweb.net\/?page_id=2825"},"modified":"2024-09-13T09:30:48","modified_gmt":"2024-09-13T07:30:48","slug":"uni-en-16636-5-7-proposta-formale-al-cliente","status":"publish","type":"page","link":"https:\/\/www.byronweb.net\/en\/uni-en-16636-5-7-proposta-formale-al-cliente\/","title":{"rendered":"UNI EN 16636 &#8211; 5.7 &#8211; Proposta Formale al cliente"},"content":{"rendered":"<div data-elementor-type=\"wp-page\" data-elementor-id=\"2825\" class=\"elementor elementor-2825\">\n\t\t\t\t\t\t\t\t\t<section class=\"elementor-section elementor-top-section elementor-element elementor-element-5a3160a elementor-section-boxed elementor-section-height-default elementor-section-height-default\" data-id=\"5a3160a\" data-element_type=\"section\">\n\t\t\t\t\t\t<div class=\"elementor-container elementor-column-gap-default\">\n\t\t\t\t\t<div class=\"elementor-column elementor-col-100 elementor-top-column elementor-element elementor-element-c8003e4\" data-id=\"c8003e4\" data-element_type=\"column\">\n\t\t\t<div class=\"elementor-widget-wrap elementor-element-populated\">\n\t\t\t\t\t\t\t\t<div class=\"elementor-element elementor-element-6b37946 elementor-widget elementor-widget-text-editor\" data-id=\"6b37946\" data-element_type=\"widget\" data-widget_type=\"text-editor.default\">\n\t\t\t\t<div class=\"elementor-widget-container\">\n\t\t\t<style>\/*! elementor - v3.6.2 - 04-04-2022 *\/\n.elementor-widget-text-editor.elementor-drop-cap-view-stacked .elementor-drop-cap{background-color:#818a91;color:#fff}.elementor-widget-text-editor.elementor-drop-cap-view-framed .elementor-drop-cap{color:#818a91;border:3px solid;background-color:transparent}.elementor-widget-text-editor:not(.elementor-drop-cap-view-default) .elementor-drop-cap{margin-top:8px}.elementor-widget-text-editor:not(.elementor-drop-cap-view-default) .elementor-drop-cap-letter{width:1em;height:1em}.elementor-widget-text-editor .elementor-drop-cap{float:left;text-align:center;line-height:1;font-size:50px}.elementor-widget-text-editor .elementor-drop-cap-letter{display:inline-block}<\/style>\t\t\t\t<p>Nella proposta formale al cliente,\u00a0 \u00e8 fondamentale studiare bene i regolamenti e le certificazioni specifiche che il cliente deve attenzionare:<\/p><ol><li><p><strong>Sicurezza Alimentare e Farmaceutica<\/strong>: in questi ambienti la contaminazione da rodenticidi pu\u00f2 rappresentare un rischio grave. Questi prodotti potrebbero contaminare alimenti, bevande o materie prime, compromettendo la sicurezza dei consumatori e la qualit\u00e0 dei prodotti. Rispetto ai regolamenti specifici, si garantisce che le procedure di utilizzo e gestione dei rodenticidi non mettano a rischio la salute pubblica.<\/p><\/li><li><p><strong>Normative Legali<\/strong>: Le normative per l&#8217;uso di rodenticidi variano da paese a paese e possono essere molto stringenti in settori regolamentati. Le aziende devono conformarsi a queste normative per evitare sanzioni legali, multe o chiusure temporanee. \u00c8 essenziale essere a conoscenza delle leggi e delle linee guida locali per garantire che le pratiche siano legali e sicure.<\/p><\/li><li><p><strong>Certificazioni di Qualit\u00e0<\/strong>: Le aziende alimentari e farmaceutiche spesso devono rispettare standard di qualit\u00e0 e certificazioni specifiche, come quelle di sicurezza alimentare (ad esempio, ISO 22000) o di buona pratica di fabbricazione (GMP). L&#8217;uso inappropriato di rodenticidi pu\u00f2 compromettere il raggiungimento e il mantenimento di tali certificazioni.<\/p><\/li><li><p><strong>Gestione dei Rischi Ambientali<\/strong>: La corretta applicazione dei rodenticidi deve essere gestita anche per minimizzare l\u2019impatto ambientale. Le certificazioni possono richiedere pratiche di gestione ambientale che includano l&#8217;uso di rodenticidi in modi che non danneggino l&#8217;ecosistema circostante.<\/p><\/li><li><p><strong>Responsabilit\u00e0 e Tracciabilit\u00e0<\/strong>: In ambienti regolamentati, \u00e8 cruciale mantenere una documentazione accurata sull&#8217;uso dei rodenticidi, inclusi i luoghi di applicazione, le quantit\u00e0 usate e i tempi di applicazione. Questo \u00e8 necessario per dimostrare la conformit\u00e0 alle normative e per facilitare eventuali ispezioni o audit.<\/p><\/li><li><p><strong>Sicurezza del Personale e degli Utenti<\/strong>: L&#8217;uso di rodenticidi deve essere gestito con attenzione per proteggere la salute dei dipendenti e degli utenti. Le normative possono richiedere specifici protocolli di sicurezza e formazione per coloro che gestiscono e applicano questi prodotti.<\/p><\/li><\/ol><p>In sintesi, comprendere e rispettare i regolamenti e le certificazioni \u00e8 essenziale per garantire che l&#8217;uso di rodenticidi in aziende alimentari o farmaceutiche non solo soddisfi i requisiti legali, ma anche garantisca la sicurezza e la qualit\u00e0 dei prodotti e l\u2019ambiente circostante.<\/p><p><img loading=\"lazy\" class=\"aligncenter size-large wp-image-2827\" src=\"https:\/\/www.byronweb.net\/wp-content\/uploads\/2024\/09\/16636-5.7-1024x858.png\" alt=\"\" width=\"750\" height=\"628\" srcset=\"https:\/\/www.byronweb.net\/wp-content\/uploads\/2024\/09\/16636-5.7-1024x858.png 1024w, https:\/\/www.byronweb.net\/wp-content\/uploads\/2024\/09\/16636-5.7-300x252.png 300w, https:\/\/www.byronweb.net\/wp-content\/uploads\/2024\/09\/16636-5.7-768x644.png 768w, https:\/\/www.byronweb.net\/wp-content\/uploads\/2024\/09\/16636-5.7-14x12.png 14w, https:\/\/www.byronweb.net\/wp-content\/uploads\/2024\/09\/16636-5.7.png 1293w\" sizes=\"(max-width: 750px) 100vw, 750px\" \/><\/p>\t\t\t\t\t\t<\/div>\n\t\t\t\t<\/div>\n\t\t\t\t\t<\/div>\n\t\t<\/div>\n\t\t\t\t\t\t\t<\/div>\n\t\t<\/section>\n\t\t\t\t\t\t\t<\/div>","protected":false},"excerpt":{"rendered":"<p>Nella proposta formale al cliente,\u00a0 \u00e8 fondamentale studiare bene i regolamenti e le certificazioni specifiche che il cliente deve attenzionare: Sicurezza Alimentare e Farmaceutica: in questi ambienti la contaminazione da rodenticidi pu\u00f2 rappresentare un rischio grave. Questi prodotti potrebbero contaminare alimenti, bevande o materie prime, compromettendo la sicurezza dei consumatori e la qualit\u00e0 dei prodotti. [&hellip;]<\/p>","protected":false},"author":1,"featured_media":0,"parent":0,"menu_order":0,"comment_status":"closed","ping_status":"closed","template":"","meta":[],"yoast_head":"<!-- This site is optimized with the Yoast SEO plugin v14.9 - https:\/\/yoast.com\/wordpress\/plugins\/seo\/ -->\n<title>UNI EN 16636 - 5.7 - Proposta Formale al cliente -<\/title>\n<meta name=\"robots\" content=\"index, follow, max-snippet:-1, max-image-preview:large, max-video-preview:-1\" \/>\n<link rel=\"canonical\" href=\"https:\/\/www.byronweb.net\/en\/uni-en-16636-5-7-proposta-formale-al-cliente\/\" \/>\n<meta property=\"og:locale\" content=\"en_US\" \/>\n<meta property=\"og:type\" content=\"article\" \/>\n<meta property=\"og:title\" content=\"UNI EN 16636 - 5.7 - Proposta Formale al cliente -\" \/>\n<meta property=\"og:description\" content=\"Nella proposta formale al cliente,\u00a0 \u00e8 fondamentale studiare bene i regolamenti e le certificazioni specifiche che il cliente deve attenzionare: Sicurezza Alimentare e Farmaceutica: in questi ambienti la contaminazione da rodenticidi pu\u00f2 rappresentare un rischio grave. Questi prodotti potrebbero contaminare alimenti, bevande o materie prime, compromettendo la sicurezza dei consumatori e la qualit\u00e0 dei prodotti. [&hellip;]\" \/>\n<meta property=\"og:url\" content=\"https:\/\/www.byronweb.net\/en\/uni-en-16636-5-7-proposta-formale-al-cliente\/\" \/>\n<meta property=\"article:modified_time\" content=\"2024-09-13T07:30:48+00:00\" \/>\n<meta property=\"og:image\" content=\"https:\/\/www.byronweb.net\/wp-content\/uploads\/2024\/09\/16636-5.7-1024x858.png\" \/>\n<meta name=\"twitter:card\" content=\"summary_large_image\" \/>\n<script type=\"application\/ld+json\" class=\"yoast-schema-graph\">{\"@context\":\"https:\/\/schema.org\",\"@graph\":[{\"@type\":\"WebSite\",\"@id\":\"https:\/\/www.byronweb.net\/en\/#website\",\"url\":\"https:\/\/www.byronweb.net\/en\/\",\"name\":\"\",\"description\":\"\",\"potentialAction\":[{\"@type\":\"SearchAction\",\"target\":\"https:\/\/www.byronweb.net\/en\/?s={search_term_string}\",\"query-input\":\"required name=search_term_string\"}],\"inLanguage\":\"en-US\"},{\"@type\":\"ImageObject\",\"@id\":\"https:\/\/www.byronweb.net\/uni-en-16636-5-7-proposta-formale-al-cliente\/#primaryimage\",\"inLanguage\":\"en-US\",\"url\":\"https:\/\/www.byronweb.net\/wp-content\/uploads\/2024\/09\/16636-5.7.png\",\"width\":1293,\"height\":1084},{\"@type\":\"WebPage\",\"@id\":\"https:\/\/www.byronweb.net\/uni-en-16636-5-7-proposta-formale-al-cliente\/#webpage\",\"url\":\"https:\/\/www.byronweb.net\/uni-en-16636-5-7-proposta-formale-al-cliente\/\",\"name\":\"UNI EN 16636 - 5.7 - Proposta Formale al cliente -\",\"isPartOf\":{\"@id\":\"https:\/\/www.byronweb.net\/en\/#website\"},\"primaryImageOfPage\":{\"@id\":\"https:\/\/www.byronweb.net\/uni-en-16636-5-7-proposta-formale-al-cliente\/#primaryimage\"},\"datePublished\":\"2024-09-13T07:26:30+00:00\",\"dateModified\":\"2024-09-13T07:30:48+00:00\",\"inLanguage\":\"en-US\",\"potentialAction\":[{\"@type\":\"ReadAction\",\"target\":[\"https:\/\/www.byronweb.net\/uni-en-16636-5-7-proposta-formale-al-cliente\/\"]}]}]}<\/script>\n<!-- \/ Yoast SEO plugin. -->","_links":{"self":[{"href":"https:\/\/www.byronweb.net\/en\/wp-json\/wp\/v2\/pages\/2825"}],"collection":[{"href":"https:\/\/www.byronweb.net\/en\/wp-json\/wp\/v2\/pages"}],"about":[{"href":"https:\/\/www.byronweb.net\/en\/wp-json\/wp\/v2\/types\/page"}],"author":[{"embeddable":true,"href":"https:\/\/www.byronweb.net\/en\/wp-json\/wp\/v2\/users\/1"}],"replies":[{"embeddable":true,"href":"https:\/\/www.byronweb.net\/en\/wp-json\/wp\/v2\/comments?post=2825"}],"version-history":[{"count":10,"href":"https:\/\/www.byronweb.net\/en\/wp-json\/wp\/v2\/pages\/2825\/revisions"}],"predecessor-version":[{"id":2837,"href":"https:\/\/www.byronweb.net\/en\/wp-json\/wp\/v2\/pages\/2825\/revisions\/2837"}],"wp:attachment":[{"href":"https:\/\/www.byronweb.net\/en\/wp-json\/wp\/v2\/media?parent=2825"}],"curies":[{"name":"wp","href":"https:\/\/api.w.org\/{rel}","templated":true}]}}