{"id":3157,"date":"2024-11-27T08:33:20","date_gmt":"2024-11-27T07:33:20","guid":{"rendered":"https:\/\/www.byronweb.net\/?page_id=3157"},"modified":"2024-11-27T08:39:15","modified_gmt":"2024-11-27T07:39:15","slug":"%f0%9d%97%a8%f0%9d%97%a1%f0%9d%97%9c-%f0%9d%9f%ad%f0%9d%9f%ad%f0%9d%9f%b5%f0%9d%9f%b1%f0%9d%9f%b2-pco-sostenibilita","status":"publish","type":"page","link":"https:\/\/www.byronweb.net\/en\/%f0%9d%97%a8%f0%9d%97%a1%f0%9d%97%9c-%f0%9d%9f%ad%f0%9d%9f%ad%f0%9d%9f%b5%f0%9d%9f%b1%f0%9d%9f%b2-pco-sostenibilita\/","title":{"rendered":"\ud835\udde8\ud835\udde1\ud835\udddc \ud835\udfed\ud835\udfed\ud835\udff5\ud835\udff1\ud835\udff2 \ud835\udde5\ud835\uddf2\ud835\ude00\ud835\uddfd\ud835\uddfc\ud835\uddfb\ud835\ude00\ud835\uddee\ud835\uddef\ud835\uddf6\ud835\uddf9\ud835\uddf6\ud835\ude01\ud835\uddee\u0300 \ud835\uddf2 \ud835\udddc\ud835\uddfb\ud835\uddfb\ud835\uddfc\ud835\ude03\ud835\uddee\ud835\ude07\ud835\uddf6\ud835\uddfc\ud835\uddfb\ud835\uddf2 \ud835\uddfd\ud835\uddf2\ud835\uddff \ud835\ude02\ud835\uddfb \ud835\uddd9\ud835\ude02\ud835\ude01\ud835\ude02\ud835\uddff\ud835\uddfc \ud835\udde6\ud835\uddfc\ud835\ude00\ud835\ude01\ud835\uddf2\ud835\uddfb\ud835\uddf6\ud835\uddef\ud835\uddf6\ud835\uddf9\ud835\uddf2!"},"content":{"rendered":"<div data-elementor-type=\"wp-page\" data-elementor-id=\"3157\" class=\"elementor elementor-3157\">\n\t\t\t\t\t\t\t\t\t<section class=\"elementor-section elementor-top-section elementor-element elementor-element-4b76e30d elementor-section-boxed elementor-section-height-default elementor-section-height-default\" data-id=\"4b76e30d\" data-element_type=\"section\">\n\t\t\t\t\t\t<div class=\"elementor-container elementor-column-gap-default\">\n\t\t\t\t\t<div class=\"elementor-column elementor-col-100 elementor-top-column elementor-element elementor-element-15e47b5e\" data-id=\"15e47b5e\" data-element_type=\"column\">\n\t\t\t<div class=\"elementor-widget-wrap elementor-element-populated\">\n\t\t\t\t\t\t\t\t<div class=\"elementor-element elementor-element-686dcd27 elementor-widget elementor-widget-text-editor\" data-id=\"686dcd27\" data-element_type=\"widget\" data-widget_type=\"text-editor.default\">\n\t\t\t\t<div class=\"elementor-widget-container\">\n\t\t\t<style>\/*! elementor - v3.6.2 - 04-04-2022 *\/\n.elementor-widget-text-editor.elementor-drop-cap-view-stacked .elementor-drop-cap{background-color:#818a91;color:#fff}.elementor-widget-text-editor.elementor-drop-cap-view-framed .elementor-drop-cap{color:#818a91;border:3px solid;background-color:transparent}.elementor-widget-text-editor:not(.elementor-drop-cap-view-default) .elementor-drop-cap{margin-top:8px}.elementor-widget-text-editor:not(.elementor-drop-cap-view-default) .elementor-drop-cap-letter{width:1em;height:1em}.elementor-widget-text-editor .elementor-drop-cap{float:left;text-align:center;line-height:1;font-size:50px}.elementor-widget-text-editor .elementor-drop-cap-letter{display:inline-block}<\/style>\t\t\t\t<div class=\"xdj266r x11i5rnm xat24cr x1mh8g0r x1vvkbs x126k92a\">\n<p dir=\"auto\"><span style=\"font-size: 14pt;\">\ud835\udde8\ud835\udde1\ud835\udddc \ud835\udfed\ud835\udfed\ud835\udff5\ud835\udff1\ud835\udff2 \ud835\uddd9\ud835\ude02\ud835\ude01\ud835\ude02\ud835\uddff\ud835\uddfc \ud835\udde6\ud835\uddfc\ud835\ude00\ud835\ude01\ud835\uddf2\ud835\uddfb\ud835\uddf6\ud835\uddef\ud835\uddf6\ud835\uddf9\ud835\uddf2!<\/span><\/p>\n<p dir=\"auto\"><span style=\"font-size: 14pt;\">Il settore del PCO \u00e8 in continua evoluzione, un vero palcoscenico di professionalit\u00e0 e dedizione! I nostri disinfestatori sono esperti meticolosi, sempre pronti a migliorarsi e a formarsi per affrontare la grande responsabilit\u00e0 che il loro lavoro comporta: l&#8217;impatto ambientale e civile dei servizi di disinfestazione.<\/span><\/p>\n<\/div>\n<div dir=\"auto\"><span style=\"font-size: 14pt;\">Oggi vi parliamo dell&#8217;integrazione della norma UNI 11956 sulla nostra piattaforma! Questa norma ci consente di calcolare l\u2019impatto delle nostre azioni attraverso matrici segmentate, valutando non solo gli effetti ambientali, ma anche quelli civili ed etici.<\/span><\/div>\n<p class=\"x11i5rnm xat24cr x1mh8g0r x1vvkbs xtlvy1s x126k92a\">\u00a0<\/p>\n<div dir=\"auto\"><span style=\"font-size: 14pt;\">L&#8217;obiettivo? Generare un impatto positivo e rassicurante sulle persone, garantendo un servizio che non desti preoccupazione e che promuova la sicurezza e il benessere nella comunit\u00e0.<\/span><\/div>\n<p class=\"x11i5rnm xat24cr x1mh8g0r x1vvkbs xtlvy1s x126k92a\">\u00a0<\/p>\n<div dir=\"auto\"><span style=\"font-size: 14pt;\">La nostra missione \u00e8 chiara: operare con responsabilit\u00e0 e consapevolezza, per un futuro pi\u00f9 sostenibile e sereno per tutti! Unisciti a noi in questo viaggio verso un mondo migliore!\u00a0<\/span><\/div>\n<p dir=\"auto\"><span style=\"font-size: 14pt;\">All&#8217;interno di ByronWeb e ByronMobile\/Unika trovate il modulo per il calcolo della sostenibilit\u00e0.<\/span><\/p>\n<p dir=\"auto\">\u00a0<\/p>\n<div dir=\"auto\">\u00a0<\/div>\n<!-- wp:image {\"id\":3159,\"sizeSlug\":\"full\",\"linkDestination\":\"none\"} -->\n<figure class=\"wp-block-image size-full\"><img loading=\"lazy\" class=\"aligncenter wp-image-3159 size-full\" src=\"https:\/\/www.byronweb.net\/wp-content\/uploads\/2024\/11\/461860036_1092727536187369_5131304536561102179_n.jpg\" alt=\"\" width=\"993\" height=\"464\" srcset=\"https:\/\/www.byronweb.net\/wp-content\/uploads\/2024\/11\/461860036_1092727536187369_5131304536561102179_n.jpg 993w, https:\/\/www.byronweb.net\/wp-content\/uploads\/2024\/11\/461860036_1092727536187369_5131304536561102179_n-300x140.jpg 300w, https:\/\/www.byronweb.net\/wp-content\/uploads\/2024\/11\/461860036_1092727536187369_5131304536561102179_n-768x359.jpg 768w, https:\/\/www.byronweb.net\/wp-content\/uploads\/2024\/11\/461860036_1092727536187369_5131304536561102179_n-18x8.jpg 18w\" sizes=\"(max-width: 993px) 100vw, 993px\" \/><\/figure>\n<!-- \/wp:image -->\t\t\t\t\t\t<\/div>\n\t\t\t\t<\/div>\n\t\t\t\t\t<\/div>\n\t\t<\/div>\n\t\t\t\t\t\t\t<\/div>\n\t\t<\/section>\n\t\t\t\t\t\t\t<\/div>","protected":false},"excerpt":{"rendered":"<p>\ud835\udde8\ud835\udde1\ud835\udddc \ud835\udfed\ud835\udfed\ud835\udff5\ud835\udff1\ud835\udff2 \ud835\uddd9\ud835\ude02\ud835\ude01\ud835\ude02\ud835\uddff\ud835\uddfc \ud835\udde6\ud835\uddfc\ud835\ude00\ud835\ude01\ud835\uddf2\ud835\uddfb\ud835\uddf6\ud835\uddef\ud835\uddf6\ud835\uddf9\ud835\uddf2! Il settore del PCO \u00e8 in continua evoluzione, un vero palcoscenico di professionalit\u00e0 e dedizione! I nostri disinfestatori sono esperti meticolosi, sempre pronti a migliorarsi e a formarsi per affrontare la grande responsabilit\u00e0 che il loro lavoro comporta: l&#8217;impatto ambientale e civile dei servizi di disinfestazione. Oggi vi parliamo dell&#8217;integrazione della [&hellip;]<\/p>","protected":false},"author":1,"featured_media":0,"parent":0,"menu_order":0,"comment_status":"closed","ping_status":"closed","template":"","meta":[],"yoast_head":"<!-- This site is optimized with the Yoast SEO plugin v14.9 - https:\/\/yoast.com\/wordpress\/plugins\/seo\/ -->\n<title>\ud835\udde8\ud835\udde1\ud835\udddc \ud835\udfed\ud835\udfed\ud835\udff5\ud835\udff1\ud835\udff2 \ud835\udde5\ud835\uddf2\ud835\ude00\ud835\uddfd\ud835\uddfc\ud835\uddfb\ud835\ude00\ud835\uddee\ud835\uddef\ud835\uddf6\ud835\uddf9\ud835\uddf6\ud835\ude01\ud835\uddee\u0300 \ud835\uddf2 \ud835\udddc\ud835\uddfb\ud835\uddfb\ud835\uddfc\ud835\ude03\ud835\uddee\ud835\ude07\ud835\uddf6\ud835\uddfc\ud835\uddfb\ud835\uddf2 \ud835\uddfd\ud835\uddf2\ud835\uddff \ud835\ude02\ud835\uddfb \ud835\uddd9\ud835\ude02\ud835\ude01\ud835\ude02\ud835\uddff\ud835\uddfc \ud835\udde6\ud835\uddfc\ud835\ude00\ud835\ude01\ud835\uddf2\ud835\uddfb\ud835\uddf6\ud835\uddef\ud835\uddf6\ud835\uddf9\ud835\uddf2! -<\/title>\n<meta name=\"robots\" content=\"index, follow, max-snippet:-1, max-image-preview:large, max-video-preview:-1\" \/>\n<link rel=\"canonical\" href=\"https:\/\/www.byronweb.net\/en\/\ud835\udde8\ud835\udde1\ud835\udddc-\ud835\udfed\ud835\udfed\ud835\udff5\ud835\udff1\ud835\udff2-pco-sostenibilita\/\" \/>\n<meta property=\"og:locale\" content=\"en_US\" \/>\n<meta property=\"og:type\" content=\"article\" \/>\n<meta property=\"og:title\" content=\"\ud835\udde8\ud835\udde1\ud835\udddc \ud835\udfed\ud835\udfed\ud835\udff5\ud835\udff1\ud835\udff2 \ud835\udde5\ud835\uddf2\ud835\ude00\ud835\uddfd\ud835\uddfc\ud835\uddfb\ud835\ude00\ud835\uddee\ud835\uddef\ud835\uddf6\ud835\uddf9\ud835\uddf6\ud835\ude01\ud835\uddee\u0300 \ud835\uddf2 \ud835\udddc\ud835\uddfb\ud835\uddfb\ud835\uddfc\ud835\ude03\ud835\uddee\ud835\ude07\ud835\uddf6\ud835\uddfc\ud835\uddfb\ud835\uddf2 \ud835\uddfd\ud835\uddf2\ud835\uddff \ud835\ude02\ud835\uddfb \ud835\uddd9\ud835\ude02\ud835\ude01\ud835\ude02\ud835\uddff\ud835\uddfc \ud835\udde6\ud835\uddfc\ud835\ude00\ud835\ude01\ud835\uddf2\ud835\uddfb\ud835\uddf6\ud835\uddef\ud835\uddf6\ud835\uddf9\ud835\uddf2! -\" \/>\n<meta property=\"og:description\" content=\"\ud835\udde8\ud835\udde1\ud835\udddc \ud835\udfed\ud835\udfed\ud835\udff5\ud835\udff1\ud835\udff2 \ud835\uddd9\ud835\ude02\ud835\ude01\ud835\ude02\ud835\uddff\ud835\uddfc \ud835\udde6\ud835\uddfc\ud835\ude00\ud835\ude01\ud835\uddf2\ud835\uddfb\ud835\uddf6\ud835\uddef\ud835\uddf6\ud835\uddf9\ud835\uddf2! Il settore del PCO \u00e8 in continua evoluzione, un vero palcoscenico di professionalit\u00e0 e dedizione! I nostri disinfestatori sono esperti meticolosi, sempre pronti a migliorarsi e a formarsi per affrontare la grande responsabilit\u00e0 che il loro lavoro comporta: l&#8217;impatto ambientale e civile dei servizi di disinfestazione. Oggi vi parliamo dell&#8217;integrazione della [&hellip;]\" \/>\n<meta property=\"og:url\" content=\"https:\/\/www.byronweb.net\/en\/\ud835\udde8\ud835\udde1\ud835\udddc-\ud835\udfed\ud835\udfed\ud835\udff5\ud835\udff1\ud835\udff2-pco-sostenibilita\/\" \/>\n<meta property=\"article:modified_time\" content=\"2024-11-27T07:39:15+00:00\" \/>\n<meta property=\"og:image\" content=\"https:\/\/www.byronweb.net\/wp-content\/uploads\/2024\/11\/461860036_1092727536187369_5131304536561102179_n.jpg\" \/>\n<meta name=\"twitter:card\" content=\"summary_large_image\" \/>\n<script type=\"application\/ld+json\" class=\"yoast-schema-graph\">{\"@context\":\"https:\/\/schema.org\",\"@graph\":[{\"@type\":\"WebSite\",\"@id\":\"https:\/\/www.byronweb.net\/en\/#website\",\"url\":\"https:\/\/www.byronweb.net\/en\/\",\"name\":\"\",\"description\":\"\",\"potentialAction\":[{\"@type\":\"SearchAction\",\"target\":\"https:\/\/www.byronweb.net\/en\/?s={search_term_string}\",\"query-input\":\"required name=search_term_string\"}],\"inLanguage\":\"en-US\"},{\"@type\":\"ImageObject\",\"@id\":\"https:\/\/www.byronweb.net\/%f0%9d%97%a8%f0%9d%97%a1%f0%9d%97%9c-%f0%9d%9f%ad%f0%9d%9f%ad%f0%9d%9f%b5%f0%9d%9f%b1%f0%9d%9f%b2-pco-sostenibilita\/#primaryimage\",\"inLanguage\":\"en-US\",\"url\":\"https:\/\/www.byronweb.net\/wp-content\/uploads\/2024\/11\/461860036_1092727536187369_5131304536561102179_n.jpg\",\"width\":993,\"height\":464},{\"@type\":\"WebPage\",\"@id\":\"https:\/\/www.byronweb.net\/%f0%9d%97%a8%f0%9d%97%a1%f0%9d%97%9c-%f0%9d%9f%ad%f0%9d%9f%ad%f0%9d%9f%b5%f0%9d%9f%b1%f0%9d%9f%b2-pco-sostenibilita\/#webpage\",\"url\":\"https:\/\/www.byronweb.net\/%f0%9d%97%a8%f0%9d%97%a1%f0%9d%97%9c-%f0%9d%9f%ad%f0%9d%9f%ad%f0%9d%9f%b5%f0%9d%9f%b1%f0%9d%9f%b2-pco-sostenibilita\/\",\"name\":\"\\ud835\\udde8\\ud835\\udde1\\ud835\\udddc \\ud835\\udfed\\ud835\\udfed\\ud835\\udff5\\ud835\\udff1\\ud835\\udff2 \\ud835\\udde5\\ud835\\uddf2\\ud835\\ude00\\ud835\\uddfd\\ud835\\uddfc\\ud835\\uddfb\\ud835\\ude00\\ud835\\uddee\\ud835\\uddef\\ud835\\uddf6\\ud835\\uddf9\\ud835\\uddf6\\ud835\\ude01\\ud835\\uddee\\u0300 \\ud835\\uddf2 \\ud835\\udddc\\ud835\\uddfb\\ud835\\uddfb\\ud835\\uddfc\\ud835\\ude03\\ud835\\uddee\\ud835\\ude07\\ud835\\uddf6\\ud835\\uddfc\\ud835\\uddfb\\ud835\\uddf2 \\ud835\\uddfd\\ud835\\uddf2\\ud835\\uddff \\ud835\\ude02\\ud835\\uddfb \\ud835\\uddd9\\ud835\\ude02\\ud835\\ude01\\ud835\\ude02\\ud835\\uddff\\ud835\\uddfc \\ud835\\udde6\\ud835\\uddfc\\ud835\\ude00\\ud835\\ude01\\ud835\\uddf2\\ud835\\uddfb\\ud835\\uddf6\\ud835\\uddef\\ud835\\uddf6\\ud835\\uddf9\\ud835\\uddf2! -\",\"isPartOf\":{\"@id\":\"https:\/\/www.byronweb.net\/en\/#website\"},\"primaryImageOfPage\":{\"@id\":\"https:\/\/www.byronweb.net\/%f0%9d%97%a8%f0%9d%97%a1%f0%9d%97%9c-%f0%9d%9f%ad%f0%9d%9f%ad%f0%9d%9f%b5%f0%9d%9f%b1%f0%9d%9f%b2-pco-sostenibilita\/#primaryimage\"},\"datePublished\":\"2024-11-27T07:33:20+00:00\",\"dateModified\":\"2024-11-27T07:39:15+00:00\",\"inLanguage\":\"en-US\",\"potentialAction\":[{\"@type\":\"ReadAction\",\"target\":[\"https:\/\/www.byronweb.net\/%f0%9d%97%a8%f0%9d%97%a1%f0%9d%97%9c-%f0%9d%9f%ad%f0%9d%9f%ad%f0%9d%9f%b5%f0%9d%9f%b1%f0%9d%9f%b2-pco-sostenibilita\/\"]}]}]}<\/script>\n<!-- \/ Yoast SEO plugin. -->","_links":{"self":[{"href":"https:\/\/www.byronweb.net\/en\/wp-json\/wp\/v2\/pages\/3157"}],"collection":[{"href":"https:\/\/www.byronweb.net\/en\/wp-json\/wp\/v2\/pages"}],"about":[{"href":"https:\/\/www.byronweb.net\/en\/wp-json\/wp\/v2\/types\/page"}],"author":[{"embeddable":true,"href":"https:\/\/www.byronweb.net\/en\/wp-json\/wp\/v2\/users\/1"}],"replies":[{"embeddable":true,"href":"https:\/\/www.byronweb.net\/en\/wp-json\/wp\/v2\/comments?post=3157"}],"version-history":[{"count":17,"href":"https:\/\/www.byronweb.net\/en\/wp-json\/wp\/v2\/pages\/3157\/revisions"}],"predecessor-version":[{"id":3176,"href":"https:\/\/www.byronweb.net\/en\/wp-json\/wp\/v2\/pages\/3157\/revisions\/3176"}],"wp:attachment":[{"href":"https:\/\/www.byronweb.net\/en\/wp-json\/wp\/v2\/media?parent=3157"}],"curies":[{"name":"wp","href":"https:\/\/api.w.org\/{rel}","templated":true}]}}