{"id":703,"date":"2022-04-11T12:09:52","date_gmt":"2022-04-11T10:09:52","guid":{"rendered":"https:\/\/www.byronweb.net\/?page_id=703"},"modified":"2023-03-14T16:02:54","modified_gmt":"2023-03-14T15:02:54","slug":"chi-siamo","status":"publish","type":"page","link":"https:\/\/www.byronweb.net\/en\/chi-siamo\/","title":{"rendered":"About us"},"content":{"rendered":"<div data-elementor-type=\"wp-page\" data-elementor-id=\"703\" class=\"elementor elementor-703\">\n\t\t\t\t\t\t\t\t\t<section class=\"elementor-section elementor-top-section elementor-element elementor-element-5fe1cc5 elementor-section-boxed elementor-section-height-default elementor-section-height-default\" data-id=\"5fe1cc5\" data-element_type=\"section\">\n\t\t\t\t\t\t<div class=\"elementor-container elementor-column-gap-default\">\n\t\t\t\t\t<div class=\"elementor-column elementor-col-100 elementor-top-column elementor-element elementor-element-4232483\" data-id=\"4232483\" data-element_type=\"column\">\n\t\t\t<div class=\"elementor-widget-wrap elementor-element-populated\">\n\t\t\t\t\t\t\t\t<div class=\"elementor-element elementor-element-6ed6976 elementor-widget elementor-widget-text-editor\" data-id=\"6ed6976\" data-element_type=\"widget\" data-widget_type=\"text-editor.default\">\n\t\t\t\t<div class=\"elementor-widget-container\">\n\t\t\t<style>\/*! elementor - v3.6.2 - 04-04-2022 *\/\n.elementor-widget-text-editor.elementor-drop-cap-view-stacked .elementor-drop-cap{background-color:#818a91;color:#fff}.elementor-widget-text-editor.elementor-drop-cap-view-framed .elementor-drop-cap{color:#818a91;border:3px solid;background-color:transparent}.elementor-widget-text-editor:not(.elementor-drop-cap-view-default) .elementor-drop-cap{margin-top:8px}.elementor-widget-text-editor:not(.elementor-drop-cap-view-default) .elementor-drop-cap-letter{width:1em;height:1em}.elementor-widget-text-editor .elementor-drop-cap{float:left;text-align:center;line-height:1;font-size:50px}.elementor-widget-text-editor .elementor-drop-cap-letter{display:inline-block}<\/style>\t\t\t\t<p>ByronWeb team is made up of professionals in computer science, electronics and biology with a great passion for their work. We select the members of our staff with great care to provide you with a unique experience and a highly professional assistance. Our TEAM is also helped by our customer community that includes more than 500 users all over the country. Thanks to their advice our platform grows day by day including new useful functions for PCO operators. Feedback from our customers are really important to us because they come from fieldwork and allow to edit or update the program according to your needs.<\/p><h3 style=\"text-align: center;\"><a href=\"https:\/\/www.byronweb.net\/wp-content\/uploads\/2022\/11\/companyProfileByronIT-1.pdf\">Click here to download our company profile<\/a><\/h3>\t\t\t\t\t\t<\/div>\n\t\t\t\t<\/div>\n\t\t\t\t\t<\/div>\n\t\t<\/div>\n\t\t\t\t\t\t\t<\/div>\n\t\t<\/section>\n\t\t\t\t<section class=\"elementor-section elementor-top-section elementor-element elementor-element-51b7f1f elementor-section-boxed elementor-section-height-default elementor-section-height-default\" data-id=\"51b7f1f\" data-element_type=\"section\">\n\t\t\t\t\t\t<div class=\"elementor-container elementor-column-gap-default\">\n\t\t\t\t\t<div class=\"elementor-column elementor-col-100 elementor-top-column elementor-element elementor-element-4c30973\" data-id=\"4c30973\" data-element_type=\"column\">\n\t\t\t<div class=\"elementor-widget-wrap elementor-element-populated\">\n\t\t\t\t\t\t\t\t<div class=\"elementor-element elementor-element-b0d9b2b elementor-position-left elementor-vertical-align-top elementor-widget elementor-widget-image-box\" data-id=\"b0d9b2b\" data-element_type=\"widget\" data-widget_type=\"image-box.default\">\n\t\t\t\t<div class=\"elementor-widget-container\">\n\t\t\t<style>\/*! elementor - v3.6.2 - 04-04-2022 *\/\n.elementor-widget-image-box .elementor-image-box-content{width:100%}@media (min-width:768px){.elementor-widget-image-box.elementor-position-left .elementor-image-box-wrapper,.elementor-widget-image-box.elementor-position-right .elementor-image-box-wrapper{display:-webkit-box;display:-ms-flexbox;display:flex}.elementor-widget-image-box.elementor-position-right .elementor-image-box-wrapper{text-align:right;-webkit-box-orient:horizontal;-webkit-box-direction:reverse;-ms-flex-direction:row-reverse;flex-direction:row-reverse}.elementor-widget-image-box.elementor-position-left .elementor-image-box-wrapper{text-align:left;-webkit-box-orient:horizontal;-webkit-box-direction:normal;-ms-flex-direction:row;flex-direction:row}.elementor-widget-image-box.elementor-position-top .elementor-image-box-img{margin:auto}.elementor-widget-image-box.elementor-vertical-align-top .elementor-image-box-wrapper{-webkit-box-align:start;-ms-flex-align:start;align-items:flex-start}.elementor-widget-image-box.elementor-vertical-align-middle .elementor-image-box-wrapper{-webkit-box-align:center;-ms-flex-align:center;align-items:center}.elementor-widget-image-box.elementor-vertical-align-bottom .elementor-image-box-wrapper{-webkit-box-align:end;-ms-flex-align:end;align-items:flex-end}}@media (max-width:767px){.elementor-widget-image-box .elementor-image-box-img{margin-left:auto!important;margin-right:auto!important;margin-bottom:15px}}.elementor-widget-image-box .elementor-image-box-img{display:inline-block}.elementor-widget-image-box .elementor-image-box-title a{color:inherit}.elementor-widget-image-box .elementor-image-box-wrapper{text-align:center}.elementor-widget-image-box .elementor-image-box-description{margin:0}<\/style><div class=\"elementor-image-box-wrapper\"><figure class=\"elementor-image-box-img\"><img width=\"150\" height=\"150\" src=\"https:\/\/www.byronweb.net\/wp-content\/uploads\/2022\/04\/Bosco-C.-150x150-1.png\" class=\"attachment-full size-full\" alt=\"\" loading=\"lazy\" \/><\/figure><div class=\"elementor-image-box-content\"><h3 class=\"elementor-image-box-title\">Rosario Bosco<\/h3><p class=\"elementor-image-box-description\">38 years old, graduated in Computer Science at the University of Catania. Creator and co-founder of Codebase. Expert Java developer, in the past he developed applications for: attendance detection, access management, reporting, e-learning, real estate agency management. His career also includes a long experience in managing opensource MySQL and Postgres DBMS on GNU\/Linux server. Technical\/Sales Manager of ByronWeb Area (Pest Control Software).<\/p><\/div><\/div>\t\t<\/div>\n\t\t\t\t<\/div>\n\t\t\t\t<div class=\"elementor-element elementor-element-0d6d292 elementor-position-right elementor-vertical-align-top elementor-widget elementor-widget-image-box\" data-id=\"0d6d292\" data-element_type=\"widget\" data-widget_type=\"image-box.default\">\n\t\t\t\t<div class=\"elementor-widget-container\">\n\t\t\t<div class=\"elementor-image-box-wrapper\"><figure class=\"elementor-image-box-img\"><img width=\"150\" height=\"150\" src=\"https:\/\/www.byronweb.net\/wp-content\/uploads\/2022\/04\/Tona-150x150-1.png\" class=\"attachment-full size-full\" alt=\"\" loading=\"lazy\" \/><\/figure><div class=\"elementor-image-box-content\"><h3 class=\"elementor-image-box-title\">Matteo Tona<\/h3><p class=\"elementor-image-box-description\">29 anni, laureato in Informatica presso l'Universit\u00e0 degli Studi di Catania. Programmatore Java, ha sviluppato in passato applicazioni di: protocollo Informatico, conservazione Sostitutiva, gestione agenzie immobiliari. Vanta, inoltre, una buona esperienza nell'amministrazione di sistemi GNU\/Linux. Esperto in sviluppo su piattaforme Drupal e framework in PHP. Esperto sviluppatore su ambienti Android\/Flutte.<\/p><\/div><\/div>\t\t<\/div>\n\t\t\t\t<\/div>\n\t\t\t\t<div class=\"elementor-element elementor-element-97f1e06 elementor-position-left elementor-vertical-align-top elementor-widget elementor-widget-image-box\" data-id=\"97f1e06\" data-element_type=\"widget\" data-widget_type=\"image-box.default\">\n\t\t\t\t<div class=\"elementor-widget-container\">\n\t\t\t<div class=\"elementor-image-box-wrapper\"><figure class=\"elementor-image-box-img\"><img width=\"150\" height=\"150\" src=\"https:\/\/www.byronweb.net\/wp-content\/uploads\/2022\/04\/myAvatar-150x150-1.png\" class=\"attachment-full size-full\" alt=\"\" loading=\"lazy\" \/><\/figure><div class=\"elementor-image-box-content\"><h3 class=\"elementor-image-box-title\">Sara Scarano<\/h3><p class=\"elementor-image-box-description\">28 years old with a degree in Biology and specialized in Entomology, she is an expert in the field of food quality and pest control. Her expertise has been crucial for the success of ByronWeb. She has spent the last years in studying the evolution, the sustainability committment and the main and highest standards and regulation of this sector:\nHACCP, BRC, IFS, SUSTAINABILITY, ORGANIC, <span><span aria-hidden=\"true\">ISO 9001 and UNI EN <\/span><\/span>16636<\/p><\/div><\/div>\t\t<\/div>\n\t\t\t\t<\/div>\n\t\t\t\t<div class=\"elementor-element elementor-element-ccfa4f2 elementor-position-right elementor-vertical-align-top elementor-widget elementor-widget-image-box\" data-id=\"ccfa4f2\" data-element_type=\"widget\" data-widget_type=\"image-box.default\">\n\t\t\t\t<div class=\"elementor-widget-container\">\n\t\t\t<div class=\"elementor-image-box-wrapper\"><figure class=\"elementor-image-box-img\"><img width=\"150\" height=\"150\" src=\"https:\/\/www.byronweb.net\/wp-content\/uploads\/2022\/04\/Cocca-150x150-1.png\" class=\"attachment-full size-full\" alt=\"\" loading=\"lazy\" \/><\/figure><div class=\"elementor-image-box-content\"><h3 class=\"elementor-image-box-title\">Andrea Cocca<\/h3><p class=\"elementor-image-box-description\">39 years old, graduated in Computer Science at the University of Catania. Creator and co-founder of Codebase. Expert Java developer, in the past he developed applications for: document management and workflow, digital signature, image processing, videoconferencing. His career also includes a long experience in the administration of GNU \/ Linux systems. Technical Manager of Archimede Web Solutions for Schools.<\/p><\/div><\/div>\t\t<\/div>\n\t\t\t\t<\/div>\n\t\t\t\t<div class=\"elementor-element elementor-element-0568743 elementor-position-left elementor-vertical-align-top elementor-widget elementor-widget-image-box\" data-id=\"0568743\" data-element_type=\"widget\" data-widget_type=\"image-box.default\">\n\t\t\t\t<div class=\"elementor-widget-container\">\n\t\t\t<div class=\"elementor-image-box-wrapper\"><figure class=\"elementor-image-box-img\"><img width=\"150\" height=\"150\" src=\"https:\/\/www.byronweb.net\/wp-content\/uploads\/2022\/04\/Bosco-C.-150x150-2.png\" class=\"attachment-full size-full\" alt=\"\" loading=\"lazy\" \/><\/figure><div class=\"elementor-image-box-content\"><h3 class=\"elementor-image-box-title\">Calogero Bosco<\/h3><p class=\"elementor-image-box-description\">40 years old, graduated in Telematic Engineering at the University of Enna. Expert Java developer, PHP and MySql developer. His career also includes several experiences in the graphic and web communication sector with several e-commerce projects. Analyst and developer at Codebase.<\/p><\/div><\/div>\t\t<\/div>\n\t\t\t\t<\/div>\n\t\t\t\t<div class=\"elementor-element elementor-element-bd142a2 elementor-position-right elementor-vertical-align-top elementor-widget elementor-widget-image-box\" data-id=\"bd142a2\" data-element_type=\"widget\" data-widget_type=\"image-box.default\">\n\t\t\t\t<div class=\"elementor-widget-container\">\n\t\t\t<div class=\"elementor-image-box-wrapper\"><figure class=\"elementor-image-box-img\"><img width=\"150\" height=\"150\" src=\"https:\/\/www.byronweb.net\/wp-content\/uploads\/2022\/04\/Lombardo-150x150-1.png\" class=\"attachment-full size-full\" alt=\"\" loading=\"lazy\" \/><\/figure><div class=\"elementor-image-box-content\"><h3 class=\"elementor-image-box-title\">Marcella Lombardo<\/h3><p class=\"elementor-image-box-description\">44 years old, after a ten-year experience of assistance with a well-known service provider, she provides first-level assistance for the Archimede Web Solutions for School platform. She has a wide educational background.<\/p><\/div><\/div>\t\t<\/div>\n\t\t\t\t<\/div>\n\t\t\t\t<div class=\"elementor-element elementor-element-2a8435d elementor-position-left elementor-vertical-align-top elementor-widget elementor-widget-image-box\" data-id=\"2a8435d\" data-element_type=\"widget\" data-widget_type=\"image-box.default\">\n\t\t\t\t<div class=\"elementor-widget-container\">\n\t\t\t<div class=\"elementor-image-box-wrapper\"><figure class=\"elementor-image-box-img\"><img width=\"150\" height=\"150\" src=\"https:\/\/www.byronweb.net\/wp-content\/uploads\/2022\/04\/Elisa-150x150-1.png\" class=\"attachment-full size-full\" alt=\"\" loading=\"lazy\" \/><\/figure><div class=\"elementor-image-box-content\"><h3 class=\"elementor-image-box-title\">Elisabetta Del Sarto<\/h3><p class=\"elementor-image-box-description\"> 37 years old with a degree in Modern Languages \u200b\u200band Cultures and an expert in communication, she has gained experience in the tourism sector as Reservation Manager. Today she is a Social Media and Communication Specialist within our company.<\/p><\/div><\/div>\t\t<\/div>\n\t\t\t\t<\/div>\n\t\t\t\t<div class=\"elementor-element elementor-element-13deeb3 elementor-position-right elementor-vertical-align-top elementor-widget elementor-widget-image-box\" data-id=\"13deeb3\" data-element_type=\"widget\" data-widget_type=\"image-box.default\">\n\t\t\t\t<div class=\"elementor-widget-container\">\n\t\t\t<div class=\"elementor-image-box-wrapper\"><figure class=\"elementor-image-box-img\"><img width=\"150\" height=\"150\" src=\"https:\/\/www.byronweb.net\/wp-content\/uploads\/2022\/04\/Bancheri-150x150-1.png\" class=\"attachment-full size-full\" alt=\"\" loading=\"lazy\" \/><\/figure><div class=\"elementor-image-box-content\"><h3 class=\"elementor-image-box-title\">Salvatore Biancheri<\/h3><p class=\"elementor-image-box-description\">25 years old graduating in Computer Engineering at the University of Enna. Expert developer and designer of hardware devices such as Arduino, LoRA, Raspberry and sensor networks. He deals with the design and implementation of hardware solutions such as CAT for remote pest monitoring, Archimede and Immigreer Badge\/Attendance control units and GPS devices for our customers' fleets.<\/p><\/div><\/div>\t\t<\/div>\n\t\t\t\t<\/div>\n\t\t\t\t\t<\/div>\n\t\t<\/div>\n\t\t\t\t\t\t\t<\/div>\n\t\t<\/section>\n\t\t\t\t<section class=\"elementor-section elementor-top-section elementor-element elementor-element-dfc4ec7 elementor-section-boxed elementor-section-height-default elementor-section-height-default\" data-id=\"dfc4ec7\" data-element_type=\"section\">\n\t\t\t\t\t\t<div class=\"elementor-container elementor-column-gap-default\">\n\t\t\t\t\t<div class=\"elementor-column elementor-col-100 elementor-top-column elementor-element elementor-element-75e32a1\" data-id=\"75e32a1\" data-element_type=\"column\">\n\t\t\t<div class=\"elementor-widget-wrap elementor-element-populated\">\n\t\t\t\t\t\t\t\t<div class=\"elementor-element elementor-element-0bed2d8 elementor-position-left elementor-vertical-align-top elementor-widget elementor-widget-image-box\" data-id=\"0bed2d8\" data-element_type=\"widget\" data-widget_type=\"image-box.default\">\n\t\t\t\t<div class=\"elementor-widget-container\">\n\t\t\t<div class=\"elementor-image-box-wrapper\"><figure class=\"elementor-image-box-img\"><img width=\"150\" height=\"150\" src=\"https:\/\/www.byronweb.net\/wp-content\/uploads\/2022\/04\/myAvatar-150x150-1.png\" class=\"attachment-full size-full\" alt=\"\" loading=\"lazy\" \/><\/figure><div class=\"elementor-image-box-content\"><h3 class=\"elementor-image-box-title\">Rosanna Arnone<\/h3><p class=\"elementor-image-box-description\">32 years old with a degree in Biology and a <a target=\"_self\" href=\"https:\/\/www.linkedin.com\/company\/2206524\/\"><span><span aria-hidden=\"true\">Master's Degree in Biotechnology, Biotechnology for industry and Scientific Research,<\/span><\/span><\/a><span><span aria-hidden=\"true\">she is an integral part of the ByronWeb STAFF. She is committed to studying the Pest Control sector regulations with the aim to develop our project and be compliant with the current quality standards regulations: ISO 9001 and UNI EN <\/span><\/span>16636.<\/p><\/div><\/div>\t\t<\/div>\n\t\t\t\t<\/div>\n\t\t\t\t<div class=\"elementor-element elementor-element-f062dab elementor-position-right elementor-vertical-align-top elementor-widget elementor-widget-image-box\" data-id=\"f062dab\" data-element_type=\"widget\" data-widget_type=\"image-box.default\">\n\t\t\t\t<div class=\"elementor-widget-container\">\n\t\t\t<div class=\"elementor-image-box-wrapper\"><figure class=\"elementor-image-box-img\"><img width=\"150\" height=\"150\" src=\"https:\/\/www.byronweb.net\/wp-content\/uploads\/2022\/04\/Maltese-150x150-1.png\" class=\"attachment-full size-full\" alt=\"\" loading=\"lazy\" \/><\/figure><div class=\"elementor-image-box-content\"><h3 class=\"elementor-image-box-title\">Giuseppe Maltese\u200b<\/h3><p class=\"elementor-image-box-description\">38 years old, graduated in Computer Science at the<\/span><a href=\"http:\/\/www.unict.it\/\" style=\"background-color: rgb(255, 255, 255); font-family: &quot;Roboto Condensed&quot;, sans-serif; text-align: justify; white-space: normal;\">University of Catania<\/a><span style=\"font-family: &quot;Roboto Condensed&quot;, sans-serif; text-align: justify; white-space: normal;\">.&nbsp;<\/span><span style=\"font-family: &quot;Roboto Condensed&quot;, sans-serif; text-align: justify; white-space: normal;\">&nbsp;Creator and co-founder of Codebase. Expert Java developer&nbsp;<\/span><span style=\"font-family: &quot;Roboto Condensed&quot;, sans-serif; text-align: justify; white-space: normal;\">in&nbsp;<\/span><a href=\"http:\/\/java.sun.com\/\" style=\"background-color: rgb(255, 255, 255); font-family: &quot;Roboto Condensed&quot;, sans-serif; text-align: justify; white-space: normal;\">the<\/a><span style=\"font-family: &quot;Roboto Condensed&quot;, sans-serif; text-align: justify; white-space: normal;\">past he developed applications of: IT Protocol, Substitutive Storage, Digital Signature, Payment Gateway for Virtual POS systems, E-Tourism. Technical Consultant Manager<\/p><\/div><\/div>\t\t<\/div>\n\t\t\t\t<\/div>\n\t\t\t\t\t<\/div>\n\t\t<\/div>\n\t\t\t\t\t\t\t<\/div>\n\t\t<\/section>\n\t\t\t\t<section class=\"elementor-section elementor-top-section elementor-element elementor-element-b39ae0b elementor-section-boxed elementor-section-height-default elementor-section-height-default\" data-id=\"b39ae0b\" data-element_type=\"section\">\n\t\t\t\t\t\t<div class=\"elementor-container elementor-column-gap-default\">\n\t\t\t\t\t<div class=\"elementor-column elementor-col-100 elementor-top-column elementor-element elementor-element-8bf0c2f\" data-id=\"8bf0c2f\" data-element_type=\"column\">\n\t\t\t<div class=\"elementor-widget-wrap elementor-element-populated\">\n\t\t\t\t\t\t\t\t<div class=\"elementor-element elementor-element-304d13d elementor-position-left elementor-vertical-align-top elementor-widget elementor-widget-image-box\" data-id=\"304d13d\" data-element_type=\"widget\" data-widget_type=\"image-box.default\">\n\t\t\t\t<div class=\"elementor-widget-container\">\n\t\t\t<div class=\"elementor-image-box-wrapper\"><figure class=\"elementor-image-box-img\"><img width=\"150\" height=\"150\" src=\"https:\/\/www.byronweb.net\/wp-content\/uploads\/2022\/04\/Bosco-C.-150x150-2.png\" class=\"attachment-full size-full\" alt=\"\" loading=\"lazy\" \/><\/figure><div class=\"elementor-image-box-content\"><h3 class=\"elementor-image-box-title\">Calogero Lumia<\/h3><p class=\"elementor-image-box-description\">24 years old graduating in Computer Engineering at the University of Enna, he has a great passion for everything related to the construction, assembly and design of microelectronic circuits that has led him to be part of our Electronics department.<br>Today he deals with low-level programming, artificial intelligence and circuit design together with his colleagues.<\/p><\/div><\/div>\t\t<\/div>\n\t\t\t\t<\/div>\n\t\t\t\t<div class=\"elementor-element elementor-element-77bc5a2 elementor-position-right elementor-vertical-align-top elementor-widget elementor-widget-image-box\" data-id=\"77bc5a2\" data-element_type=\"widget\" data-widget_type=\"image-box.default\">\n\t\t\t\t<div class=\"elementor-widget-container\">\n\t\t\t<div class=\"elementor-image-box-wrapper\"><figure class=\"elementor-image-box-img\"><img width=\"150\" height=\"150\" src=\"https:\/\/www.byronweb.net\/wp-content\/uploads\/2022\/04\/Lombardo-150x150-1.png\" class=\"attachment-full size-full\" alt=\"\" loading=\"lazy\" \/><\/figure><div class=\"elementor-image-box-content\"><h3 class=\"elementor-image-box-title\">Ornella Rabiolo<\/h3><p class=\"elementor-image-box-description\">Graduated in foreign languages and specialized in translation of App and in Cloud Software, today she takes care of establishing relationships and presenting our software in foreign countries: Germany, United Kingdom, Spain, Switzerland.<br>coadiuva e organizza i rapporti con l'estero e l'installazione del nostro software presso gli stati: <br>Germania, Inghilterra, Spagna e Svizzera.<\/p><\/div><\/div>\t\t<\/div>\n\t\t\t\t<\/div>\n\t\t\t\t\t<\/div>\n\t\t<\/div>\n\t\t\t\t\t\t\t<\/div>\n\t\t<\/section>\n\t\t\t\t\t\t\t<\/div>","protected":false},"excerpt":{"rendered":"<p>Lo STAFF di ByronWeb \u00e8 composto da persone specializzate in Informatica, Elettronica e Biologia, ma soprattuto innamorate e appassionate del proprio lavoro. Selezionamo i nostri collaboratori in modo scrupoloso per garantirvi una esperienza unica con supporto di altissima professionalit\u00e0. Il nostro STAFF \u00e8 anche coadiuvato dalla nostra community di clienti, composta da pi\u00f9 di 500\u00a0 [&hellip;]<\/p>","protected":false},"author":1,"featured_media":0,"parent":0,"menu_order":0,"comment_status":"closed","ping_status":"closed","template":"","meta":[],"yoast_head":"<!-- This site is optimized with the Yoast SEO plugin v14.9 - https:\/\/yoast.com\/wordpress\/plugins\/seo\/ -->\n<title>Chi Siamo -<\/title>\n<meta name=\"robots\" content=\"index, follow, max-snippet:-1, max-image-preview:large, max-video-preview:-1\" \/>\n<link rel=\"canonical\" href=\"https:\/\/www.byronweb.net\/en\/chi-siamo\/\" \/>\n<meta property=\"og:locale\" content=\"en_US\" \/>\n<meta property=\"og:type\" content=\"article\" \/>\n<meta property=\"og:title\" content=\"Chi Siamo -\" \/>\n<meta property=\"og:description\" content=\"Lo STAFF di ByronWeb \u00e8 composto da persone specializzate in Informatica, Elettronica e Biologia, ma soprattuto innamorate e appassionate del proprio lavoro. Selezionamo i nostri collaboratori in modo scrupoloso per garantirvi una esperienza unica con supporto di altissima professionalit\u00e0. Il nostro STAFF \u00e8 anche coadiuvato dalla nostra community di clienti, composta da pi\u00f9 di 500\u00a0 [&hellip;]\" \/>\n<meta property=\"og:url\" content=\"https:\/\/www.byronweb.net\/en\/chi-siamo\/\" \/>\n<meta property=\"article:modified_time\" content=\"2023-03-14T15:02:54+00:00\" \/>\n<meta property=\"og:image\" content=\"https:\/\/www.byronweb.net\/wp-content\/uploads\/2022\/04\/Bosco-C.-150x150-1.png\" \/>\n<meta name=\"twitter:card\" content=\"summary_large_image\" \/>\n<script type=\"application\/ld+json\" class=\"yoast-schema-graph\">{\"@context\":\"https:\/\/schema.org\",\"@graph\":[{\"@type\":\"WebSite\",\"@id\":\"https:\/\/www.byronweb.net\/en\/#website\",\"url\":\"https:\/\/www.byronweb.net\/en\/\",\"name\":\"\",\"description\":\"\",\"potentialAction\":[{\"@type\":\"SearchAction\",\"target\":\"https:\/\/www.byronweb.net\/en\/?s={search_term_string}\",\"query-input\":\"required name=search_term_string\"}],\"inLanguage\":\"en-US\"},{\"@type\":\"ImageObject\",\"@id\":\"https:\/\/www.byronweb.net\/chi-siamo\/#primaryimage\",\"inLanguage\":\"en-US\",\"url\":\"https:\/\/www.byronweb.net\/wp-content\/uploads\/2022\/04\/Bosco-C.-150x150-1.png\",\"width\":150,\"height\":150},{\"@type\":\"WebPage\",\"@id\":\"https:\/\/www.byronweb.net\/chi-siamo\/#webpage\",\"url\":\"https:\/\/www.byronweb.net\/chi-siamo\/\",\"name\":\"Chi Siamo -\",\"isPartOf\":{\"@id\":\"https:\/\/www.byronweb.net\/en\/#website\"},\"primaryImageOfPage\":{\"@id\":\"https:\/\/www.byronweb.net\/chi-siamo\/#primaryimage\"},\"datePublished\":\"2022-04-11T10:09:52+00:00\",\"dateModified\":\"2023-03-14T15:02:54+00:00\",\"inLanguage\":\"en-US\",\"potentialAction\":[{\"@type\":\"ReadAction\",\"target\":[\"https:\/\/www.byronweb.net\/chi-siamo\/\"]}]}]}<\/script>\n<!-- \/ Yoast SEO plugin. -->","_links":{"self":[{"href":"https:\/\/www.byronweb.net\/en\/wp-json\/wp\/v2\/pages\/703"}],"collection":[{"href":"https:\/\/www.byronweb.net\/en\/wp-json\/wp\/v2\/pages"}],"about":[{"href":"https:\/\/www.byronweb.net\/en\/wp-json\/wp\/v2\/types\/page"}],"author":[{"embeddable":true,"href":"https:\/\/www.byronweb.net\/en\/wp-json\/wp\/v2\/users\/1"}],"replies":[{"embeddable":true,"href":"https:\/\/www.byronweb.net\/en\/wp-json\/wp\/v2\/comments?post=703"}],"version-history":[{"count":67,"href":"https:\/\/www.byronweb.net\/en\/wp-json\/wp\/v2\/pages\/703\/revisions"}],"predecessor-version":[{"id":1516,"href":"https:\/\/www.byronweb.net\/en\/wp-json\/wp\/v2\/pages\/703\/revisions\/1516"}],"wp:attachment":[{"href":"https:\/\/www.byronweb.net\/en\/wp-json\/wp\/v2\/media?parent=703"}],"curies":[{"name":"wp","href":"https:\/\/api.w.org\/{rel}","templated":true}]}}