{"id":1452,"date":"2023-02-27T09:18:12","date_gmt":"2023-02-27T08:18:12","guid":{"rendered":"https:\/\/www.byronweb.net\/?page_id=1452"},"modified":"2023-02-27T09:28:45","modified_gmt":"2023-02-27T08:28:45","slug":"mitigazione-del-rischio-da-rodenticida","status":"publish","type":"page","link":"https:\/\/www.byronweb.net\/es\/mitigazione-del-rischio-da-rodenticida\/","title":{"rendered":"Mitigaci\u00f3n del riesgo de rodenticida"},"content":{"rendered":"<div data-elementor-type=\"wp-page\" data-elementor-id=\"1452\" class=\"elementor elementor-1452\">\n\t\t\t\t\t\t\t\t\t<section class=\"elementor-section elementor-top-section elementor-element elementor-element-f927d48 elementor-section-boxed elementor-section-height-default elementor-section-height-default\" data-id=\"f927d48\" data-element_type=\"section\">\n\t\t\t\t\t\t<div class=\"elementor-container elementor-column-gap-default\">\n\t\t\t\t\t<div class=\"elementor-column elementor-col-100 elementor-top-column elementor-element elementor-element-dbad663\" data-id=\"dbad663\" data-element_type=\"column\">\n\t\t\t<div class=\"elementor-widget-wrap elementor-element-populated\">\n\t\t\t\t\t\t\t\t<div class=\"elementor-element elementor-element-b79c832 elementor-widget elementor-widget-text-editor\" data-id=\"b79c832\" data-element_type=\"widget\" data-widget_type=\"text-editor.default\">\n\t\t\t\t<div class=\"elementor-widget-container\">\n\t\t\t<style>\/*! elementor - v3.6.2 - 04-04-2022 *\/\n.elementor-widget-text-editor.elementor-drop-cap-view-stacked .elementor-drop-cap{background-color:#818a91;color:#fff}.elementor-widget-text-editor.elementor-drop-cap-view-framed .elementor-drop-cap{color:#818a91;border:3px solid;background-color:transparent}.elementor-widget-text-editor:not(.elementor-drop-cap-view-default) .elementor-drop-cap{margin-top:8px}.elementor-widget-text-editor:not(.elementor-drop-cap-view-default) .elementor-drop-cap-letter{width:1em;height:1em}.elementor-widget-text-editor .elementor-drop-cap{float:left;text-align:center;line-height:1;font-size:50px}.elementor-widget-text-editor .elementor-drop-cap-letter{display:inline-block}<\/style>\t\t\t\t<blockquote><h3><span class=\"x1xsqp64 xiy17q3 x1o6pynw x19co3pv xdj266r xcwd3tp xat24cr x39eecv x2b8uid\" data-testid=\"emoji\"><span class=\"xexx8yu xn5pp95 x18d9i69 x2fxd7x x1yqt14a x1bhl96m\">\ud83d\udce2<\/span><\/span>\u00a0 No podemos permitir que los roedores se conviertan en un problema<\/h3><\/blockquote><p><img loading=\"lazy\" class=\"wp-image-1455 alignright\" src=\"https:\/\/www.byronweb.net\/wp-content\/uploads\/2023\/02\/Schermata-del-2023-02-27-09-22-57.png\" alt=\"\" width=\"324\" height=\"383\" srcset=\"https:\/\/www.byronweb.net\/wp-content\/uploads\/2023\/02\/Schermata-del-2023-02-27-09-22-57.png 498w, https:\/\/www.byronweb.net\/wp-content\/uploads\/2023\/02\/Schermata-del-2023-02-27-09-22-57-254x300.png 254w, https:\/\/www.byronweb.net\/wp-content\/uploads\/2023\/02\/Schermata-del-2023-02-27-09-22-57-10x12.png 10w\" sizes=\"(max-width: 324px) 100vw, 324px\" \/><\/p><p>\u00a0<\/p><p><span class=\"x1xsqp64 xiy17q3 x1o6pynw x19co3pv xdj266r xcwd3tp xat24cr x39eecv x2b8uid\" data-testid=\"emoji\"><span class=\"xexx8yu xn5pp95 x18d9i69 x2fxd7x x1yqt14a x1bhl96m\">\u26a0<\/span><\/span> pero hay que <strong>tener cuidado<\/strong>: el uso de rodenticidas puede llevar riesgos para las especies no-objetivo, las personas y el ambiente.<\/p><p><span class=\"x1xsqp64 xiy17q3 x1o6pynw x19co3pv xdj266r xcwd3tp xat24cr x39eecv x2b8uid\" data-testid=\"emoji\"><span class=\"xexx8yu xn5pp95 x18d9i69 x2fxd7x x1yqt14a x1bhl96m\">\ud83c\udf31<\/span><\/span> Hay que <strong>reducir el riesgo<\/strong>: utilizad solo productos seguros y lo menos t\u00f3xicos posible, seguid atentamente las instrucciones del fabricante y equipaos de las herramientas digitales para el control.<\/p><p>El uso de rodenticidas con principios activos ha llegado a ser uno de los asuntos m\u00e1s cr\u00edticos en tema de sostenibilidad, sobre todo para empresas sensibles con certificaciones <strong>BRC y IFS<\/strong>. El uso de rodenticidas comporta riesgos elevados para la salud humana, animal y para el ambiente.<\/p><p>Con el objetivo de mitigar los riesgos se han establecidos normas y reglas para su uso. La tendencia es limitar dichos productos y reducir los actores que pueden utilizarlos. Hoy se pueden utilizar solo si los riesgos est\u00e9n muy reducidos a trav\u00e9s de medidas adecuadas de limitaci\u00f3n y control.<\/p><p><strong>ByronWeb presenta un m\u00f3dulo digitalizado<\/strong>que produce la documentaci\u00f3n necesaria para demonstrar <span class=\"S1PPyQ\">a los auditores o a las empresas sensibles que el uso de estos productos est\u00e1 bajo control.<\/span><\/p>\t\t\t\t\t\t<\/div>\n\t\t\t\t<\/div>\n\t\t\t\t\t<\/div>\n\t\t<\/div>\n\t\t\t\t\t\t\t<\/div>\n\t\t<\/section>\n\t\t\t\t\t\t\t<\/div>","protected":false},"excerpt":{"rendered":"<p>\ud83d\udce2\u00a0 Non possiamo permettere che i roditori diventino un problema \u00a0 \u26a0 Ma dobbiamo prestare molta attenzione: l&#8217;uso di rodenticidi pu\u00f2 comportare rischi per i bersagli non target, persone e ambiente circostante. \ud83c\udf31 Dobbiamo ridurre il rischio: utilizzate solo prodotti sicuri e meno tossici possibili, seguite attentamente le istruzioni del produttore, avvaletevi dell&#8217;ausilio di strumenti [&hellip;]<\/p>","protected":false},"author":1,"featured_media":0,"parent":0,"menu_order":0,"comment_status":"closed","ping_status":"closed","template":"","meta":[],"yoast_head":"<!-- This site is optimized with the Yoast SEO plugin v14.9 - https:\/\/yoast.com\/wordpress\/plugins\/seo\/ -->\n<title>Mitigazione del rischio da rodenticida -<\/title>\n<meta name=\"robots\" content=\"index, follow, max-snippet:-1, max-image-preview:large, max-video-preview:-1\" \/>\n<link rel=\"canonical\" href=\"https:\/\/www.byronweb.net\/es\/mitigazione-del-rischio-da-rodenticida\/\" \/>\n<meta property=\"og:locale\" content=\"es_ES\" \/>\n<meta property=\"og:type\" content=\"article\" \/>\n<meta property=\"og:title\" content=\"Mitigazione del rischio da rodenticida -\" \/>\n<meta property=\"og:description\" content=\"\ud83d\udce2\u00a0 Non possiamo permettere che i roditori diventino un problema \u00a0 \u26a0 Ma dobbiamo prestare molta attenzione: l&#8217;uso di rodenticidi pu\u00f2 comportare rischi per i bersagli non target, persone e ambiente circostante. \ud83c\udf31 Dobbiamo ridurre il rischio: utilizzate solo prodotti sicuri e meno tossici possibili, seguite attentamente le istruzioni del produttore, avvaletevi dell&#8217;ausilio di strumenti [&hellip;]\" \/>\n<meta property=\"og:url\" content=\"https:\/\/www.byronweb.net\/es\/mitigazione-del-rischio-da-rodenticida\/\" \/>\n<meta property=\"article:modified_time\" content=\"2023-02-27T08:28:45+00:00\" \/>\n<meta property=\"og:image\" content=\"https:\/\/www.byronweb.net\/wp-content\/uploads\/2023\/02\/Schermata-del-2023-02-27-09-22-57.png\" \/>\n<meta name=\"twitter:card\" content=\"summary_large_image\" \/>\n<script type=\"application\/ld+json\" class=\"yoast-schema-graph\">{\"@context\":\"https:\/\/schema.org\",\"@graph\":[{\"@type\":\"WebSite\",\"@id\":\"https:\/\/www.byronweb.net\/es\/#website\",\"url\":\"https:\/\/www.byronweb.net\/es\/\",\"name\":\"\",\"description\":\"\",\"potentialAction\":[{\"@type\":\"SearchAction\",\"target\":\"https:\/\/www.byronweb.net\/es\/?s={search_term_string}\",\"query-input\":\"required name=search_term_string\"}],\"inLanguage\":\"es-ES\"},{\"@type\":\"ImageObject\",\"@id\":\"https:\/\/www.byronweb.net\/mitigazione-del-rischio-da-rodenticida\/#primaryimage\",\"inLanguage\":\"es-ES\",\"url\":\"https:\/\/www.byronweb.net\/wp-content\/uploads\/2023\/02\/Schermata-del-2023-02-27-09-22-57.png\",\"width\":498,\"height\":588},{\"@type\":\"WebPage\",\"@id\":\"https:\/\/www.byronweb.net\/mitigazione-del-rischio-da-rodenticida\/#webpage\",\"url\":\"https:\/\/www.byronweb.net\/mitigazione-del-rischio-da-rodenticida\/\",\"name\":\"Mitigazione del rischio da rodenticida -\",\"isPartOf\":{\"@id\":\"https:\/\/www.byronweb.net\/es\/#website\"},\"primaryImageOfPage\":{\"@id\":\"https:\/\/www.byronweb.net\/mitigazione-del-rischio-da-rodenticida\/#primaryimage\"},\"datePublished\":\"2023-02-27T08:18:12+00:00\",\"dateModified\":\"2023-02-27T08:28:45+00:00\",\"inLanguage\":\"es-ES\",\"potentialAction\":[{\"@type\":\"ReadAction\",\"target\":[\"https:\/\/www.byronweb.net\/mitigazione-del-rischio-da-rodenticida\/\"]}]}]}<\/script>\n<!-- \/ Yoast SEO plugin. -->","_links":{"self":[{"href":"https:\/\/www.byronweb.net\/es\/wp-json\/wp\/v2\/pages\/1452"}],"collection":[{"href":"https:\/\/www.byronweb.net\/es\/wp-json\/wp\/v2\/pages"}],"about":[{"href":"https:\/\/www.byronweb.net\/es\/wp-json\/wp\/v2\/types\/page"}],"author":[{"embeddable":true,"href":"https:\/\/www.byronweb.net\/es\/wp-json\/wp\/v2\/users\/1"}],"replies":[{"embeddable":true,"href":"https:\/\/www.byronweb.net\/es\/wp-json\/wp\/v2\/comments?post=1452"}],"version-history":[{"count":13,"href":"https:\/\/www.byronweb.net\/es\/wp-json\/wp\/v2\/pages\/1452\/revisions"}],"predecessor-version":[{"id":1468,"href":"https:\/\/www.byronweb.net\/es\/wp-json\/wp\/v2\/pages\/1452\/revisions\/1468"}],"wp:attachment":[{"href":"https:\/\/www.byronweb.net\/es\/wp-json\/wp\/v2\/media?parent=1452"}],"curies":[{"name":"wp","href":"https:\/\/api.w.org\/{rel}","templated":true}]}}