{"id":149,"date":"2020-09-17T17:29:59","date_gmt":"2020-09-17T15:29:59","guid":{"rendered":"http:\/\/nuovo.byronweb.com\/?page_id=149"},"modified":"2024-11-20T10:30:06","modified_gmt":"2024-11-20T09:30:06","slug":"panoramica-software-disinfestazione-html","status":"publish","type":"page","link":"https:\/\/www.byronweb.net\/es\/panoramica-software-disinfestazione-html\/","title":{"rendered":"Software en la nube para control de plagas, desinfestaci\u00f3n y desratizaci\u00f3n"},"content":{"rendered":"<div data-elementor-type=\"wp-page\" data-elementor-id=\"149\" class=\"elementor elementor-149\">\n\t\t\t\t\t\t\t\t\t<section class=\"elementor-section elementor-top-section elementor-element elementor-element-2cf868e3 elementor-section-boxed elementor-section-height-default elementor-section-height-default\" data-id=\"2cf868e3\" data-element_type=\"section\">\n\t\t\t\t\t\t<div class=\"elementor-container elementor-column-gap-default\">\n\t\t\t\t\t<div class=\"elementor-column elementor-col-100 elementor-top-column elementor-element elementor-element-59849bf1\" data-id=\"59849bf1\" data-element_type=\"column\">\n\t\t\t<div class=\"elementor-widget-wrap elementor-element-populated\">\n\t\t\t\t\t\t\t\t<div class=\"elementor-element elementor-element-6a3f46cd elementor-widget elementor-widget-text-editor\" data-id=\"6a3f46cd\" data-element_type=\"widget\" data-widget_type=\"text-editor.default\">\n\t\t\t\t<div class=\"elementor-widget-container\">\n\t\t\t<style>\/*! elementor - v3.6.2 - 04-04-2022 *\/\n.elementor-widget-text-editor.elementor-drop-cap-view-stacked .elementor-drop-cap{background-color:#818a91;color:#fff}.elementor-widget-text-editor.elementor-drop-cap-view-framed .elementor-drop-cap{color:#818a91;border:3px solid;background-color:transparent}.elementor-widget-text-editor:not(.elementor-drop-cap-view-default) .elementor-drop-cap{margin-top:8px}.elementor-widget-text-editor:not(.elementor-drop-cap-view-default) .elementor-drop-cap-letter{width:1em;height:1em}.elementor-widget-text-editor .elementor-drop-cap{float:left;text-align:center;line-height:1;font-size:50px}.elementor-widget-text-editor .elementor-drop-cap-letter{display:inline-block}<\/style>\t\t\t\t<p><!-- wp:paragraph --><\/p>\n<p><span style=\"font-size: 12pt; font-family: georgia, palatino, serif;\">La digitalizaci\u00f3n de los procesos empresariales permite maximizar la rentabilidad de una empresa. <a href=\"https:\/\/www.byronweb.net\/wp-content\/uploads\/2023\/03\/nuova_brohure_byron.pdf\"><strong>Descarga el folleto aqu\u00ed<\/strong><\/a><\/span><\/p>\n<p><span style=\"font-size: 12pt; font-family: georgia, palatino, serif;\"><!-- \/wp:paragraph --><!-- wp:paragraph --><\/span><\/p>\n<p><span style=\"font-size: 12pt; font-family: georgia, palatino, serif;\">ByronWeb es el software profesional para:<br \/><\/span><\/p>\n<p><span style=\"font-size: 12pt; font-family: georgia, palatino, serif;\"><!-- \/wp:paragraph --><!-- wp:list {\"ordered\":true} --><\/span><\/p>\n<ol>\n<li><span style=\"font-size: 12pt; font-family: georgia, palatino, serif;\"><strong>Empresas de Control de Plagas<\/strong><\/span><\/li>\n<li><span style=\"font-size: 12pt; font-family: georgia, palatino, serif;\"><strong>Profesionales de la desinfestaci\u00f3n<\/strong><\/span><\/li>\n<\/ol>\n<p><span style=\"font-size: 12pt; font-family: georgia, palatino, serif;\"><!-- \/wp:list --><!-- wp:paragraph --><\/span><\/p>\n<p><span style=\"font-size: 12pt; font-family: georgia, palatino, serif;\">Simple, seguro y r\u00e1pido ByronWeb ser\u00e1 tu compa\u00f1ero m\u00e1s fiable para la gesti\u00f3n de todas las actividades de tu empresa, hasta las m\u00e1s dif\u00edciles. El programa ByronWeb permite optimizar la planificaci\u00f3n y el control de las actividades de tu empresa.<\/span><\/p>\n<p><span style=\"font-size: 12pt; font-family: georgia, palatino, serif;\"><!-- \/wp:paragraph --><!-- wp:paragraph --><\/span><\/p>\n<p><span style=\"font-size: 12pt; font-family: georgia, palatino, serif;\">Ideal para ofrecer asesoramiento y asistencia a las empresas del sector alimentario que tienen que cumplir con normas y certificaciones espec\u00edficas.<\/span><\/p>\n<p><span style=\"font-size: 12pt; font-family: georgia, palatino, serif;\"><!-- \/wp:paragraph --><!-- wp:list {\"ordered\":true} --><\/span><\/p>\n<ol>\n<li><span style=\"font-size: 12pt; font-family: georgia, palatino, serif;\"><strong>Certificaciones ISO<\/strong><\/span><\/li>\n<li><span style=\"font-size: 12pt; font-family: georgia, palatino, serif;\"><strong>Certificaciones BRC<img loading=\"lazy\" class=\"alignright wp-image-909 size-medium\" src=\"https:\/\/www.byronweb.net\/wp-content\/uploads\/2022\/05\/BRC-IFS-300x129.jpg\" alt=\"\" width=\"300\" height=\"129\" data-wp-editing=\"1\" srcset=\"https:\/\/www.byronweb.net\/wp-content\/uploads\/2022\/05\/BRC-IFS-300x129.jpg 300w, https:\/\/www.byronweb.net\/wp-content\/uploads\/2022\/05\/BRC-IFS.jpg 677w\" sizes=\"(max-width: 300px) 100vw, 300px\" \/><\/strong><\/span><\/li>\n<li><span style=\"font-size: 12pt; font-family: georgia, palatino, serif;\"><strong>Certificaciones IFS\u00a0<\/strong><\/span><\/li>\n<li><span style=\"font-size: 12pt; font-family: georgia, palatino, serif;\"><strong>Certificaciones APPCC<\/strong><\/span><\/li>\n<li><span style=\"font-size: 12pt; font-family: georgia, palatino, serif;\"><strong>UNI EN 16636<\/strong><\/span><\/li>\n<\/ol>\n<p><span style=\"font-size: 12pt; font-family: georgia, palatino, serif;\"><!-- \/wp:list --><!-- wp:paragraph --><\/span><\/p>\n<p><span style=\"font-size: 12pt; font-family: georgia, palatino, serif;\">Funciones espec\u00edficas para: <strong>Pruebas de Plagas<\/strong>,<strong> No<\/strong><\/span><span style=\"font-size: 12pt; font-family: georgia, palatino, serif;\"><strong> Conformidad, Acciones Correctivas,<\/strong>Alarmas, Agenda Avanzada, <strong>Firma Digitalizada,<\/strong>, Localizzazione Satellitare, Fattura Elettronica, Area Clienti e tanto altro.<a href=\"https:\/\/www.byronweb.net\/wp-content\/uploads\/2023\/03\/nuova_brohure_byron.pdf\"> <strong>Descarga el folleto aqu\u00ed<\/strong><\/a><br \/><\/span><\/p>\n<p><span style=\"font-size: 12pt; font-family: georgia, palatino, serif;\"><strong>Software completo en la NUBE en una \u00fanica soluci\u00f3n integrada<\/strong><br \/><\/span><\/p>\n<ul>\n<li><span style=\"font-weight: bold; font-style: normal; text-decoration: none; font-size: 12pt;\">Facturaci\u00f3n, Pedidos electr\u00f3nicos<img loading=\"lazy\" class=\"wp-image-1259 alignright\" src=\"https:\/\/www.byronweb.net\/wp-content\/uploads\/2023\/02\/100-Made-In-Italy-1.png\" alt=\"\" width=\"500\" height=\"419\" srcset=\"https:\/\/www.byronweb.net\/wp-content\/uploads\/2023\/02\/100-Made-In-Italy-1.png 1410w, https:\/\/www.byronweb.net\/wp-content\/uploads\/2023\/02\/100-Made-In-Italy-1-300x251.png 300w, https:\/\/www.byronweb.net\/wp-content\/uploads\/2023\/02\/100-Made-In-Italy-1-1024x858.png 1024w, https:\/\/www.byronweb.net\/wp-content\/uploads\/2023\/02\/100-Made-In-Italy-1-768x644.png 768w, https:\/\/www.byronweb.net\/wp-content\/uploads\/2023\/02\/100-Made-In-Italy-1-14x12.png 14w\" sizes=\"(max-width: 500px) 100vw, 500px\" \/><\/span><\/li>\n<li><span style=\"font-weight: 400; font-style: normal; text-decoration: none; font-size: 12pt;\">Presupuestos y Contratos<\/span><\/li>\n<li><span style=\"font-weight: 400; font-style: normal; text-decoration: none; font-size: 12pt;\">GPS Veh\u00edculos en tiempo real<\/span><\/li>\n<li><span style=\"font-weight: bold; font-style: normal; text-decoration: none; font-size: 12pt;\">GPS Adulticida y Larvicida<\/span><\/li>\n<li><span style=\"font-weight: 400; font-style: normal; text-decoration: none; font-size: 12pt;\">Desratizaci\u00f3n con c\u00f3digo QR<\/span><\/li>\n<li><span style=\"font-weight: 400; font-style: normal; text-decoration: none; font-size: 12pt;\">Presencia Personal<\/span><\/li>\n<li><span style=\"font-weight: 400; font-style: normal; text-decoration: none; font-size: 12pt;\">Inspecciones Evaluaci\u00f3n Riesgo<\/span><\/li>\n<li><span style=\"font-weight: 400; font-style: normal; text-decoration: none; font-size: 12pt;\">Planos Avanzados<\/span><\/li>\n<li><span style=\"font-weight: 400; font-style: normal; text-decoration: none; font-size: 12pt;\">Almac\u00e9n - Ventas - Pedidos<\/span><\/li>\n<li><span style=\"font-size: 12pt;\"><span style=\"font-weight: 400; font-style: normal; text-decoration: none;\">M\u00f3dulos<\/span><span style=\"font-weight: bold; font-style: normal; text-decoration: none;\"> BRC &#8211; IFS &#8211; HACCP<\/span><\/span><\/li>\n<li><span style=\"font-weight: 400; font-style: normal; text-decoration: none; font-size: 12pt;\">Zona Cliente avanzada<\/span><\/li>\n<li><span style=\"font-weight: 400; font-style: normal; text-decoration: none; font-size: 12pt;\">Gr\u00e1ficos y Relaciones Peri\u00f3dicas<\/span><\/li>\n<li><span style=\"font-weight: 400; font-style: normal; text-decoration: none; font-size: 12pt;\">Sistema de Solicitud completo<\/span><\/li>\n<li><span style=\"font-weight: bold; font-style: normal; text-decoration: none; font-size: 12pt;\">M\u00f3dulos UNI EN 16636 e ISO 9001<\/span><\/li>\n<li><span style=\"font-weight: 400; font-style: normal; text-decoration: none; font-size: 12pt;\">Satisfacci\u00f3n Cliente<\/span><\/li>\n<li><span style=\"font-weight: 400; font-style: normal; text-decoration: none; font-size: 12pt;\">Actualizaciones y Asistencia 24h<\/span><\/li>\n<li><span style=\"font-weight: bold; font-style: normal; text-decoration: none; font-size: 12pt;\">M\u00f3dulo Limpieza<\/span><\/li>\n<\/ul>\n<p><span style=\"font-size: 12pt; font-family: georgia, palatino, serif;\"><a href=\"https:\/\/www.byronweb.net\/wp-content\/uploads\/2023\/03\/nuova_brohure_byron.pdf\"><strong>Descarga el folleto aqu\u00ed<\/strong><\/a><\/span><\/p>\n<p><span style=\"font-size: 12pt;\"><!-- \/wp:paragraph --><!-- wp:embed {\"url\":\"https:\/\/www.youtube.com\/watch?v=XAELmzLD6TU\",\"type\":\"video\",\"providerNameSlug\":\"youtube\",\"responsive\":true,\"className\":\"wp-embed-aspect-16-9 wp-has-aspect-ratio\"} --><\/span><\/p>\n<figure>\n<div><iframe loading=\"lazy\" src=\"\/\/www.youtube.com\/embed\/XAELmzLD6TU\" width=\"560\" height=\"600\" allowfullscreen=\"allowfullscreen\"><\/iframe><\/div>\n<\/figure>\n<p><!-- \/wp:embed --><\/p>\t\t\t\t\t\t<\/div>\n\t\t\t\t<\/div>\n\t\t\t\t\t<\/div>\n\t\t<\/div>\n\t\t\t\t\t\t\t<\/div>\n\t\t<\/section>\n\t\t\t\t\t\t\t<\/div>","protected":false},"excerpt":{"rendered":"<p>L\u2019informatizzazione dei processi aziendali offre molteplici vantaggi in termini di tempi e costi. Scarica la brochure clicca qui Byron \u00e8 il software tecnico gestionale dedicato a: Imprese del settore Pest Control (PCO) Disinfestatori professionisti Semplice, affidabile e veloce sar\u00e0 il Tuo partner per la gestione delle complesse attivit\u00e0 aziendali. Il programma Byron \u00e8 la sintesi [&hellip;]<\/p>","protected":false},"author":1,"featured_media":0,"parent":0,"menu_order":0,"comment_status":"closed","ping_status":"closed","template":"","meta":[],"yoast_head":"<!-- This site is optimized with the Yoast SEO plugin v14.9 - https:\/\/yoast.com\/wordpress\/plugins\/seo\/ -->\n<title>Software in cloud per il pest control, disinfestazione e derattizzazione -<\/title>\n<meta name=\"robots\" content=\"index, follow, max-snippet:-1, max-image-preview:large, max-video-preview:-1\" \/>\n<link rel=\"canonical\" href=\"https:\/\/www.byronweb.net\/es\/panoramica-software-disinfestazione-html\/\" \/>\n<meta property=\"og:locale\" content=\"es_ES\" \/>\n<meta property=\"og:type\" content=\"article\" \/>\n<meta property=\"og:title\" content=\"Software in cloud per il pest control, disinfestazione e derattizzazione -\" \/>\n<meta property=\"og:description\" content=\"L\u2019informatizzazione dei processi aziendali offre molteplici vantaggi in termini di tempi e costi. Scarica la brochure clicca qui Byron \u00e8 il software tecnico gestionale dedicato a: Imprese del settore Pest Control (PCO) Disinfestatori professionisti Semplice, affidabile e veloce sar\u00e0 il Tuo partner per la gestione delle complesse attivit\u00e0 aziendali. Il programma Byron \u00e8 la sintesi [&hellip;]\" \/>\n<meta property=\"og:url\" content=\"https:\/\/www.byronweb.net\/es\/panoramica-software-disinfestazione-html\/\" \/>\n<meta property=\"article:modified_time\" content=\"2024-11-20T09:30:06+00:00\" \/>\n<meta property=\"og:image\" content=\"https:\/\/www.byronweb.net\/wp-content\/uploads\/2022\/05\/BRC-IFS-300x129.jpg\" \/>\n<meta name=\"twitter:card\" content=\"summary_large_image\" \/>\n<script type=\"application\/ld+json\" class=\"yoast-schema-graph\">{\"@context\":\"https:\/\/schema.org\",\"@graph\":[{\"@type\":\"WebSite\",\"@id\":\"https:\/\/www.byronweb.net\/es\/#website\",\"url\":\"https:\/\/www.byronweb.net\/es\/\",\"name\":\"\",\"description\":\"\",\"potentialAction\":[{\"@type\":\"SearchAction\",\"target\":\"https:\/\/www.byronweb.net\/es\/?s={search_term_string}\",\"query-input\":\"required name=search_term_string\"}],\"inLanguage\":\"es-ES\"},{\"@type\":\"ImageObject\",\"@id\":\"https:\/\/www.byronweb.net\/panoramica-software-disinfestazione-html\/#primaryimage\",\"inLanguage\":\"es-ES\",\"url\":\"https:\/\/www.byronweb.net\/wp-content\/uploads\/2022\/05\/BRC-IFS.jpg\",\"width\":677,\"height\":292},{\"@type\":\"WebPage\",\"@id\":\"https:\/\/www.byronweb.net\/panoramica-software-disinfestazione-html\/#webpage\",\"url\":\"https:\/\/www.byronweb.net\/panoramica-software-disinfestazione-html\/\",\"name\":\"Software in cloud per il pest control, disinfestazione e derattizzazione -\",\"isPartOf\":{\"@id\":\"https:\/\/www.byronweb.net\/es\/#website\"},\"primaryImageOfPage\":{\"@id\":\"https:\/\/www.byronweb.net\/panoramica-software-disinfestazione-html\/#primaryimage\"},\"datePublished\":\"2020-09-17T15:29:59+00:00\",\"dateModified\":\"2024-11-20T09:30:06+00:00\",\"inLanguage\":\"es-ES\",\"potentialAction\":[{\"@type\":\"ReadAction\",\"target\":[\"https:\/\/www.byronweb.net\/panoramica-software-disinfestazione-html\/\"]}]}]}<\/script>\n<!-- \/ Yoast SEO plugin. -->","_links":{"self":[{"href":"https:\/\/www.byronweb.net\/es\/wp-json\/wp\/v2\/pages\/149"}],"collection":[{"href":"https:\/\/www.byronweb.net\/es\/wp-json\/wp\/v2\/pages"}],"about":[{"href":"https:\/\/www.byronweb.net\/es\/wp-json\/wp\/v2\/types\/page"}],"author":[{"embeddable":true,"href":"https:\/\/www.byronweb.net\/es\/wp-json\/wp\/v2\/users\/1"}],"replies":[{"embeddable":true,"href":"https:\/\/www.byronweb.net\/es\/wp-json\/wp\/v2\/comments?post=149"}],"version-history":[{"count":75,"href":"https:\/\/www.byronweb.net\/es\/wp-json\/wp\/v2\/pages\/149\/revisions"}],"predecessor-version":[{"id":3086,"href":"https:\/\/www.byronweb.net\/es\/wp-json\/wp\/v2\/pages\/149\/revisions\/3086"}],"wp:attachment":[{"href":"https:\/\/www.byronweb.net\/es\/wp-json\/wp\/v2\/media?parent=149"}],"curies":[{"name":"wp","href":"https:\/\/api.w.org\/{rel}","templated":true}]}}