{"id":178,"date":"2020-09-18T12:04:18","date_gmt":"2020-09-18T10:04:18","guid":{"rendered":"http:\/\/nuovo.byronweb.com\/?page_id=178"},"modified":"2024-11-20T11:06:20","modified_gmt":"2024-11-20T10:06:20","slug":"raccolta-dati-automatizzata-terminali-mobili-html","status":"publish","type":"page","link":"https:\/\/www.byronweb.net\/es\/raccolta-dati-automatizzata-terminali-mobili-html\/","title":{"rendered":"Monitoreo digital con dispositivos m\u00f3viles Android"},"content":{"rendered":"<div data-elementor-type=\"wp-page\" data-elementor-id=\"178\" class=\"elementor elementor-178\">\n\t\t\t\t\t\t\t\t\t<section class=\"elementor-section elementor-top-section elementor-element elementor-element-2a49ab04 elementor-section-boxed elementor-section-height-default elementor-section-height-default\" data-id=\"2a49ab04\" data-element_type=\"section\">\n\t\t\t\t\t\t<div class=\"elementor-container elementor-column-gap-default\">\n\t\t\t\t\t<div class=\"elementor-column elementor-col-100 elementor-top-column elementor-element elementor-element-5c730aa0\" data-id=\"5c730aa0\" data-element_type=\"column\">\n\t\t\t<div class=\"elementor-widget-wrap elementor-element-populated\">\n\t\t\t\t\t\t\t\t<div class=\"elementor-element elementor-element-508f638c elementor-widget elementor-widget-text-editor\" data-id=\"508f638c\" data-element_type=\"widget\" data-widget_type=\"text-editor.default\">\n\t\t\t\t<div class=\"elementor-widget-container\">\n\t\t\t<style>\/*! elementor - v3.6.2 - 04-04-2022 *\/\n.elementor-widget-text-editor.elementor-drop-cap-view-stacked .elementor-drop-cap{background-color:#818a91;color:#fff}.elementor-widget-text-editor.elementor-drop-cap-view-framed .elementor-drop-cap{color:#818a91;border:3px solid;background-color:transparent}.elementor-widget-text-editor:not(.elementor-drop-cap-view-default) .elementor-drop-cap{margin-top:8px}.elementor-widget-text-editor:not(.elementor-drop-cap-view-default) .elementor-drop-cap-letter{width:1em;height:1em}.elementor-widget-text-editor .elementor-drop-cap{float:left;text-align:center;line-height:1;font-size:50px}.elementor-widget-text-editor .elementor-drop-cap-letter{display:inline-block}<\/style>\t\t\t\t<p>\u00a0<\/p><p><span style=\"font-size: 12pt; font-family: georgia, palatino, serif;\">\u00a1La recogida de los datos de monitoreo y desinfestaci\u00f3n ya no es un problema!<\/span><\/p><p><span style=\"font-size: 12pt; font-family: georgia, palatino, serif;\" data-mce-mark=\"1\"><strong>Byron UNIKA<\/strong> es la aplicaci\u00f3n realizada para los operadores del control de plagas que permite recoger los datos en el sitio del cliente.<\/span><\/p><p><span style=\"font-size: 12pt; font-family: georgia, palatino, serif;\" data-mce-mark=\"1\">F\u00e1cil de usar e integrada en ByronWeb.<\/span><\/p><p><span style=\"font-size: 12pt; font-family: georgia, palatino, serif;\">ByronMobile maximiza la rentabilidad de tu empresa y te ayuda a reducir los gastos.<\/span><\/p><p><span style=\"font-size: 12pt; font-family: georgia, palatino, serif;\">ByronMobile funciona en smartphone con sistema operativo Android por lo cual no es necesario gastar miles de euros para comprar dispositivos industriales para la recogida de los datos.<\/span><\/p><p><strong><span style=\"font-size: 12pt; font-family: georgia, palatino, serif;\">\u00a1La recogida de los datos no necesita de conexi\u00f3n a internet!<\/span><\/strong><\/p><p><img loading=\"lazy\" class=\"aligncenter  wp-image-3095\" src=\"https:\/\/www.byronweb.net\/wp-content\/uploads\/2024\/11\/iosandr-1024x512.jpg\" alt=\"\" width=\"233\" height=\"116\" srcset=\"https:\/\/www.byronweb.net\/wp-content\/uploads\/2024\/11\/iosandr-1024x512.jpg 1024w, https:\/\/www.byronweb.net\/wp-content\/uploads\/2024\/11\/iosandr-300x150.jpg 300w, https:\/\/www.byronweb.net\/wp-content\/uploads\/2024\/11\/iosandr-768x384.jpg 768w, https:\/\/www.byronweb.net\/wp-content\/uploads\/2024\/11\/iosandr-1536x768.jpg 1536w, https:\/\/www.byronweb.net\/wp-content\/uploads\/2024\/11\/iosandr-18x9.jpg 18w, https:\/\/www.byronweb.net\/wp-content\/uploads\/2024\/11\/iosandr.jpg 1600w\" sizes=\"(max-width: 233px) 100vw, 233px\" \/><\/p><p><span style=\"font-size: 12pt; font-family: georgia, palatino, serif;\"><strong>\u00a1Un dispositivo muchas funciones!<\/strong><\/span><\/p><ol><li><span style=\"font-size: 12pt; font-family: georgia, palatino, serif;\">Lectura c\u00f3digo QR y NFC para el reconocimiento de los puntos de control<\/span><\/li><li><span style=\"font-size: 12pt; font-family: georgia, palatino, serif;\">Recogida de datos de monitoreo, conteo plagas, uso de productos<\/span><\/li><li><span style=\"font-size: 12pt; font-family: georgia, palatino, serif;\">Adquisici\u00f3n coordenadas GPS<\/span><\/li><li><span style=\"font-size: 12pt; font-family: georgia, palatino, serif;\">Impresi\u00f3n Bluetooth<\/span><\/li><li><span style=\"font-size: 12pt; font-family: georgia, palatino, serif;\">Transmisi\u00f3n datos WiFi y GPRS<\/span><\/li><li><span style=\"font-size: 12pt; font-family: georgia, palatino, serif;\">Adquisici\u00f3n im\u00e1genes<\/span><\/li><\/ol><p style=\"text-align: center;\"><span style=\"color: #3366ff; font-size: 18pt; font-family: georgia, palatino, serif;\"><strong>\u00a1La revoluci\u00f3n en la recogida datos automatizada mediante Smartphone y Tablet!<\/strong><\/span><\/p><p>\u00a0<\/p><p><span style=\"font-size: 12pt; font-family: georgia, palatino, serif;\"><a href=\"https:\/\/play.google.com\/store\/apps\/details?id=it.codebase.byronweb.hr\">Haz clic aqu\u00ed para descargar el app de Play Store Android<\/a><\/span><\/p><p><span style=\"font-size: 12pt; font-family: georgia, palatino, serif;\"><!-- \/wp:paragraph --><!-- wp:paragraph --><\/span><\/p><p><span style=\"font-size: 12pt; font-family: georgia, palatino, serif;\"><a href=\"https:\/\/apps.apple.com\/it\/app\/byron-hr\/id1579345401\">Haz clic aqu\u00ed para descargar el app de Play Store Apple<\/a><\/span><\/p><p><!-- \/wp:paragraph --><!-- wp:core-embed\/youtube {\"url\":\"https:\/\/www.youtube.com\/watch?v=tXuOoSIeVc8\",\"type\":\"video\",\"providerNameSlug\":\"youtube\",\"className\":\"wp-embed-aspect-16-9 wp-has-aspect-ratio\"} --><\/p><figure class=\"wp-block-embed-youtube wp-block-embed is-type-video is-provider-youtube wp-embed-aspect-16-9 wp-has-aspect-ratio\"><div class=\"wp-block-embed__wrapper\">\u00a0<\/div><\/figure><p><img loading=\"lazy\" class=\"aligncenter size-large wp-image-1351\" src=\"https:\/\/www.byronweb.net\/wp-content\/uploads\/2023\/02\/27001-5-1024x858.png\" alt=\"\" width=\"750\" height=\"628\" srcset=\"https:\/\/www.byronweb.net\/wp-content\/uploads\/2023\/02\/27001-5-1024x858.png 1024w, https:\/\/www.byronweb.net\/wp-content\/uploads\/2023\/02\/27001-5-300x251.png 300w, https:\/\/www.byronweb.net\/wp-content\/uploads\/2023\/02\/27001-5-768x644.png 768w, https:\/\/www.byronweb.net\/wp-content\/uploads\/2023\/02\/27001-5-14x12.png 14w, https:\/\/www.byronweb.net\/wp-content\/uploads\/2023\/02\/27001-5.png 1410w\" sizes=\"(max-width: 750px) 100vw, 750px\" \/><\/p><p style=\"text-align: center;\"><span style=\"font-size: medium; font-family: 'trebuchet ms', geneva;\">\u00a0<\/span><\/p><p style=\"text-align: center;\">\u00a0<\/p>\t\t\t\t\t\t<\/div>\n\t\t\t\t<\/div>\n\t\t\t\t\t<\/div>\n\t\t<\/div>\n\t\t\t\t\t\t\t<\/div>\n\t\t<\/section>\n\t\t\t\t\t\t\t<\/div>","protected":false},"excerpt":{"rendered":"<p>\u00a0La raccolta dei dati di monitoraggio e disinfestazione non \u00e8 pi\u00f9 un problema!Byron UNIKA \u00e8 l&#8217;applicazione software dedicata agli operatori del pest control che consente la raccolta dei dati in cantiere.Semplice da utilizzare e perfettamente integrata con ByronWeb.ByronMobile assicura una immediata riduzione dei costi legati alla gestione degli interventi presso i clienti.ByronMobile funziona su smartphone [&hellip;]<\/p>","protected":false},"author":1,"featured_media":0,"parent":0,"menu_order":0,"comment_status":"closed","ping_status":"closed","template":"","meta":[],"yoast_head":"<!-- This site is optimized with the Yoast SEO plugin v14.9 - https:\/\/yoast.com\/wordpress\/plugins\/seo\/ -->\n<title>Monitoraggio digitale con terminali mobili Android -<\/title>\n<meta name=\"robots\" content=\"index, follow, max-snippet:-1, max-image-preview:large, max-video-preview:-1\" \/>\n<link rel=\"canonical\" href=\"https:\/\/www.byronweb.net\/es\/raccolta-dati-automatizzata-terminali-mobili-html\/\" \/>\n<meta property=\"og:locale\" content=\"es_ES\" \/>\n<meta property=\"og:type\" content=\"article\" \/>\n<meta property=\"og:title\" content=\"Monitoraggio digitale con terminali mobili Android -\" \/>\n<meta property=\"og:description\" content=\"\u00a0La raccolta dei dati di monitoraggio e disinfestazione non \u00e8 pi\u00f9 un problema!Byron UNIKA \u00e8 l&#8217;applicazione software dedicata agli operatori del pest control che consente la raccolta dei dati in cantiere.Semplice da utilizzare e perfettamente integrata con ByronWeb.ByronMobile assicura una immediata riduzione dei costi legati alla gestione degli interventi presso i clienti.ByronMobile funziona su smartphone [&hellip;]\" \/>\n<meta property=\"og:url\" content=\"https:\/\/www.byronweb.net\/es\/raccolta-dati-automatizzata-terminali-mobili-html\/\" \/>\n<meta property=\"article:modified_time\" content=\"2024-11-20T10:06:20+00:00\" \/>\n<meta property=\"og:image\" content=\"https:\/\/www.byronweb.net\/wp-content\/uploads\/2024\/11\/iosandr-1024x512.jpg\" \/>\n<meta name=\"twitter:card\" content=\"summary_large_image\" \/>\n<script type=\"application\/ld+json\" class=\"yoast-schema-graph\">{\"@context\":\"https:\/\/schema.org\",\"@graph\":[{\"@type\":\"WebSite\",\"@id\":\"https:\/\/www.byronweb.net\/es\/#website\",\"url\":\"https:\/\/www.byronweb.net\/es\/\",\"name\":\"\",\"description\":\"\",\"potentialAction\":[{\"@type\":\"SearchAction\",\"target\":\"https:\/\/www.byronweb.net\/es\/?s={search_term_string}\",\"query-input\":\"required name=search_term_string\"}],\"inLanguage\":\"es-ES\"},{\"@type\":\"ImageObject\",\"@id\":\"https:\/\/www.byronweb.net\/raccolta-dati-automatizzata-terminali-mobili-html\/#primaryimage\",\"inLanguage\":\"es-ES\",\"url\":\"https:\/\/www.byronweb.net\/wp-content\/uploads\/2024\/11\/iosandr.jpg\",\"width\":1600,\"height\":800},{\"@type\":\"WebPage\",\"@id\":\"https:\/\/www.byronweb.net\/raccolta-dati-automatizzata-terminali-mobili-html\/#webpage\",\"url\":\"https:\/\/www.byronweb.net\/raccolta-dati-automatizzata-terminali-mobili-html\/\",\"name\":\"Monitoraggio digitale con terminali mobili Android -\",\"isPartOf\":{\"@id\":\"https:\/\/www.byronweb.net\/es\/#website\"},\"primaryImageOfPage\":{\"@id\":\"https:\/\/www.byronweb.net\/raccolta-dati-automatizzata-terminali-mobili-html\/#primaryimage\"},\"datePublished\":\"2020-09-18T10:04:18+00:00\",\"dateModified\":\"2024-11-20T10:06:20+00:00\",\"inLanguage\":\"es-ES\",\"potentialAction\":[{\"@type\":\"ReadAction\",\"target\":[\"https:\/\/www.byronweb.net\/raccolta-dati-automatizzata-terminali-mobili-html\/\"]}]}]}<\/script>\n<!-- \/ Yoast SEO plugin. -->","_links":{"self":[{"href":"https:\/\/www.byronweb.net\/es\/wp-json\/wp\/v2\/pages\/178"}],"collection":[{"href":"https:\/\/www.byronweb.net\/es\/wp-json\/wp\/v2\/pages"}],"about":[{"href":"https:\/\/www.byronweb.net\/es\/wp-json\/wp\/v2\/types\/page"}],"author":[{"embeddable":true,"href":"https:\/\/www.byronweb.net\/es\/wp-json\/wp\/v2\/users\/1"}],"replies":[{"embeddable":true,"href":"https:\/\/www.byronweb.net\/es\/wp-json\/wp\/v2\/comments?post=178"}],"version-history":[{"count":18,"href":"https:\/\/www.byronweb.net\/es\/wp-json\/wp\/v2\/pages\/178\/revisions"}],"predecessor-version":[{"id":3098,"href":"https:\/\/www.byronweb.net\/es\/wp-json\/wp\/v2\/pages\/178\/revisions\/3098"}],"wp:attachment":[{"href":"https:\/\/www.byronweb.net\/es\/wp-json\/wp\/v2\/media?parent=178"}],"curies":[{"name":"wp","href":"https:\/\/api.w.org\/{rel}","templated":true}]}}