{"id":184,"date":"2020-09-18T12:09:50","date_gmt":"2020-09-18T10:09:50","guid":{"rendered":"http:\/\/nuovo.byronweb.com\/?page_id=184"},"modified":"2025-06-19T11:46:40","modified_gmt":"2025-06-19T09:46:40","slug":"track-gps-automezzi-disinfestazione-adulticida-larvicida-html","status":"publish","type":"page","link":"https:\/\/www.byronweb.net\/es\/track-gps-automezzi-disinfestazione-adulticida-larvicida-html\/","title":{"rendered":"GPS Veh\u00edculos - Tratamientos ADULTICIDAS"},"content":{"rendered":"<div data-elementor-type=\"wp-page\" data-elementor-id=\"184\" class=\"elementor elementor-184\">\n\t\t\t\t\t\t\t\t\t<section class=\"elementor-section elementor-top-section elementor-element elementor-element-2f3a2662 elementor-section-boxed elementor-section-height-default elementor-section-height-default\" data-id=\"2f3a2662\" data-element_type=\"section\">\n\t\t\t\t\t\t<div class=\"elementor-container elementor-column-gap-default\">\n\t\t\t\t\t<div class=\"elementor-column elementor-col-100 elementor-top-column elementor-element elementor-element-3aa0c08\" data-id=\"3aa0c08\" data-element_type=\"column\">\n\t\t\t<div class=\"elementor-widget-wrap elementor-element-populated\">\n\t\t\t\t\t\t\t\t<div class=\"elementor-element elementor-element-3442ed34 elementor-widget elementor-widget-text-editor\" data-id=\"3442ed34\" data-element_type=\"widget\" data-widget_type=\"text-editor.default\">\n\t\t\t\t<div class=\"elementor-widget-container\">\n\t\t\t<style>\/*! elementor - v3.6.2 - 04-04-2022 *\/\n.elementor-widget-text-editor.elementor-drop-cap-view-stacked .elementor-drop-cap{background-color:#818a91;color:#fff}.elementor-widget-text-editor.elementor-drop-cap-view-framed .elementor-drop-cap{color:#818a91;border:3px solid;background-color:transparent}.elementor-widget-text-editor:not(.elementor-drop-cap-view-default) .elementor-drop-cap{margin-top:8px}.elementor-widget-text-editor:not(.elementor-drop-cap-view-default) .elementor-drop-cap-letter{width:1em;height:1em}.elementor-widget-text-editor .elementor-drop-cap{float:left;text-align:center;line-height:1;font-size:50px}.elementor-widget-text-editor .elementor-drop-cap-letter{display:inline-block}<\/style>\t\t\t\t<p><!-- wp:tadv\/classic-paragraph --><\/p>\n<p><span style=\"font-family: georgia, palatino, serif; font-size: 12pt;\">Byron cuenta con un m\u00f3dulo realizado para satisfacer las exigencias crecientes del sector del control de plagas.<\/span><\/p>\n<p><span style=\"font-family: georgia, palatino, serif; font-size: 12pt;\"><!-- \/wp:tadv\/classic-paragraph --><!-- wp:paragraph --><\/span><\/p>\n<p><span style=\"font-family: georgia, palatino, serif; font-size: 12pt;\">Cada vez m\u00e1s a menudo los clientes solicitan la certificaci\u00f3n de los itinerarios recurridos durante los tratamientos de desinfestaci\u00f3n.<\/span><\/p>\n<p><span style=\"font-family: georgia, palatino, serif; font-size: 12pt;\"><!-- \/wp:paragraph --><!-- wp:embed {\"url\":\"https:\/\/www.youtube.com\/watch?v=nTGCbhIv2q0\",\"type\":\"video\",\"providerNameSlug\":\"youtube\",\"responsive\":true,\"className\":\"wp-embed-aspect-16-9 wp-has-aspect-ratio\"} --><\/span><\/p>\n<figure class=\"wp-block-embed is-type-video is-provider-youtube wp-block-embed-youtube wp-embed-aspect-16-9 wp-has-aspect-ratio\">\n<div class=\"wp-block-embed__wrapper\"><iframe loading=\"lazy\" src=\"\/\/www.youtube.com\/embed\/nTGCbhIv2q0\" width=\"560\" height=\"314\" allowfullscreen=\"allowfullscreen\"><\/iframe><\/div>\n<\/figure>\n<p><span style=\"font-family: georgia, palatino, serif; font-size: 12pt;\"><!-- \/wp:paragraph --><!-- wp:paragraph --><\/span><\/p>\n<p><span style=\"font-family: georgia, palatino, serif; font-size: 12pt;\">Hoy es posible obtener esta informaci\u00f3n instalando unos Tracker en los veh\u00edculos de la empresa.<img loading=\"lazy\" class=\"\" style=\"float: right;\" title=\"Track GPS automezzi\" src=\"http:\/\/nuovo.byronweb.com\/wp-content\/uploads\/2020\/09\/Percorsi.png\" alt=\"percorso automezzo\" width=\"177\" height=\"177\" \/><\/span><\/p>\n<p><span style=\"font-family: georgia, palatino, serif; font-size: 12pt;\"><!-- \/wp:paragraph --><!-- wp:paragraph --><\/span><\/p>\n<p>Es <span style=\"font-family: georgia, palatino, serif; font-size: 12pt;\">posible elegir unos Tracker fijos o port\u00e1tiles para poder trazar los itininerarios de cualquier veh\u00edculo.<\/span><\/p>\n<p><span style=\"font-family: georgia, palatino, serif; font-size: 12pt;\"><!-- \/wp:paragraph --><!-- wp:paragraph --><\/span><\/p>\n<p><span style=\"font-family: georgia, palatino, serif; font-size: 12pt;\">La Zona reservada a los clientes, activable bajo demanda, permite el control de las operaciones realizadas. \u00a1Todo integrado en ByronWeb!<\/span><\/p>\n<p><span style=\"font-family: georgia, palatino, serif; font-size: 12pt;\"><!-- \/wp:paragraph --><!-- wp:paragraph --><\/span><\/p>\n<p><span style=\"font-family: georgia, palatino, serif; font-size: 12pt;\">Los m\u00f3dulos de Byron incluyen:<\/span><\/p>\n<p><span style=\"font-family: georgia, palatino, serif; font-size: 12pt;\"><!-- \/wp:paragraph --><!-- wp:image {\"align\":\"right\"} --><\/span><\/p>\n<div class=\"wp-block-image\">\n<figure class=\"alignright\"><span style=\"font-family: georgia, palatino, serif; font-size: 12pt;\"><img loading=\"lazy\" class=\"\" title=\"track gps automezzi disinfestazione\" src=\"http:\/\/nuovo.byronweb.com\/wp-content\/uploads\/2020\/09\/pcotecnologico.png\" alt=\"automezzo\" width=\"260\" height=\"149\" \/><\/span><\/figure>\n<\/div>\n<p><span style=\"font-family: georgia, palatino, serif; font-size: 12pt;\"><!-- \/wp:image --><!-- wp:paragraph --><\/span><\/p>\n<p><span style=\"font-family: georgia, palatino, serif; font-size: 12pt;\">1) Instalaci\u00f3n postaciones geolocalizadas al exterior (portacebos, <strong>mapas alcantarillas<\/strong>) gracias a unos dispositivos de producci\u00f3n propia<br \/><\/span><\/p>\n<p><span style=\"font-family: georgia, palatino, serif; font-size: 12pt;\"><!-- \/wp:paragraph --><!-- wp:paragraph --><\/span><\/p>\n<p><span style=\"font-family: georgia, palatino, serif; font-size: 12pt;\">2) <strong>ITINERARIOS ADULTICIDAS con velocidad media detectada, paradas, cantidad de producto rociado<br \/><\/strong><\/span><\/p>\n<p><span style=\"font-family: georgia, palatino, serif; font-size: 12pt;\"><!-- \/wp:paragraph --><!-- wp:paragraph {\"fontSize\":\"medium\"} --><\/span><\/p>\n<p><span style=\"font-size: 12pt; font-family: georgia, palatino, serif;\">3) <strong>ENTRADA EN EL SITIO EN TIEMPO REAL con aviso al cliente y a la oficina<\/strong><\/span><\/p>\n<p><span style=\"font-family: georgia, palatino, serif; font-size: 12pt;\"><!-- \/wp:paragraph --><!-- wp:paragraph --><\/span><\/p>\n<p><span style=\"font-family: georgia, palatino, serif; font-size: 12pt;\">ByronWeb genera todos los documentos solicitados por las instituciones p\u00fablicas en fase de <strong>contrata<\/strong><\/span><\/p>\n<p><span style=\"font-family: georgia, palatino, serif; font-size: 12pt;\"><!-- \/wp:paragraph --><!-- wp:paragraph {\"fontSize\":\"medium\"} --><\/span><\/p>\n<p class=\"has-medium-font-size\"><span style=\"font-size: 12pt; font-family: georgia, palatino, serif;\">y compatible con los sistemas de interfaz para la lectura: Standard Google y formato wgs 84 \/ utm zone 32n, adem\u00e1s de toda la documentaci\u00f3n en cumplimiento con la normativa ministerial sobre el Plan Nacional integrado de vigilancia y respuesta a los virus <strong><span class=\"il\">West<\/span> Nile e Usutu &#8211; 2019<\/strong><\/span><\/p>\n<p><span style=\"font-family: georgia, palatino, serif; font-size: 12pt;\"><!-- \/wp:paragraph --><!-- wp:paragraph --><\/span><span style=\"font-family: georgia, palatino, serif; font-size: 12pt;\"><!-- \/wp:paragraph --><!-- wp:paragraph --><\/span><span style=\"font-family: georgia, palatino, serif; font-size: 12pt;\"><!-- \/wp:paragraph --><!-- wp:embed {\"url\":\"https:\/\/www.youtube.com\/watch?v=1hUjwswm-qA\\u0026t=3s\",\"type\":\"video\",\"providerNameSlug\":\"youtube\",\"responsive\":true,\"className\":\"wp-embed-aspect-16-9 wp-has-aspect-ratio\"} --><\/span><\/p>\n<figure class=\"wp-block-embed is-type-video is-provider-youtube wp-block-embed-youtube wp-embed-aspect-16-9 wp-has-aspect-ratio\">\n<div class=\"wp-block-embed__wrapper\"><img loading=\"lazy\" class=\"aligncenter size-full wp-image-3590\" src=\"https:\/\/www.byronweb.net\/wp-content\/uploads\/2025\/06\/6a99079a-cbbf-495c-ab44-d6b2e5b4310d.jpeg\" alt=\"\" width=\"836\" height=\"696\" srcset=\"https:\/\/www.byronweb.net\/wp-content\/uploads\/2025\/06\/6a99079a-cbbf-495c-ab44-d6b2e5b4310d.jpeg 836w, https:\/\/www.byronweb.net\/wp-content\/uploads\/2025\/06\/6a99079a-cbbf-495c-ab44-d6b2e5b4310d-300x250.jpeg 300w, https:\/\/www.byronweb.net\/wp-content\/uploads\/2025\/06\/6a99079a-cbbf-495c-ab44-d6b2e5b4310d-768x639.jpeg 768w, https:\/\/www.byronweb.net\/wp-content\/uploads\/2025\/06\/6a99079a-cbbf-495c-ab44-d6b2e5b4310d-14x12.jpeg 14w\" sizes=\"(max-width: 836px) 100vw, 836px\" \/><\/div>\n<\/figure>\n<p><span style=\"font-family: georgia, palatino, serif; font-size: 12pt;\"><!-- \/wp:paragraph --><!-- wp:paragraph --><\/span><\/p>\n<p><span style=\"font-family: georgia, palatino, serif; font-size: 12pt;\"><strong>\u00bfPOR QU\u00c9 <\/strong><\/span><span style=\"font-family: georgia, palatino, serif; font-size: 12pt;\"><strong>BYRONWEB?<\/strong><\/span><\/p>\n<p><span style=\"font-family: georgia, palatino, serif; font-size: 12pt;\"><!-- \/wp:paragraph --><!-- wp:paragraph --><\/span><\/p>\n<p><span style=\"font-family: georgia, palatino, serif; font-size: 12pt;\">Con ByronWeb, software certificado ISO 27001, puedes obtener hasta 10 puntos m\u00e1s en las contratas p\u00fablicas o prioridad en el sector privado.<\/span><\/p>\n<p><span style=\"font-family: georgia, palatino, serif; font-size: 12pt;\"><!-- \/wp:paragraph --><!-- wp:paragraph --><\/span><\/p>\n<p><span style=\"font-family: georgia, palatino, serif; font-size: 12pt;\">El software te permite responder a toda solicitud con costos de gesti\u00f3n  reducidos. Tambi\u00e9n puedes utilizar el control calidad y eficacia a trav\u00e9s del m\u00f3dulo para el conteo de los estadios larvarios. \u00a1Ofrece un servicio de alto nivel, tu empresa se merece lo MEJOR!<\/span><\/p>\n<p>\u00a0<\/p>\n<p><a href=\"https:\/\/www.byronweb.net\/es\/registrati-e-gratis\/\">Contattaci per maggiori informazioni<\/a><\/p>\n<p><span style=\"font-family: georgia, palatino, serif; font-size: 12pt;\"><!-- \/wp:paragraph --><!-- wp:paragraph --><\/span><\/p>\n<p><span style=\"font-family: georgia, palatino, serif; font-size: 12pt;\"><strong>\u00a0<\/strong><\/span><\/p>\n<p><!-- \/wp:paragraph --><!-- wp:paragraph --><\/p>\n<p><!-- \/wp:paragraph --><!-- wp:image {\"align\":\"center\",\"id\":480,\"width\":831,\"height\":435,\"sizeSlug\":\"large\"} --><\/p>\n<div class=\"wp-block-image\">\u00a0<\/div>\n<p><!-- \/wp:image --><\/p>\t\t\t\t\t\t<\/div>\n\t\t\t\t<\/div>\n\t\t\t\t\t<\/div>\n\t\t<\/div>\n\t\t\t\t\t\t\t<\/div>\n\t\t<\/section>\n\t\t\t\t\t\t\t<\/div>","protected":false},"excerpt":{"rendered":"<p>Byron dispone di un apposito modulo studiato per rispondere alle crescenti esigenze del settore della disinfestazione. Sempre pi\u00f9 spesso \u00e8 richiesta dagli appaltanti la certificazione dei percorsi svolti durante le operazioni di disinfestazione. Oggi \u00e8 possibile ottenere queste informazioni installando dei Tracker sugli automezzi aziendali. \u00c9 possibile scegliere tra Tracker fissi o Portatili, in modo [&hellip;]<\/p>","protected":false},"author":1,"featured_media":0,"parent":0,"menu_order":0,"comment_status":"closed","ping_status":"closed","template":"","meta":[],"yoast_head":"<!-- This site is optimized with the Yoast SEO plugin v14.9 - https:\/\/yoast.com\/wordpress\/plugins\/seo\/ -->\n<title>Track GPS Automezzi - trattamenti ADULTICIDA -<\/title>\n<meta name=\"robots\" content=\"index, follow, max-snippet:-1, max-image-preview:large, max-video-preview:-1\" \/>\n<link rel=\"canonical\" href=\"https:\/\/www.byronweb.net\/es\/track-gps-automezzi-disinfestazione-adulticida-larvicida-html\/\" \/>\n<meta property=\"og:locale\" content=\"es_ES\" \/>\n<meta property=\"og:type\" content=\"article\" \/>\n<meta property=\"og:title\" content=\"Track GPS Automezzi - trattamenti ADULTICIDA -\" \/>\n<meta property=\"og:description\" content=\"Byron dispone di un apposito modulo studiato per rispondere alle crescenti esigenze del settore della disinfestazione. Sempre pi\u00f9 spesso \u00e8 richiesta dagli appaltanti la certificazione dei percorsi svolti durante le operazioni di disinfestazione. Oggi \u00e8 possibile ottenere queste informazioni installando dei Tracker sugli automezzi aziendali. \u00c9 possibile scegliere tra Tracker fissi o Portatili, in modo [&hellip;]\" \/>\n<meta property=\"og:url\" content=\"https:\/\/www.byronweb.net\/es\/track-gps-automezzi-disinfestazione-adulticida-larvicida-html\/\" \/>\n<meta property=\"article:modified_time\" content=\"2025-06-19T09:46:40+00:00\" \/>\n<meta property=\"og:image\" content=\"http:\/\/nuovo.byronweb.com\/wp-content\/uploads\/2020\/09\/Percorsi.png\" \/>\n<meta name=\"twitter:card\" content=\"summary_large_image\" \/>\n<script type=\"application\/ld+json\" class=\"yoast-schema-graph\">{\"@context\":\"https:\/\/schema.org\",\"@graph\":[{\"@type\":\"WebSite\",\"@id\":\"https:\/\/www.byronweb.net\/es\/#website\",\"url\":\"https:\/\/www.byronweb.net\/es\/\",\"name\":\"\",\"description\":\"\",\"potentialAction\":[{\"@type\":\"SearchAction\",\"target\":\"https:\/\/www.byronweb.net\/es\/?s={search_term_string}\",\"query-input\":\"required name=search_term_string\"}],\"inLanguage\":\"es-ES\"},{\"@type\":\"ImageObject\",\"@id\":\"https:\/\/www.byronweb.net\/track-gps-automezzi-disinfestazione-adulticida-larvicida-html\/#primaryimage\",\"inLanguage\":\"es-ES\",\"url\":\"http:\/\/nuovo.byronweb.com\/wp-content\/uploads\/2020\/09\/Percorsi.png\"},{\"@type\":\"WebPage\",\"@id\":\"https:\/\/www.byronweb.net\/track-gps-automezzi-disinfestazione-adulticida-larvicida-html\/#webpage\",\"url\":\"https:\/\/www.byronweb.net\/track-gps-automezzi-disinfestazione-adulticida-larvicida-html\/\",\"name\":\"Track GPS Automezzi - trattamenti ADULTICIDA -\",\"isPartOf\":{\"@id\":\"https:\/\/www.byronweb.net\/es\/#website\"},\"primaryImageOfPage\":{\"@id\":\"https:\/\/www.byronweb.net\/track-gps-automezzi-disinfestazione-adulticida-larvicida-html\/#primaryimage\"},\"datePublished\":\"2020-09-18T10:09:50+00:00\",\"dateModified\":\"2025-06-19T09:46:40+00:00\",\"inLanguage\":\"es-ES\",\"potentialAction\":[{\"@type\":\"ReadAction\",\"target\":[\"https:\/\/www.byronweb.net\/track-gps-automezzi-disinfestazione-adulticida-larvicida-html\/\"]}]}]}<\/script>\n<!-- \/ Yoast SEO plugin. -->","_links":{"self":[{"href":"https:\/\/www.byronweb.net\/es\/wp-json\/wp\/v2\/pages\/184"}],"collection":[{"href":"https:\/\/www.byronweb.net\/es\/wp-json\/wp\/v2\/pages"}],"about":[{"href":"https:\/\/www.byronweb.net\/es\/wp-json\/wp\/v2\/types\/page"}],"author":[{"embeddable":true,"href":"https:\/\/www.byronweb.net\/es\/wp-json\/wp\/v2\/users\/1"}],"replies":[{"embeddable":true,"href":"https:\/\/www.byronweb.net\/es\/wp-json\/wp\/v2\/comments?post=184"}],"version-history":[{"count":44,"href":"https:\/\/www.byronweb.net\/es\/wp-json\/wp\/v2\/pages\/184\/revisions"}],"predecessor-version":[{"id":3596,"href":"https:\/\/www.byronweb.net\/es\/wp-json\/wp\/v2\/pages\/184\/revisions\/3596"}],"wp:attachment":[{"href":"https:\/\/www.byronweb.net\/es\/wp-json\/wp\/v2\/media?parent=184"}],"curies":[{"name":"wp","href":"https:\/\/api.w.org\/{rel}","templated":true}]}}