{"id":197,"date":"2020-09-18T12:14:49","date_gmt":"2020-09-18T10:14:49","guid":{"rendered":"http:\/\/nuovo.byronweb.com\/?page_id=197"},"modified":"2022-05-06T15:14:47","modified_gmt":"2022-05-06T13:14:47","slug":"fattura-elettronica-fatturapa-html","status":"publish","type":"page","link":"https:\/\/www.byronweb.net\/es\/fattura-elettronica-fatturapa-html\/","title":{"rendered":"Factura Electr\u00f3nica para la Administraci\u00f3n P\u00fablica y conservaci\u00f3n sustitutiva"},"content":{"rendered":"<div data-elementor-type=\"wp-page\" data-elementor-id=\"197\" class=\"elementor elementor-197\">\n\t\t\t\t\t\t\t\t\t<section class=\"elementor-section elementor-top-section elementor-element elementor-element-35b0d3e8 elementor-section-boxed elementor-section-height-default elementor-section-height-default\" data-id=\"35b0d3e8\" data-element_type=\"section\">\n\t\t\t\t\t\t<div class=\"elementor-container elementor-column-gap-default\">\n\t\t\t\t\t<div class=\"elementor-column elementor-col-100 elementor-top-column elementor-element elementor-element-3266f698\" data-id=\"3266f698\" data-element_type=\"column\">\n\t\t\t<div class=\"elementor-widget-wrap elementor-element-populated\">\n\t\t\t\t\t\t\t\t<div class=\"elementor-element elementor-element-43cb0aff elementor-widget elementor-widget-text-editor\" data-id=\"43cb0aff\" data-element_type=\"widget\" data-widget_type=\"text-editor.default\">\n\t\t\t\t<div class=\"elementor-widget-container\">\n\t\t\t<style>\/*! elementor - v3.6.2 - 04-04-2022 *\/\n.elementor-widget-text-editor.elementor-drop-cap-view-stacked .elementor-drop-cap{background-color:#818a91;color:#fff}.elementor-widget-text-editor.elementor-drop-cap-view-framed .elementor-drop-cap{color:#818a91;border:3px solid;background-color:transparent}.elementor-widget-text-editor:not(.elementor-drop-cap-view-default) .elementor-drop-cap{margin-top:8px}.elementor-widget-text-editor:not(.elementor-drop-cap-view-default) .elementor-drop-cap-letter{width:1em;height:1em}.elementor-widget-text-editor .elementor-drop-cap{float:left;text-align:center;line-height:1;font-size:50px}.elementor-widget-text-editor .elementor-drop-cap-letter{display:inline-block}<\/style>\t\t\t\t<p><a href=\"\/es\/contatti\/\"><img loading=\"lazy\" style=\"float: right;\" title=\"Fattura Eletronica\" src=\"http:\/\/nuovo.byronweb.com\/wp-content\/uploads\/2020\/09\/fatturapa2.png\" alt=\"fattura elettronica pubblica amministrazione PA\" width=\"215\" height=\"331\" \/><\/a><span style=\"color: #122644; font-size: 12pt; font-family: georgia, palatino, serif;\" data-mce-mark=\"1\">La Ley de Presupuestos de 2008 estableci\u00f3 que la transmisi\u00f3n de las facturas destinadas a la Administraci\u00f3n del Estado debe realizarse a trav\u00e9s del Sistema de Intercambio (SdI). <\/span><\/p><p><span style=\"color: #122644; font-size: 12pt; font-family: georgia, palatino, serif;\" data-mce-mark=\"1\"><strong>ByronWeb est\u00e1 acreditado por el Ministerio Italiano<\/strong> para la gesti\u00f3n de todo el ciclo (pasivo y activo) de la Factura Electr\u00f3nica en la secci\u00f3n de contabilidad.<\/span><\/p><p><span style=\"color: #122644; font-size: 12pt; font-family: georgia, palatino, serif;\" data-mce-mark=\"1\">Con pocos pasos es posible gestionar la facturaci\u00f3n electr\u00f3nica sin limitaciones.<\/span><\/p><p><span style=\"color: #122644; font-size: 12pt; font-family: georgia, palatino, serif;\" data-mce-mark=\"1\">Es suficiente con:<\/span><\/p><ul><li><span style=\"color: #122644; font-size: 12pt; font-family: georgia, palatino, serif;\" data-mce-mark=\"1\">configurar la ficha de la Administraci\u00f3n P\u00fablica (PA) introduciendo los datos obligatorios <\/span><\/li><li><span style=\"color: #122644; font-size: 12pt; font-family: georgia, palatino, serif;\" data-mce-mark=\"1\">generar la factura<\/span><\/li><li><span style=\"color: #122644; font-size: 12pt; font-family: georgia, palatino, serif;\" data-mce-mark=\"1\">introducir los datos obligatorios para la Factura Electr\u00f3nica <\/span><\/li><li><span style=\"color: #122644; font-size: 12pt; font-family: georgia, palatino, serif;\" data-mce-mark=\"1\">firmar autom\u00e1ticamente el archivo FacturaPA sin kits de firma molestos<br \/><\/span><\/li><li><span style=\"color: #122644; font-size: 12pt; font-family: georgia, palatino, serif;\">enviar el archivo mediante acceso directo al buz\u00f3n fiscal<\/span><\/li><li><span style=\"color: #122644; font-size: 12pt; font-family: georgia, palatino, serif;\"><strong>conservaci\u00f3n sustitutiva conforme a la normativa vigente<\/strong><br \/><\/span><\/li><\/ul><p><span style=\"font-size: 14pt; font-family: georgia, palatino, serif;\"><strong><span style=\"color: #122644;\" data-mce-mark=\"1\">\u00a0ByronWeb siempre est\u00e1 a tu lado. <a href=\"https:\/\/www.byronweb.net\/es\/registrati-e-gratis\/\"><span style=\"color: #ff0000;\">\u00a1Inf\u00f3rmate ahora!<\/span><\/a><\/span><\/strong><\/span><\/p><p>\u00a0<\/p><p><img loading=\"lazy\" class=\"aligncenter size-full wp-image-916\" src=\"https:\/\/www.byronweb.net\/wp-content\/uploads\/2022\/05\/100-Made-In-Italy2.png\" alt=\"\" width=\"940\" height=\"788\" srcset=\"https:\/\/www.byronweb.net\/wp-content\/uploads\/2022\/05\/100-Made-In-Italy2.png 940w, https:\/\/www.byronweb.net\/wp-content\/uploads\/2022\/05\/100-Made-In-Italy2-300x251.png 300w, https:\/\/www.byronweb.net\/wp-content\/uploads\/2022\/05\/100-Made-In-Italy2-768x644.png 768w\" sizes=\"(max-width: 940px) 100vw, 940px\" \/><\/p>\t\t\t\t\t\t<\/div>\n\t\t\t\t<\/div>\n\t\t\t\t\t<\/div>\n\t\t<\/div>\n\t\t\t\t\t\t\t<\/div>\n\t\t<\/section>\n\t\t\t\t\t\t\t<\/div>","protected":false},"excerpt":{"rendered":"<p>La Finanziaria 2008 ha stabilito che la trasmissione delle fatture destinate all\u2019amministrazione dello stato deve essere effettuata attraverso il Sistema di Interscambio (SdI). ByronWeb \u00e8 accreditato dal Ministero Italiano per la gestione dell&#8217;intero ciclo(passivo e attivo) della Fattura Elettronica nella sezione contabilit\u00e0! Con pochi passi \u00e8 possibile gestire la fatturazione elettronica senza limitazioni. E&#8217; sufficiente [&hellip;]<\/p>","protected":false},"author":1,"featured_media":0,"parent":0,"menu_order":0,"comment_status":"closed","ping_status":"closed","template":"","meta":[],"yoast_head":"<!-- This site is optimized with the Yoast SEO plugin v14.9 - https:\/\/yoast.com\/wordpress\/plugins\/seo\/ -->\n<title>Fattura Elettronica PA e conservazione sostitutiva -<\/title>\n<meta name=\"robots\" content=\"index, follow, max-snippet:-1, max-image-preview:large, max-video-preview:-1\" \/>\n<link rel=\"canonical\" href=\"https:\/\/www.byronweb.net\/es\/fattura-elettronica-fatturapa-html\/\" \/>\n<meta property=\"og:locale\" content=\"es_ES\" \/>\n<meta property=\"og:type\" content=\"article\" \/>\n<meta property=\"og:title\" content=\"Fattura Elettronica PA e conservazione sostitutiva -\" \/>\n<meta property=\"og:description\" content=\"La Finanziaria 2008 ha stabilito che la trasmissione delle fatture destinate all\u2019amministrazione dello stato deve essere effettuata attraverso il Sistema di Interscambio (SdI). ByronWeb \u00e8 accreditato dal Ministero Italiano per la gestione dell&#8217;intero ciclo(passivo e attivo) della Fattura Elettronica nella sezione contabilit\u00e0! Con pochi passi \u00e8 possibile gestire la fatturazione elettronica senza limitazioni. E&#8217; sufficiente [&hellip;]\" \/>\n<meta property=\"og:url\" content=\"https:\/\/www.byronweb.net\/es\/fattura-elettronica-fatturapa-html\/\" \/>\n<meta property=\"article:modified_time\" content=\"2022-05-06T13:14:47+00:00\" \/>\n<meta property=\"og:image\" content=\"http:\/\/nuovo.byronweb.com\/wp-content\/uploads\/2020\/09\/fatturapa2.png\" \/>\n<meta name=\"twitter:card\" content=\"summary_large_image\" \/>\n<script type=\"application\/ld+json\" class=\"yoast-schema-graph\">{\"@context\":\"https:\/\/schema.org\",\"@graph\":[{\"@type\":\"WebSite\",\"@id\":\"https:\/\/www.byronweb.net\/es\/#website\",\"url\":\"https:\/\/www.byronweb.net\/es\/\",\"name\":\"\",\"description\":\"\",\"potentialAction\":[{\"@type\":\"SearchAction\",\"target\":\"https:\/\/www.byronweb.net\/es\/?s={search_term_string}\",\"query-input\":\"required name=search_term_string\"}],\"inLanguage\":\"es-ES\"},{\"@type\":\"ImageObject\",\"@id\":\"https:\/\/www.byronweb.net\/fattura-elettronica-fatturapa-html\/#primaryimage\",\"inLanguage\":\"es-ES\",\"url\":\"http:\/\/nuovo.byronweb.com\/wp-content\/uploads\/2020\/09\/fatturapa2.png\"},{\"@type\":\"WebPage\",\"@id\":\"https:\/\/www.byronweb.net\/fattura-elettronica-fatturapa-html\/#webpage\",\"url\":\"https:\/\/www.byronweb.net\/fattura-elettronica-fatturapa-html\/\",\"name\":\"Fattura Elettronica PA e conservazione sostitutiva -\",\"isPartOf\":{\"@id\":\"https:\/\/www.byronweb.net\/es\/#website\"},\"primaryImageOfPage\":{\"@id\":\"https:\/\/www.byronweb.net\/fattura-elettronica-fatturapa-html\/#primaryimage\"},\"datePublished\":\"2020-09-18T10:14:49+00:00\",\"dateModified\":\"2022-05-06T13:14:47+00:00\",\"inLanguage\":\"es-ES\",\"potentialAction\":[{\"@type\":\"ReadAction\",\"target\":[\"https:\/\/www.byronweb.net\/fattura-elettronica-fatturapa-html\/\"]}]}]}<\/script>\n<!-- \/ Yoast SEO plugin. -->","_links":{"self":[{"href":"https:\/\/www.byronweb.net\/es\/wp-json\/wp\/v2\/pages\/197"}],"collection":[{"href":"https:\/\/www.byronweb.net\/es\/wp-json\/wp\/v2\/pages"}],"about":[{"href":"https:\/\/www.byronweb.net\/es\/wp-json\/wp\/v2\/types\/page"}],"author":[{"embeddable":true,"href":"https:\/\/www.byronweb.net\/es\/wp-json\/wp\/v2\/users\/1"}],"replies":[{"embeddable":true,"href":"https:\/\/www.byronweb.net\/es\/wp-json\/wp\/v2\/comments?post=197"}],"version-history":[{"count":10,"href":"https:\/\/www.byronweb.net\/es\/wp-json\/wp\/v2\/pages\/197\/revisions"}],"predecessor-version":[{"id":919,"href":"https:\/\/www.byronweb.net\/es\/wp-json\/wp\/v2\/pages\/197\/revisions\/919"}],"wp:attachment":[{"href":"https:\/\/www.byronweb.net\/es\/wp-json\/wp\/v2\/media?parent=197"}],"curies":[{"name":"wp","href":"https:\/\/api.w.org\/{rel}","templated":true}]}}