{"id":200,"date":"2020-09-18T12:17:12","date_gmt":"2020-09-18T10:17:12","guid":{"rendered":"http:\/\/nuovo.byronweb.com\/?page_id=200"},"modified":"2024-11-27T16:11:40","modified_gmt":"2024-11-27T15:11:40","slug":"programmazione-interventi-pest-control-html","status":"publish","type":"page","link":"https:\/\/www.byronweb.net\/es\/programmazione-interventi-pest-control-html\/","title":{"rendered":"Planificaci\u00f3n citas"},"content":{"rendered":"<div data-elementor-type=\"wp-page\" data-elementor-id=\"200\" class=\"elementor elementor-200\">\n\t\t\t\t\t\t\t\t\t<section class=\"elementor-section elementor-top-section elementor-element elementor-element-62ddb97e elementor-section-boxed elementor-section-height-default elementor-section-height-default\" data-id=\"62ddb97e\" data-element_type=\"section\">\n\t\t\t\t\t\t<div class=\"elementor-container elementor-column-gap-default\">\n\t\t\t\t\t<div class=\"elementor-column elementor-col-100 elementor-top-column elementor-element elementor-element-66b4ef99\" data-id=\"66b4ef99\" data-element_type=\"column\">\n\t\t\t<div class=\"elementor-widget-wrap elementor-element-populated\">\n\t\t\t\t\t\t\t\t<div class=\"elementor-element elementor-element-63e47db elementor-widget elementor-widget-text-editor\" data-id=\"63e47db\" data-element_type=\"widget\" data-widget_type=\"text-editor.default\">\n\t\t\t\t<div class=\"elementor-widget-container\">\n\t\t\t<style>\/*! elementor - v3.6.2 - 04-04-2022 *\/\n.elementor-widget-text-editor.elementor-drop-cap-view-stacked .elementor-drop-cap{background-color:#818a91;color:#fff}.elementor-widget-text-editor.elementor-drop-cap-view-framed .elementor-drop-cap{color:#818a91;border:3px solid;background-color:transparent}.elementor-widget-text-editor:not(.elementor-drop-cap-view-default) .elementor-drop-cap{margin-top:8px}.elementor-widget-text-editor:not(.elementor-drop-cap-view-default) .elementor-drop-cap-letter{width:1em;height:1em}.elementor-widget-text-editor .elementor-drop-cap{float:left;text-align:center;line-height:1;font-size:50px}.elementor-widget-text-editor .elementor-drop-cap-letter{display:inline-block}<\/style>\t\t\t\t<p><!-- wp:image {\"align\":\"right\",\"id\":461,\"width\":267,\"height\":223,\"sizeSlug\":\"large\"} --><\/p>\n<p><!-- \/wp:image --><\/p>\n<p><span style=\"font-size: 12pt; font-family: georgia, palatino, serif;\">La gesti\u00f3n de la agenda de las intervenciones es un trabajo muy complejo.<\/span><\/p>\n<p><span style=\"font-size: 12pt; font-family: georgia, palatino, serif;\">ByronWeb ofrece una serie de opciones e instrumentos para facilitar y agilizar la actividad de planificaci\u00f3n.<\/span><\/p>\n<p><span style=\"font-size: 12pt; font-family: georgia, palatino, serif;\">En la secci\u00f3n agenda es posible utilizar varios filtros de b\u00fasqueda para encontrar la informaci\u00f3n necesaria:<\/span><\/p>\n<p><span style=\"font-size: 12pt; font-family: georgia, palatino, serif;\">a trav\u00e9s de la Planificaci\u00f3n Avanzada puedes ahorrar tiempo y dinero, la plataforma te ofrece varios instrumentos y paneles interactivos para optimizar tu trabajo.<\/span><\/p>\n<p>\u00a0<\/p>\n<p><span class=\"d2edcug0 hpfvmrgz qv66sw1b c1et5uql b0tq1wua a8c37x1j fe6kdd0r mau55g9w c8b282yb keod5gw0 nxhoafnm aigsh9s9 d9wwppkn hrzyx87i jq4qci2q a3bd9o3v b1v8xokw oo9gr5id hzawbc8m\" dir=\"auto\" style=\"font-size: 12pt; font-family: georgia, palatino, serif;\"> Con el m\u00f3dulo para la programaci\u00f3n de intervenciones \u00abInteligente y A<\/span><span class=\"d2edcug0 hpfvmrgz qv66sw1b c1et5uql b0tq1wua a8c37x1j fe6kdd0r mau55g9w c8b282yb keod5gw0 nxhoafnm aigsh9s9 d9wwppkn hrzyx87i jq4qci2q a3bd9o3v b1v8xokw oo9gr5id hzawbc8m\" dir=\"auto\" style=\"font-size: 12pt; font-family: georgia, palatino, serif;\">utom\u00e1tica\u00bb puedes crear RECORRIDOS precisos para el operador, definiendo: llegadas, pausas, duraci\u00f3n prevista, recorridos sugeridos, avisos y cuadernos avanzados para no olvidar nada.<\/span><\/p>\n<p><img loading=\"lazy\" class=\"aligncenter wp-image-461\" src=\"https:\/\/www.byronweb.net\/wp-content\/uploads\/2022\/04\/277802666_7897114973647418_4615393908036382323_n.jpg\" alt=\"\" width=\"600\" height=\"503\" srcset=\"https:\/\/www.byronweb.net\/wp-content\/uploads\/2022\/04\/277802666_7897114973647418_4615393908036382323_n.jpg 940w, https:\/\/www.byronweb.net\/wp-content\/uploads\/2022\/04\/277802666_7897114973647418_4615393908036382323_n-300x251.jpg 300w, https:\/\/www.byronweb.net\/wp-content\/uploads\/2022\/04\/277802666_7897114973647418_4615393908036382323_n-768x644.jpg 768w\" sizes=\"(max-width: 600px) 100vw, 600px\" \/><\/p>\n<p>\u00a0<\/p>\n<p><!-- \/wp:core-embed\/youtube --><\/p>\t\t\t\t\t\t<\/div>\n\t\t\t\t<\/div>\n\t\t\t\t\t<\/div>\n\t\t<\/div>\n\t\t\t\t\t\t\t<\/div>\n\t\t<\/section>\n\t\t\t\t<section class=\"elementor-section elementor-top-section elementor-element elementor-element-33913a2 elementor-section-boxed elementor-section-height-default elementor-section-height-default\" data-id=\"33913a2\" data-element_type=\"section\">\n\t\t\t\t\t\t<div class=\"elementor-container elementor-column-gap-default\">\n\t\t\t\t\t<div class=\"elementor-column elementor-col-100 elementor-top-column elementor-element elementor-element-14c766d\" data-id=\"14c766d\" data-element_type=\"column\">\n\t\t\t<div class=\"elementor-widget-wrap elementor-element-populated\">\n\t\t\t\t\t\t\t\t<div class=\"elementor-element elementor-element-899b055 elementor-widget elementor-widget-text-editor\" data-id=\"899b055\" data-element_type=\"widget\" data-widget_type=\"text-editor.default\">\n\t\t\t\t<div class=\"elementor-widget-container\">\n\t\t\t\t\t\t\t<p><strong><span class=\"d2edcug0 hpfvmrgz qv66sw1b c1et5uql b0tq1wua a8c37x1j fe6kdd0r mau55g9w c8b282yb keod5gw0 nxhoafnm aigsh9s9 d9wwppkn hrzyx87i jq4qci2q a3bd9o3v b1v8xokw oo9gr5id hzawbc8m\" dir=\"auto\" style=\"font-size: 12pt; font-family: georgia, palatino, serif;\">\u00a1Ahorra tiempo y dinero sin renunciar a est\u00e1ndares de calidad elevados!<\/span><\/strong><\/p>\t\t\t\t\t\t<\/div>\n\t\t\t\t<\/div>\n\t\t\t\t\t<\/div>\n\t\t<\/div>\n\t\t\t\t\t\t\t<\/div>\n\t\t<\/section>\n\t\t\t\t<section class=\"elementor-section elementor-top-section elementor-element elementor-element-ff3c8a4 elementor-section-boxed elementor-section-height-default elementor-section-height-default\" data-id=\"ff3c8a4\" data-element_type=\"section\">\n\t\t\t\t\t\t<div class=\"elementor-container elementor-column-gap-default\">\n\t\t\t\t\t<div class=\"elementor-column elementor-col-50 elementor-top-column elementor-element elementor-element-e24218d\" data-id=\"e24218d\" data-element_type=\"column\">\n\t\t\t<div class=\"elementor-widget-wrap elementor-element-populated\">\n\t\t\t\t\t\t\t\t<div class=\"elementor-element elementor-element-6fbd783 elementor-widget elementor-widget-text-editor\" data-id=\"6fbd783\" data-element_type=\"widget\" data-widget_type=\"text-editor.default\">\n\t\t\t\t<div class=\"elementor-widget-container\">\n\t\t\t\t\t\t\t<ul>\n<li><span style=\"font-size: 12pt; font-family: georgia, palatino, serif;\">Horarios no permitidos<\/span><\/li>\n<li><span style=\"font-size: 12pt; font-family: georgia, palatino, serif;\">D\u00edas no autorizados<\/span><\/li>\n<li><span style=\"font-size: 12pt; font-family: georgia, palatino, serif;\">Operadores en permiso<\/span><\/li>\n<li><span style=\"font-size: 12pt; font-family: georgia, palatino, serif;\">Horas extras<\/span><\/li>\n<li><span style=\"font-size: 12pt; font-family: georgia, palatino, serif;\">Condiciones meteorol\u00f3gicas<\/span><\/li>\n<li><span style=\"font-size: 12pt; font-family: georgia, palatino, serif;\">Cuaderno para Oficina<\/span><\/li>\n<li><span style=\"font-size: 12pt; font-family: georgia, palatino, serif;\">Cuaderno para Operador<\/span><\/li>\n<li><span style=\"font-size: 12pt; font-family: georgia, palatino, serif;\">Sugerencia mejor itinerario<\/span><\/li>\n<li><span style=\"font-size: 12pt; font-family: georgia, palatino, serif;\">Temporizador para intervenci\u00f3n<\/span><\/li>\n<li><span style=\"font-size: 12pt; font-family: georgia, palatino, serif;\">Km recurridos<\/span><\/li>\n<li><span style=\"font-size: 12pt; font-family: georgia, palatino, serif;\">Costo total itinerario y detallado<\/span><\/li>\n<li><span style=\"font-size: 12pt; font-family: georgia, palatino, serif;\">Temporizador y MAPA detallado<\/span><\/li>\n<li><span style=\"font-size: 12pt; font-family: georgia, palatino, serif;\">Salida, Pausa, Tiempo estimado para el aparcamiento<\/span><\/li>\n<li><span style=\"font-size: 12pt; font-family: georgia, palatino, serif;\">Fechas previstas<\/span><\/li>\n<li><span style=\"font-size: 12pt; font-family: georgia, palatino, serif;\">Operadores<\/span><\/li>\n<li><span style=\"font-size: 12pt; font-family: georgia, palatino, serif;\">Cliente<\/span><\/li>\n<li><span style=\"font-size: 12pt; font-family: georgia, palatino, serif;\">Servicios<\/span><\/li>\n<li><span style=\"font-size: 12pt; font-family: georgia, palatino, serif;\">Zonas territoriales<\/span><\/li>\n<li><span style=\"font-size: 12pt; font-family: georgia, palatino, serif;\">Agrupaciones<\/span><\/li>\n<\/ul>\t\t\t\t\t\t<\/div>\n\t\t\t\t<\/div>\n\t\t\t\t\t<\/div>\n\t\t<\/div>\n\t\t\t\t<div class=\"elementor-column elementor-col-50 elementor-top-column elementor-element elementor-element-338d045\" data-id=\"338d045\" data-element_type=\"column\">\n\t\t\t<div class=\"elementor-widget-wrap elementor-element-populated\">\n\t\t\t\t\t\t\t\t<div class=\"elementor-element elementor-element-f61c5fe elementor-widget elementor-widget-text-editor\" data-id=\"f61c5fe\" data-element_type=\"widget\" data-widget_type=\"text-editor.default\">\n\t\t\t\t<div class=\"elementor-widget-container\">\n\t\t\t\t\t\t\t\t\t\t\t\t\t<\/div>\n\t\t\t\t<\/div>\n\t\t\t\t\t<\/div>\n\t\t<\/div>\n\t\t\t\t\t\t\t<\/div>\n\t\t<\/section>\n\t\t\t\t<section class=\"elementor-section elementor-top-section elementor-element elementor-element-ded216a elementor-section-boxed elementor-section-height-default elementor-section-height-default\" data-id=\"ded216a\" data-element_type=\"section\">\n\t\t\t\t\t\t<div class=\"elementor-container elementor-column-gap-default\">\n\t\t\t\t\t<div class=\"elementor-column elementor-col-100 elementor-top-column elementor-element elementor-element-0ec775e\" data-id=\"0ec775e\" data-element_type=\"column\">\n\t\t\t<div class=\"elementor-widget-wrap elementor-element-populated\">\n\t\t\t\t\t\t\t\t<div class=\"elementor-element elementor-element-7d67fd8 elementor-widget elementor-widget-text-editor\" data-id=\"7d67fd8\" data-element_type=\"widget\" data-widget_type=\"text-editor.default\">\n\t\t\t\t<div class=\"elementor-widget-container\">\n\t\t\t\t\t\t\t<p><span style=\"font-size: 12pt; font-family: georgia, palatino, serif;\">La visualizaci\u00f3n en el mapa ofrece una visi\u00f3n general de c\u00f3mo est\u00e1n distr\u00edbuidas las intervenciones.<\/span><\/p>\n<p><span style=\"font-size: 12pt; font-family: georgia, palatino, serif;\">En el mapa se pueden poner de relieve tambi\u00e9n las zonas territoriales configuradas para tener una visi\u00f3n global del territorio.<\/span><\/p>\t\t\t\t\t\t<\/div>\n\t\t\t\t<\/div>\n\t\t\t\t\t<\/div>\n\t\t<\/div>\n\t\t\t\t\t\t\t<\/div>\n\t\t<\/section>\n\t\t\t\t<section class=\"elementor-section elementor-top-section elementor-element elementor-element-ffc6d6a elementor-section-boxed elementor-section-height-default elementor-section-height-default\" data-id=\"ffc6d6a\" data-element_type=\"section\">\n\t\t\t\t\t\t<div class=\"elementor-container elementor-column-gap-default\">\n\t\t\t\t\t<div class=\"elementor-column elementor-col-50 elementor-top-column elementor-element elementor-element-ed99f85\" data-id=\"ed99f85\" data-element_type=\"column\">\n\t\t\t<div class=\"elementor-widget-wrap elementor-element-populated\">\n\t\t\t\t\t\t\t\t<div class=\"elementor-element elementor-element-6ec085d elementor-widget elementor-widget-text-editor\" data-id=\"6ec085d\" data-element_type=\"widget\" data-widget_type=\"text-editor.default\">\n\t\t\t\t<div class=\"elementor-widget-container\">\n\t\t\t\t\t\t\t<p><span style=\"font-size: 12pt; font-family: georgia, palatino, serif;\">Otra informaci\u00f3n completa el cuadro general:<\/span><\/p>\n<ul>\n<li><span style=\"font-size: 12pt; font-family: georgia, palatino, serif;\">Duraci\u00f3n estimada: global, por operador, por cada cliente<\/span><\/li>\n<li><span style=\"font-size: 12pt; font-family: georgia, palatino, serif;\">Media hist\u00f3rica de la duraci\u00f3n: global, por operador y por cada cliente<\/span><\/li>\n<li><span style=\"font-size: 12pt; font-family: georgia, palatino, serif;\">N\u00famero total de las intervenciones planificadas<\/span><\/li>\n<li><span style=\"font-size: 12pt; font-family: georgia, palatino, serif;\">Recurrido Km estimados<\/span><\/li>\n<\/ul>\n<figure class=\"wp-block-embed-youtube wp-block-embed is-type-video is-provider-youtube wp-embed-aspect-16-9 wp-has-aspect-ratio\">\n<div class=\"wp-block-embed__wrapper\">\u00a0<\/div>\n<\/figure>\t\t\t\t\t\t<\/div>\n\t\t\t\t<\/div>\n\t\t\t\t\t<\/div>\n\t\t<\/div>\n\t\t\t\t<div class=\"elementor-column elementor-col-50 elementor-top-column elementor-element elementor-element-58937e9\" data-id=\"58937e9\" data-element_type=\"column\">\n\t\t\t<div class=\"elementor-widget-wrap elementor-element-populated\">\n\t\t\t\t\t\t\t\t<div class=\"elementor-element elementor-element-e6689a8 elementor-widget elementor-widget-text-editor\" data-id=\"e6689a8\" data-element_type=\"widget\" data-widget_type=\"text-editor.default\">\n\t\t\t\t<div class=\"elementor-widget-container\">\n\t\t\t\t\t\t\t<p><span style=\"font-size: 12pt; font-family: georgia, palatino, serif;\"><img loading=\"lazy\" class=\"aligncenter\" style=\"margin-left: 3px; margin-right: 3px;\" src=\"http:\/\/nuovo.byronweb.com\/wp-content\/uploads\/2020\/09\/zoom4.png\" alt=\"visualizzazione sone territoriali su mappa\" width=\"327\" height=\"246\" \/><\/span><\/p>\t\t\t\t\t\t<\/div>\n\t\t\t\t<\/div>\n\t\t\t\t\t<\/div>\n\t\t<\/div>\n\t\t\t\t\t\t\t<\/div>\n\t\t<\/section>\n\t\t\t\t<section class=\"elementor-section elementor-top-section elementor-element elementor-element-251829d elementor-section-boxed elementor-section-height-default elementor-section-height-default\" data-id=\"251829d\" data-element_type=\"section\">\n\t\t\t\t\t\t<div class=\"elementor-container elementor-column-gap-default\">\n\t\t\t\t\t<div class=\"elementor-column elementor-col-100 elementor-top-column elementor-element elementor-element-3b8a40c\" data-id=\"3b8a40c\" data-element_type=\"column\">\n\t\t\t<div class=\"elementor-widget-wrap elementor-element-populated\">\n\t\t\t\t\t\t\t\t<div class=\"elementor-element elementor-element-a391abf elementor-widget elementor-widget-text-editor\" data-id=\"a391abf\" data-element_type=\"widget\" data-widget_type=\"text-editor.default\">\n\t\t\t\t<div class=\"elementor-widget-container\">\n\t\t\t\t\t\t\t<p><span style=\"font-size: 12pt; font-family: georgia, palatino, serif;\">Mira el v\u00eddeo:<\/span><\/p>\n<p><!-- wp:core-embed\/youtube {\"url\":\"https:\/\/www.youtube.com\/watch?v=y0B0lcycZA0\",\"type\":\"video\",\"providerNameSlug\":\"youtube\",\"className\":\"wp-embed-aspect-16-9 wp-has-aspect-ratio\"} --><\/p>\n<figure class=\"wp-block-embed-youtube wp-block-embed is-type-video is-provider-youtube wp-embed-aspect-16-9 wp-has-aspect-ratio\">\n<div class=\"wp-block-embed__wrapper\"><iframe loading=\"lazy\" src=\"\/\/www.youtube.com\/embed\/y0B0lcycZA0\" width=\"560\" height=\"314\" allowfullscreen=\"allowfullscreen\" data-mce-fragment=\"1\"><\/iframe><\/div>\n<\/figure>\t\t\t\t\t\t<\/div>\n\t\t\t\t<\/div>\n\t\t\t\t\t<\/div>\n\t\t<\/div>\n\t\t\t\t\t\t\t<\/div>\n\t\t<\/section>\n\t\t\t\t\t\t\t<\/div>","protected":false},"excerpt":{"rendered":"<p>La gestione del calendario degli interventi \u00e8 un lavoro complesso e articolato. ByronWeb mette a disposizione una serie di opzioni e di strumenti che facilitano la pianificazione. Nella sezione calendario \u00e8 possibile applicare numerosi filtri di ricerca e accoppiamento: con la Programmazione Avanzata riduci tempo e denaro, la piattaforma ti mette a disposizione diversi strumenti [&hellip;]<\/p>","protected":false},"author":1,"featured_media":0,"parent":0,"menu_order":0,"comment_status":"closed","ping_status":"closed","template":"","meta":[],"yoast_head":"<!-- This site is optimized with the Yoast SEO plugin v14.9 - https:\/\/yoast.com\/wordpress\/plugins\/seo\/ -->\n<title>Programmazione interventi -<\/title>\n<meta name=\"robots\" content=\"index, follow, max-snippet:-1, max-image-preview:large, max-video-preview:-1\" \/>\n<link rel=\"canonical\" href=\"https:\/\/www.byronweb.net\/es\/programmazione-interventi-pest-control-html\/\" \/>\n<meta property=\"og:locale\" content=\"es_ES\" \/>\n<meta property=\"og:type\" content=\"article\" \/>\n<meta property=\"og:title\" content=\"Programmazione interventi -\" \/>\n<meta property=\"og:description\" content=\"La gestione del calendario degli interventi \u00e8 un lavoro complesso e articolato. ByronWeb mette a disposizione una serie di opzioni e di strumenti che facilitano la pianificazione. Nella sezione calendario \u00e8 possibile applicare numerosi filtri di ricerca e accoppiamento: con la Programmazione Avanzata riduci tempo e denaro, la piattaforma ti mette a disposizione diversi strumenti [&hellip;]\" \/>\n<meta property=\"og:url\" content=\"https:\/\/www.byronweb.net\/es\/programmazione-interventi-pest-control-html\/\" \/>\n<meta property=\"article:modified_time\" content=\"2024-11-27T15:11:40+00:00\" \/>\n<meta property=\"og:image\" content=\"https:\/\/www.byronweb.net\/wp-content\/uploads\/2022\/04\/277802666_7897114973647418_4615393908036382323_n.jpg\" \/>\n<meta name=\"twitter:card\" content=\"summary_large_image\" \/>\n<script type=\"application\/ld+json\" class=\"yoast-schema-graph\">{\"@context\":\"https:\/\/schema.org\",\"@graph\":[{\"@type\":\"WebSite\",\"@id\":\"https:\/\/www.byronweb.net\/es\/#website\",\"url\":\"https:\/\/www.byronweb.net\/es\/\",\"name\":\"\",\"description\":\"\",\"potentialAction\":[{\"@type\":\"SearchAction\",\"target\":\"https:\/\/www.byronweb.net\/es\/?s={search_term_string}\",\"query-input\":\"required name=search_term_string\"}],\"inLanguage\":\"es-ES\"},{\"@type\":\"ImageObject\",\"@id\":\"https:\/\/www.byronweb.net\/programmazione-interventi-pest-control-html\/#primaryimage\",\"inLanguage\":\"es-ES\",\"url\":\"https:\/\/www.byronweb.net\/wp-content\/uploads\/2022\/04\/277802666_7897114973647418_4615393908036382323_n.jpg\",\"width\":940,\"height\":788},{\"@type\":\"WebPage\",\"@id\":\"https:\/\/www.byronweb.net\/programmazione-interventi-pest-control-html\/#webpage\",\"url\":\"https:\/\/www.byronweb.net\/programmazione-interventi-pest-control-html\/\",\"name\":\"Programmazione interventi -\",\"isPartOf\":{\"@id\":\"https:\/\/www.byronweb.net\/es\/#website\"},\"primaryImageOfPage\":{\"@id\":\"https:\/\/www.byronweb.net\/programmazione-interventi-pest-control-html\/#primaryimage\"},\"datePublished\":\"2020-09-18T10:17:12+00:00\",\"dateModified\":\"2024-11-27T15:11:40+00:00\",\"inLanguage\":\"es-ES\",\"potentialAction\":[{\"@type\":\"ReadAction\",\"target\":[\"https:\/\/www.byronweb.net\/programmazione-interventi-pest-control-html\/\"]}]}]}<\/script>\n<!-- \/ Yoast SEO plugin. -->","_links":{"self":[{"href":"https:\/\/www.byronweb.net\/es\/wp-json\/wp\/v2\/pages\/200"}],"collection":[{"href":"https:\/\/www.byronweb.net\/es\/wp-json\/wp\/v2\/pages"}],"about":[{"href":"https:\/\/www.byronweb.net\/es\/wp-json\/wp\/v2\/types\/page"}],"author":[{"embeddable":true,"href":"https:\/\/www.byronweb.net\/es\/wp-json\/wp\/v2\/users\/1"}],"replies":[{"embeddable":true,"href":"https:\/\/www.byronweb.net\/es\/wp-json\/wp\/v2\/comments?post=200"}],"version-history":[{"count":65,"href":"https:\/\/www.byronweb.net\/es\/wp-json\/wp\/v2\/pages\/200\/revisions"}],"predecessor-version":[{"id":3206,"href":"https:\/\/www.byronweb.net\/es\/wp-json\/wp\/v2\/pages\/200\/revisions\/3206"}],"wp:attachment":[{"href":"https:\/\/www.byronweb.net\/es\/wp-json\/wp\/v2\/media?parent=200"}],"curies":[{"name":"wp","href":"https:\/\/api.w.org\/{rel}","templated":true}]}}