{"id":210,"date":"2020-09-18T12:22:56","date_gmt":"2020-09-18T10:22:56","guid":{"rendered":"http:\/\/nuovo.byronweb.com\/?page_id=210"},"modified":"2023-02-08T17:39:25","modified_gmt":"2023-02-08T16:39:25","slug":"sopralluogo-valutazione-rischi-sintetica-pest-control-html","status":"publish","type":"page","link":"https:\/\/www.byronweb.net\/es\/sopralluogo-valutazione-rischi-sintetica-pest-control-html\/","title":{"rendered":"INSPECCI\u00d3N EVALUACI\u00d3N DEL RIESGO DE PLAGAS"},"content":{"rendered":"<div data-elementor-type=\"wp-page\" data-elementor-id=\"210\" class=\"elementor elementor-210\">\n\t\t\t\t\t\t\t\t\t<section class=\"elementor-section elementor-top-section elementor-element elementor-element-5a49f724 elementor-section-boxed elementor-section-height-default elementor-section-height-default\" data-id=\"5a49f724\" data-element_type=\"section\">\n\t\t\t\t\t\t<div class=\"elementor-container elementor-column-gap-default\">\n\t\t\t\t\t<div class=\"elementor-column elementor-col-100 elementor-top-column elementor-element elementor-element-2a82e425\" data-id=\"2a82e425\" data-element_type=\"column\">\n\t\t\t<div class=\"elementor-widget-wrap elementor-element-populated\">\n\t\t\t\t\t\t\t\t<div class=\"elementor-element elementor-element-aff0bea elementor-widget elementor-widget-text-editor\" data-id=\"aff0bea\" data-element_type=\"widget\" data-widget_type=\"text-editor.default\">\n\t\t\t\t<div class=\"elementor-widget-container\">\n\t\t\t<style>\/*! elementor - v3.6.2 - 04-04-2022 *\/\n.elementor-widget-text-editor.elementor-drop-cap-view-stacked .elementor-drop-cap{background-color:#818a91;color:#fff}.elementor-widget-text-editor.elementor-drop-cap-view-framed .elementor-drop-cap{color:#818a91;border:3px solid;background-color:transparent}.elementor-widget-text-editor:not(.elementor-drop-cap-view-default) .elementor-drop-cap{margin-top:8px}.elementor-widget-text-editor:not(.elementor-drop-cap-view-default) .elementor-drop-cap-letter{width:1em;height:1em}.elementor-widget-text-editor .elementor-drop-cap{float:left;text-align:center;line-height:1;font-size:50px}.elementor-widget-text-editor .elementor-drop-cap-letter{display:inline-block}<\/style>\t\t\t\t<p class=\"western\" style=\"margin-bottom: 0.35cm;\"><span style=\"font-family: trebuchet ms, geneva; font-size: medium;\"><strong><span style=\"font-family: georgia, palatino, serif; font-size: 12pt;\">M\u00d3DULO INSPECCI\u00d3N EVALUACI\u00d3N DEL RIESGO<\/span><br \/><\/strong><\/span><\/p><div data-contents=\"true\"><div data-block=\"true\" data-editor=\"2nfnd\" data-offset-key=\"d6s1-0-0\"><div class=\"_1mf _1mj\" data-offset-key=\"2evfd-0-0\"><span style=\"font-family: georgia, palatino, serif; font-size: 12pt;\" data-offset-key=\"2evfd-0-0\">La gesti\u00f3n del primer contacto y de la primera inspecci\u00f3n es uno de los puntos cruciales de la UNI-EN 16636 apartados 5.2\/5.3\/5.4. En ByronWeb el m\u00f3dulo tiene el objetivo de satisfacer las necesidades relativas a la inspecci\u00f3n y a la primera evaluaci\u00f3n del Sitio del Cliente, ofreciendo todos los instrumentos necesarios para recoger la informaci\u00f3n requerida por las normativas y los est\u00e1ndares de calidad.<\/span><\/div><\/div><\/div><p>\u00a0<\/p><p><span style=\"font-family: georgia, palatino, serif; font-size: 12pt;\">Mediante un procedimiento guiado se podr\u00e1, entre otras cosas, anotar y registrar datos relativos al estado ambiental y estructural del Sitio, a la presencia o huellas de plagas espec\u00edficas y a la necesidad de productos o equipamientos seg\u00fan lo previsto en los apartados 5.2\/5.3 de la Normativa UNI EN16636.<\/span><\/p><p><span style=\"font-family: georgia, palatino, serif; font-size: 12pt;\">A la hora de seguir en la creaci\u00f3n de la primera inspecci\u00f3n, en cumplimiento con el apartado 5.3 de la UNI EN 16636, tendremos que hacer un an\u00e1lisis detallado de todos los elementos que forman parte del Sitio, teniendo en cuenta la presencia, el tama\u00f1o y la distribuci\u00f3n de una posible infestaci\u00f3n, su posible origen y los elementos que podr\u00edan causar su proliferaci\u00f3n.<\/span><\/p><p><span style=\"font-family: georgia, palatino, serif; font-size: 12pt;\">Adem\u00e1s, analizando eventuales huellas detectadas en el Sitio, podr\u00edamos identificar las plagas presentes, hacer una evaluaci\u00f3n del riesgo sobre el Sitio (UNI EN 16636\/5.4) y programar un plan de intervenci\u00f3n adecuado.<\/span><\/p><p class=\"western\" style=\"margin-bottom: 0.35cm;\" align=\"justify\"><span style=\"font-family: georgia, palatino, serif; font-size: 12pt;\">La informaci\u00f3n recogida en el campo durante la inspecci\u00f3n ser\u00e1 incluida en el presupuesto. <\/span><\/p><p class=\"western\" style=\"margin-bottom: 0.35cm;\" align=\"justify\"><img loading=\"lazy\" class=\"aligncenter\" src=\"http:\/\/nuovo.byronweb.com\/wp-content\/uploads\/2020\/09\/18011168_1844401268918849_6952121215317309388_n.png\" width=\"636\" height=\"312\" \/><\/p><p class=\"western\" style=\"margin-bottom: 0.35cm;\" align=\"justify\">\u00a0<\/p>\t\t\t\t\t\t<\/div>\n\t\t\t\t<\/div>\n\t\t\t\t\t<\/div>\n\t\t<\/div>\n\t\t\t\t\t\t\t<\/div>\n\t\t<\/section>\n\t\t\t\t\t\t\t<\/div>","protected":false},"excerpt":{"rendered":"<p>MODULO SOPRALLUOGO VALUTAZIONE DEI RISCHI La gestione del primo contatto e del successivo Sopralluogo rappresenta uno dei punti cardine della UNI-EN16636 punti 5.2\/5.3\/5.4 Su ByronWeb il modulo \u00e8 progettato per soddisfare le necessit\u00e0 relative all\u2019ispezione e alla prima valutazione del Sito del Cliente, fornendo anche gli strumenti necessari alla raccolta delle informazioni richieste da normative\/standard [&hellip;]<\/p>","protected":false},"author":1,"featured_media":0,"parent":0,"menu_order":0,"comment_status":"closed","ping_status":"closed","template":"","meta":[],"yoast_head":"<!-- This site is optimized with the Yoast SEO plugin v14.9 - https:\/\/yoast.com\/wordpress\/plugins\/seo\/ -->\n<title>SOPRALLUOGO VALUTAZIONE DEI RISCHI DA INFESTAZIONI -<\/title>\n<meta name=\"robots\" content=\"index, follow, max-snippet:-1, max-image-preview:large, max-video-preview:-1\" \/>\n<link rel=\"canonical\" href=\"https:\/\/www.byronweb.net\/es\/sopralluogo-valutazione-rischi-sintetica-pest-control-html\/\" \/>\n<meta property=\"og:locale\" content=\"es_ES\" \/>\n<meta property=\"og:type\" content=\"article\" \/>\n<meta property=\"og:title\" content=\"SOPRALLUOGO VALUTAZIONE DEI RISCHI DA INFESTAZIONI -\" \/>\n<meta property=\"og:description\" content=\"MODULO SOPRALLUOGO VALUTAZIONE DEI RISCHI La gestione del primo contatto e del successivo Sopralluogo rappresenta uno dei punti cardine della UNI-EN16636 punti 5.2\/5.3\/5.4 Su ByronWeb il modulo \u00e8 progettato per soddisfare le necessit\u00e0 relative all\u2019ispezione e alla prima valutazione del Sito del Cliente, fornendo anche gli strumenti necessari alla raccolta delle informazioni richieste da normative\/standard [&hellip;]\" \/>\n<meta property=\"og:url\" content=\"https:\/\/www.byronweb.net\/es\/sopralluogo-valutazione-rischi-sintetica-pest-control-html\/\" \/>\n<meta property=\"article:modified_time\" content=\"2023-02-08T16:39:25+00:00\" \/>\n<meta property=\"og:image\" content=\"http:\/\/nuovo.byronweb.com\/wp-content\/uploads\/2020\/09\/18011168_1844401268918849_6952121215317309388_n.png\" \/>\n<meta name=\"twitter:card\" content=\"summary_large_image\" \/>\n<script type=\"application\/ld+json\" class=\"yoast-schema-graph\">{\"@context\":\"https:\/\/schema.org\",\"@graph\":[{\"@type\":\"WebSite\",\"@id\":\"https:\/\/www.byronweb.net\/es\/#website\",\"url\":\"https:\/\/www.byronweb.net\/es\/\",\"name\":\"\",\"description\":\"\",\"potentialAction\":[{\"@type\":\"SearchAction\",\"target\":\"https:\/\/www.byronweb.net\/es\/?s={search_term_string}\",\"query-input\":\"required name=search_term_string\"}],\"inLanguage\":\"es-ES\"},{\"@type\":\"ImageObject\",\"@id\":\"https:\/\/www.byronweb.net\/sopralluogo-valutazione-rischi-sintetica-pest-control-html\/#primaryimage\",\"inLanguage\":\"es-ES\",\"url\":\"http:\/\/nuovo.byronweb.com\/wp-content\/uploads\/2020\/09\/18011168_1844401268918849_6952121215317309388_n.png\"},{\"@type\":\"WebPage\",\"@id\":\"https:\/\/www.byronweb.net\/sopralluogo-valutazione-rischi-sintetica-pest-control-html\/#webpage\",\"url\":\"https:\/\/www.byronweb.net\/sopralluogo-valutazione-rischi-sintetica-pest-control-html\/\",\"name\":\"SOPRALLUOGO VALUTAZIONE DEI RISCHI DA INFESTAZIONI -\",\"isPartOf\":{\"@id\":\"https:\/\/www.byronweb.net\/es\/#website\"},\"primaryImageOfPage\":{\"@id\":\"https:\/\/www.byronweb.net\/sopralluogo-valutazione-rischi-sintetica-pest-control-html\/#primaryimage\"},\"datePublished\":\"2020-09-18T10:22:56+00:00\",\"dateModified\":\"2023-02-08T16:39:25+00:00\",\"inLanguage\":\"es-ES\",\"potentialAction\":[{\"@type\":\"ReadAction\",\"target\":[\"https:\/\/www.byronweb.net\/sopralluogo-valutazione-rischi-sintetica-pest-control-html\/\"]}]}]}<\/script>\n<!-- \/ Yoast SEO plugin. -->","_links":{"self":[{"href":"https:\/\/www.byronweb.net\/es\/wp-json\/wp\/v2\/pages\/210"}],"collection":[{"href":"https:\/\/www.byronweb.net\/es\/wp-json\/wp\/v2\/pages"}],"about":[{"href":"https:\/\/www.byronweb.net\/es\/wp-json\/wp\/v2\/types\/page"}],"author":[{"embeddable":true,"href":"https:\/\/www.byronweb.net\/es\/wp-json\/wp\/v2\/users\/1"}],"replies":[{"embeddable":true,"href":"https:\/\/www.byronweb.net\/es\/wp-json\/wp\/v2\/comments?post=210"}],"version-history":[{"count":16,"href":"https:\/\/www.byronweb.net\/es\/wp-json\/wp\/v2\/pages\/210\/revisions"}],"predecessor-version":[{"id":1211,"href":"https:\/\/www.byronweb.net\/es\/wp-json\/wp\/v2\/pages\/210\/revisions\/1211"}],"wp:attachment":[{"href":"https:\/\/www.byronweb.net\/es\/wp-json\/wp\/v2\/media?parent=210"}],"curies":[{"name":"wp","href":"https:\/\/api.w.org\/{rel}","templated":true}]}}