{"id":213,"date":"2020-09-18T12:24:12","date_gmt":"2020-09-18T10:24:12","guid":{"rendered":"http:\/\/nuovo.byronweb.com\/?page_id=213"},"modified":"2024-11-20T11:14:19","modified_gmt":"2024-11-20T10:14:19","slug":"sistema-controllo-qualita-pest-control-matrice-valutazione-rischio-unien16636-brc-isf-html","status":"publish","type":"page","link":"https:\/\/www.byronweb.net\/es\/sistema-controllo-qualita-pest-control-matrice-valutazione-rischio-unien16636-brc-isf-html\/","title":{"rendered":"Sistema Control Calidad - Evaluaci\u00f3n del riesgo de plagas"},"content":{"rendered":"<div data-elementor-type=\"wp-page\" data-elementor-id=\"213\" class=\"elementor elementor-213\">\n\t\t\t\t\t\t\t\t\t<section class=\"elementor-section elementor-top-section elementor-element elementor-element-5f1a1d17 elementor-section-boxed elementor-section-height-default elementor-section-height-default\" data-id=\"5f1a1d17\" data-element_type=\"section\">\n\t\t\t\t\t\t<div class=\"elementor-container elementor-column-gap-default\">\n\t\t\t\t\t<div class=\"elementor-column elementor-col-100 elementor-top-column elementor-element elementor-element-58cddef\" data-id=\"58cddef\" data-element_type=\"column\">\n\t\t\t<div class=\"elementor-widget-wrap elementor-element-populated\">\n\t\t\t\t\t\t\t\t<div class=\"elementor-element elementor-element-3c80a6da elementor-widget elementor-widget-text-editor\" data-id=\"3c80a6da\" data-element_type=\"widget\" data-widget_type=\"text-editor.default\">\n\t\t\t\t<div class=\"elementor-widget-container\">\n\t\t\t<style>\/*! elementor - v3.6.2 - 04-04-2022 *\/\n.elementor-widget-text-editor.elementor-drop-cap-view-stacked .elementor-drop-cap{background-color:#818a91;color:#fff}.elementor-widget-text-editor.elementor-drop-cap-view-framed .elementor-drop-cap{color:#818a91;border:3px solid;background-color:transparent}.elementor-widget-text-editor:not(.elementor-drop-cap-view-default) .elementor-drop-cap{margin-top:8px}.elementor-widget-text-editor:not(.elementor-drop-cap-view-default) .elementor-drop-cap-letter{width:1em;height:1em}.elementor-widget-text-editor .elementor-drop-cap{float:left;text-align:center;line-height:1;font-size:50px}.elementor-widget-text-editor .elementor-drop-cap-letter{display:inline-block}<\/style>\t\t\t\t<!-- wp:paragraph -->\n<p>\u00a0<\/p>\n<!-- \/wp:paragraph --><!-- wp:media-text {\"mediaPosition\":\"right\",\"mediaId\":214,\"mediaLink\":\"http:\/\/nuovo.byronweb.com\/brochure_controllo_qualita\/\",\"mediaType\":\"image\",\"mediaWidth\":29} -->\n<div class=\"wp-block-media-text alignwide has-media-on-the-right is-stacked-on-mobile\" style=\"grid-template-columns: auto 29%;\">\n<figure class=\"wp-block-media-text__media\"><\/figure>\n<div class=\"wp-block-media-text__content\"><!-- wp:paragraph -->\n<p><span style=\"font-family: georgia, palatino, serif; font-size: 12pt;\"><strong>EVALUACI\u00d3N DEL RIESGO DE PLAGAS<\/strong><\/span><\/p>\n<!-- \/wp:paragraph --><!-- wp:paragraph -->\n<p><span style=\"font-size: 12pt; font-family: georgia, palatino, serif;\">El proceso de evaluaci\u00f3n del riesgo es la fase m\u00e1s importante y m\u00e1s complicada en la gesti\u00f3n de la seguridad higi\u00e9nico-sanitaria del producto.\u00a0<\/span><\/p>\n<span style=\"font-size: 12pt; font-family: georgia, palatino, serif;\"><!-- \/wp:paragraph --><!-- wp:paragraph --><\/span>\n<p><span style=\"font-size: 12pt; font-family: georgia, palatino, serif;\">Evaluar el riesgo quiere decir medir los factores que lo determinan, el tama\u00f1o del da\u00f1o potencial y la probabilidad que se verifique. Los datos del monitoreo colectados durante las intervenciones se pueden analizar para entender cu\u00e1l es el riesgo de exposici\u00f3n para el producto. Este an\u00e1lisis permite delinear claramente los riesgos reales relacionados con la presencia de plagas y con la probabilidad de contaminaci\u00f3n del producto.<img loading=\"lazy\" class=\"alignright wp-image-1364 size-full\" src=\"https:\/\/www.byronweb.net\/wp-content\/uploads\/2023\/02\/Schermata-del-2023-02-16-12-15-48.png\" alt=\"\" width=\"603\" height=\"376\" srcset=\"https:\/\/www.byronweb.net\/wp-content\/uploads\/2023\/02\/Schermata-del-2023-02-16-12-15-48.png 603w, https:\/\/www.byronweb.net\/wp-content\/uploads\/2023\/02\/Schermata-del-2023-02-16-12-15-48-300x187.png 300w, https:\/\/www.byronweb.net\/wp-content\/uploads\/2023\/02\/Schermata-del-2023-02-16-12-15-48-18x12.png 18w\" sizes=\"(max-width: 603px) 100vw, 603px\" \/><\/span><\/p>\n<span style=\"font-size: 12pt; font-family: georgia, palatino, serif;\"><!-- \/wp:paragraph --><!-- wp:paragraph --><\/span>\n<p><span style=\"font-size: 12pt; font-family: georgia, palatino, serif;\">A trav\u00e9s de ByronWeb, el software para el Control de Plagas, el proceso inform\u00e1tico que empieza desde la primera inspecci\u00f3n con la evaluaci\u00f3n de riesgos hasta la elecci\u00f3n de los\u00a0\u00a0<strong>\u00cdndices de Peligro (Riesgo*Probabilidad)<\/strong>\u00a0est\u00e1 digitalizado mediante Tableta y\/o M\u00f3vil para garantizar el mejor servicio.\u00a0<\/span><\/p>\n<span style=\"font-size: 12pt; font-family: georgia, palatino, serif;\"><!-- \/wp:paragraph --><!-- wp:paragraph --><\/span>\n<p><span style=\"font-size: 12pt; font-family: georgia, palatino, serif;\">La evaluaci\u00f3n del riesgo se basa en una matriz configurable y sigue los protocolos indicados por las principales normativas vigentes como:<strong> UNI EN 16636, BRC, IFS. <\/strong>A continuaci\u00f3n el folleto descriptivo.<\/span><\/p>\n<!-- \/wp:paragraph --><\/div>\n<\/div>\n<!-- \/wp:media-text --><!-- wp:core-embed\/youtube {\"url\":\"https:\/\/www.youtube.com\/watch?v=bJwJWDuk6Wo\\u0026t=217s\",\"type\":\"video\",\"providerNameSlug\":\"youtube\",\"className\":\"wp-embed-aspect-16-9 wp-has-aspect-ratio\"} -->\n<figure class=\"wp-block-embed-youtube wp-block-embed is-type-video is-provider-youtube wp-embed-aspect-16-9 wp-has-aspect-ratio\">\n<div class=\"wp-block-embed__wrapper\">\u00a0<\/div>\n<\/figure>\n<!-- \/wp:core-embed\/youtube -->\t\t\t\t\t\t<\/div>\n\t\t\t\t<\/div>\n\t\t\t\t\t<\/div>\n\t\t<\/div>\n\t\t\t\t\t\t\t<\/div>\n\t\t<\/section>\n\t\t\t\t<section class=\"elementor-section elementor-top-section elementor-element elementor-element-0e89865 elementor-section-boxed elementor-section-height-default elementor-section-height-default\" data-id=\"0e89865\" data-element_type=\"section\">\n\t\t\t\t\t\t<div class=\"elementor-container elementor-column-gap-default\">\n\t\t\t\t\t<div class=\"elementor-column elementor-col-100 elementor-top-column elementor-element elementor-element-824d921\" data-id=\"824d921\" data-element_type=\"column\">\n\t\t\t<div class=\"elementor-widget-wrap elementor-element-populated\">\n\t\t\t\t\t\t\t\t<div class=\"elementor-element elementor-element-a36403d elementor-aspect-ratio-169 elementor-widget elementor-widget-video\" data-id=\"a36403d\" data-element_type=\"widget\" data-settings=\"{&quot;youtube_url&quot;:&quot;https:\\\/\\\/www.youtube.com\\\/watch?v=XAELmzLD6TU&quot;,&quot;video_type&quot;:&quot;youtube&quot;,&quot;controls&quot;:&quot;yes&quot;,&quot;aspect_ratio&quot;:&quot;169&quot;}\" data-widget_type=\"video.default\">\n\t\t\t\t<div class=\"elementor-widget-container\">\n\t\t\t<style>\/*! elementor - v3.6.2 - 04-04-2022 *\/\n.elementor-widget-video .elementor-widget-container{overflow:hidden;-webkit-transform:translateZ(0);transform:translateZ(0)}.elementor-widget-video .elementor-open-inline .elementor-custom-embed-image-overlay{position:absolute;top:0;left:0;width:100%;height:100%;background-size:cover;background-position:50%}.elementor-widget-video .elementor-custom-embed-image-overlay{cursor:pointer;text-align:center}.elementor-widget-video .elementor-custom-embed-image-overlay:hover .elementor-custom-embed-play i{opacity:1}.elementor-widget-video .elementor-custom-embed-image-overlay img{display:block;width:100%}.elementor-widget-video .e-hosted-video .elementor-video{-o-object-fit:cover;object-fit:cover}<\/style>\t\t<div class=\"elementor-wrapper elementor-fit-aspect-ratio elementor-open-inline\">\n\t\t\t<div class=\"elementor-video\"><\/div>\t\t<\/div>\n\t\t\t\t<\/div>\n\t\t\t\t<\/div>\n\t\t\t\t\t<\/div>\n\t\t<\/div>\n\t\t\t\t\t\t\t<\/div>\n\t\t<\/section>\n\t\t\t\t\t\t\t<\/div>","protected":false},"excerpt":{"rendered":"<p>\u00a0 VALUTAZIONE DEL RISCHIO DA INFESTAZIONI Il processo di valutazione del rischio rappresenta la fase pi\u00f9 importante e spesso pi\u00f9 complessa nella gestione della sicurezza igienico sanitaria del prodotto.\u00a0 Valutare il rischio significa misurare quantitativamente i fattori che lo influenzano, la grandezza del danno potenziale e la probabilit\u00e0 che esso si verifichi. I dati di [&hellip;]<\/p>","protected":false},"author":1,"featured_media":0,"parent":0,"menu_order":0,"comment_status":"closed","ping_status":"closed","template":"","meta":[],"yoast_head":"<!-- This site is optimized with the Yoast SEO plugin v14.9 - https:\/\/yoast.com\/wordpress\/plugins\/seo\/ -->\n<title>Sistema Controllo Qualita&#039; - Valutazione del rischio da infestazioni -<\/title>\n<meta name=\"robots\" content=\"index, follow, max-snippet:-1, max-image-preview:large, max-video-preview:-1\" \/>\n<link rel=\"canonical\" href=\"https:\/\/www.byronweb.net\/es\/sistema-controllo-qualita-pest-control-matrice-valutazione-rischio-unien16636-brc-isf-html\/\" \/>\n<meta property=\"og:locale\" content=\"es_ES\" \/>\n<meta property=\"og:type\" content=\"article\" \/>\n<meta property=\"og:title\" content=\"Sistema Controllo Qualita&#039; - Valutazione del rischio da infestazioni -\" \/>\n<meta property=\"og:description\" content=\"\u00a0 VALUTAZIONE DEL RISCHIO DA INFESTAZIONI Il processo di valutazione del rischio rappresenta la fase pi\u00f9 importante e spesso pi\u00f9 complessa nella gestione della sicurezza igienico sanitaria del prodotto.\u00a0 Valutare il rischio significa misurare quantitativamente i fattori che lo influenzano, la grandezza del danno potenziale e la probabilit\u00e0 che esso si verifichi. I dati di [&hellip;]\" \/>\n<meta property=\"og:url\" content=\"https:\/\/www.byronweb.net\/es\/sistema-controllo-qualita-pest-control-matrice-valutazione-rischio-unien16636-brc-isf-html\/\" \/>\n<meta property=\"article:modified_time\" content=\"2024-11-20T10:14:19+00:00\" \/>\n<meta property=\"og:image\" content=\"https:\/\/www.byronweb.net\/wp-content\/uploads\/2023\/02\/Schermata-del-2023-02-16-12-15-48.png\" \/>\n<meta name=\"twitter:card\" content=\"summary_large_image\" \/>\n<script type=\"application\/ld+json\" class=\"yoast-schema-graph\">{\"@context\":\"https:\/\/schema.org\",\"@graph\":[{\"@type\":\"WebSite\",\"@id\":\"https:\/\/www.byronweb.net\/es\/#website\",\"url\":\"https:\/\/www.byronweb.net\/es\/\",\"name\":\"\",\"description\":\"\",\"potentialAction\":[{\"@type\":\"SearchAction\",\"target\":\"https:\/\/www.byronweb.net\/es\/?s={search_term_string}\",\"query-input\":\"required name=search_term_string\"}],\"inLanguage\":\"es-ES\"},{\"@type\":\"ImageObject\",\"@id\":\"https:\/\/www.byronweb.net\/sistema-controllo-qualita-pest-control-matrice-valutazione-rischio-unien16636-brc-isf-html\/#primaryimage\",\"inLanguage\":\"es-ES\",\"url\":\"https:\/\/www.byronweb.net\/wp-content\/uploads\/2023\/02\/Schermata-del-2023-02-16-12-15-48.png\",\"width\":603,\"height\":376},{\"@type\":\"WebPage\",\"@id\":\"https:\/\/www.byronweb.net\/sistema-controllo-qualita-pest-control-matrice-valutazione-rischio-unien16636-brc-isf-html\/#webpage\",\"url\":\"https:\/\/www.byronweb.net\/sistema-controllo-qualita-pest-control-matrice-valutazione-rischio-unien16636-brc-isf-html\/\",\"name\":\"Sistema Controllo Qualita' - Valutazione del rischio da infestazioni -\",\"isPartOf\":{\"@id\":\"https:\/\/www.byronweb.net\/es\/#website\"},\"primaryImageOfPage\":{\"@id\":\"https:\/\/www.byronweb.net\/sistema-controllo-qualita-pest-control-matrice-valutazione-rischio-unien16636-brc-isf-html\/#primaryimage\"},\"datePublished\":\"2020-09-18T10:24:12+00:00\",\"dateModified\":\"2024-11-20T10:14:19+00:00\",\"inLanguage\":\"es-ES\",\"potentialAction\":[{\"@type\":\"ReadAction\",\"target\":[\"https:\/\/www.byronweb.net\/sistema-controllo-qualita-pest-control-matrice-valutazione-rischio-unien16636-brc-isf-html\/\"]}]}]}<\/script>\n<!-- \/ Yoast SEO plugin. -->","_links":{"self":[{"href":"https:\/\/www.byronweb.net\/es\/wp-json\/wp\/v2\/pages\/213"}],"collection":[{"href":"https:\/\/www.byronweb.net\/es\/wp-json\/wp\/v2\/pages"}],"about":[{"href":"https:\/\/www.byronweb.net\/es\/wp-json\/wp\/v2\/types\/page"}],"author":[{"embeddable":true,"href":"https:\/\/www.byronweb.net\/es\/wp-json\/wp\/v2\/users\/1"}],"replies":[{"embeddable":true,"href":"https:\/\/www.byronweb.net\/es\/wp-json\/wp\/v2\/comments?post=213"}],"version-history":[{"count":17,"href":"https:\/\/www.byronweb.net\/es\/wp-json\/wp\/v2\/pages\/213\/revisions"}],"predecessor-version":[{"id":3109,"href":"https:\/\/www.byronweb.net\/es\/wp-json\/wp\/v2\/pages\/213\/revisions\/3109"}],"wp:attachment":[{"href":"https:\/\/www.byronweb.net\/es\/wp-json\/wp\/v2\/media?parent=213"}],"curies":[{"name":"wp","href":"https:\/\/api.w.org\/{rel}","templated":true}]}}