{"id":219,"date":"2020-09-18T12:27:14","date_gmt":"2020-09-18T10:27:14","guid":{"rendered":"http:\/\/nuovo.byronweb.com\/?page_id=219"},"modified":"2023-02-22T12:55:42","modified_gmt":"2023-02-22T11:55:42","slug":"uni-en-16636-pest-control-software-html","status":"publish","type":"page","link":"https:\/\/www.byronweb.net\/es\/uni-en-16636-pest-control-software-html\/","title":{"rendered":"\u00bfC\u00f3mo el software para el control de plagas ByronWeb puede ayudarte en el proceso UNI EN 16636?"},"content":{"rendered":"<div data-elementor-type=\"wp-page\" data-elementor-id=\"219\" class=\"elementor elementor-219\">\n\t\t\t\t\t\t\t\t\t<section class=\"elementor-section elementor-top-section elementor-element elementor-element-49e93e91 elementor-section-boxed elementor-section-height-default elementor-section-height-default\" data-id=\"49e93e91\" data-element_type=\"section\">\n\t\t\t\t\t\t<div class=\"elementor-container elementor-column-gap-default\">\n\t\t\t\t\t<div class=\"elementor-column elementor-col-100 elementor-top-column elementor-element elementor-element-5ec34cfd\" data-id=\"5ec34cfd\" data-element_type=\"column\">\n\t\t\t<div class=\"elementor-widget-wrap elementor-element-populated\">\n\t\t\t\t\t\t\t\t<div class=\"elementor-element elementor-element-66a8b35d elementor-widget elementor-widget-text-editor\" data-id=\"66a8b35d\" data-element_type=\"widget\" data-widget_type=\"text-editor.default\">\n\t\t\t\t<div class=\"elementor-widget-container\">\n\t\t\t<style>\/*! elementor - v3.6.2 - 04-04-2022 *\/\n.elementor-widget-text-editor.elementor-drop-cap-view-stacked .elementor-drop-cap{background-color:#818a91;color:#fff}.elementor-widget-text-editor.elementor-drop-cap-view-framed .elementor-drop-cap{color:#818a91;border:3px solid;background-color:transparent}.elementor-widget-text-editor:not(.elementor-drop-cap-view-default) .elementor-drop-cap{margin-top:8px}.elementor-widget-text-editor:not(.elementor-drop-cap-view-default) .elementor-drop-cap-letter{width:1em;height:1em}.elementor-widget-text-editor .elementor-drop-cap{float:left;text-align:center;line-height:1;font-size:50px}.elementor-widget-text-editor .elementor-drop-cap-letter{display:inline-block}<\/style>\t\t\t\t<div style=\"text-align: left;\"><span style=\"font-family: georgia, palatino, serif; font-size: 12pt;\">En los \u00faltimos a\u00f1os hemos trabajado para incluir los procesos previstos por las principales certificaciones del sector.<br \/><\/span><\/div><div style=\"text-align: left;\"><span style=\"font-family: georgia, palatino, serif; font-size: 12pt;\">De hecho hemos empezado a modificar y desarrollar el programa en funci\u00f3n de los procesos funcionales<\/span><\/div><div style=\"text-align: left;\"><span style=\"font-family: georgia, palatino, serif; font-size: 12pt;\">establecidos por las principales certificaciones directas e indirectas: IFS, BRC, ISO 9001, UNI EN 16636.<\/span><\/div><div style=\"text-align: left;\">\u00a0<\/div><div style=\"text-align: left;\"><span style=\"font-family: georgia, palatino, serif; font-size: 12pt;\">Aqu\u00ed van algunos de los puntos m\u00e1s importantes que se pueden gestionar a trav\u00e9s del software teniendo en cuenta los est\u00e1ndares de calidad establecidos:<\/span><\/div><div style=\"text-align: left;\">\u00a0<\/div><div style=\"text-align: left;\"><p><span style=\"font-family: georgia, palatino, serif; font-size: 12pt;\"><span class=\"_5mfr\"><span class=\"_6qdm\" style=\"height: 16px; width: 16px; background-image: url('https:\/\/static.xx.fbcdn.net\/images\/emoji.php\/v9\/tba\/1.5\/16\/2705.png');\">\u2705<\/span><\/span> Gesti\u00f3n avanzada Primer contacto<\/span><br \/><span style=\"font-family: georgia, palatino, serif; font-size: 12pt;\"> <span class=\"_5mfr\"><span class=\"_6qdm\" style=\"height: 16px; width: 16px; background-image: url('https:\/\/static.xx.fbcdn.net\/images\/emoji.php\/v9\/tba\/1.5\/16\/2705.png');\">\u2705<\/span><\/span> Inspecci\u00f3n con Tableta y evaluaci\u00f3n del riesgo en el sitio<\/span><br \/><span style=\"font-family: georgia, palatino, serif; font-size: 12pt;\"> <span class=\"_5mfr\"><span class=\"_6qdm\" style=\"height: 16px; width: 16px; background-image: url('https:\/\/static.xx.fbcdn.net\/images\/emoji.php\/v9\/tba\/1.5\/16\/2705.png');\">\u2705<\/span><\/span> Flujos de transformaci\u00f3n inmediatos: Llamada-&gt;Inspecci\u00f3n-&gt;Presupuesto-&gt;Contrato-&gt;Planificaci\u00f3n-&gt;Cuestionarios de Calidad<span class=\"text_exposed_show\"><br \/><span class=\"_5mfr\"><span class=\"_6qdm\" style=\"height: 16px; width: 16px; background-image: url('https:\/\/static.xx.fbcdn.net\/images\/emoji.php\/v9\/tba\/1.5\/16\/2705.png');\">\u2705<\/span><\/span> Confirmaci\u00f3n digitalizada del cliente<br \/><\/span><\/span><\/p><p><span style=\"font-family: georgia, palatino, serif; font-size: 12pt;\"><span class=\"_5mfr\"><span class=\"_6qdm\" style=\"height: 16px; width: 16px; background-image: url('https:\/\/static.xx.fbcdn.net\/images\/emoji.php\/v9\/tba\/1.5\/16\/2705.png');\">\u2705<\/span><\/span> Comentarios del cliente - Cuestionarios de Calidad<\/span><br \/><span style=\"font-family: georgia, palatino, serif; font-size: 12pt;\"> <span class=\"_5mfr\"><span class=\"_6qdm\" style=\"height: 16px; width: 16px; background-image: url('https:\/\/static.xx.fbcdn.net\/images\/emoji.php\/v9\/tba\/1.5\/16\/2705.png');\">\u2705<\/span><\/span> Control de Gesti\u00f3n avanzado<\/span><br \/><span style=\"font-family: georgia, palatino, serif; font-size: 12pt;\"> <span class=\"_5mfr\"><span class=\"_6qdm\" style=\"height: 16px; width: 16px; background-image: url('https:\/\/static.xx.fbcdn.net\/images\/emoji.php\/v9\/tba\/1.5\/16\/2705.png');\">\u2705<\/span><\/span> Gesti\u00f3n avanzada de plazos con agenda Google (Formaci\u00f3n, Control M\u00e9dico, EPI, Impuestos sobre veh\u00edculos, Inspecci\u00f3n t\u00e9cnica de veh\u00edculos etc.)<\/span><\/p><p><span style=\"font-family: georgia, palatino, serif; font-size: 12pt;\"><span class=\"_5mfr\"><span class=\"_6qdm\" style=\"height: 16px; width: 16px; background-image: url('https:\/\/static.xx.fbcdn.net\/images\/emoji.php\/v9\/tba\/1.5\/16\/2705.png');\">\u2705<\/span><\/span> M\u00e1xima interacci\u00f3n con los Clientes finales<\/span><\/p><\/div><div style=\"text-align: left;\">\u00a0<\/div><div style=\"text-align: left;\">\u00a0<\/div><div style=\"text-align: left;\"><img loading=\"lazy\" class=\"aligncenter\" style=\"vertical-align: bottom;\" title=\"ByronWeb Software Pest Contro UNI EN 16636\" src=\"http:\/\/nuovo.byronweb.com\/wp-content\/uploads\/2020\/09\/unien16636.png\" alt=\"ByronWeb Software Pest Contro UNI EN 16636\" width=\"900\" height=\"888\" \/><\/div>\t\t\t\t\t\t<\/div>\n\t\t\t\t<\/div>\n\t\t\t\t\t<\/div>\n\t\t<\/div>\n\t\t\t\t\t\t\t<\/div>\n\t\t<\/section>\n\t\t\t\t\t\t\t<\/div>","protected":false},"excerpt":{"rendered":"<p>Negli ultimi anni\u00a0 con grande determinazione e convinzione abbiamo sposato i flussi di processo previsti nelle principali certificazioni presenti nel settore.Abbiamo infatti reingegnerizzato e iniziato a sviluppare tutto secondo quelli che sono i processi Funzionalirichiesti dalle principali certificazioni dirette e indirette: IFS, BRC, ISO 9001, UNI EN 16636.\u00a0Ecco alcuni punti importanti che il software vi [&hellip;]<\/p>","protected":false},"author":1,"featured_media":0,"parent":0,"menu_order":0,"comment_status":"closed","ping_status":"closed","template":"","meta":[],"yoast_head":"<!-- This site is optimized with the Yoast SEO plugin v14.9 - https:\/\/yoast.com\/wordpress\/plugins\/seo\/ -->\n<title>How can help ByronWeb software Pest Control in your UNI EN 16636 process ? -<\/title>\n<meta name=\"robots\" content=\"index, follow, max-snippet:-1, max-image-preview:large, max-video-preview:-1\" \/>\n<link rel=\"canonical\" href=\"https:\/\/www.byronweb.net\/es\/uni-en-16636-pest-control-software-html\/\" \/>\n<meta property=\"og:locale\" content=\"es_ES\" \/>\n<meta property=\"og:type\" content=\"article\" \/>\n<meta property=\"og:title\" content=\"How can help ByronWeb software Pest Control in your UNI EN 16636 process ? -\" \/>\n<meta property=\"og:description\" content=\"Negli ultimi anni\u00a0 con grande determinazione e convinzione abbiamo sposato i flussi di processo previsti nelle principali certificazioni presenti nel settore.Abbiamo infatti reingegnerizzato e iniziato a sviluppare tutto secondo quelli che sono i processi Funzionalirichiesti dalle principali certificazioni dirette e indirette: IFS, BRC, ISO 9001, UNI EN 16636.\u00a0Ecco alcuni punti importanti che il software vi [&hellip;]\" \/>\n<meta property=\"og:url\" content=\"https:\/\/www.byronweb.net\/es\/uni-en-16636-pest-control-software-html\/\" \/>\n<meta property=\"article:modified_time\" content=\"2023-02-22T11:55:42+00:00\" \/>\n<meta property=\"og:image\" content=\"http:\/\/nuovo.byronweb.com\/wp-content\/uploads\/2020\/09\/unien16636.png\" \/>\n<meta name=\"twitter:card\" content=\"summary_large_image\" \/>\n<script type=\"application\/ld+json\" class=\"yoast-schema-graph\">{\"@context\":\"https:\/\/schema.org\",\"@graph\":[{\"@type\":\"WebSite\",\"@id\":\"https:\/\/www.byronweb.net\/es\/#website\",\"url\":\"https:\/\/www.byronweb.net\/es\/\",\"name\":\"\",\"description\":\"\",\"potentialAction\":[{\"@type\":\"SearchAction\",\"target\":\"https:\/\/www.byronweb.net\/es\/?s={search_term_string}\",\"query-input\":\"required name=search_term_string\"}],\"inLanguage\":\"es-ES\"},{\"@type\":\"ImageObject\",\"@id\":\"https:\/\/www.byronweb.net\/uni-en-16636-pest-control-software-html\/#primaryimage\",\"inLanguage\":\"es-ES\",\"url\":\"http:\/\/nuovo.byronweb.com\/wp-content\/uploads\/2020\/09\/unien16636.png\"},{\"@type\":\"WebPage\",\"@id\":\"https:\/\/www.byronweb.net\/uni-en-16636-pest-control-software-html\/#webpage\",\"url\":\"https:\/\/www.byronweb.net\/uni-en-16636-pest-control-software-html\/\",\"name\":\"How can help ByronWeb software Pest Control in your UNI EN 16636 process ? -\",\"isPartOf\":{\"@id\":\"https:\/\/www.byronweb.net\/es\/#website\"},\"primaryImageOfPage\":{\"@id\":\"https:\/\/www.byronweb.net\/uni-en-16636-pest-control-software-html\/#primaryimage\"},\"datePublished\":\"2020-09-18T10:27:14+00:00\",\"dateModified\":\"2023-02-22T11:55:42+00:00\",\"inLanguage\":\"es-ES\",\"potentialAction\":[{\"@type\":\"ReadAction\",\"target\":[\"https:\/\/www.byronweb.net\/uni-en-16636-pest-control-software-html\/\"]}]}]}<\/script>\n<!-- \/ Yoast SEO plugin. -->","_links":{"self":[{"href":"https:\/\/www.byronweb.net\/es\/wp-json\/wp\/v2\/pages\/219"}],"collection":[{"href":"https:\/\/www.byronweb.net\/es\/wp-json\/wp\/v2\/pages"}],"about":[{"href":"https:\/\/www.byronweb.net\/es\/wp-json\/wp\/v2\/types\/page"}],"author":[{"embeddable":true,"href":"https:\/\/www.byronweb.net\/es\/wp-json\/wp\/v2\/users\/1"}],"replies":[{"embeddable":true,"href":"https:\/\/www.byronweb.net\/es\/wp-json\/wp\/v2\/comments?post=219"}],"version-history":[{"count":19,"href":"https:\/\/www.byronweb.net\/es\/wp-json\/wp\/v2\/pages\/219\/revisions"}],"predecessor-version":[{"id":1422,"href":"https:\/\/www.byronweb.net\/es\/wp-json\/wp\/v2\/pages\/219\/revisions\/1422"}],"wp:attachment":[{"href":"https:\/\/www.byronweb.net\/es\/wp-json\/wp\/v2\/media?parent=219"}],"curies":[{"name":"wp","href":"https:\/\/api.w.org\/{rel}","templated":true}]}}