{"id":234,"date":"2020-09-18T12:45:21","date_gmt":"2020-09-18T10:45:21","guid":{"rendered":"http:\/\/nuovo.byronweb.com\/?page_id=234"},"modified":"2023-02-22T16:41:12","modified_gmt":"2023-02-22T15:41:12","slug":"tecnologie","status":"publish","type":"page","link":"https:\/\/www.byronweb.net\/es\/tecnologie\/","title":{"rendered":"SpecTre sistema de monitoreo y control de captura  a distancia"},"content":{"rendered":"<div data-elementor-type=\"wp-page\" data-elementor-id=\"234\" class=\"elementor elementor-234\">\n\t\t\t\t\t\t\t\t\t<section class=\"elementor-section elementor-top-section elementor-element elementor-element-2be4a1f9 elementor-section-boxed elementor-section-height-default elementor-section-height-default\" data-id=\"2be4a1f9\" data-element_type=\"section\">\n\t\t\t\t\t\t<div class=\"elementor-container elementor-column-gap-default\">\n\t\t\t\t\t<div class=\"elementor-column elementor-col-100 elementor-top-column elementor-element elementor-element-567fafff\" data-id=\"567fafff\" data-element_type=\"column\">\n\t\t\t<div class=\"elementor-widget-wrap elementor-element-populated\">\n\t\t\t\t\t\t\t\t<div class=\"elementor-element elementor-element-7a0ba5d3 elementor-widget elementor-widget-text-editor\" data-id=\"7a0ba5d3\" data-element_type=\"widget\" data-widget_type=\"text-editor.default\">\n\t\t\t\t<div class=\"elementor-widget-container\">\n\t\t\t<style>\/*! elementor - v3.6.2 - 04-04-2022 *\/\n.elementor-widget-text-editor.elementor-drop-cap-view-stacked .elementor-drop-cap{background-color:#818a91;color:#fff}.elementor-widget-text-editor.elementor-drop-cap-view-framed .elementor-drop-cap{color:#818a91;border:3px solid;background-color:transparent}.elementor-widget-text-editor:not(.elementor-drop-cap-view-default) .elementor-drop-cap{margin-top:8px}.elementor-widget-text-editor:not(.elementor-drop-cap-view-default) .elementor-drop-cap-letter{width:1em;height:1em}.elementor-widget-text-editor .elementor-drop-cap{float:left;text-align:center;line-height:1;font-size:50px}.elementor-widget-text-editor .elementor-drop-cap-letter{display:inline-block}<\/style>\t\t\t\t<p><span style=\"font-family: georgia, palatino, serif; font-size: 12pt;\"><strong>SpecTre<\/strong> es un sistema de sensores para el control de la captura y el monitoreo de roedores a distancia.<br \/><\/span><\/p><p><span style=\"font-family: georgia, palatino, serif; font-size: 12pt;\"><strong>SpecTre<\/strong> reduce considerablemente los costes laborales aumentando el nivel y la eficiencia de los servicios realizados.<\/span><\/p><p><span style=\"font-family: georgia, palatino, serif; font-size: 12pt;\">El sistema se basa en la tecnolog\u00eda <strong>LoRa<\/strong>(long range), muy conocida en el Norte de Europa, <\/span><\/p><p><span style=\"font-family: georgia, palatino, serif; font-size: 12pt;\">que anula las interferencias comunes (433 mh) y amplia el rayo de transmisi\u00f3n, llegando a cubrir distancias kilom\u00e9tricas.<\/span><\/p><p><span style=\"font-size: 12pt; font-family: georgia, palatino, serif;\">Al detectar el movimiento o la captura del roedor la unidad de control, que se puede posicionar hasta a un kilom\u00e9tro de distancia, env\u00eda una se\u00f1al en tiempo real (app,sms,email).<\/span><\/p><p><span style=\"font-family: georgia, palatino, serif; font-size: 12pt;\">La unidad de control <strong>SpecTre <\/strong>puede gestionar un n\u00famero infinito de sensores.<br \/><\/span><\/p><p><span style=\"font-family: georgia, palatino, serif; font-size: 12pt;\">Para m\u00e1s informaci\u00f3n:<\/span><\/p><p><span style=\"font-family: georgia, palatino, serif; font-size: 12pt;\"><a title=\"Brochure SpecTre sistema di monitoraggio e controllo di cattura da remoto\" href=\"http:\/\/www.spectre-monitoring.com\/wp-content\/uploads\/2018\/11\/brochure.pdf\">Descarga el folleto<\/a>\u00a0 o visita la\u00a0 <a title=\"SpecTre sistema de monitoreo y control de captura  a distancia\" href=\"http:\/\/www.spectre-monitoring.com\/\" target=\"_blank\" rel=\"noopener noreferrer\">web del producto<\/a><\/span><\/p><table style=\"width: 1115px; height: 256px;\"><tbody><tr><td style=\"border: none;\"><span style=\"font-family: 'trebuchet ms', geneva; font-size: medium;\"><span style=\"font-family: 'trebuchet ms', geneva; font-size: medium;\"><img loading=\"lazy\" class=\"aligncenter\" style=\"vertical-align: middle;\" title=\"SpecTre sistema de monitoreo y control de captura  a distancia\" src=\"http:\/\/nuovo.byronweb.com\/wp-content\/uploads\/2020\/09\/primaslide-2.png\" width=\"1100\" height=\"201\" \/><\/span><\/span><\/td><\/tr><\/tbody><\/table>\t\t\t\t\t\t<\/div>\n\t\t\t\t<\/div>\n\t\t\t\t\t<\/div>\n\t\t<\/div>\n\t\t\t\t\t\t\t<\/div>\n\t\t<\/section>\n\t\t\t\t\t\t\t<\/div>","protected":false},"excerpt":{"rendered":"<p>SpecTre \u00e8 un sistema di sensori remoti per il controllo strategico della cattura e monitoraggio dei roditori. SpecTre riduce notevolmente i costi della manodopera, alzando il livello e l&#8217;efficenza del lavoro svolto. Il sistema \u00e8 basato su tecnologia LoRa(long range), tecnologia altamente diffusa in Nord Europa, che annulla le interferenze solite(433 mh) e amplia il [&hellip;]<\/p>","protected":false},"author":1,"featured_media":0,"parent":0,"menu_order":0,"comment_status":"closed","ping_status":"closed","template":"","meta":[],"yoast_head":"<!-- This site is optimized with the Yoast SEO plugin v14.9 - https:\/\/yoast.com\/wordpress\/plugins\/seo\/ -->\n<title>SpecTre sistema di monitoraggio e controllo di cattura da remoto -<\/title>\n<meta name=\"robots\" content=\"index, follow, max-snippet:-1, max-image-preview:large, max-video-preview:-1\" \/>\n<link rel=\"canonical\" href=\"https:\/\/www.byronweb.net\/es\/tecnologie\/\" \/>\n<meta property=\"og:locale\" content=\"es_ES\" \/>\n<meta property=\"og:type\" content=\"article\" \/>\n<meta property=\"og:title\" content=\"SpecTre sistema di monitoraggio e controllo di cattura da remoto -\" \/>\n<meta property=\"og:description\" content=\"SpecTre \u00e8 un sistema di sensori remoti per il controllo strategico della cattura e monitoraggio dei roditori. SpecTre riduce notevolmente i costi della manodopera, alzando il livello e l&#8217;efficenza del lavoro svolto. Il sistema \u00e8 basato su tecnologia LoRa(long range), tecnologia altamente diffusa in Nord Europa, che annulla le interferenze solite(433 mh) e amplia il [&hellip;]\" \/>\n<meta property=\"og:url\" content=\"https:\/\/www.byronweb.net\/es\/tecnologie\/\" \/>\n<meta property=\"article:modified_time\" content=\"2023-02-22T15:41:12+00:00\" \/>\n<meta property=\"og:image\" content=\"http:\/\/nuovo.byronweb.com\/wp-content\/uploads\/2020\/09\/primaslide-2.png\" \/>\n<meta name=\"twitter:card\" content=\"summary_large_image\" \/>\n<script type=\"application\/ld+json\" class=\"yoast-schema-graph\">{\"@context\":\"https:\/\/schema.org\",\"@graph\":[{\"@type\":\"WebSite\",\"@id\":\"https:\/\/www.byronweb.net\/es\/#website\",\"url\":\"https:\/\/www.byronweb.net\/es\/\",\"name\":\"\",\"description\":\"\",\"potentialAction\":[{\"@type\":\"SearchAction\",\"target\":\"https:\/\/www.byronweb.net\/es\/?s={search_term_string}\",\"query-input\":\"required name=search_term_string\"}],\"inLanguage\":\"es-ES\"},{\"@type\":\"ImageObject\",\"@id\":\"https:\/\/www.byronweb.net\/tecnologie\/#primaryimage\",\"inLanguage\":\"es-ES\",\"url\":\"http:\/\/nuovo.byronweb.com\/wp-content\/uploads\/2020\/09\/primaslide-2.png\"},{\"@type\":\"WebPage\",\"@id\":\"https:\/\/www.byronweb.net\/tecnologie\/#webpage\",\"url\":\"https:\/\/www.byronweb.net\/tecnologie\/\",\"name\":\"SpecTre sistema di monitoraggio e controllo di cattura da remoto -\",\"isPartOf\":{\"@id\":\"https:\/\/www.byronweb.net\/es\/#website\"},\"primaryImageOfPage\":{\"@id\":\"https:\/\/www.byronweb.net\/tecnologie\/#primaryimage\"},\"datePublished\":\"2020-09-18T10:45:21+00:00\",\"dateModified\":\"2023-02-22T15:41:12+00:00\",\"inLanguage\":\"es-ES\",\"potentialAction\":[{\"@type\":\"ReadAction\",\"target\":[\"https:\/\/www.byronweb.net\/tecnologie\/\"]}]}]}<\/script>\n<!-- \/ Yoast SEO plugin. -->","_links":{"self":[{"href":"https:\/\/www.byronweb.net\/es\/wp-json\/wp\/v2\/pages\/234"}],"collection":[{"href":"https:\/\/www.byronweb.net\/es\/wp-json\/wp\/v2\/pages"}],"about":[{"href":"https:\/\/www.byronweb.net\/es\/wp-json\/wp\/v2\/types\/page"}],"author":[{"embeddable":true,"href":"https:\/\/www.byronweb.net\/es\/wp-json\/wp\/v2\/users\/1"}],"replies":[{"embeddable":true,"href":"https:\/\/www.byronweb.net\/es\/wp-json\/wp\/v2\/comments?post=234"}],"version-history":[{"count":9,"href":"https:\/\/www.byronweb.net\/es\/wp-json\/wp\/v2\/pages\/234\/revisions"}],"predecessor-version":[{"id":1440,"href":"https:\/\/www.byronweb.net\/es\/wp-json\/wp\/v2\/pages\/234\/revisions\/1440"}],"wp:attachment":[{"href":"https:\/\/www.byronweb.net\/es\/wp-json\/wp\/v2\/media?parent=234"}],"curies":[{"name":"wp","href":"https:\/\/api.w.org\/{rel}","templated":true}]}}