{"id":2376,"date":"2024-03-29T10:41:06","date_gmt":"2024-03-29T09:41:06","guid":{"rendered":"https:\/\/www.byronweb.net\/?page_id=2376"},"modified":"2024-03-29T10:51:16","modified_gmt":"2024-03-29T09:51:16","slug":"1%f0%9d%9f%b2%f0%9d%9f%b2%f0%9d%9f%af%f0%9d%9f%b2-%f0%9d%9f%b1-%f0%9d%9f%ae-%f0%9d%97%9c%f0%9d%98%80%f0%9d%97%bd%f0%9d%97%b2%f0%9d%98%87%f0%9d%97%b6%f0%9d%97%bc%f0%9d%97%bb%f0%9d%97%b2-%f0%9d%97%b2","status":"publish","type":"page","link":"https:\/\/www.byronweb.net\/es\/1%f0%9d%9f%b2%f0%9d%9f%b2%f0%9d%9f%af%f0%9d%9f%b2-%f0%9d%9f%b1-%f0%9d%9f%ae-%f0%9d%97%9c%f0%9d%98%80%f0%9d%97%bd%f0%9d%97%b2%f0%9d%98%87%f0%9d%97%b6%f0%9d%97%bc%f0%9d%97%bb%f0%9d%97%b2-%f0%9d%97%b2\/","title":{"rendered":"\ud835\udde8\ud835\udde1\ud835\udddc \ud835\uddd8\ud835\udde1 \ud835\udfed\ud835\udff2\ud835\udff2\ud835\udfef\ud835\udff2 \u2013 \ud835\udff1.\ud835\udfee \u2013 Primera Inspecci\u00f3n y Evaluaci\u00f3n"},"content":{"rendered":"<div data-elementor-type=\"wp-page\" data-elementor-id=\"2376\" class=\"elementor elementor-2376\">\n\t\t\t\t\t\t\t\t\t<section class=\"elementor-section elementor-top-section elementor-element elementor-element-d2a2aa1 elementor-section-boxed elementor-section-height-default elementor-section-height-default\" data-id=\"d2a2aa1\" data-element_type=\"section\">\n\t\t\t\t\t\t<div class=\"elementor-container elementor-column-gap-default\">\n\t\t\t\t\t<div class=\"elementor-column elementor-col-100 elementor-top-column elementor-element elementor-element-948ef6d\" data-id=\"948ef6d\" data-element_type=\"column\">\n\t\t\t<div class=\"elementor-widget-wrap elementor-element-populated\">\n\t\t\t\t\t\t\t\t<div class=\"elementor-element elementor-element-c6e8cf0 elementor-widget elementor-widget-text-editor\" data-id=\"c6e8cf0\" data-element_type=\"widget\" data-widget_type=\"text-editor.default\">\n\t\t\t\t<div class=\"elementor-widget-container\">\n\t\t\t<style>\/*! elementor - v3.6.2 - 04-04-2022 *\/\n.elementor-widget-text-editor.elementor-drop-cap-view-stacked .elementor-drop-cap{background-color:#818a91;color:#fff}.elementor-widget-text-editor.elementor-drop-cap-view-framed .elementor-drop-cap{color:#818a91;border:3px solid;background-color:transparent}.elementor-widget-text-editor:not(.elementor-drop-cap-view-default) .elementor-drop-cap{margin-top:8px}.elementor-widget-text-editor:not(.elementor-drop-cap-view-default) .elementor-drop-cap-letter{width:1em;height:1em}.elementor-widget-text-editor .elementor-drop-cap{float:left;text-align:center;line-height:1;font-size:50px}.elementor-widget-text-editor .elementor-drop-cap-letter{display:inline-block}<\/style>\t\t\t\t<div class=\"xdj266r x11i5rnm xat24cr x1mh8g0r x1vvkbs x126k92a\"><div dir=\"auto\"><span style=\"font-size: 14pt;\">\ud835\udde8\ud835\udde1\ud835\udddc \ud835\uddd8\ud835\udde1 \ud835\udfed\ud835\udff2\ud835\udff2\ud835\udfef\ud835\udff2 \u2013 \ud835\udff1.\ud835\udfee \u2013 Primera Inspecci\u00f3n y Evaluaci\u00f3n<\/span><br \/><br \/><span style=\"font-size: 14pt;\">La primera inspecci\u00f3n antes de realizar un servicio de control de plagas es fundamental por diferentes razones:<\/span><br \/><br \/><span style=\"font-size: 14pt;\">Evaluaci\u00f3n de la infestaci\u00f3n: la primera inspecci\u00f3n permite a los expertos evaluar el tama\u00f1o y el origen de la infestaci\u00f3n. Se trata de un momento crucial ya que los diferentes tipos de plagas requieren una estrategia diferente para poder controlarlas y eliminarlas de manera efectiva.<\/span><br \/><br \/><span style=\"font-size: 14pt;\">Identificaci\u00f3n de plagas: durante la primera inspecci\u00f3n, los expertos pueden identificar exactamente el tipo de plaga objetivo. Este es un aspecto clave ya que permite elegir tratamiento m\u00e1s adecuado a utilizar. No todos los tratamientos son eficaces para todo tipo de plaga por lo que identificarlas correctamente es fundamental.<\/span><br \/><br \/><span style=\"font-size: 14pt;\">Evaluaci\u00f3n de riesgos para la salud y el medio ambiente: durante la primera inspecci\u00f3n los expertos pueden evaluar los riesgos potenciales para la salud humana y el medio ambiente derivados de la infestaci\u00f3n y los tratamientos necesarios para controlarla. Eso es importante para garantizar la implementaci\u00f3n de medidas de control seguras y adecuadas.<\/span><br \/><br \/><span style=\"font-size: 14pt;\">Identificaci\u00f3n de focos de infestaci\u00f3n: la inspecci\u00f3n permite a los expertos identificar focos de infestaci\u00f3n, como grietas en paredes o suelos u otros problemas estructurales generales que podr\u00edan favorecer la presencia de plagas. Identificar estos focos es esencial para prevenir futuros problemas de infestaci\u00f3n.<\/span><br \/><br \/><span style=\"font-size: 14pt;\">Personalizaci\u00f3n del tratamiento: bas\u00e1ndose en los resultados de la primera inspecci\u00f3n, los expertos pueden crear un plan de monitoreo personalizado y espec\u00edfico para el tipo de infestaci\u00f3n y las condiciones ambientales circunstantes. Esto aumenta significativamente la eficacia del tratamiento y minimiza tanto los costes como el riesgo de da\u00f1os colaterales.<\/span><\/div><\/div><div class=\"x11i5rnm xat24cr x1mh8g0r x1vvkbs xtlvy1s x126k92a\"><div dir=\"auto\">\u00a0<\/div><\/div><div dir=\"auto\"><img loading=\"lazy\" class=\"aligncenter size-large wp-image-2378\" src=\"https:\/\/www.byronweb.net\/wp-content\/uploads\/2024\/03\/5.2-16636-1024x858.png\" alt=\"\" width=\"750\" height=\"628\" srcset=\"https:\/\/www.byronweb.net\/wp-content\/uploads\/2024\/03\/5.2-16636-1024x858.png 1024w, https:\/\/www.byronweb.net\/wp-content\/uploads\/2024\/03\/5.2-16636-300x252.png 300w, https:\/\/www.byronweb.net\/wp-content\/uploads\/2024\/03\/5.2-16636-768x644.png 768w, https:\/\/www.byronweb.net\/wp-content\/uploads\/2024\/03\/5.2-16636-14x12.png 14w, https:\/\/www.byronweb.net\/wp-content\/uploads\/2024\/03\/5.2-16636.png 1528w\" sizes=\"(max-width: 750px) 100vw, 750px\" \/><\/div>\t\t\t\t\t\t<\/div>\n\t\t\t\t<\/div>\n\t\t\t\t\t<\/div>\n\t\t<\/div>\n\t\t\t\t\t\t\t<\/div>\n\t\t<\/section>\n\t\t\t\t\t\t\t<\/div>","protected":false},"excerpt":{"rendered":"<p>\ud835\udde8\ud835\udde1\ud835\udddc \ud835\uddd8\ud835\udde1 \ud835\udfed\ud835\udff2\ud835\udff2\ud835\udfef\ud835\udff2 &#8211; \ud835\udff1.\ud835\udfee &#8211; \ud835\udddc\ud835\ude00\ud835\uddfd\ud835\uddf2\ud835\ude07\ud835\uddf6\ud835\uddfc\ud835\uddfb\ud835\uddf2 \ud835\uddf2 \ud835\udde9\ud835\uddee\ud835\uddf9\ud835\ude02\ud835\ude01\ud835\uddee\ud835\ude07\ud835\uddf6\ud835\uddfc\ud835\uddfb\ud835\uddf2 \ud835\uddf1\ud835\uddf2\ud835\uddf9 \ud835\ude00\ud835\uddf6\ud835\ude01\ud835\uddfc Il sopralluogo prima di effettuare un intervento di disinfestazione \u00e8 fondamentale per diverse ragioni: \ud835\udde9\ud835\uddee\ud835\uddf9\ud835\ude02\ud835\ude01\ud835\uddee\ud835\ude07\ud835\uddf6\ud835\uddfc\ud835\uddfb\ud835\uddf2 \ud835\uddf1\ud835\uddf2\ud835\uddf9\ud835\uddf9&#8217;\ud835\uddf6\ud835\uddfb\ud835\uddf3\ud835\uddf2\ud835\ude00\ud835\ude01\ud835\uddee\ud835\ude07\ud835\uddf6\ud835\uddfc\ud835\uddfb\ud835\uddf2: Il sopralluogo consente agli esperti di valutare l&#8217;entit\u00e0 e la natura dell&#8217;infestazione. Questo \u00e8 cruciale perch\u00e9 diversi tipi di parassiti richiedono approcci diversi per essere efficacemente controllati e [&hellip;]<\/p>","protected":false},"author":1,"featured_media":0,"parent":0,"menu_order":0,"comment_status":"closed","ping_status":"closed","template":"","meta":[],"yoast_head":"<!-- This site is optimized with the Yoast SEO plugin v14.9 - https:\/\/yoast.com\/wordpress\/plugins\/seo\/ -->\n<title>\ud835\udde8\ud835\udde1\ud835\udddc \ud835\uddd8\ud835\udde1 \ud835\udfed\ud835\udff2\ud835\udff2\ud835\udfef\ud835\udff2 - \ud835\udff1.\ud835\udfee - \ud835\udddc\ud835\ude00\ud835\uddfd\ud835\uddf2\ud835\ude07\ud835\uddf6\ud835\uddfc\ud835\uddfb\ud835\uddf2 \ud835\uddf2 \ud835\udde9\ud835\uddee\ud835\uddf9\ud835\ude02\ud835\ude01\ud835\uddee\ud835\ude07\ud835\uddf6\ud835\uddfc\ud835\uddfb\ud835\uddf2 \ud835\uddf1\ud835\uddf2\ud835\uddf9 sito -<\/title>\n<meta name=\"robots\" content=\"index, follow, max-snippet:-1, max-image-preview:large, max-video-preview:-1\" \/>\n<link rel=\"canonical\" href=\"https:\/\/www.byronweb.net\/es\/1\ud835\udff2\ud835\udff2\ud835\udfef\ud835\udff2-\ud835\udff1-\ud835\udfee-\ud835\udddc\ud835\ude00\ud835\uddfd\ud835\uddf2\ud835\ude07\ud835\uddf6\ud835\uddfc\ud835\uddfb\ud835\uddf2-\ud835\uddf2\/\" \/>\n<meta property=\"og:locale\" content=\"es_ES\" \/>\n<meta property=\"og:type\" content=\"article\" \/>\n<meta property=\"og:title\" content=\"\ud835\udde8\ud835\udde1\ud835\udddc \ud835\uddd8\ud835\udde1 \ud835\udfed\ud835\udff2\ud835\udff2\ud835\udfef\ud835\udff2 - \ud835\udff1.\ud835\udfee - \ud835\udddc\ud835\ude00\ud835\uddfd\ud835\uddf2\ud835\ude07\ud835\uddf6\ud835\uddfc\ud835\uddfb\ud835\uddf2 \ud835\uddf2 \ud835\udde9\ud835\uddee\ud835\uddf9\ud835\ude02\ud835\ude01\ud835\uddee\ud835\ude07\ud835\uddf6\ud835\uddfc\ud835\uddfb\ud835\uddf2 \ud835\uddf1\ud835\uddf2\ud835\uddf9 sito -\" \/>\n<meta property=\"og:description\" content=\"\ud835\udde8\ud835\udde1\ud835\udddc \ud835\uddd8\ud835\udde1 \ud835\udfed\ud835\udff2\ud835\udff2\ud835\udfef\ud835\udff2 &#8211; \ud835\udff1.\ud835\udfee &#8211; \ud835\udddc\ud835\ude00\ud835\uddfd\ud835\uddf2\ud835\ude07\ud835\uddf6\ud835\uddfc\ud835\uddfb\ud835\uddf2 \ud835\uddf2 \ud835\udde9\ud835\uddee\ud835\uddf9\ud835\ude02\ud835\ude01\ud835\uddee\ud835\ude07\ud835\uddf6\ud835\uddfc\ud835\uddfb\ud835\uddf2 \ud835\uddf1\ud835\uddf2\ud835\uddf9 \ud835\ude00\ud835\uddf6\ud835\ude01\ud835\uddfc Il sopralluogo prima di effettuare un intervento di disinfestazione \u00e8 fondamentale per diverse ragioni: \ud835\udde9\ud835\uddee\ud835\uddf9\ud835\ude02\ud835\ude01\ud835\uddee\ud835\ude07\ud835\uddf6\ud835\uddfc\ud835\uddfb\ud835\uddf2 \ud835\uddf1\ud835\uddf2\ud835\uddf9\ud835\uddf9&#8217;\ud835\uddf6\ud835\uddfb\ud835\uddf3\ud835\uddf2\ud835\ude00\ud835\ude01\ud835\uddee\ud835\ude07\ud835\uddf6\ud835\uddfc\ud835\uddfb\ud835\uddf2: Il sopralluogo consente agli esperti di valutare l&#8217;entit\u00e0 e la natura dell&#8217;infestazione. Questo \u00e8 cruciale perch\u00e9 diversi tipi di parassiti richiedono approcci diversi per essere efficacemente controllati e [&hellip;]\" \/>\n<meta property=\"og:url\" content=\"https:\/\/www.byronweb.net\/es\/1\ud835\udff2\ud835\udff2\ud835\udfef\ud835\udff2-\ud835\udff1-\ud835\udfee-\ud835\udddc\ud835\ude00\ud835\uddfd\ud835\uddf2\ud835\ude07\ud835\uddf6\ud835\uddfc\ud835\uddfb\ud835\uddf2-\ud835\uddf2\/\" \/>\n<meta property=\"article:modified_time\" content=\"2024-03-29T09:51:16+00:00\" \/>\n<meta property=\"og:image\" content=\"https:\/\/www.byronweb.net\/wp-content\/uploads\/2024\/03\/5.2-16636-1024x858.png\" \/>\n<meta name=\"twitter:card\" content=\"summary_large_image\" \/>\n<script type=\"application\/ld+json\" class=\"yoast-schema-graph\">{\"@context\":\"https:\/\/schema.org\",\"@graph\":[{\"@type\":\"WebSite\",\"@id\":\"https:\/\/www.byronweb.net\/es\/#website\",\"url\":\"https:\/\/www.byronweb.net\/es\/\",\"name\":\"\",\"description\":\"\",\"potentialAction\":[{\"@type\":\"SearchAction\",\"target\":\"https:\/\/www.byronweb.net\/es\/?s={search_term_string}\",\"query-input\":\"required name=search_term_string\"}],\"inLanguage\":\"es-ES\"},{\"@type\":\"ImageObject\",\"@id\":\"https:\/\/www.byronweb.net\/1%f0%9d%9f%b2%f0%9d%9f%b2%f0%9d%9f%af%f0%9d%9f%b2-%f0%9d%9f%b1-%f0%9d%9f%ae-%f0%9d%97%9c%f0%9d%98%80%f0%9d%97%bd%f0%9d%97%b2%f0%9d%98%87%f0%9d%97%b6%f0%9d%97%bc%f0%9d%97%bb%f0%9d%97%b2-%f0%9d%97%b2\/#primaryimage\",\"inLanguage\":\"es-ES\",\"url\":\"https:\/\/www.byronweb.net\/wp-content\/uploads\/2024\/03\/5.2-16636.png\",\"width\":1528,\"height\":1281},{\"@type\":\"WebPage\",\"@id\":\"https:\/\/www.byronweb.net\/1%f0%9d%9f%b2%f0%9d%9f%b2%f0%9d%9f%af%f0%9d%9f%b2-%f0%9d%9f%b1-%f0%9d%9f%ae-%f0%9d%97%9c%f0%9d%98%80%f0%9d%97%bd%f0%9d%97%b2%f0%9d%98%87%f0%9d%97%b6%f0%9d%97%bc%f0%9d%97%bb%f0%9d%97%b2-%f0%9d%97%b2\/#webpage\",\"url\":\"https:\/\/www.byronweb.net\/1%f0%9d%9f%b2%f0%9d%9f%b2%f0%9d%9f%af%f0%9d%9f%b2-%f0%9d%9f%b1-%f0%9d%9f%ae-%f0%9d%97%9c%f0%9d%98%80%f0%9d%97%bd%f0%9d%97%b2%f0%9d%98%87%f0%9d%97%b6%f0%9d%97%bc%f0%9d%97%bb%f0%9d%97%b2-%f0%9d%97%b2\/\",\"name\":\"\\ud835\\udde8\\ud835\\udde1\\ud835\\udddc \\ud835\\uddd8\\ud835\\udde1 \\ud835\\udfed\\ud835\\udff2\\ud835\\udff2\\ud835\\udfef\\ud835\\udff2 - \\ud835\\udff1.\\ud835\\udfee - \\ud835\\udddc\\ud835\\ude00\\ud835\\uddfd\\ud835\\uddf2\\ud835\\ude07\\ud835\\uddf6\\ud835\\uddfc\\ud835\\uddfb\\ud835\\uddf2 \\ud835\\uddf2 \\ud835\\udde9\\ud835\\uddee\\ud835\\uddf9\\ud835\\ude02\\ud835\\ude01\\ud835\\uddee\\ud835\\ude07\\ud835\\uddf6\\ud835\\uddfc\\ud835\\uddfb\\ud835\\uddf2 \\ud835\\uddf1\\ud835\\uddf2\\ud835\\uddf9 sito -\",\"isPartOf\":{\"@id\":\"https:\/\/www.byronweb.net\/es\/#website\"},\"primaryImageOfPage\":{\"@id\":\"https:\/\/www.byronweb.net\/1%f0%9d%9f%b2%f0%9d%9f%b2%f0%9d%9f%af%f0%9d%9f%b2-%f0%9d%9f%b1-%f0%9d%9f%ae-%f0%9d%97%9c%f0%9d%98%80%f0%9d%97%bd%f0%9d%97%b2%f0%9d%98%87%f0%9d%97%b6%f0%9d%97%bc%f0%9d%97%bb%f0%9d%97%b2-%f0%9d%97%b2\/#primaryimage\"},\"datePublished\":\"2024-03-29T09:41:06+00:00\",\"dateModified\":\"2024-03-29T09:51:16+00:00\",\"inLanguage\":\"es-ES\",\"potentialAction\":[{\"@type\":\"ReadAction\",\"target\":[\"https:\/\/www.byronweb.net\/1%f0%9d%9f%b2%f0%9d%9f%b2%f0%9d%9f%af%f0%9d%9f%b2-%f0%9d%9f%b1-%f0%9d%9f%ae-%f0%9d%97%9c%f0%9d%98%80%f0%9d%97%bd%f0%9d%97%b2%f0%9d%98%87%f0%9d%97%b6%f0%9d%97%bc%f0%9d%97%bb%f0%9d%97%b2-%f0%9d%97%b2\/\"]}]}]}<\/script>\n<!-- \/ Yoast SEO plugin. -->","_links":{"self":[{"href":"https:\/\/www.byronweb.net\/es\/wp-json\/wp\/v2\/pages\/2376"}],"collection":[{"href":"https:\/\/www.byronweb.net\/es\/wp-json\/wp\/v2\/pages"}],"about":[{"href":"https:\/\/www.byronweb.net\/es\/wp-json\/wp\/v2\/types\/page"}],"author":[{"embeddable":true,"href":"https:\/\/www.byronweb.net\/es\/wp-json\/wp\/v2\/users\/1"}],"replies":[{"embeddable":true,"href":"https:\/\/www.byronweb.net\/es\/wp-json\/wp\/v2\/comments?post=2376"}],"version-history":[{"count":8,"href":"https:\/\/www.byronweb.net\/es\/wp-json\/wp\/v2\/pages\/2376\/revisions"}],"predecessor-version":[{"id":2386,"href":"https:\/\/www.byronweb.net\/es\/wp-json\/wp\/v2\/pages\/2376\/revisions\/2386"}],"wp:attachment":[{"href":"https:\/\/www.byronweb.net\/es\/wp-json\/wp\/v2\/media?parent=2376"}],"curies":[{"name":"wp","href":"https:\/\/api.w.org\/{rel}","templated":true}]}}