{"id":2412,"date":"2024-04-09T17:11:32","date_gmt":"2024-04-09T15:11:32","guid":{"rendered":"https:\/\/www.byronweb.net\/?page_id=2412"},"modified":"2024-04-09T17:14:29","modified_gmt":"2024-04-09T15:14:29","slug":"%f0%9d%9f%ad%f0%9d%9f%b2%f0%9d%9f%b2%f0%9d%9f%af%f0%9d%9f%b2-%f0%9d%9f%b1-3-possibili-cause","status":"publish","type":"page","link":"https:\/\/www.byronweb.net\/es\/%f0%9d%9f%ad%f0%9d%9f%b2%f0%9d%9f%b2%f0%9d%9f%af%f0%9d%9f%b2-%f0%9d%9f%b1-3-possibili-cause\/","title":{"rendered":"\ud835\udde8\ud835\udde1\ud835\udddc \ud835\uddd8\ud835\udde1 \ud835\udfed\ud835\udff2\ud835\udff2\ud835\udfef\ud835\udff2 \u2013 \ud835\udff1.\ud835\udfef \u2013 An\u00e1lisis de las posibles causas"},"content":{"rendered":"<div data-elementor-type=\"wp-page\" data-elementor-id=\"2412\" class=\"elementor elementor-2412\">\n\t\t\t\t\t\t\t\t\t<section class=\"elementor-section elementor-top-section elementor-element elementor-element-737f02f elementor-section-boxed elementor-section-height-default elementor-section-height-default\" data-id=\"737f02f\" data-element_type=\"section\">\n\t\t\t\t\t\t<div class=\"elementor-container elementor-column-gap-default\">\n\t\t\t\t\t<div class=\"elementor-column elementor-col-100 elementor-top-column elementor-element elementor-element-c65c966\" data-id=\"c65c966\" data-element_type=\"column\">\n\t\t\t<div class=\"elementor-widget-wrap elementor-element-populated\">\n\t\t\t\t\t\t\t\t<div class=\"elementor-element elementor-element-41e885e elementor-widget elementor-widget-text-editor\" data-id=\"41e885e\" data-element_type=\"widget\" data-widget_type=\"text-editor.default\">\n\t\t\t\t<div class=\"elementor-widget-container\">\n\t\t\t<style>\/*! elementor - v3.6.2 - 04-04-2022 *\/\n.elementor-widget-text-editor.elementor-drop-cap-view-stacked .elementor-drop-cap{background-color:#818a91;color:#fff}.elementor-widget-text-editor.elementor-drop-cap-view-framed .elementor-drop-cap{color:#818a91;border:3px solid;background-color:transparent}.elementor-widget-text-editor:not(.elementor-drop-cap-view-default) .elementor-drop-cap{margin-top:8px}.elementor-widget-text-editor:not(.elementor-drop-cap-view-default) .elementor-drop-cap-letter{width:1em;height:1em}.elementor-widget-text-editor .elementor-drop-cap{float:left;text-align:center;line-height:1;font-size:50px}.elementor-widget-text-editor .elementor-drop-cap-letter{display:inline-block}<\/style>\t\t\t\t<p>\ud835\udde8\ud835\udde1\ud835\udddc \ud835\uddd8\ud835\udde1 \ud835\udfed\ud835\udff2\ud835\udff2\ud835\udfef\ud835\udff2 \u2013 \ud835\udff1.\ud835\udfef \u2013 An\u00e1lisis de las posibles causas<br \/><br \/>Identificar las posibles causas de la infestaci\u00f3n es esencial por diferentes razones:<br \/><br \/>1. **Precisi\u00f3n en el tratamiento**: Identificar correctamente las causas de la infestaci\u00f3n permite al profesional adoptar un enfoque espec\u00edfico en el tratamiento. En lugar de limitarse a gestionar los s\u00edntomas superficiales, el profesional puede detectar directamente el origen del problema, garantizando una soluci\u00f3n m\u00e1s eficaz y duradera.<br \/><br \/>2. **Prevenci\u00f3n de la reinfestaci\u00f3n**: Tratar los s\u00edntomas sin afrontar las causas puede provocar una reinfestaci\u00f3n con el paso del tiempo. Identificar y eliminar las fuentes de la infestaci\u00f3n reduce significativamente el riesgo de una nueva infestaci\u00f3n, salvaguardando as\u00ed el medio ambiente a largo plazo y reduciendo la necesidad de tratamientos adicionales. Hay muchos elementos a tener en cuenta: grietas, mosquiteras rotas, acumulaciones de residuos, t\u00faneles, desvanes y cualquier otro problema estructural.<br \/><br \/>3. **Eficiencia y ahorro**: Una identificaci\u00f3n precisa permite al profesional optimizar el uso de los recursos, reduciendo tanto el tiempo como los costes necesarios para resolver el problema. Afrontar las causas directamente evita la p\u00e9rdida de tiempo y dinero provocada por tratamientos ineficaces o repetidos.<br \/><br \/>4. **Salud y seguridad**: Comprender las causas de la infestaci\u00f3n no solo protege la estructura de los da\u00f1os causados \u200b\u200bpor las plagas, sino tambi\u00e9n la salud y seguridad de sus ocupantes. Algunas infestaciones pueden causar riesgos para la salud humana, como al\u00e9rgenos o enfermedades transmitidas por insectos. Enfrentar las causas con prontitud y precisi\u00f3n ayuda a mantener un entorno seguro y saludable.<\/p><p><img loading=\"lazy\" class=\"aligncenter size-large wp-image-2414\" src=\"https:\/\/www.byronweb.net\/wp-content\/uploads\/2024\/04\/434947979_956396593153798_6996587203755138411_n-1024x858.jpg\" alt=\"\" width=\"750\" height=\"628\" srcset=\"https:\/\/www.byronweb.net\/wp-content\/uploads\/2024\/04\/434947979_956396593153798_6996587203755138411_n-1024x858.jpg 1024w, https:\/\/www.byronweb.net\/wp-content\/uploads\/2024\/04\/434947979_956396593153798_6996587203755138411_n-300x251.jpg 300w, https:\/\/www.byronweb.net\/wp-content\/uploads\/2024\/04\/434947979_956396593153798_6996587203755138411_n-768x644.jpg 768w, https:\/\/www.byronweb.net\/wp-content\/uploads\/2024\/04\/434947979_956396593153798_6996587203755138411_n-14x12.jpg 14w, https:\/\/www.byronweb.net\/wp-content\/uploads\/2024\/04\/434947979_956396593153798_6996587203755138411_n.jpg 1410w\" sizes=\"(max-width: 750px) 100vw, 750px\" \/><\/p>\t\t\t\t\t\t<\/div>\n\t\t\t\t<\/div>\n\t\t\t\t\t<\/div>\n\t\t<\/div>\n\t\t\t\t\t\t\t<\/div>\n\t\t<\/section>\n\t\t\t\t\t\t\t<\/div>","protected":false},"excerpt":{"rendered":"<p>\ud835\udde8\ud835\udde1\ud835\udddc \ud835\uddd8\ud835\udde1 \ud835\udfed\ud835\udff2\ud835\udff2\ud835\udfef\ud835\udff2 &#8211; \ud835\udff1.\ud835\udfef &#8211; \ud835\uddd4\ud835\uddfb\ud835\uddee\ud835\uddf9\ud835\uddf6\ud835\ude00\ud835\uddf6 \ud835\ude00\ud835\ude02\ud835\uddf9\ud835\uddf9\ud835\uddf2 \ud835\uddfd\ud835\uddfc\ud835\ude00\ud835\ude00\ud835\uddf6\ud835\uddef\ud835\uddf6\ud835\uddf9\ud835\uddf6 \ud835\uddf0\ud835\uddee\ud835\ude02\ud835\ude00\ud835\uddf2 L&#8217;identificazione delle possibili cause dell&#8217;infestazione durante il sopralluogo \u00e8 fondamentale per diversi motivi: 1. **Precisione nel trattamento**: Identificare correttamente le cause dell&#8217;infestazione consente al disinfestatore di adottare un approccio mirato nel trattamento. Piuttosto che limitarsi a gestire i sintomi superficiali, il professionista pu\u00f2 affrontare direttamente [&hellip;]<\/p>","protected":false},"author":1,"featured_media":0,"parent":0,"menu_order":0,"comment_status":"closed","ping_status":"closed","template":"","meta":[],"yoast_head":"<!-- This site is optimized with the Yoast SEO plugin v14.9 - https:\/\/yoast.com\/wordpress\/plugins\/seo\/ -->\n<title>\ud835\udde8\ud835\udde1\ud835\udddc \ud835\uddd8\ud835\udde1 \ud835\udfed\ud835\udff2\ud835\udff2\ud835\udfef\ud835\udff2 - \ud835\udff1.\ud835\udfef - \ud835\uddd4\ud835\uddfb\ud835\uddee\ud835\uddf9\ud835\uddf6\ud835\ude00\ud835\uddf6 \ud835\ude00\ud835\ude02\ud835\uddf9\ud835\uddf9\ud835\uddf2 \ud835\uddfd\ud835\uddfc\ud835\ude00\ud835\ude00\ud835\uddf6\ud835\uddef\ud835\uddf6\ud835\uddf9\ud835\uddf6 \ud835\uddf0\ud835\uddeeuse -<\/title>\n<meta name=\"robots\" content=\"index, follow, max-snippet:-1, max-image-preview:large, max-video-preview:-1\" \/>\n<link rel=\"canonical\" href=\"https:\/\/www.byronweb.net\/es\/\ud835\udfed\ud835\udff2\ud835\udff2\ud835\udfef\ud835\udff2-\ud835\udff1-3-possibili-cause\/\" \/>\n<meta property=\"og:locale\" content=\"es_ES\" \/>\n<meta property=\"og:type\" content=\"article\" \/>\n<meta property=\"og:title\" content=\"\ud835\udde8\ud835\udde1\ud835\udddc \ud835\uddd8\ud835\udde1 \ud835\udfed\ud835\udff2\ud835\udff2\ud835\udfef\ud835\udff2 - \ud835\udff1.\ud835\udfef - \ud835\uddd4\ud835\uddfb\ud835\uddee\ud835\uddf9\ud835\uddf6\ud835\ude00\ud835\uddf6 \ud835\ude00\ud835\ude02\ud835\uddf9\ud835\uddf9\ud835\uddf2 \ud835\uddfd\ud835\uddfc\ud835\ude00\ud835\ude00\ud835\uddf6\ud835\uddef\ud835\uddf6\ud835\uddf9\ud835\uddf6 \ud835\uddf0\ud835\uddeeuse -\" \/>\n<meta property=\"og:description\" content=\"\ud835\udde8\ud835\udde1\ud835\udddc \ud835\uddd8\ud835\udde1 \ud835\udfed\ud835\udff2\ud835\udff2\ud835\udfef\ud835\udff2 &#8211; \ud835\udff1.\ud835\udfef &#8211; \ud835\uddd4\ud835\uddfb\ud835\uddee\ud835\uddf9\ud835\uddf6\ud835\ude00\ud835\uddf6 \ud835\ude00\ud835\ude02\ud835\uddf9\ud835\uddf9\ud835\uddf2 \ud835\uddfd\ud835\uddfc\ud835\ude00\ud835\ude00\ud835\uddf6\ud835\uddef\ud835\uddf6\ud835\uddf9\ud835\uddf6 \ud835\uddf0\ud835\uddee\ud835\ude02\ud835\ude00\ud835\uddf2 L&#8217;identificazione delle possibili cause dell&#8217;infestazione durante il sopralluogo \u00e8 fondamentale per diversi motivi: 1. **Precisione nel trattamento**: Identificare correttamente le cause dell&#8217;infestazione consente al disinfestatore di adottare un approccio mirato nel trattamento. Piuttosto che limitarsi a gestire i sintomi superficiali, il professionista pu\u00f2 affrontare direttamente [&hellip;]\" \/>\n<meta property=\"og:url\" content=\"https:\/\/www.byronweb.net\/es\/\ud835\udfed\ud835\udff2\ud835\udff2\ud835\udfef\ud835\udff2-\ud835\udff1-3-possibili-cause\/\" \/>\n<meta property=\"article:modified_time\" content=\"2024-04-09T15:14:29+00:00\" \/>\n<meta property=\"og:image\" content=\"https:\/\/www.byronweb.net\/wp-content\/uploads\/2024\/04\/434947979_956396593153798_6996587203755138411_n-1024x858.jpg\" \/>\n<meta name=\"twitter:card\" content=\"summary_large_image\" \/>\n<script type=\"application\/ld+json\" class=\"yoast-schema-graph\">{\"@context\":\"https:\/\/schema.org\",\"@graph\":[{\"@type\":\"WebSite\",\"@id\":\"https:\/\/www.byronweb.net\/es\/#website\",\"url\":\"https:\/\/www.byronweb.net\/es\/\",\"name\":\"\",\"description\":\"\",\"potentialAction\":[{\"@type\":\"SearchAction\",\"target\":\"https:\/\/www.byronweb.net\/es\/?s={search_term_string}\",\"query-input\":\"required name=search_term_string\"}],\"inLanguage\":\"es-ES\"},{\"@type\":\"ImageObject\",\"@id\":\"https:\/\/www.byronweb.net\/%f0%9d%9f%ad%f0%9d%9f%b2%f0%9d%9f%b2%f0%9d%9f%af%f0%9d%9f%b2-%f0%9d%9f%b1-3-possibili-cause\/#primaryimage\",\"inLanguage\":\"es-ES\",\"url\":\"https:\/\/www.byronweb.net\/wp-content\/uploads\/2024\/04\/434947979_956396593153798_6996587203755138411_n.jpg\",\"width\":1410,\"height\":1182},{\"@type\":\"WebPage\",\"@id\":\"https:\/\/www.byronweb.net\/%f0%9d%9f%ad%f0%9d%9f%b2%f0%9d%9f%b2%f0%9d%9f%af%f0%9d%9f%b2-%f0%9d%9f%b1-3-possibili-cause\/#webpage\",\"url\":\"https:\/\/www.byronweb.net\/%f0%9d%9f%ad%f0%9d%9f%b2%f0%9d%9f%b2%f0%9d%9f%af%f0%9d%9f%b2-%f0%9d%9f%b1-3-possibili-cause\/\",\"name\":\"\\ud835\\udde8\\ud835\\udde1\\ud835\\udddc \\ud835\\uddd8\\ud835\\udde1 \\ud835\\udfed\\ud835\\udff2\\ud835\\udff2\\ud835\\udfef\\ud835\\udff2 - \\ud835\\udff1.\\ud835\\udfef - \\ud835\\uddd4\\ud835\\uddfb\\ud835\\uddee\\ud835\\uddf9\\ud835\\uddf6\\ud835\\ude00\\ud835\\uddf6 \\ud835\\ude00\\ud835\\ude02\\ud835\\uddf9\\ud835\\uddf9\\ud835\\uddf2 \\ud835\\uddfd\\ud835\\uddfc\\ud835\\ude00\\ud835\\ude00\\ud835\\uddf6\\ud835\\uddef\\ud835\\uddf6\\ud835\\uddf9\\ud835\\uddf6 \\ud835\\uddf0\\ud835\\uddeeuse -\",\"isPartOf\":{\"@id\":\"https:\/\/www.byronweb.net\/es\/#website\"},\"primaryImageOfPage\":{\"@id\":\"https:\/\/www.byronweb.net\/%f0%9d%9f%ad%f0%9d%9f%b2%f0%9d%9f%b2%f0%9d%9f%af%f0%9d%9f%b2-%f0%9d%9f%b1-3-possibili-cause\/#primaryimage\"},\"datePublished\":\"2024-04-09T15:11:32+00:00\",\"dateModified\":\"2024-04-09T15:14:29+00:00\",\"inLanguage\":\"es-ES\",\"potentialAction\":[{\"@type\":\"ReadAction\",\"target\":[\"https:\/\/www.byronweb.net\/%f0%9d%9f%ad%f0%9d%9f%b2%f0%9d%9f%b2%f0%9d%9f%af%f0%9d%9f%b2-%f0%9d%9f%b1-3-possibili-cause\/\"]}]}]}<\/script>\n<!-- \/ Yoast SEO plugin. -->","_links":{"self":[{"href":"https:\/\/www.byronweb.net\/es\/wp-json\/wp\/v2\/pages\/2412"}],"collection":[{"href":"https:\/\/www.byronweb.net\/es\/wp-json\/wp\/v2\/pages"}],"about":[{"href":"https:\/\/www.byronweb.net\/es\/wp-json\/wp\/v2\/types\/page"}],"author":[{"embeddable":true,"href":"https:\/\/www.byronweb.net\/es\/wp-json\/wp\/v2\/users\/1"}],"replies":[{"embeddable":true,"href":"https:\/\/www.byronweb.net\/es\/wp-json\/wp\/v2\/comments?post=2412"}],"version-history":[{"count":5,"href":"https:\/\/www.byronweb.net\/es\/wp-json\/wp\/v2\/pages\/2412\/revisions"}],"predecessor-version":[{"id":2419,"href":"https:\/\/www.byronweb.net\/es\/wp-json\/wp\/v2\/pages\/2412\/revisions\/2419"}],"wp:attachment":[{"href":"https:\/\/www.byronweb.net\/es\/wp-json\/wp\/v2\/media?parent=2412"}],"curies":[{"name":"wp","href":"https:\/\/api.w.org\/{rel}","templated":true}]}}