{"id":2420,"date":"2024-04-09T17:27:18","date_gmt":"2024-04-09T15:27:18","guid":{"rendered":"https:\/\/www.byronweb.net\/?page_id=2420"},"modified":"2024-04-10T16:47:56","modified_gmt":"2024-04-10T14:47:56","slug":"16636-valutazione-del-rischio-sintetica","status":"publish","type":"page","link":"https:\/\/www.byronweb.net\/es\/16636-valutazione-del-rischio-sintetica\/","title":{"rendered":"UNI EN 16636 &#8211; 5.4 &#8211; Valutazione del rischio sintetica"},"content":{"rendered":"<div data-elementor-type=\"wp-page\" data-elementor-id=\"2420\" class=\"elementor elementor-2420\">\n\t\t\t\t\t\t\t\t\t<section class=\"elementor-section elementor-top-section elementor-element elementor-element-7dbf8b0 elementor-section-boxed elementor-section-height-default elementor-section-height-default\" data-id=\"7dbf8b0\" data-element_type=\"section\">\n\t\t\t\t\t\t<div class=\"elementor-container elementor-column-gap-default\">\n\t\t\t\t\t<div class=\"elementor-column elementor-col-100 elementor-top-column elementor-element elementor-element-9d97e91\" data-id=\"9d97e91\" data-element_type=\"column\">\n\t\t\t<div class=\"elementor-widget-wrap elementor-element-populated\">\n\t\t\t\t\t\t\t\t<div class=\"elementor-element elementor-element-362e6ba elementor-widget elementor-widget-text-editor\" data-id=\"362e6ba\" data-element_type=\"widget\" data-widget_type=\"text-editor.default\">\n\t\t\t\t<div class=\"elementor-widget-container\">\n\t\t\t<style>\/*! elementor - v3.6.2 - 04-04-2022 *\/\n.elementor-widget-text-editor.elementor-drop-cap-view-stacked .elementor-drop-cap{background-color:#818a91;color:#fff}.elementor-widget-text-editor.elementor-drop-cap-view-framed .elementor-drop-cap{color:#818a91;border:3px solid;background-color:transparent}.elementor-widget-text-editor:not(.elementor-drop-cap-view-default) .elementor-drop-cap{margin-top:8px}.elementor-widget-text-editor:not(.elementor-drop-cap-view-default) .elementor-drop-cap-letter{width:1em;height:1em}.elementor-widget-text-editor .elementor-drop-cap{float:left;text-align:center;line-height:1;font-size:50px}.elementor-widget-text-editor .elementor-drop-cap-letter{display:inline-block}<\/style>\t\t\t\t<p><span style=\"font-family: var( --e-global-typography-text-font-family ), Sans-serif; font-weight: var( --e-global-typography-text-font-weight );\">En el sector del Control de Plagas la evaluaci\u00f3n de riesgos es de fundamental importancia para garantizar la seguridad integral y la correcta gesti\u00f3n de los tratamientos de desinfestaci\u00f3n.<\/span><\/p><ol><li><p><strong>C\u00e1lculo de riesgo<\/strong>:<\/p><ul><li>El riesgo se calcula multiplicando dos \u00edndices fundamentales: la probabilidad de que ocurra un evento da\u00f1ino y la gravedad de las consecuencias relacionadas.<\/li><\/ul><\/li><li><p><strong>Ponderaci\u00f3n del \u00edndice de riesgo<\/strong>:<\/p><ul><li>Despu\u00e9s de haber calculado el \u00edndice de riesgo, este se eval\u00faa teniendo en cuenta el contexto espec\u00edfico del sitio. Por ejemplo, un riesgo alto en un \u00e1rea externa lejos del establecimiemto puede requerir acciones correctivas diferentes a las de un riesgo alto detectado dentro de un departamento de producci\u00f3n o donde las materias primas est\u00e1n expuestas.<\/li><\/ul><\/li><li><p><strong>Uso de la matriz de evaluaci\u00f3n de riesgos<\/strong>:<\/p><ul><li>La matriz de evaluaci\u00f3n de riesgos ofrece un documento sint\u00e9tico que puede compararse a un An\u00e1lisis de Riesgos para la Seguridad en el Trabajo o un Plan de Seguridad. Este documento permite mostrar al cliente lo que podr\u00eda pasar si no se lleva a cabo el plan de seguimiento sugerido, junto con las acciones correctivas.<\/li><\/ul><\/li><li><p><strong>Papel de la evaluaci\u00f3n de riesgo sint\u00e9tica en la fase de oferta<\/strong>:<\/p><ul><li>La evaluaci\u00f3n sint\u00e9tica del riesgo es un elemento crucial tambi\u00e9n en la fase de oferta. Evita dar demasiados detalles al cliente potencial, reduciendo el riesgo de que intente manejar el control de plagas por s\u00ed mismo o comparta los detalles con un competidor.<\/li><\/ul><\/li><\/ol><p>En resumen, la evaluaci\u00f3n de riesgos en el Control de Plagas no s\u00f3lo garantiza la seguridad en el lugar de trabajo y la correcta gesti\u00f3n de las operaciones, sino tambi\u00e9n es fundamental para proporcionar al cliente una informaci\u00f3n clara y preventiva para salvaguardar el medio ambiente y la salud p\u00fablica.<\/p><p><img loading=\"lazy\" class=\"aligncenter size-large wp-image-2422\" src=\"https:\/\/www.byronweb.net\/wp-content\/uploads\/2024\/04\/unien-16636-5.4-1024x858.png\" alt=\"\" width=\"750\" height=\"628\" srcset=\"https:\/\/www.byronweb.net\/wp-content\/uploads\/2024\/04\/unien-16636-5.4-1024x858.png 1024w, https:\/\/www.byronweb.net\/wp-content\/uploads\/2024\/04\/unien-16636-5.4-300x252.png 300w, https:\/\/www.byronweb.net\/wp-content\/uploads\/2024\/04\/unien-16636-5.4-768x644.png 768w, https:\/\/www.byronweb.net\/wp-content\/uploads\/2024\/04\/unien-16636-5.4-1536x1288.png 1536w, https:\/\/www.byronweb.net\/wp-content\/uploads\/2024\/04\/unien-16636-5.4-14x12.png 14w, https:\/\/www.byronweb.net\/wp-content\/uploads\/2024\/04\/unien-16636-5.4.png 1763w\" sizes=\"(max-width: 750px) 100vw, 750px\" \/><\/p>\t\t\t\t\t\t<\/div>\n\t\t\t\t<\/div>\n\t\t\t\t\t<\/div>\n\t\t<\/div>\n\t\t\t\t\t\t\t<\/div>\n\t\t<\/section>\n\t\t\t\t\t\t\t<\/div>","protected":false},"excerpt":{"rendered":"<p>Nel settore del Pest Control, la valutazione del rischio \u00e8 di fondamentale importanza per garantire la sicurezza complessiva e la corretta gestione degli interventi di disinfestazione. Calcolo del rischio: Il rischio viene calcolato moltiplicando due indici fondamentali: la probabilit\u00e0 di occorrenza di un evento dannoso e la gravit\u00e0 delle conseguenze associate. Ponderazione dell&#8217;indice rischio: Una [&hellip;]<\/p>","protected":false},"author":1,"featured_media":0,"parent":0,"menu_order":0,"comment_status":"closed","ping_status":"closed","template":"","meta":[],"yoast_head":"<!-- This site is optimized with the Yoast SEO plugin v14.9 - https:\/\/yoast.com\/wordpress\/plugins\/seo\/ -->\n<title>UNI EN 16636 - 5.4 - Valutazione del rischio sintetica -<\/title>\n<meta name=\"robots\" content=\"index, follow, max-snippet:-1, max-image-preview:large, max-video-preview:-1\" \/>\n<link rel=\"canonical\" href=\"https:\/\/www.byronweb.net\/es\/16636-valutazione-del-rischio-sintetica\/\" \/>\n<meta property=\"og:locale\" content=\"es_ES\" \/>\n<meta property=\"og:type\" content=\"article\" \/>\n<meta property=\"og:title\" content=\"UNI EN 16636 - 5.4 - Valutazione del rischio sintetica -\" \/>\n<meta property=\"og:description\" content=\"Nel settore del Pest Control, la valutazione del rischio \u00e8 di fondamentale importanza per garantire la sicurezza complessiva e la corretta gestione degli interventi di disinfestazione. Calcolo del rischio: Il rischio viene calcolato moltiplicando due indici fondamentali: la probabilit\u00e0 di occorrenza di un evento dannoso e la gravit\u00e0 delle conseguenze associate. Ponderazione dell&#8217;indice rischio: Una [&hellip;]\" \/>\n<meta property=\"og:url\" content=\"https:\/\/www.byronweb.net\/es\/16636-valutazione-del-rischio-sintetica\/\" \/>\n<meta property=\"article:modified_time\" content=\"2024-04-10T14:47:56+00:00\" \/>\n<meta property=\"og:image\" content=\"https:\/\/www.byronweb.net\/wp-content\/uploads\/2024\/04\/unien-16636-5.4-1024x858.png\" \/>\n<meta name=\"twitter:card\" content=\"summary_large_image\" \/>\n<script type=\"application\/ld+json\" class=\"yoast-schema-graph\">{\"@context\":\"https:\/\/schema.org\",\"@graph\":[{\"@type\":\"WebSite\",\"@id\":\"https:\/\/www.byronweb.net\/es\/#website\",\"url\":\"https:\/\/www.byronweb.net\/es\/\",\"name\":\"\",\"description\":\"\",\"potentialAction\":[{\"@type\":\"SearchAction\",\"target\":\"https:\/\/www.byronweb.net\/es\/?s={search_term_string}\",\"query-input\":\"required name=search_term_string\"}],\"inLanguage\":\"es-ES\"},{\"@type\":\"ImageObject\",\"@id\":\"https:\/\/www.byronweb.net\/16636-valutazione-del-rischio-sintetica\/#primaryimage\",\"inLanguage\":\"es-ES\",\"url\":\"https:\/\/www.byronweb.net\/wp-content\/uploads\/2024\/04\/unien-16636-5.4.png\",\"width\":1763,\"height\":1478},{\"@type\":\"WebPage\",\"@id\":\"https:\/\/www.byronweb.net\/16636-valutazione-del-rischio-sintetica\/#webpage\",\"url\":\"https:\/\/www.byronweb.net\/16636-valutazione-del-rischio-sintetica\/\",\"name\":\"UNI EN 16636 - 5.4 - Valutazione del rischio sintetica -\",\"isPartOf\":{\"@id\":\"https:\/\/www.byronweb.net\/es\/#website\"},\"primaryImageOfPage\":{\"@id\":\"https:\/\/www.byronweb.net\/16636-valutazione-del-rischio-sintetica\/#primaryimage\"},\"datePublished\":\"2024-04-09T15:27:18+00:00\",\"dateModified\":\"2024-04-10T14:47:56+00:00\",\"inLanguage\":\"es-ES\",\"potentialAction\":[{\"@type\":\"ReadAction\",\"target\":[\"https:\/\/www.byronweb.net\/16636-valutazione-del-rischio-sintetica\/\"]}]}]}<\/script>\n<!-- \/ Yoast SEO plugin. -->","_links":{"self":[{"href":"https:\/\/www.byronweb.net\/es\/wp-json\/wp\/v2\/pages\/2420"}],"collection":[{"href":"https:\/\/www.byronweb.net\/es\/wp-json\/wp\/v2\/pages"}],"about":[{"href":"https:\/\/www.byronweb.net\/es\/wp-json\/wp\/v2\/types\/page"}],"author":[{"embeddable":true,"href":"https:\/\/www.byronweb.net\/es\/wp-json\/wp\/v2\/users\/1"}],"replies":[{"embeddable":true,"href":"https:\/\/www.byronweb.net\/es\/wp-json\/wp\/v2\/comments?post=2420"}],"version-history":[{"count":8,"href":"https:\/\/www.byronweb.net\/es\/wp-json\/wp\/v2\/pages\/2420\/revisions"}],"predecessor-version":[{"id":2430,"href":"https:\/\/www.byronweb.net\/es\/wp-json\/wp\/v2\/pages\/2420\/revisions\/2430"}],"wp:attachment":[{"href":"https:\/\/www.byronweb.net\/es\/wp-json\/wp\/v2\/media?parent=2420"}],"curies":[{"name":"wp","href":"https:\/\/api.w.org\/{rel}","templated":true}]}}