{"id":2436,"date":"2024-04-19T09:29:58","date_gmt":"2024-04-19T07:29:58","guid":{"rendered":"https:\/\/www.byronweb.net\/?page_id=2436"},"modified":"2024-04-19T09:36:48","modified_gmt":"2024-04-19T07:36:48","slug":"16636-5-5-campo-di-applicazione-legale","status":"publish","type":"page","link":"https:\/\/www.byronweb.net\/es\/16636-5-5-campo-di-applicazione-legale\/","title":{"rendered":"UNI EN 16636 \u2013 5.5 Definici\u00f3n del campo de aplicaci\u00f3n legal"},"content":{"rendered":"<div data-elementor-type=\"wp-page\" data-elementor-id=\"2436\" class=\"elementor elementor-2436\">\n\t\t\t\t\t\t\t\t\t<section class=\"elementor-section elementor-top-section elementor-element elementor-element-91bab6c elementor-section-boxed elementor-section-height-default elementor-section-height-default\" data-id=\"91bab6c\" data-element_type=\"section\">\n\t\t\t\t\t\t<div class=\"elementor-container elementor-column-gap-default\">\n\t\t\t\t\t<div class=\"elementor-column elementor-col-100 elementor-top-column elementor-element elementor-element-5485349\" data-id=\"5485349\" data-element_type=\"column\">\n\t\t\t<div class=\"elementor-widget-wrap elementor-element-populated\">\n\t\t\t\t\t\t\t\t<div class=\"elementor-element elementor-element-6dd3875 elementor-widget elementor-widget-text-editor\" data-id=\"6dd3875\" data-element_type=\"widget\" data-widget_type=\"text-editor.default\">\n\t\t\t\t<div class=\"elementor-widget-container\">\n\t\t\t<style>\/*! elementor - v3.6.2 - 04-04-2022 *\/\n.elementor-widget-text-editor.elementor-drop-cap-view-stacked .elementor-drop-cap{background-color:#818a91;color:#fff}.elementor-widget-text-editor.elementor-drop-cap-view-framed .elementor-drop-cap{color:#818a91;border:3px solid;background-color:transparent}.elementor-widget-text-editor:not(.elementor-drop-cap-view-default) .elementor-drop-cap{margin-top:8px}.elementor-widget-text-editor:not(.elementor-drop-cap-view-default) .elementor-drop-cap-letter{width:1em;height:1em}.elementor-widget-text-editor .elementor-drop-cap{float:left;text-align:center;line-height:1;font-size:50px}.elementor-widget-text-editor .elementor-drop-cap-letter{display:inline-block}<\/style>\t\t\t\t<p>Muchas veces damos por sentada la importancia de cumplir con las leyes y regulaciones locales en materia de uso de pesticidas y pr\u00e1cticas de control de plagas. Pero \u00bfpor qu\u00e9 es tan importante?<\/p><p>En primer lugar cumplir con la normativa es fundamental para evitar sanciones legales o multas. Pero eso no es todo: proteger el medio ambiente, garantizar la seguridad de los operadores del sector y del p\u00fablico y reducir el riesgo de acciones legales son solo algunas de las razones por las que es esencial estar al tanto de las leyes y regulaciones.<\/p><p>Es un paso importante para garantizar que el trabajo se realice cumpliendo con la normativa y de manera segura y eficiente. Aqu\u00ed se listan algunos puntos fundamentales sobre el p\u00e1rrafo 5.5 de UNI EN 16636<\/p><ol><li><p><strong>Cumplimiento normativo<\/strong>: Es fundamental cumplir con las leyes y regulaciones locales sobre el uso de pesticidas y los tratamientos de control de plagas. Una revisi\u00f3n cuidadosa de la normativa legal ayuda a garantizar que el procesamiento se realice en cumplimiento con las disposiciones legales vigentes, evitando as\u00ed sanciones legales o multas.<\/p><\/li><li><p><strong>Protecci\u00f3n del medio ambiente<\/strong>: Las leyes ambientales a menudo imponen restricciones al uso de pesticidas para proteger y preservar ecosistemas sensibles, los recursos h\u00eddricos y la biodiversidad. Comprender estas regulaciones ayuda a evitar da\u00f1os al medio ambiente y contribuir a la conservaci\u00f3n.<\/p><\/li><li><p><strong>Seguridad de los trabajadores y del p\u00fablico<\/strong>: El conocimiento adecuado de las leyes y reglamentos relacionados con la seguridad y el uso de pesticidas ayuda a proteger al personal involucrado en el control de plagas y al p\u00fablico en general de exposiciones da\u00f1inas o accidentes.<\/p><\/li><li><p><strong>Responsabilidad legal<\/strong>: Estar al tanto de las leyes y regulaciones pertinentes reduce el riesgo de demandas de terceros en caso de da\u00f1os a la propiedad, da\u00f1os ambientales o lesiones personales causados \u200b\u200bdurante el control de plagas.<\/p><\/li><li><p><strong>Eficiencia operacional<\/strong>: Comprender el marco legal permite planificar y ejecutar el control de plagas de manera eficiente, evitando retrasos o interrupciones debido a disputas legales o violaciones regulatorias.<\/p><\/li><\/ol><p><img loading=\"lazy\" class=\"aligncenter size-large wp-image-2438\" src=\"https:\/\/www.byronweb.net\/wp-content\/uploads\/2024\/04\/16636-5.5-1024x858.png\" alt=\"\" width=\"750\" height=\"628\" srcset=\"https:\/\/www.byronweb.net\/wp-content\/uploads\/2024\/04\/16636-5.5-1024x858.png 1024w, https:\/\/www.byronweb.net\/wp-content\/uploads\/2024\/04\/16636-5.5-300x251.png 300w, https:\/\/www.byronweb.net\/wp-content\/uploads\/2024\/04\/16636-5.5-768x644.png 768w, https:\/\/www.byronweb.net\/wp-content\/uploads\/2024\/04\/16636-5.5-14x12.png 14w, https:\/\/www.byronweb.net\/wp-content\/uploads\/2024\/04\/16636-5.5.png 1410w\" sizes=\"(max-width: 750px) 100vw, 750px\" \/><\/p>\t\t\t\t\t\t<\/div>\n\t\t\t\t<\/div>\n\t\t\t\t\t<\/div>\n\t\t<\/div>\n\t\t\t\t\t\t\t<\/div>\n\t\t<\/section>\n\t\t\t\t\t\t\t<\/div>","protected":false},"excerpt":{"rendered":"<p>Molte volte diamo per scontato l&#8217;importanza di rispettare le leggi e i regolamenti locali quando si tratta di utilizzare pesticidi e pratiche di controllo degli infestanti. Ma perch\u00e9 \u00e8 cos\u00ec importante? Innanzitutto, rispettare le normative \u00e8 essenziale per evitare sanzioni legali o multe. Ma non \u00e8 tutto: proteggere l&#8217;ambiente, garantire la sicurezza di chi lavora [&hellip;]<\/p>","protected":false},"author":1,"featured_media":0,"parent":0,"menu_order":0,"comment_status":"closed","ping_status":"closed","template":"","meta":[],"yoast_head":"<!-- This site is optimized with the Yoast SEO plugin v14.9 - https:\/\/yoast.com\/wordpress\/plugins\/seo\/ -->\n<title>UNI EN 16636 \u2013 5.5 Definizione del campo di applicazione legale -<\/title>\n<meta name=\"robots\" content=\"index, follow, max-snippet:-1, max-image-preview:large, max-video-preview:-1\" \/>\n<link rel=\"canonical\" href=\"https:\/\/www.byronweb.net\/es\/16636-5-5-campo-di-applicazione-legale\/\" \/>\n<meta property=\"og:locale\" content=\"es_ES\" \/>\n<meta property=\"og:type\" content=\"article\" \/>\n<meta property=\"og:title\" content=\"UNI EN 16636 \u2013 5.5 Definizione del campo di applicazione legale -\" \/>\n<meta property=\"og:description\" content=\"Molte volte diamo per scontato l&#8217;importanza di rispettare le leggi e i regolamenti locali quando si tratta di utilizzare pesticidi e pratiche di controllo degli infestanti. Ma perch\u00e9 \u00e8 cos\u00ec importante? Innanzitutto, rispettare le normative \u00e8 essenziale per evitare sanzioni legali o multe. Ma non \u00e8 tutto: proteggere l&#8217;ambiente, garantire la sicurezza di chi lavora [&hellip;]\" \/>\n<meta property=\"og:url\" content=\"https:\/\/www.byronweb.net\/es\/16636-5-5-campo-di-applicazione-legale\/\" \/>\n<meta property=\"article:modified_time\" content=\"2024-04-19T07:36:48+00:00\" \/>\n<meta property=\"og:image\" content=\"https:\/\/www.byronweb.net\/wp-content\/uploads\/2024\/04\/16636-5.5-1024x858.png\" \/>\n<meta name=\"twitter:card\" content=\"summary_large_image\" \/>\n<script type=\"application\/ld+json\" class=\"yoast-schema-graph\">{\"@context\":\"https:\/\/schema.org\",\"@graph\":[{\"@type\":\"WebSite\",\"@id\":\"https:\/\/www.byronweb.net\/es\/#website\",\"url\":\"https:\/\/www.byronweb.net\/es\/\",\"name\":\"\",\"description\":\"\",\"potentialAction\":[{\"@type\":\"SearchAction\",\"target\":\"https:\/\/www.byronweb.net\/es\/?s={search_term_string}\",\"query-input\":\"required name=search_term_string\"}],\"inLanguage\":\"es-ES\"},{\"@type\":\"ImageObject\",\"@id\":\"https:\/\/www.byronweb.net\/16636-5-5-campo-di-applicazione-legale\/#primaryimage\",\"inLanguage\":\"es-ES\",\"url\":\"https:\/\/www.byronweb.net\/wp-content\/uploads\/2024\/04\/16636-5.5.png\",\"width\":1410,\"height\":1182},{\"@type\":\"WebPage\",\"@id\":\"https:\/\/www.byronweb.net\/16636-5-5-campo-di-applicazione-legale\/#webpage\",\"url\":\"https:\/\/www.byronweb.net\/16636-5-5-campo-di-applicazione-legale\/\",\"name\":\"UNI EN 16636 \\u2013 5.5 Definizione del campo di applicazione legale -\",\"isPartOf\":{\"@id\":\"https:\/\/www.byronweb.net\/es\/#website\"},\"primaryImageOfPage\":{\"@id\":\"https:\/\/www.byronweb.net\/16636-5-5-campo-di-applicazione-legale\/#primaryimage\"},\"datePublished\":\"2024-04-19T07:29:58+00:00\",\"dateModified\":\"2024-04-19T07:36:48+00:00\",\"inLanguage\":\"es-ES\",\"potentialAction\":[{\"@type\":\"ReadAction\",\"target\":[\"https:\/\/www.byronweb.net\/16636-5-5-campo-di-applicazione-legale\/\"]}]}]}<\/script>\n<!-- \/ Yoast SEO plugin. -->","_links":{"self":[{"href":"https:\/\/www.byronweb.net\/es\/wp-json\/wp\/v2\/pages\/2436"}],"collection":[{"href":"https:\/\/www.byronweb.net\/es\/wp-json\/wp\/v2\/pages"}],"about":[{"href":"https:\/\/www.byronweb.net\/es\/wp-json\/wp\/v2\/types\/page"}],"author":[{"embeddable":true,"href":"https:\/\/www.byronweb.net\/es\/wp-json\/wp\/v2\/users\/1"}],"replies":[{"embeddable":true,"href":"https:\/\/www.byronweb.net\/es\/wp-json\/wp\/v2\/comments?post=2436"}],"version-history":[{"count":8,"href":"https:\/\/www.byronweb.net\/es\/wp-json\/wp\/v2\/pages\/2436\/revisions"}],"predecessor-version":[{"id":2446,"href":"https:\/\/www.byronweb.net\/es\/wp-json\/wp\/v2\/pages\/2436\/revisions\/2446"}],"wp:attachment":[{"href":"https:\/\/www.byronweb.net\/es\/wp-json\/wp\/v2\/media?parent=2436"}],"curies":[{"name":"wp","href":"https:\/\/api.w.org\/{rel}","templated":true}]}}