{"id":345,"date":"2021-05-04T17:34:43","date_gmt":"2021-05-04T15:34:43","guid":{"rendered":"https:\/\/www.byronweb.net\/?page_id=345"},"modified":"2023-02-21T12:42:35","modified_gmt":"2023-02-21T11:42:35","slug":"modulo-gestione-rifiuti-speciali","status":"publish","type":"page","link":"https:\/\/www.byronweb.net\/es\/modulo-gestione-rifiuti-speciali\/","title":{"rendered":"M\u00f3dulo gesti\u00f3n residuos especiales"},"content":{"rendered":"<div data-elementor-type=\"wp-page\" data-elementor-id=\"345\" class=\"elementor elementor-345\">\n\t\t\t\t\t\t\t\t\t<section class=\"elementor-section elementor-top-section elementor-element elementor-element-726eddfb elementor-section-boxed elementor-section-height-default elementor-section-height-default\" data-id=\"726eddfb\" data-element_type=\"section\">\n\t\t\t\t\t\t<div class=\"elementor-container elementor-column-gap-default\">\n\t\t\t\t\t<div class=\"elementor-column elementor-col-100 elementor-top-column elementor-element elementor-element-23872991\" data-id=\"23872991\" data-element_type=\"column\">\n\t\t\t<div class=\"elementor-widget-wrap elementor-element-populated\">\n\t\t\t\t\t\t\t\t<div class=\"elementor-element elementor-element-5958d463 elementor-widget elementor-widget-text-editor\" data-id=\"5958d463\" data-element_type=\"widget\" data-widget_type=\"text-editor.default\">\n\t\t\t\t<div class=\"elementor-widget-container\">\n\t\t\t<style>\/*! elementor - v3.6.2 - 04-04-2022 *\/\n.elementor-widget-text-editor.elementor-drop-cap-view-stacked .elementor-drop-cap{background-color:#818a91;color:#fff}.elementor-widget-text-editor.elementor-drop-cap-view-framed .elementor-drop-cap{color:#818a91;border:3px solid;background-color:transparent}.elementor-widget-text-editor:not(.elementor-drop-cap-view-default) .elementor-drop-cap{margin-top:8px}.elementor-widget-text-editor:not(.elementor-drop-cap-view-default) .elementor-drop-cap-letter{width:1em;height:1em}.elementor-widget-text-editor .elementor-drop-cap{float:left;text-align:center;line-height:1;font-size:50px}.elementor-widget-text-editor .elementor-drop-cap-letter{display:inline-block}<\/style>\t\t\t\t<!-- wp:paragraph -->\n<p><span style=\"font-size: 12pt; font-family: georgia, palatino, serif;\">La gesti\u00f3n de los residuos es una parte fundamental de los tratamientos en el sector del Control de Plagas.<\/span><\/p>\n<p><span style=\"font-size: 12pt; font-family: georgia, palatino, serif;\"><!-- \/wp:paragraph --><!-- wp:paragraph --><\/span><\/p>\n<p><span style=\"font-size: 12pt; font-family: georgia, palatino, serif;\">Los residuos forman parte del proceso de los servicios profesionales reglamentados por los varios est\u00e1ndares de calidad seg\u00fan la UNI EN 16636.<\/span><\/p>\n<p><span style=\"font-size: 12pt; font-family: georgia, palatino, serif;\">Hemos oficialmente estrenado en nuestra plataforma, de manera exclusiva para nuestros clientes, un m\u00f3dulo innovador y seguro que os ayudar\u00e1 a gestionar el problema de manera muy simple.<\/span><\/p>\n<p><span style=\"font-size: 12pt; font-family: georgia, palatino, serif;\"><!-- \/wp:paragraph --><!-- wp:paragraph --><\/span><\/p>\n<p><span style=\"font-size: 12pt; font-family: georgia, palatino, serif;\"><!-- \/wp:paragraph --><!-- wp:paragraph --><\/span><\/p>\n<p><span style=\"font-size: 12pt; font-family: georgia, palatino, serif;\"><strong>Posibilidad de trazar toda la cadena de suministro: desde el residuo de producci\u00f3n hasta la clasificaci\u00f3n como residuo especial con c\u00f3digo CER e inserci\u00f3n en el Registro de Carga y Descarga. <\/strong><\/span><\/p>\n<p><span style=\"font-size: 12pt; font-family: georgia, palatino, serif;\"><!-- \/wp:paragraph --><!-- wp:paragraph --><\/span><\/p>\n<p><span style=\"font-size: 12pt; font-family: georgia, palatino, serif;\"><strong>Documento de transporte interconectado con la oficina en tiempo real. <\/strong><\/span><\/p>\n<p><span style=\"font-size: 12pt; font-family: georgia, palatino, serif;\"><!-- \/wp:paragraph --><!-- wp:paragraph --><\/span><\/p>\n<p><span style=\"font-size: 12pt; font-family: georgia, palatino, serif;\"><strong>Posibilidad de emitir el recibo en el sitio a los clientes que pudieran solicitarlo para cumplir con los procedimientos certificados.<\/strong><\/span><\/p>\n<!-- \/wp:paragraph --><!-- wp:core-embed\/youtube {\"url\":\"https:\/\/www.youtube.com\/watch?v=rl1CkwJPoRg\",\"type\":\"video\",\"providerNameSlug\":\"youtube\",\"className\":\"wp-embed-aspect-16-9 wp-has-aspect-ratio\"} -->\n<figure class=\"wp-block-embed-youtube wp-block-embed is-type-video is-provider-youtube wp-embed-aspect-16-9 wp-has-aspect-ratio\">\n<div class=\"wp-block-embed__wrapper\"><iframe loading=\"lazy\" src=\"\/\/www.youtube.com\/embed\/rl1CkwJPoRg\" width=\"560\" height=\"314\" allowfullscreen=\"allowfullscreen\"><\/iframe><\/div>\n<\/figure>\n<!-- \/wp:core-embed\/youtube --><!-- wp:paragraph -->\n<p>\u00a0<\/p>\n<!-- \/wp:paragraph --><!-- wp:paragraph -->\n<p><strong><span style=\"font-family: georgia, palatino, serif; font-size: 12pt;\">Presentaci\u00f3n t\u00e9cnica m\u00f3dulo Residuos por la Bi\u00f3loga Sara Scarano del EQUIPO de ByronWeb<\/span><\/strong><\/p>\n<p>\u00a0<\/p>\n<!-- \/wp:paragraph --><!-- wp:core-embed\/youtube {\"url\":\"https:\/\/www.youtube.com\/watch?v=5Vp1H500Rno\",\"type\":\"video\",\"providerNameSlug\":\"youtube\",\"align\":\"center\",\"className\":\"wp-embed-aspect-16-9 wp-has-aspect-ratio\"} -->\n<figure class=\"wp-block-embed-youtube aligncenter wp-block-embed is-type-video is-provider-youtube wp-embed-aspect-16-9 wp-has-aspect-ratio\">\n<div class=\"wp-block-embed__wrapper\"><iframe loading=\"lazy\" src=\"\/\/www.youtube.com\/embed\/5Vp1H500Rno\" width=\"560\" height=\"314\" allowfullscreen=\"allowfullscreen\"><\/iframe><\/div>\n<\/figure>\n<!-- \/wp:core-embed\/youtube -->\t\t\t\t\t\t<\/div>\n\t\t\t\t<\/div>\n\t\t\t\t\t<\/div>\n\t\t<\/div>\n\t\t\t\t\t\t\t<\/div>\n\t\t<\/section>\n\t\t\t\t\t\t\t<\/div>","protected":false},"excerpt":{"rendered":"<p>Con il Decreto legislativo 116\/2020 la gestione dei rifiuti rappresenta una parte fondamentale nello svolgimento ordinario delle attivit\u00e0 di Pest &amp; Cleaning Management. Questi infatti sono ampiamente previsti all\u2019interno del flusso di processo dei servizi professionali normati dai vari standard di qualit\u00e0 secondo la UNI EN 16636. Abbiamo ufficialmente rilasciato all\u2019intero della nostra piattaforma, in [&hellip;]<\/p>","protected":false},"author":1,"featured_media":0,"parent":0,"menu_order":0,"comment_status":"closed","ping_status":"closed","template":"","meta":[],"yoast_head":"<!-- This site is optimized with the Yoast SEO plugin v14.9 - https:\/\/yoast.com\/wordpress\/plugins\/seo\/ -->\n<title>Modulo gestione rifiuti speciali -<\/title>\n<meta name=\"robots\" content=\"index, follow, max-snippet:-1, max-image-preview:large, max-video-preview:-1\" \/>\n<link rel=\"canonical\" href=\"https:\/\/www.byronweb.net\/es\/modulo-gestione-rifiuti-speciali\/\" \/>\n<meta property=\"og:locale\" content=\"es_ES\" \/>\n<meta property=\"og:type\" content=\"article\" \/>\n<meta property=\"og:title\" content=\"Modulo gestione rifiuti speciali -\" \/>\n<meta property=\"og:description\" content=\"Con il Decreto legislativo 116\/2020 la gestione dei rifiuti rappresenta una parte fondamentale nello svolgimento ordinario delle attivit\u00e0 di Pest &amp; Cleaning Management. Questi infatti sono ampiamente previsti all\u2019interno del flusso di processo dei servizi professionali normati dai vari standard di qualit\u00e0 secondo la UNI EN 16636. Abbiamo ufficialmente rilasciato all\u2019intero della nostra piattaforma, in [&hellip;]\" \/>\n<meta property=\"og:url\" content=\"https:\/\/www.byronweb.net\/es\/modulo-gestione-rifiuti-speciali\/\" \/>\n<meta property=\"article:modified_time\" content=\"2023-02-21T11:42:35+00:00\" \/>\n<meta name=\"twitter:card\" content=\"summary_large_image\" \/>\n<script type=\"application\/ld+json\" class=\"yoast-schema-graph\">{\"@context\":\"https:\/\/schema.org\",\"@graph\":[{\"@type\":\"WebSite\",\"@id\":\"https:\/\/www.byronweb.net\/es\/#website\",\"url\":\"https:\/\/www.byronweb.net\/es\/\",\"name\":\"\",\"description\":\"\",\"potentialAction\":[{\"@type\":\"SearchAction\",\"target\":\"https:\/\/www.byronweb.net\/es\/?s={search_term_string}\",\"query-input\":\"required name=search_term_string\"}],\"inLanguage\":\"es-ES\"},{\"@type\":\"WebPage\",\"@id\":\"https:\/\/www.byronweb.net\/modulo-gestione-rifiuti-speciali\/#webpage\",\"url\":\"https:\/\/www.byronweb.net\/modulo-gestione-rifiuti-speciali\/\",\"name\":\"Modulo gestione rifiuti speciali -\",\"isPartOf\":{\"@id\":\"https:\/\/www.byronweb.net\/es\/#website\"},\"datePublished\":\"2021-05-04T15:34:43+00:00\",\"dateModified\":\"2023-02-21T11:42:35+00:00\",\"inLanguage\":\"es-ES\",\"potentialAction\":[{\"@type\":\"ReadAction\",\"target\":[\"https:\/\/www.byronweb.net\/modulo-gestione-rifiuti-speciali\/\"]}]}]}<\/script>\n<!-- \/ Yoast SEO plugin. -->","_links":{"self":[{"href":"https:\/\/www.byronweb.net\/es\/wp-json\/wp\/v2\/pages\/345"}],"collection":[{"href":"https:\/\/www.byronweb.net\/es\/wp-json\/wp\/v2\/pages"}],"about":[{"href":"https:\/\/www.byronweb.net\/es\/wp-json\/wp\/v2\/types\/page"}],"author":[{"embeddable":true,"href":"https:\/\/www.byronweb.net\/es\/wp-json\/wp\/v2\/users\/1"}],"replies":[{"embeddable":true,"href":"https:\/\/www.byronweb.net\/es\/wp-json\/wp\/v2\/comments?post=345"}],"version-history":[{"count":22,"href":"https:\/\/www.byronweb.net\/es\/wp-json\/wp\/v2\/pages\/345\/revisions"}],"predecessor-version":[{"id":1410,"href":"https:\/\/www.byronweb.net\/es\/wp-json\/wp\/v2\/pages\/345\/revisions\/1410"}],"wp:attachment":[{"href":"https:\/\/www.byronweb.net\/es\/wp-json\/wp\/v2\/media?parent=345"}],"curies":[{"name":"wp","href":"https:\/\/api.w.org\/{rel}","templated":true}]}}