{"id":379,"date":"2021-06-25T12:42:23","date_gmt":"2021-06-25T10:42:23","guid":{"rendered":"https:\/\/www.byronweb.net\/?page_id=379"},"modified":"2024-11-20T09:50:53","modified_gmt":"2024-11-20T08:50:53","slug":"perche-scegliere-una-piattaforma-certificata-iso-27001","status":"publish","type":"page","link":"https:\/\/www.byronweb.net\/es\/perche-scegliere-una-piattaforma-certificata-iso-27001\/","title":{"rendered":"Te Garantizamos los m\u00e1s altos niveles de Seguridad"},"content":{"rendered":"<div data-elementor-type=\"wp-page\" data-elementor-id=\"379\" class=\"elementor elementor-379\">\n\t\t\t\t\t\t\t\t\t<section class=\"elementor-section elementor-top-section elementor-element elementor-element-52b224a6 elementor-section-boxed elementor-section-height-default elementor-section-height-default\" data-id=\"52b224a6\" data-element_type=\"section\">\n\t\t\t\t\t\t<div class=\"elementor-container elementor-column-gap-default\">\n\t\t\t\t\t<div class=\"elementor-column elementor-col-100 elementor-top-column elementor-element elementor-element-2187eca2\" data-id=\"2187eca2\" data-element_type=\"column\">\n\t\t\t<div class=\"elementor-widget-wrap elementor-element-populated\">\n\t\t\t\t\t\t\t\t<div class=\"elementor-element elementor-element-11e11813 elementor-widget elementor-widget-text-editor\" data-id=\"11e11813\" data-element_type=\"widget\" data-widget_type=\"text-editor.default\">\n\t\t\t\t<div class=\"elementor-widget-container\">\n\t\t\t<style>\/*! elementor - v3.6.2 - 04-04-2022 *\/\n.elementor-widget-text-editor.elementor-drop-cap-view-stacked .elementor-drop-cap{background-color:#818a91;color:#fff}.elementor-widget-text-editor.elementor-drop-cap-view-framed .elementor-drop-cap{color:#818a91;border:3px solid;background-color:transparent}.elementor-widget-text-editor:not(.elementor-drop-cap-view-default) .elementor-drop-cap{margin-top:8px}.elementor-widget-text-editor:not(.elementor-drop-cap-view-default) .elementor-drop-cap-letter{width:1em;height:1em}.elementor-widget-text-editor .elementor-drop-cap{float:left;text-align:center;line-height:1;font-size:50px}.elementor-widget-text-editor .elementor-drop-cap-letter{display:inline-block}<\/style>\t\t\t\t<p><!-- wp:paragraph --><\/p>\n<header>\n<h1>\u00bfPor qu\u00e9 elegir una plataforma gestionada por una empresa certificada UNI EN ISO 270001, ISO\/IEC 27017 e ISO\/IEC 27018?<\/h1>\n<\/header>\n<p><span style=\"font-size: 14pt;\">Las UNI EN ISO 27001, ISO\/IEC 27017 e ISO\/IEC 27018 son certificaciones internacionales que establecen\u00a0<\/span> <span style=\"font-size: 12pt; font-family: georgia, palatino, serif;\">los est\u00e1ndares para crear y mantener un Sistema de Gesti\u00f3n de Seguridad de la Informaci\u00f3n (SGSI o en ingl\u00e9s ISMS Information Security  Managament System).<\/span><\/p>\n<p><span style=\"font-size: 12pt; font-family: georgia, palatino, serif;\">E&#8217; un insieme di pol<\/span><span style=\"font-size: 12pt; font-family: georgia, palatino, serif;\">itiche, procedure, processi e sistemi che gestiscono i rischi relativi al trattamento e alla memorizzazione delle informazioni, quali ad e<\/span><span style=\"font-size: 12pt; font-family: georgia, palatino, serif;\">sempio: gli attacchi informatici, le violazioni, la perdita o il furto dei dati.<\/span><\/p>\n<p>\u00a0<\/p>\n<p><span style=\"font-size: 12pt; font-family: georgia, palatino, serif;\"><!-- \/wp:paragraph --><!-- wp:paragraph --><\/span><\/p>\n<p><span style=\"font-size: 12pt; font-family: georgia, palatino, serif;\"><!-- \/wp:paragraph --><!-- wp:paragraph --><\/span><\/p>\n<p><strong><span style=\"font-size: 12pt; font-family: georgia, palatino, serif;\">La UNI EN ISO 27001,\u00a0<\/span><\/strong><span style=\"font-size: 12pt; font-family: georgia, palatino, serif;\"><strong>ISO\/IEC 27017 e ISO\/IEC 27018\u00a0<\/strong> garantiscono che l&#8217;azienda produttrice del software ha progettato e implementato le best practice per la sicurezza delle<\/span><span style=\"font-size: 12pt; font-family: georgia, palatino, serif;\">\u00a0informazioni e dei dati gestiti.<\/span><\/p>\n<p>\u00a0<\/p>\n<p><span style=\"font-size: 12pt; font-family: georgia, palatino, serif;\"><!-- \/wp:paragraph --><!-- wp:paragraph --><\/span><\/p>\n<p><span style=\"font-size: 12pt; font-family: georgia, palatino, serif;\">El certificado demuestra que la gesti\u00f3n de los datos cumple con los est\u00e1ndares de seguridad, <\/span><span style=\"font-size: 12pt; font-family: georgia, palatino, serif;\">questo porter\u00e0 al miglio <\/span><span style=\"font-size: 12pt; font-family: georgia, palatino, serif;\">ramento dei rapporti lavorativi con i clienti attuali, ma, sopratutto, a un importante vantaggio sulla concorrenza.<\/span><\/p>\n<p><span style=\"font-size: 12pt; font-family: georgia, palatino, serif;\"><!-- \/wp:paragraph --><!-- wp:paragraph --><\/span><\/p>\n<p><span style=\"font-size: 12pt; font-family: georgia, palatino, serif;\"><!-- \/wp:paragraph --><!-- wp:paragraph --><\/span><\/p>\n<p>\u00a0<\/p>\n<p><img loading=\"lazy\" class=\"aligncenter size-full wp-image-2138\" src=\"https:\/\/www.byronweb.net\/wp-content\/uploads\/2023\/11\/386189535_23862058258000047_834447603655343242_n.jpg\" alt=\"\" width=\"526\" height=\"441\" srcset=\"https:\/\/www.byronweb.net\/wp-content\/uploads\/2023\/11\/386189535_23862058258000047_834447603655343242_n.jpg 526w, https:\/\/www.byronweb.net\/wp-content\/uploads\/2023\/11\/386189535_23862058258000047_834447603655343242_n-300x252.jpg 300w, https:\/\/www.byronweb.net\/wp-content\/uploads\/2023\/11\/386189535_23862058258000047_834447603655343242_n-14x12.jpg 14w\" sizes=\"(max-width: 526px) 100vw, 526px\" \/><\/p>\n<p><span style=\"font-size: 12pt; font-family: georgia, palatino, serif;\"><strong>Evitar sanciones y p\u00e9rdidas asociadas a las violaciones de datos<\/strong><\/span><\/p>\n<p><span style=\"font-size: 12pt; font-family: georgia, palatino, serif;\"><!-- \/wp:paragraph --><!-- wp:paragraph --><\/span><\/p>\n<p><span style=\"font-size: 12pt; font-family: georgia, palatino, serif;\">Evitar sanciones y p\u00e9rdidas asociadas a las violaciones de datos significa aumentar su propia reputaci\u00f3n profesional tanto con los clientes como con los colaboradores.<\/span><\/p>\n<p><span style=\"font-size: 12pt; font-family: georgia, palatino, serif;\"><!-- \/wp:paragraph --><!-- wp:paragraph --><\/span><\/p>\n<p><span style=\"font-size: 12pt; font-family: georgia, palatino, serif;\"><strong>Ataques inform\u00e1ticos y p\u00e9rdidas graves<\/strong><\/span><\/p>\n<p><span style=\"font-size: 12pt; font-family: georgia, palatino, serif;\"><!-- \/wp:paragraph --><!-- wp:paragraph --><\/span><\/p>\n<p><span style=\"font-size: 12pt; font-family: georgia, palatino, serif;\">Los ataques inform\u00e1ticos crecen cada vez m\u00e1s en n\u00famero y tama\u00f1o y los da\u00f1os de im\u00e1gen causados por un bajo nivel de seguridad en el tratamiento de la informaci\u00f3n pueden tener consecuencias irreparables para la empresa.<\/span><\/p>\n<p><span style=\"font-size: 12pt; font-family: georgia, palatino, serif;\"><!-- \/wp:paragraph --><!-- wp:paragraph --><\/span><\/p>\n<p><span style=\"font-size: 12pt; font-family: georgia, palatino, serif;\">Las UNI EN ISO 27001, ISO\/IEC 27017 e ISO\/IEC 27018 ayudan a proteger tu empresa tambi\u00e9n en estos casos.<\/span><\/p>\n<p><span style=\"font-size: 12pt; font-family: georgia, palatino, serif;\"><!-- \/wp:paragraph --><!-- wp:paragraph --><\/span><\/p>\n<p><span style=\"font-size: 12pt; font-family: georgia, palatino, serif;\"><strong>Cumplir con los requisitos Normativos y de Calidad<\/strong><\/span><\/p>\n<p><span style=\"font-size: 12pt; font-family: georgia, palatino, serif;\"><!-- \/wp:paragraph --><!-- wp:paragraph --><\/span><\/p>\n<p><span style=\"font-size: 12pt; font-family: georgia, palatino, serif;\">El est\u00e1ndar tiene el objetivo de garantizar unos procesos seguros y que cumplen con los est\u00e1ndares normativos y de calidad,<\/span><\/p>\n<p><span style=\"font-size: 12pt; font-family: georgia, palatino, serif;\"><!-- \/wp:paragraph --><!-- wp:paragraph --><\/span><\/p>\n<p><span style=\"font-size: 12pt; font-family: georgia, palatino, serif;\">adem\u00e1s de garantizar el cumplimiento con el Reglamento General de Protecci\u00f3n de Datos (RGPD).<\/span><\/p>\n<p><span style=\"font-size: 12pt; font-family: georgia, palatino, serif;\"><!-- \/wp:paragraph --><!-- wp:paragraph --><\/span><\/p>\n<p><span style=\"font-size: 12pt; font-family: georgia, palatino, serif;\"><strong>Licitaciones, contratas, P\u00fablica Administraci\u00f3n y empresas privadas certificadas<\/strong><\/span><\/p>\n<p><span style=\"font-size: 12pt; font-family: georgia, palatino, serif;\"><!-- \/wp:paragraph --><!-- wp:paragraph --><\/span><\/p>\n<p><span style=\"font-size: 12pt; font-family: georgia, palatino, serif;\">La solicitud de tutela y garant\u00eda en las modalidades de tratamiento y almacenamiento de los datos por parte de los comitentes p\u00fablicos y privados ha crecido considerablemente en los \u00faltimos a\u00f1os.<\/span><\/p>\n<p><span style=\"font-size: 12pt; font-family: georgia, palatino, serif;\"><!-- \/wp:paragraph --><!-- wp:paragraph --><\/span><\/p>\n<p><span style=\"font-size: 12pt; font-family: georgia, palatino, serif;\">Tener la certificaci\u00f3n ISO 27001 es a veces un requisito fundamental para algunos bandos emanados por la p\u00fablica administraci\u00f3n o para algunas empresas privadas certificadas. Por lo tanto es necesario que el gestor de datos ofrezca garant\u00edas ciertas en cuanto a las modalidades de tratamiento y a la seguridad de los datos procesados.<\/span><\/p>\n<p><span style=\"font-size: 12pt; font-family: georgia, palatino, serif;\"><!-- \/wp:paragraph --><!-- wp:paragraph --><\/span><\/p>\n<p><span style=\"font-size: 12pt; font-family: georgia, palatino, serif;\">En algunos casos y cada vez m\u00e1s a menudo, la certificaci\u00f3n ISO 27001, adem\u00e1s de garantizar un puntaje m\u00e1s alto en las licitaciones o contratas, representa un requisito necesario para poder participar.<\/span><\/p>\n<p><span style=\"font-size: 12pt; font-family: georgia, palatino, serif;\"><!-- \/wp:paragraph --><!-- wp:paragraph --><\/span><\/p>\n<p><a href=\"https:\/\/www.byronweb.net\/es\/registrati-e-gratis\/\"><span style=\"font-size: 12pt; font-family: georgia, palatino, serif;\">SOLICITA EL CERTIFICADO KIWA A NUESTRO EQUIPO<\/span><\/a><\/p>\n<p><!-- \/wp:paragraph --><!-- wp:image {\"id\":366,\"sizeSlug\":\"large\"} --><\/p>\n<figure><\/figure>\n<p><!-- \/wp:image --><\/p>\t\t\t\t\t\t<\/div>\n\t\t\t\t<\/div>\n\t\t\t\t\t<\/div>\n\t\t<\/div>\n\t\t\t\t\t\t\t<\/div>\n\t\t<\/section>\n\t\t\t\t\t\t\t<\/div>","protected":false},"excerpt":{"rendered":"<p>Perch\u00e8 scegliere una piattaforma gestita da un&#8217;azienda certificata ISO 9001, ISO 27001, ISO\/IEC 27017 e ISO\/IEC 27018 ? Le UNI EN ISO 27001, ISO\/IEC 27017 e ISO\/IEC 27018 sono delle certificazioni internazionali che stabiliscono\u00a0 gli standard utili ad impostare e mantenere un Sistema di Gestione della Sicurezza delle Informazioni (SGSI o dall&#8217;inglese Information Security Management [&hellip;]<\/p>","protected":false},"author":1,"featured_media":0,"parent":0,"menu_order":0,"comment_status":"closed","ping_status":"closed","template":"","meta":[],"yoast_head":"<!-- This site is optimized with the Yoast SEO plugin v14.9 - https:\/\/yoast.com\/wordpress\/plugins\/seo\/ -->\n<title>Ti Garantiamo i massimi livelli di Sicurezza -<\/title>\n<meta name=\"robots\" content=\"index, follow, max-snippet:-1, max-image-preview:large, max-video-preview:-1\" \/>\n<link rel=\"canonical\" href=\"https:\/\/www.byronweb.net\/es\/perche-scegliere-una-piattaforma-certificata-iso-27001\/\" \/>\n<meta property=\"og:locale\" content=\"es_ES\" \/>\n<meta property=\"og:type\" content=\"article\" \/>\n<meta property=\"og:title\" content=\"Ti Garantiamo i massimi livelli di Sicurezza -\" \/>\n<meta property=\"og:description\" content=\"Perch\u00e8 scegliere una piattaforma gestita da un&#8217;azienda certificata ISO 9001, ISO 27001, ISO\/IEC 27017 e ISO\/IEC 27018 ? Le UNI EN ISO 27001, ISO\/IEC 27017 e ISO\/IEC 27018 sono delle certificazioni internazionali che stabiliscono\u00a0 gli standard utili ad impostare e mantenere un Sistema di Gestione della Sicurezza delle Informazioni (SGSI o dall&#8217;inglese Information Security Management [&hellip;]\" \/>\n<meta property=\"og:url\" content=\"https:\/\/www.byronweb.net\/es\/perche-scegliere-una-piattaforma-certificata-iso-27001\/\" \/>\n<meta property=\"article:modified_time\" content=\"2024-11-20T08:50:53+00:00\" \/>\n<meta property=\"og:image\" content=\"https:\/\/www.byronweb.net\/wp-content\/uploads\/2023\/11\/386189535_23862058258000047_834447603655343242_n.jpg\" \/>\n<meta name=\"twitter:card\" content=\"summary_large_image\" \/>\n<script type=\"application\/ld+json\" class=\"yoast-schema-graph\">{\"@context\":\"https:\/\/schema.org\",\"@graph\":[{\"@type\":\"WebSite\",\"@id\":\"https:\/\/www.byronweb.net\/es\/#website\",\"url\":\"https:\/\/www.byronweb.net\/es\/\",\"name\":\"\",\"description\":\"\",\"potentialAction\":[{\"@type\":\"SearchAction\",\"target\":\"https:\/\/www.byronweb.net\/es\/?s={search_term_string}\",\"query-input\":\"required name=search_term_string\"}],\"inLanguage\":\"es-ES\"},{\"@type\":\"ImageObject\",\"@id\":\"https:\/\/www.byronweb.net\/perche-scegliere-una-piattaforma-certificata-iso-27001\/#primaryimage\",\"inLanguage\":\"es-ES\",\"url\":\"https:\/\/www.byronweb.net\/wp-content\/uploads\/2023\/11\/386189535_23862058258000047_834447603655343242_n.jpg\",\"width\":526,\"height\":441},{\"@type\":\"WebPage\",\"@id\":\"https:\/\/www.byronweb.net\/perche-scegliere-una-piattaforma-certificata-iso-27001\/#webpage\",\"url\":\"https:\/\/www.byronweb.net\/perche-scegliere-una-piattaforma-certificata-iso-27001\/\",\"name\":\"Ti Garantiamo i massimi livelli di Sicurezza -\",\"isPartOf\":{\"@id\":\"https:\/\/www.byronweb.net\/es\/#website\"},\"primaryImageOfPage\":{\"@id\":\"https:\/\/www.byronweb.net\/perche-scegliere-una-piattaforma-certificata-iso-27001\/#primaryimage\"},\"datePublished\":\"2021-06-25T10:42:23+00:00\",\"dateModified\":\"2024-11-20T08:50:53+00:00\",\"inLanguage\":\"es-ES\",\"potentialAction\":[{\"@type\":\"ReadAction\",\"target\":[\"https:\/\/www.byronweb.net\/perche-scegliere-una-piattaforma-certificata-iso-27001\/\"]}]}]}<\/script>\n<!-- \/ Yoast SEO plugin. -->","_links":{"self":[{"href":"https:\/\/www.byronweb.net\/es\/wp-json\/wp\/v2\/pages\/379"}],"collection":[{"href":"https:\/\/www.byronweb.net\/es\/wp-json\/wp\/v2\/pages"}],"about":[{"href":"https:\/\/www.byronweb.net\/es\/wp-json\/wp\/v2\/types\/page"}],"author":[{"embeddable":true,"href":"https:\/\/www.byronweb.net\/es\/wp-json\/wp\/v2\/users\/1"}],"replies":[{"embeddable":true,"href":"https:\/\/www.byronweb.net\/es\/wp-json\/wp\/v2\/comments?post=379"}],"version-history":[{"count":50,"href":"https:\/\/www.byronweb.net\/es\/wp-json\/wp\/v2\/pages\/379\/revisions"}],"predecessor-version":[{"id":3077,"href":"https:\/\/www.byronweb.net\/es\/wp-json\/wp\/v2\/pages\/379\/revisions\/3077"}],"wp:attachment":[{"href":"https:\/\/www.byronweb.net\/es\/wp-json\/wp\/v2\/media?parent=379"}],"curies":[{"name":"wp","href":"https:\/\/api.w.org\/{rel}","templated":true}]}}