{"id":432,"date":"2021-10-04T11:06:47","date_gmt":"2021-10-04T09:06:47","guid":{"rendered":"https:\/\/www.byronweb.net\/?page_id=432"},"modified":"2023-02-16T11:02:18","modified_gmt":"2023-02-16T10:02:18","slug":"app-autocontrollo-852-2004-ce-e-d-lgs-193-2007","status":"publish","type":"page","link":"https:\/\/www.byronweb.net\/es\/app-autocontrollo-852-2004-ce-e-d-lgs-193-2007\/","title":{"rendered":"App Autocontrol 852\/2004\/CE"},"content":{"rendered":"<div data-elementor-type=\"wp-page\" data-elementor-id=\"432\" class=\"elementor elementor-432\">\n\t\t\t\t\t\t\t\t\t<section class=\"elementor-section elementor-top-section elementor-element elementor-element-6340ed9d elementor-section-boxed elementor-section-height-default elementor-section-height-default\" data-id=\"6340ed9d\" data-element_type=\"section\">\n\t\t\t\t\t\t<div class=\"elementor-container elementor-column-gap-default\">\n\t\t\t\t\t<div class=\"elementor-column elementor-col-100 elementor-top-column elementor-element elementor-element-4da259e8\" data-id=\"4da259e8\" data-element_type=\"column\">\n\t\t\t<div class=\"elementor-widget-wrap elementor-element-populated\">\n\t\t\t\t\t\t\t\t<div class=\"elementor-element elementor-element-6e9930c4 elementor-widget elementor-widget-text-editor\" data-id=\"6e9930c4\" data-element_type=\"widget\" data-widget_type=\"text-editor.default\">\n\t\t\t\t<div class=\"elementor-widget-container\">\n\t\t\t<style>\/*! elementor - v3.6.2 - 04-04-2022 *\/\n.elementor-widget-text-editor.elementor-drop-cap-view-stacked .elementor-drop-cap{background-color:#818a91;color:#fff}.elementor-widget-text-editor.elementor-drop-cap-view-framed .elementor-drop-cap{color:#818a91;border:3px solid;background-color:transparent}.elementor-widget-text-editor:not(.elementor-drop-cap-view-default) .elementor-drop-cap{margin-top:8px}.elementor-widget-text-editor:not(.elementor-drop-cap-view-default) .elementor-drop-cap-letter{width:1em;height:1em}.elementor-widget-text-editor .elementor-drop-cap{float:left;text-align:center;line-height:1;font-size:50px}.elementor-widget-text-editor .elementor-drop-cap-letter{display:inline-block}<\/style>\t\t\t\t<!-- wp:image {\"align\":\"right\",\"id\":434,\"width\":600,\"height\":848,\"sizeSlug\":\"large\"} -->\n<div class=\"wp-block-image\">\u00a0<\/div>\n<!-- \/wp:image --><!-- wp:paragraph -->\n<p><span style=\"font-size: 12pt; font-family: georgia, palatino, serif;\">Cada Operador del Sector Alimentario est\u00e1 obligado por ley<\/span><br \/><span style=\"font-size: 12pt; font-family: georgia, palatino, serif;\">(852\/2004\/CE), a monitorear constantemente su trabajo<\/span><br \/><span style=\"font-size: 12pt; font-family: georgia, palatino, serif;\">a trav\u00e9s del autocontrol para garantizar la idoneidad de los alimentos producidos en<\/span><br \/><span style=\"font-size: 12pt; font-family: georgia, palatino, serif;\">t\u00e9rminos de seguridad e higiene. Cada operador de la cadena productiva tiene que cumplir con esta obligaci\u00f3n a pesar de la fase de la que se encarga.<\/span><\/p>\n<p><span style=\"font-size: 12pt; font-family: georgia, palatino, serif;\"><!-- \/wp:paragraph --><!-- wp:paragraph --><\/span><\/p>\n<p><span style=\"font-size: 12pt; font-family: georgia, palatino, serif;\">En la Zona Cliente es posible activar el sistema de autocontrol, totalmente personalizable, para permitir a vuestro clientes de gestionar de manera aut\u00f3noma a trav\u00e9s de la APP el mantenimiento y la limpieza de todos los dispositivos instalados y de poder enviar avisos a vuestra empresa si necesario. Adem\u00e1s el Cliente podr\u00e1 imprimir los informes necesarios para la Auditor\u00eda.<\/span><\/p>\n<p><span style=\"font-size: 12pt; font-family: georgia, palatino, serif;\"><!-- \/wp:paragraph --><!-- wp:paragraph --><\/span><\/p>\n<p><span style=\"font-size: 12pt; font-family: georgia, palatino, serif;\"><strong>Nuestra app para el Autocontrol en pocos pasos<\/strong><\/span><\/p>\n<p><span style=\"font-size: 12pt; font-family: georgia, palatino, serif;\"><!-- \/wp:paragraph --><!-- wp:paragraph --><\/span><\/p>\n<p><span style=\"font-size: 12pt; font-family: georgia, palatino, serif;\"><strong>1- ESCANEA<\/strong> el C\u00f3digo Qr del equipamiento a trav\u00e9s de la app<\/span><\/p>\n<p><span style=\"font-size: 12pt; font-family: georgia, palatino, serif;\"><!-- \/wp:paragraph --><!-- wp:paragraph --><\/span><\/p>\n<p><span style=\"font-size: 12pt; font-family: georgia, palatino, serif;\"><strong>2- SACA UNA FOTO<\/strong> para una se\u00f1alizaci\u00f3n completa, escribe las notas y el resultado<\/span><\/p>\n<p><span style=\"font-size: 12pt; font-family: georgia, palatino, serif;\"><!-- \/wp:paragraph --><!-- wp:paragraph --><\/span><\/p>\n<p><span style=\"font-size: 12pt; font-family: georgia, palatino, serif;\"><strong>3- ABRE UNA SOLICITUD<\/strong> de manera r\u00e1pida para gestionarla de inmediato<\/span><\/p>\n<p>\u00a0<\/p>\n<p><img loading=\"lazy\" class=\"aligncenter size-full wp-image-1340\" src=\"https:\/\/www.byronweb.net\/wp-content\/uploads\/2023\/02\/27001-4.png\" alt=\"\" width=\"1175\" height=\"985\" srcset=\"https:\/\/www.byronweb.net\/wp-content\/uploads\/2023\/02\/27001-4.png 1175w, https:\/\/www.byronweb.net\/wp-content\/uploads\/2023\/02\/27001-4-300x251.png 300w, https:\/\/www.byronweb.net\/wp-content\/uploads\/2023\/02\/27001-4-1024x858.png 1024w, https:\/\/www.byronweb.net\/wp-content\/uploads\/2023\/02\/27001-4-768x644.png 768w, https:\/\/www.byronweb.net\/wp-content\/uploads\/2023\/02\/27001-4-14x12.png 14w\" sizes=\"(max-width: 1175px) 100vw, 1175px\" \/><\/p>\n<p><span style=\"font-size: 12pt; font-family: georgia, palatino, serif;\"><!-- \/wp:paragraph --><!-- wp:paragraph --><\/span><\/p>\n<p>\u00a0<\/p>\n<!-- \/wp:paragraph -->\t\t\t\t\t\t<\/div>\n\t\t\t\t<\/div>\n\t\t\t\t\t<\/div>\n\t\t<\/div>\n\t\t\t\t\t\t\t<\/div>\n\t\t<\/section>\n\t\t\t\t\t\t\t<\/div>","protected":false},"excerpt":{"rendered":"<p>Ogni Operatore del Settore Alimentare (OSA) \u00e8 obbligato, per legge(852\/2004\/CE e d.lgs. 193\/2007), a monitorare costantemente il suo lavoroattraverso l\u2019autocontrollo per garantire l\u2019idoneit\u00e0 degli alimenti prodotti intermini di sicurezza e igiene. Ogni addetto della filiera produttiva \u00e8 chiamato a svolgere tale adempimento, a prescindere dalla fase di cui si occupa. All&#8217;interno dell&#8217;Area clienti \u00e8 possibile [&hellip;]<\/p>","protected":false},"author":1,"featured_media":0,"parent":0,"menu_order":0,"comment_status":"closed","ping_status":"closed","template":"","meta":[],"yoast_head":"<!-- This site is optimized with the Yoast SEO plugin v14.9 - https:\/\/yoast.com\/wordpress\/plugins\/seo\/ -->\n<title>App Autocontrollo 852\/2004\/CE e d.lgs. 193\/2007 -<\/title>\n<meta name=\"robots\" content=\"index, follow, max-snippet:-1, max-image-preview:large, max-video-preview:-1\" \/>\n<link rel=\"canonical\" href=\"https:\/\/www.byronweb.net\/es\/app-autocontrollo-852-2004-ce-e-d-lgs-193-2007\/\" \/>\n<meta property=\"og:locale\" content=\"es_ES\" \/>\n<meta property=\"og:type\" content=\"article\" \/>\n<meta property=\"og:title\" content=\"App Autocontrollo 852\/2004\/CE e d.lgs. 193\/2007 -\" \/>\n<meta property=\"og:description\" content=\"Ogni Operatore del Settore Alimentare (OSA) \u00e8 obbligato, per legge(852\/2004\/CE e d.lgs. 193\/2007), a monitorare costantemente il suo lavoroattraverso l\u2019autocontrollo per garantire l\u2019idoneit\u00e0 degli alimenti prodotti intermini di sicurezza e igiene. Ogni addetto della filiera produttiva \u00e8 chiamato a svolgere tale adempimento, a prescindere dalla fase di cui si occupa. All&#8217;interno dell&#8217;Area clienti \u00e8 possibile [&hellip;]\" \/>\n<meta property=\"og:url\" content=\"https:\/\/www.byronweb.net\/es\/app-autocontrollo-852-2004-ce-e-d-lgs-193-2007\/\" \/>\n<meta property=\"article:modified_time\" content=\"2023-02-16T10:02:18+00:00\" \/>\n<meta property=\"og:image\" content=\"https:\/\/www.byronweb.net\/wp-content\/uploads\/2023\/02\/27001-4.png\" \/>\n<meta name=\"twitter:card\" content=\"summary_large_image\" \/>\n<script type=\"application\/ld+json\" class=\"yoast-schema-graph\">{\"@context\":\"https:\/\/schema.org\",\"@graph\":[{\"@type\":\"WebSite\",\"@id\":\"https:\/\/www.byronweb.net\/es\/#website\",\"url\":\"https:\/\/www.byronweb.net\/es\/\",\"name\":\"\",\"description\":\"\",\"potentialAction\":[{\"@type\":\"SearchAction\",\"target\":\"https:\/\/www.byronweb.net\/es\/?s={search_term_string}\",\"query-input\":\"required name=search_term_string\"}],\"inLanguage\":\"es-ES\"},{\"@type\":\"ImageObject\",\"@id\":\"https:\/\/www.byronweb.net\/app-autocontrollo-852-2004-ce-e-d-lgs-193-2007\/#primaryimage\",\"inLanguage\":\"es-ES\",\"url\":\"https:\/\/www.byronweb.net\/wp-content\/uploads\/2023\/02\/27001-4.png\",\"width\":1175,\"height\":985},{\"@type\":\"WebPage\",\"@id\":\"https:\/\/www.byronweb.net\/app-autocontrollo-852-2004-ce-e-d-lgs-193-2007\/#webpage\",\"url\":\"https:\/\/www.byronweb.net\/app-autocontrollo-852-2004-ce-e-d-lgs-193-2007\/\",\"name\":\"App Autocontrollo 852\/2004\/CE e d.lgs. 193\/2007 -\",\"isPartOf\":{\"@id\":\"https:\/\/www.byronweb.net\/es\/#website\"},\"primaryImageOfPage\":{\"@id\":\"https:\/\/www.byronweb.net\/app-autocontrollo-852-2004-ce-e-d-lgs-193-2007\/#primaryimage\"},\"datePublished\":\"2021-10-04T09:06:47+00:00\",\"dateModified\":\"2023-02-16T10:02:18+00:00\",\"inLanguage\":\"es-ES\",\"potentialAction\":[{\"@type\":\"ReadAction\",\"target\":[\"https:\/\/www.byronweb.net\/app-autocontrollo-852-2004-ce-e-d-lgs-193-2007\/\"]}]}]}<\/script>\n<!-- \/ Yoast SEO plugin. -->","_links":{"self":[{"href":"https:\/\/www.byronweb.net\/es\/wp-json\/wp\/v2\/pages\/432"}],"collection":[{"href":"https:\/\/www.byronweb.net\/es\/wp-json\/wp\/v2\/pages"}],"about":[{"href":"https:\/\/www.byronweb.net\/es\/wp-json\/wp\/v2\/types\/page"}],"author":[{"embeddable":true,"href":"https:\/\/www.byronweb.net\/es\/wp-json\/wp\/v2\/users\/1"}],"replies":[{"embeddable":true,"href":"https:\/\/www.byronweb.net\/es\/wp-json\/wp\/v2\/comments?post=432"}],"version-history":[{"count":20,"href":"https:\/\/www.byronweb.net\/es\/wp-json\/wp\/v2\/pages\/432\/revisions"}],"predecessor-version":[{"id":1343,"href":"https:\/\/www.byronweb.net\/es\/wp-json\/wp\/v2\/pages\/432\/revisions\/1343"}],"wp:attachment":[{"href":"https:\/\/www.byronweb.net\/es\/wp-json\/wp\/v2\/media?parent=432"}],"curies":[{"name":"wp","href":"https:\/\/api.w.org\/{rel}","templated":true}]}}