{"id":620,"date":"2022-04-11T11:15:50","date_gmt":"2022-04-11T09:15:50","guid":{"rendered":"https:\/\/www.byronweb.net\/?page_id=620"},"modified":"2023-02-20T11:14:34","modified_gmt":"2023-02-20T10:14:34","slug":"gps-antilarvale","status":"publish","type":"page","link":"https:\/\/www.byronweb.net\/es\/gps-antilarvale\/","title":{"rendered":"GPS ANTILARVARIO"},"content":{"rendered":"<div data-elementor-type=\"wp-page\" data-elementor-id=\"620\" class=\"elementor elementor-620\">\n\t\t\t\t\t\t\t\t\t<section class=\"elementor-section elementor-top-section elementor-element elementor-element-f8b3b3b elementor-section-boxed elementor-section-height-default elementor-section-height-default\" data-id=\"f8b3b3b\" data-element_type=\"section\">\n\t\t\t\t\t\t<div class=\"elementor-container elementor-column-gap-default\">\n\t\t\t\t\t<div class=\"elementor-column elementor-col-100 elementor-top-column elementor-element elementor-element-ed4d79d\" data-id=\"ed4d79d\" data-element_type=\"column\">\n\t\t\t<div class=\"elementor-widget-wrap elementor-element-populated\">\n\t\t\t\t\t\t\t\t<div class=\"elementor-element elementor-element-1609236 elementor-widget elementor-widget-text-editor\" data-id=\"1609236\" data-element_type=\"widget\" data-widget_type=\"text-editor.default\">\n\t\t\t\t<div class=\"elementor-widget-container\">\n\t\t\t<style>\/*! elementor - v3.6.2 - 04-04-2022 *\/\n.elementor-widget-text-editor.elementor-drop-cap-view-stacked .elementor-drop-cap{background-color:#818a91;color:#fff}.elementor-widget-text-editor.elementor-drop-cap-view-framed .elementor-drop-cap{color:#818a91;border:3px solid;background-color:transparent}.elementor-widget-text-editor:not(.elementor-drop-cap-view-default) .elementor-drop-cap{margin-top:8px}.elementor-widget-text-editor:not(.elementor-drop-cap-view-default) .elementor-drop-cap-letter{width:1em;height:1em}.elementor-widget-text-editor .elementor-drop-cap{float:left;text-align:center;line-height:1;font-size:50px}.elementor-widget-text-editor .elementor-drop-cap-letter{display:inline-block}<\/style>\t\t\t\t<p><span style=\"font-size: 12pt;\">Byron cuenta con un m\u00f3dulo realizado para satisfacer las exigencias crecientes del sector del control de plagas.<\/span><\/p>\n<p><span style=\"font-size: 12pt;\"><!-- \/wp:tadv\/classic-paragraph --><!-- wp:paragraph --><\/span><\/p>\n<p><span style=\"font-size: 12pt;\">Cada vez m\u00e1s a menudo los clientes solicitan la <strong>certificaci\u00f3n<\/strong> de los itinerarios recurridos durante los tratamientos de desinfestaci\u00f3n.<\/span><\/p>\n<p><span style=\"font-size: 12pt;\"><!-- \/wp:paragraph --><!-- wp:embed {\"url\":\"https:\/\/www.youtube.com\/watch?v=nTGCbhIv2q0\",\"type\":\"video\",\"providerNameSlug\":\"youtube\",\"responsive\":true,\"className\":\"wp-embed-aspect-16-9 wp-has-aspect-ratio\"} --><\/span><\/p>\n<p>Con nuestro sistema, simple y barato, puedes activar los tel\u00e9fonos m\u00f3viles de los operadores y crear un mapa de todas las alcantarillas durante la inspecci\u00f3n.<br \/><span style=\"font-size: 12pt;\"><!-- \/wp:paragraph --><!-- wp:paragraph --><\/span><\/p>\n<p>El sistema adquiere una coordenada satelital por cada punto a trav\u00e9s de un simple bot\u00f3n (directo, bluetooth o a trav\u00e9s de un cable conectado a cualquier tipo de Bomba o Aparato para distribuir gr\u00e1nulos).<\/p>\n<p>En caso de problemas es posible adjuntar unas fotos para documentar el estado de la alcantarilla a nuestro cliente: sucia, obstruida, inaccesible etc.<\/p>\n<p><strong><span style=\"font-size: 12pt;\">\u00a0TOMA DE MUESTRA CONTROL CALIDAD Y EFICACIA<img loading=\"lazy\" class=\"alignright\" title=\"Track GPS automezzi\" src=\"http:\/\/nuovo.byronweb.com\/wp-content\/uploads\/2020\/09\/Percorsi.png\" alt=\"percorso automezzo\" width=\"177\" height=\"177\" \/><\/span><\/strong><\/p>\n<p><span style=\"font-size: 12pt;\"><!-- \/wp:paragraph --><!-- wp:paragraph --><\/span><\/p>\n<p>Para los servicios m\u00e1s avanzados se puede activar el m\u00f3dulo de toma de muestra que, cruzando los datos recogidos antes y despu\u00e9s del tratamiento, es muy \u00fatil para la cuenta de los estadios larvarios (cris\u00e1lida, I estadio, II estadio, III estadio), de mosquitos com\u00fanes o tigre etc. y para conseguir resultados en t\u00e9rminos de reducci\u00f3n y eficacia del servicio realizado.<strong> \u00a1Tus servicios llegan a un nivel muy profesional!<\/strong><\/p>\n<p><strong>ZONA CLIENTE<\/strong><\/p>\n<p><span style=\"font-size: 12pt;\"><!-- \/wp:paragraph --><!-- wp:paragraph --><\/span><\/p>\n<p><span style=\"font-size: 12pt;\">La Zona reservada a los clientes, activable bajo demanda, permite el control de las operaciones realizadas. \u00a1Todo integrado en ByronWeb!<\/span><\/p>\n<p><span style=\"font-size: 12pt;\"><!-- \/wp:paragraph --><!-- wp:paragraph --><\/span><\/p>\n<p><span style=\"font-size: 12pt;\">Hasta se puede incluir el mapa directamente en el sitio del cliente.<br \/><!-- \/wp:paragraph --><!-- wp:image {\"align\":\"right\"} --><\/span><\/p>\n<div class=\"wp-block-image\">\u00a0<\/div>\n<p><span style=\"font-size: 12pt;\"><!-- \/wp:image --><!-- wp:paragraph --><\/span><\/p>\n<p><span style=\"font-size: 12pt;\">ByronWeb genera todos los documentos solicitados por las instituciones p\u00fablicas en fase de <strong>contrata<\/strong><\/span><\/p>\n<p><span style=\"font-size: 12pt;\"><!-- \/wp:paragraph --><!-- wp:paragraph {\"fontSize\":\"medium\"} --><\/span><\/p>\n<p class=\"has-medium-font-size\"><span style=\"font-size: 12pt;\">y compatible con los sistemas de interfaz para la lectura: Standard Google y formato wgs 84 \/ utm zone 32n, adem\u00e1s de toda la documentaci\u00f3n en cumplimiento con la normativa ministerial sobre el Plan Nacional integrado de vigilancia y respuesta a los virus <strong><span class=\"il\">West<\/span> Nile e Usutu &#8211; 2019<\/strong><\/span><\/p>\n<p><span style=\"font-size: 12pt;\"><!-- \/wp:paragraph --><!-- wp:paragraph --><\/span><\/p>\n<p class=\"has-medium-font-size\">\u00a0<\/p>\n<p><span style=\"font-size: 12pt;\"><!-- \/wp:paragraph --><!-- wp:paragraph --><!-- \/wp:paragraph --><!-- wp:paragraph --><!-- \/wp:paragraph --><!-- wp:embed {\"url\":\"https:\/\/www.youtube.com\/watch?v=1hUjwswm-qA\\u0026t=3s\",\"type\":\"video\",\"providerNameSlug\":\"youtube\",\"responsive\":true,\"className\":\"wp-embed-aspect-16-9 wp-has-aspect-ratio\"} --><\/span><\/p>\n<figure class=\"wp-block-embed is-type-video is-provider-youtube wp-block-embed-youtube wp-embed-aspect-16-9 wp-has-aspect-ratio\">\n<div class=\"wp-block-embed__wrapper\"><iframe loading=\"lazy\" src=\"\/\/www.youtube.com\/embed\/1hUjwswm-qA?t=3s\" width=\"560\" height=\"314\" allowfullscreen=\"allowfullscreen\" data-mce-fragment=\"1\"><\/iframe><\/div>\n<\/figure>\n<p><span style=\"font-size: 12pt;\"><!-- \/wp:paragraph --><!-- wp:paragraph --><\/span><\/p>\n<p><span style=\"font-size: 12pt;\"><strong>CONTRATAS NOVEDADES IMPORTANTES<br \/><\/strong><\/span><\/p>\n<p><span style=\"font-size: 12pt;\"><!-- \/wp:paragraph --><!-- wp:paragraph --><\/span><\/p>\n<p><span style=\"font-size: 12pt;\">ByronWeb es el primer software italiano certificado ISO 27001. Gracias a esta certificaci\u00f3n puedes obtener hasta 10 puntos m\u00e1s en las contratas p\u00fablicas o prioridad en el sector privado.<\/span><\/p>\n<p><span style=\"font-size: 12pt;\"><!-- \/wp:paragraph --><!-- wp:paragraph --><\/span><\/p>\n<p><span style=\"font-size: 12pt;\">El software te permite responder a toda solicitud con costos de gesti\u00f3n  reducidos. Tambi\u00e9n puedes utilizar el control calidad y eficacia a trav\u00e9s del m\u00f3dulo para el conteo de los estadios larvarios. \u00a1Ofrece un servicio de alto nivel, tu empresa se merece lo MEJOR!<\/span><\/p>\n<p><span style=\"font-size: 12pt;\"><!-- \/wp:paragraph --><!-- wp:paragraph --><\/span><\/p>\n<p><span style=\"font-size: 12pt;\"><strong>\u00bfA qu\u00e9 esperas?<\/strong><\/span><\/p>\n<p><!-- \/wp:paragraph --><!-- wp:paragraph --><\/p>\n<p>\u00a0<\/p>\n<p><!-- \/wp:paragraph --><!-- wp:image {\"align\":\"center\",\"id\":480,\"width\":831,\"height\":435,\"sizeSlug\":\"large\"} --><\/p>\n<div class=\"wp-block-image\">\n<figure class=\"aligncenter size-large is-resized\"><img loading=\"lazy\" class=\"wp-image-480\" src=\"https:\/\/www.byronweb.net\/wp-content\/uploads\/2022\/04\/GPS8-1024x536.png\" alt=\"\" width=\"831\" height=\"435\" srcset=\"https:\/\/www.byronweb.net\/wp-content\/uploads\/2022\/04\/GPS8-1024x536.png 1024w, https:\/\/www.byronweb.net\/wp-content\/uploads\/2022\/04\/GPS8-300x157.png 300w, https:\/\/www.byronweb.net\/wp-content\/uploads\/2022\/04\/GPS8-768x402.png 768w, https:\/\/www.byronweb.net\/wp-content\/uploads\/2022\/04\/GPS8.png 1200w\" sizes=\"(max-width: 831px) 100vw, 831px\" \/><\/figure>\n<\/div>\t\t\t\t\t\t<\/div>\n\t\t\t\t<\/div>\n\t\t\t\t\t<\/div>\n\t\t<\/div>\n\t\t\t\t\t\t\t<\/div>\n\t\t<\/section>\n\t\t\t\t\t\t\t<\/div>","protected":false},"excerpt":{"rendered":"<p>Byron dispone di un apposito modulo studiato per rispondere alle crescenti esigenze del settore della disinfestazione. Sempre pi\u00f9 spesso \u00e8 richiesta dagli appaltanti la certificazione dei percorsi svolti durante le operazioni di disinfestazione. Con il nostro sistema, semplicemente e a basso costo puoi attivare gli smartphone degli operatori ed eseguire il Mapping di tutte le [&hellip;]<\/p>","protected":false},"author":1,"featured_media":0,"parent":0,"menu_order":0,"comment_status":"closed","ping_status":"closed","template":"","meta":[],"yoast_head":"<!-- This site is optimized with the Yoast SEO plugin v14.9 - https:\/\/yoast.com\/wordpress\/plugins\/seo\/ -->\n<title>GPS ANTILARVALE -<\/title>\n<meta name=\"robots\" content=\"index, follow, max-snippet:-1, max-image-preview:large, max-video-preview:-1\" \/>\n<link rel=\"canonical\" href=\"https:\/\/www.byronweb.net\/es\/gps-antilarvale\/\" \/>\n<meta property=\"og:locale\" content=\"es_ES\" \/>\n<meta property=\"og:type\" content=\"article\" \/>\n<meta property=\"og:title\" content=\"GPS ANTILARVALE -\" \/>\n<meta property=\"og:description\" content=\"Byron dispone di un apposito modulo studiato per rispondere alle crescenti esigenze del settore della disinfestazione. Sempre pi\u00f9 spesso \u00e8 richiesta dagli appaltanti la certificazione dei percorsi svolti durante le operazioni di disinfestazione. Con il nostro sistema, semplicemente e a basso costo puoi attivare gli smartphone degli operatori ed eseguire il Mapping di tutte le [&hellip;]\" \/>\n<meta property=\"og:url\" content=\"https:\/\/www.byronweb.net\/es\/gps-antilarvale\/\" \/>\n<meta property=\"article:modified_time\" content=\"2023-02-20T10:14:34+00:00\" \/>\n<meta property=\"og:image\" content=\"http:\/\/nuovo.byronweb.com\/wp-content\/uploads\/2020\/09\/Percorsi.png\" \/>\n<meta name=\"twitter:card\" content=\"summary_large_image\" \/>\n<script type=\"application\/ld+json\" class=\"yoast-schema-graph\">{\"@context\":\"https:\/\/schema.org\",\"@graph\":[{\"@type\":\"WebSite\",\"@id\":\"https:\/\/www.byronweb.net\/es\/#website\",\"url\":\"https:\/\/www.byronweb.net\/es\/\",\"name\":\"\",\"description\":\"\",\"potentialAction\":[{\"@type\":\"SearchAction\",\"target\":\"https:\/\/www.byronweb.net\/es\/?s={search_term_string}\",\"query-input\":\"required name=search_term_string\"}],\"inLanguage\":\"es-ES\"},{\"@type\":\"ImageObject\",\"@id\":\"https:\/\/www.byronweb.net\/gps-antilarvale\/#primaryimage\",\"inLanguage\":\"es-ES\",\"url\":\"http:\/\/nuovo.byronweb.com\/wp-content\/uploads\/2020\/09\/Percorsi.png\"},{\"@type\":\"WebPage\",\"@id\":\"https:\/\/www.byronweb.net\/gps-antilarvale\/#webpage\",\"url\":\"https:\/\/www.byronweb.net\/gps-antilarvale\/\",\"name\":\"GPS ANTILARVALE -\",\"isPartOf\":{\"@id\":\"https:\/\/www.byronweb.net\/es\/#website\"},\"primaryImageOfPage\":{\"@id\":\"https:\/\/www.byronweb.net\/gps-antilarvale\/#primaryimage\"},\"datePublished\":\"2022-04-11T09:15:50+00:00\",\"dateModified\":\"2023-02-20T10:14:34+00:00\",\"inLanguage\":\"es-ES\",\"potentialAction\":[{\"@type\":\"ReadAction\",\"target\":[\"https:\/\/www.byronweb.net\/gps-antilarvale\/\"]}]}]}<\/script>\n<!-- \/ Yoast SEO plugin. -->","_links":{"self":[{"href":"https:\/\/www.byronweb.net\/es\/wp-json\/wp\/v2\/pages\/620"}],"collection":[{"href":"https:\/\/www.byronweb.net\/es\/wp-json\/wp\/v2\/pages"}],"about":[{"href":"https:\/\/www.byronweb.net\/es\/wp-json\/wp\/v2\/types\/page"}],"author":[{"embeddable":true,"href":"https:\/\/www.byronweb.net\/es\/wp-json\/wp\/v2\/users\/1"}],"replies":[{"embeddable":true,"href":"https:\/\/www.byronweb.net\/es\/wp-json\/wp\/v2\/comments?post=620"}],"version-history":[{"count":16,"href":"https:\/\/www.byronweb.net\/es\/wp-json\/wp\/v2\/pages\/620\/revisions"}],"predecessor-version":[{"id":1391,"href":"https:\/\/www.byronweb.net\/es\/wp-json\/wp\/v2\/pages\/620\/revisions\/1391"}],"wp:attachment":[{"href":"https:\/\/www.byronweb.net\/es\/wp-json\/wp\/v2\/media?parent=620"}],"curies":[{"name":"wp","href":"https:\/\/api.w.org\/{rel}","templated":true}]}}