{"id":741,"date":"2022-04-11T16:59:01","date_gmt":"2022-04-11T14:59:01","guid":{"rendered":"https:\/\/www.byronweb.net\/?page_id=741"},"modified":"2022-04-12T08:50:47","modified_gmt":"2022-04-12T06:50:47","slug":"ifs-4-13-3-brc","status":"publish","type":"page","link":"https:\/\/www.byronweb.net\/es\/ifs-4-13-3-brc\/","title":{"rendered":"IFS 4.13.3 \/ BRC"},"content":{"rendered":"<div data-elementor-type=\"wp-page\" data-elementor-id=\"741\" class=\"elementor elementor-741\">\n\t\t\t\t\t\t\t\t\t<section class=\"elementor-section elementor-top-section elementor-element elementor-element-b81feea elementor-section-boxed elementor-section-height-default elementor-section-height-default\" data-id=\"b81feea\" data-element_type=\"section\">\n\t\t\t\t\t\t<div class=\"elementor-container elementor-column-gap-default\">\n\t\t\t\t\t<div class=\"elementor-column elementor-col-100 elementor-top-column elementor-element elementor-element-3bc2546\" data-id=\"3bc2546\" data-element_type=\"column\">\n\t\t\t<div class=\"elementor-widget-wrap elementor-element-populated\">\n\t\t\t\t\t\t\t\t<div class=\"elementor-element elementor-element-a0276f2 elementor-widget elementor-widget-text-editor\" data-id=\"a0276f2\" data-element_type=\"widget\" data-widget_type=\"text-editor.default\">\n\t\t\t\t<div class=\"elementor-widget-container\">\n\t\t\t<style>\/*! elementor - v3.6.2 - 04-04-2022 *\/\n.elementor-widget-text-editor.elementor-drop-cap-view-stacked .elementor-drop-cap{background-color:#818a91;color:#fff}.elementor-widget-text-editor.elementor-drop-cap-view-framed .elementor-drop-cap{color:#818a91;border:3px solid;background-color:transparent}.elementor-widget-text-editor:not(.elementor-drop-cap-view-default) .elementor-drop-cap{margin-top:8px}.elementor-widget-text-editor:not(.elementor-drop-cap-view-default) .elementor-drop-cap-letter{width:1em;height:1em}.elementor-widget-text-editor .elementor-drop-cap{float:left;text-align:center;line-height:1;font-size:50px}.elementor-widget-text-editor .elementor-drop-cap-letter{display:inline-block}<\/style>\t\t\t\t<p>ByronWeb ofrece la posibilidad de crear un curr\u00edculum professional de cada dependiente, a\u00f1adiendo su papel espec\u00edfico, sus competencias, habilidades y toda la certificaci\u00f3n relativa a su formaci\u00f3n.<\/p><p>Eso os permitir\u00e1 tener al alcance de la mano la informaci\u00f3n relativa a la experiencia de trabajo del dependiente en cumplimiento con los est\u00e1ndares normativos de calidad IFS y BRC.<\/p><p>Cada vez m\u00e1s las empresas necesitan personal cualificado y experto adem\u00e1s de las conocidas certificaciones voluntarias ISO 9001 y UNI EN 16636.<\/p><p>A trav\u00e9s de este m\u00f3dulo puedes valorizar cada certificaci\u00f3n o t\u00edtulo de estudio de tu equipo y automatizar el proceso de condivisi\u00f3n inmediata con tu Cliente para dar una impresi\u00f3n muy profesional de tu empresa.<\/p><p>Cada dependiente tendr\u00e1 su propia secci\u00f3n (hay la posibilidad de no permitir la visualizaci\u00f3n) y el cliente podr\u00e1 consultar toda la documentaci\u00f3n relativa al personal de tu empresa a trav\u00e9s de su Zona Cliente.<\/p><p><img loading=\"lazy\" class=\"wp-image-744 aligncenter\" src=\"https:\/\/www.byronweb.net\/wp-content\/uploads\/2022\/04\/Progetto-senza-titolo-300x169.png\" alt=\"\" width=\"634\" height=\"357\" srcset=\"https:\/\/www.byronweb.net\/wp-content\/uploads\/2022\/04\/Progetto-senza-titolo-300x169.png 300w, https:\/\/www.byronweb.net\/wp-content\/uploads\/2022\/04\/Progetto-senza-titolo-1024x576.png 1024w, https:\/\/www.byronweb.net\/wp-content\/uploads\/2022\/04\/Progetto-senza-titolo-768x432.png 768w, https:\/\/www.byronweb.net\/wp-content\/uploads\/2022\/04\/Progetto-senza-titolo-1536x864.png 1536w, https:\/\/www.byronweb.net\/wp-content\/uploads\/2022\/04\/Progetto-senza-titolo.png 1920w\" sizes=\"(max-width: 634px) 100vw, 634px\" \/><\/p>\t\t\t\t\t\t<\/div>\n\t\t\t\t<\/div>\n\t\t\t\t\t<\/div>\n\t\t<\/div>\n\t\t\t\t\t\t\t<\/div>\n\t\t<\/section>\n\t\t\t\t\t\t\t<\/div>","protected":false},"excerpt":{"rendered":"<p>ByronWeb mette a disposizione la creazione del curriculum professionale del singolo dipendente, con la possibilit\u00e0 di inserire il ruolo specifico, competenze, attitudini e di allegare tutti gli attestati inerenti alla formazione. Questo Vi consentir\u00e0 di avere a portata di mano tutte le informazioni riguardanti l\u2019esperienza lavorativa del dipendente seguendo gli standard normativi di qualit\u00e0 IFS [&hellip;]<\/p>","protected":false},"author":1,"featured_media":0,"parent":0,"menu_order":0,"comment_status":"closed","ping_status":"closed","template":"","meta":[],"yoast_head":"<!-- This site is optimized with the Yoast SEO plugin v14.9 - https:\/\/yoast.com\/wordpress\/plugins\/seo\/ -->\n<title>IFS 4.13.3 \/ BRC -<\/title>\n<meta name=\"robots\" content=\"index, follow, max-snippet:-1, max-image-preview:large, max-video-preview:-1\" \/>\n<link rel=\"canonical\" href=\"https:\/\/www.byronweb.net\/es\/ifs-4-13-3-brc\/\" \/>\n<meta property=\"og:locale\" content=\"es_ES\" \/>\n<meta property=\"og:type\" content=\"article\" \/>\n<meta property=\"og:title\" content=\"IFS 4.13.3 \/ BRC -\" \/>\n<meta property=\"og:description\" content=\"ByronWeb mette a disposizione la creazione del curriculum professionale del singolo dipendente, con la possibilit\u00e0 di inserire il ruolo specifico, competenze, attitudini e di allegare tutti gli attestati inerenti alla formazione. Questo Vi consentir\u00e0 di avere a portata di mano tutte le informazioni riguardanti l\u2019esperienza lavorativa del dipendente seguendo gli standard normativi di qualit\u00e0 IFS [&hellip;]\" \/>\n<meta property=\"og:url\" content=\"https:\/\/www.byronweb.net\/es\/ifs-4-13-3-brc\/\" \/>\n<meta property=\"article:modified_time\" content=\"2022-04-12T06:50:47+00:00\" \/>\n<meta property=\"og:image\" content=\"https:\/\/www.byronweb.net\/wp-content\/uploads\/2022\/04\/Progetto-senza-titolo-300x169.png\" \/>\n<meta name=\"twitter:card\" content=\"summary_large_image\" \/>\n<script type=\"application\/ld+json\" class=\"yoast-schema-graph\">{\"@context\":\"https:\/\/schema.org\",\"@graph\":[{\"@type\":\"WebSite\",\"@id\":\"https:\/\/www.byronweb.net\/es\/#website\",\"url\":\"https:\/\/www.byronweb.net\/es\/\",\"name\":\"\",\"description\":\"\",\"potentialAction\":[{\"@type\":\"SearchAction\",\"target\":\"https:\/\/www.byronweb.net\/es\/?s={search_term_string}\",\"query-input\":\"required name=search_term_string\"}],\"inLanguage\":\"es-ES\"},{\"@type\":\"ImageObject\",\"@id\":\"https:\/\/www.byronweb.net\/ifs-4-13-3-brc\/#primaryimage\",\"inLanguage\":\"es-ES\",\"url\":\"https:\/\/www.byronweb.net\/wp-content\/uploads\/2022\/04\/Progetto-senza-titolo.png\",\"width\":1920,\"height\":1080},{\"@type\":\"WebPage\",\"@id\":\"https:\/\/www.byronweb.net\/ifs-4-13-3-brc\/#webpage\",\"url\":\"https:\/\/www.byronweb.net\/ifs-4-13-3-brc\/\",\"name\":\"IFS 4.13.3 \/ BRC -\",\"isPartOf\":{\"@id\":\"https:\/\/www.byronweb.net\/es\/#website\"},\"primaryImageOfPage\":{\"@id\":\"https:\/\/www.byronweb.net\/ifs-4-13-3-brc\/#primaryimage\"},\"datePublished\":\"2022-04-11T14:59:01+00:00\",\"dateModified\":\"2022-04-12T06:50:47+00:00\",\"inLanguage\":\"es-ES\",\"potentialAction\":[{\"@type\":\"ReadAction\",\"target\":[\"https:\/\/www.byronweb.net\/ifs-4-13-3-brc\/\"]}]}]}<\/script>\n<!-- \/ Yoast SEO plugin. -->","_links":{"self":[{"href":"https:\/\/www.byronweb.net\/es\/wp-json\/wp\/v2\/pages\/741"}],"collection":[{"href":"https:\/\/www.byronweb.net\/es\/wp-json\/wp\/v2\/pages"}],"about":[{"href":"https:\/\/www.byronweb.net\/es\/wp-json\/wp\/v2\/types\/page"}],"author":[{"embeddable":true,"href":"https:\/\/www.byronweb.net\/es\/wp-json\/wp\/v2\/users\/1"}],"replies":[{"embeddable":true,"href":"https:\/\/www.byronweb.net\/es\/wp-json\/wp\/v2\/comments?post=741"}],"version-history":[{"count":10,"href":"https:\/\/www.byronweb.net\/es\/wp-json\/wp\/v2\/pages\/741\/revisions"}],"predecessor-version":[{"id":793,"href":"https:\/\/www.byronweb.net\/es\/wp-json\/wp\/v2\/pages\/741\/revisions\/793"}],"wp:attachment":[{"href":"https:\/\/www.byronweb.net\/es\/wp-json\/wp\/v2\/media?parent=741"}],"curies":[{"name":"wp","href":"https:\/\/api.w.org\/{rel}","templated":true}]}}