{"id":816,"date":"2022-04-12T16:02:27","date_gmt":"2022-04-12T14:02:27","guid":{"rendered":"https:\/\/www.byronweb.net\/?page_id=816"},"modified":"2023-02-16T09:41:45","modified_gmt":"2023-02-16T08:41:45","slug":"elementor-816","status":"publish","type":"page","link":"https:\/\/www.byronweb.net\/es\/elementor-816\/","title":{"rendered":"Gesti\u00f3n Planos Interactivos"},"content":{"rendered":"<div data-elementor-type=\"wp-page\" data-elementor-id=\"816\" class=\"elementor elementor-816\">\n\t\t\t\t\t\t\t\t\t<section class=\"elementor-section elementor-top-section elementor-element elementor-element-3bafe92 elementor-section-boxed elementor-section-height-default elementor-section-height-default\" data-id=\"3bafe92\" data-element_type=\"section\">\n\t\t\t\t\t\t<div class=\"elementor-container elementor-column-gap-default\">\n\t\t\t\t\t<div class=\"elementor-column elementor-col-100 elementor-top-column elementor-element elementor-element-222e06f\" data-id=\"222e06f\" data-element_type=\"column\">\n\t\t\t<div class=\"elementor-widget-wrap elementor-element-populated\">\n\t\t\t\t\t\t\t\t<div class=\"elementor-element elementor-element-80edf8f elementor-widget elementor-widget-text-editor\" data-id=\"80edf8f\" data-element_type=\"widget\" data-widget_type=\"text-editor.default\">\n\t\t\t\t<div class=\"elementor-widget-container\">\n\t\t\t<style>\/*! elementor - v3.6.2 - 04-04-2022 *\/\n.elementor-widget-text-editor.elementor-drop-cap-view-stacked .elementor-drop-cap{background-color:#818a91;color:#fff}.elementor-widget-text-editor.elementor-drop-cap-view-framed .elementor-drop-cap{color:#818a91;border:3px solid;background-color:transparent}.elementor-widget-text-editor:not(.elementor-drop-cap-view-default) .elementor-drop-cap{margin-top:8px}.elementor-widget-text-editor:not(.elementor-drop-cap-view-default) .elementor-drop-cap-letter{width:1em;height:1em}.elementor-widget-text-editor .elementor-drop-cap{float:left;text-align:center;line-height:1;font-size:50px}.elementor-widget-text-editor .elementor-drop-cap-letter{display:inline-block}<\/style>\t\t\t\t<p>La planimetr\u00eda digitalizada 2.0 es el primer instrumento de control del sitio tanto para vuestro cliente como para vuestros dependientes en la oficina que se encargan de calidad. Desde la planimetr\u00eda interactiva se puede chequear todo en tiempo real y tener una visi\u00f3n completa de la situaci\u00f3n.<\/p><p>Tambi\u00e9n los apartados 4.13.2 del est\u00e1ndar<b> IFS <\/b>y el 4.14.4 del est\u00e1ndar <b>BRC<\/b> establecen que es necesario:<\/p><ul><li aria-level=\"1\">tener una planimetr\u00eda actualizada del sitio en la que se posicionan los equipamientos para el control de plagas<\/li><li aria-level=\"1\">identificar los cebos (si son t\u00f3xicos o no)<\/li><li aria-level=\"1\">disponer de la informaci\u00f3n sobre los productos utilizados, las fichas t\u00e9cnicas y de seguridad<\/li><\/ul><p>En ByronWeb se puede a\u00f1adir la planimetr\u00eda del sitio cumpliendo con los est\u00e1ndares normativos e identificar de inmediato la posici\u00f3n de cada equipamiento, el tipo de monitoreo realizado y las eventuales zonas cr\u00edticas.<\/p><p>Tal y como se indica en el apartado 4.13.2 de la IFS y en el 4.14.4 de la BRC, los dispositivos se deben identificar de inmediato. Por eso Byron permite personalizar los \u00edconos para identificar a trav\u00e9s de una imagen el tipo de plaga objetivo.<\/p><p>Se podr\u00e1 colorar una parte de la planimetr\u00eda para poner de relieve una zona cr\u00edtica. Por ejemplo podr\u00edamos subrayar en la planimetr\u00eda los elementos m\u00e1s sensibles a la actividad de las plagas como techos, s\u00f3tanos, tubos, esquinas, tal y como se indica en el apartado 4.13.2 del est\u00e1ndar IFS.<\/p><p>ByronWeb se\u00f1ala la presencia de un cebo t\u00f3xico en el dispositivo coloreando el n\u00famero en el plano.<\/p><p>Los halos alrededor de los equipamientos permiten individuar los valores del \u00faltimo monitoreo seg\u00fan los umbrales ya configurados.<\/p><p><span id=\"docs-internal-guid-f4f012a2-7fff-16aa-2256-96b73419b4a9\" style=\"font-size: 11pt; font-family: Arial; color: #1e4c78; background-color: transparent; font-weight: 400; font-style: normal; font-variant: normal; text-decoration: none; vertical-align: baseline; white-space: pre-wrap;\"><span style=\"border: none; display: inline-block; overflow: hidden; width: 602px; height: 401px;\"><img loading=\"lazy\" class=\"aligncenter wp-image-1295 size-full\" src=\"https:\/\/www.byronweb.net\/wp-content\/uploads\/2023\/02\/Schermata-del-2023-02-16-09-41-05.png\" alt=\"\" width=\"834\" height=\"598\" srcset=\"https:\/\/www.byronweb.net\/wp-content\/uploads\/2023\/02\/Schermata-del-2023-02-16-09-41-05.png 834w, https:\/\/www.byronweb.net\/wp-content\/uploads\/2023\/02\/Schermata-del-2023-02-16-09-41-05-300x215.png 300w, https:\/\/www.byronweb.net\/wp-content\/uploads\/2023\/02\/Schermata-del-2023-02-16-09-41-05-768x551.png 768w, https:\/\/www.byronweb.net\/wp-content\/uploads\/2023\/02\/Schermata-del-2023-02-16-09-41-05-18x12.png 18w\" sizes=\"(max-width: 834px) 100vw, 834px\" \/><\/span><\/span><\/p><p>\u00a0<\/p><p>\u00a0<\/p>\t\t\t\t\t\t<\/div>\n\t\t\t\t<\/div>\n\t\t\t\t\t<\/div>\n\t\t<\/div>\n\t\t\t\t\t\t\t<\/div>\n\t\t<\/section>\n\t\t\t\t\t\t\t<\/div>","protected":false},"excerpt":{"rendered":"<p>La Planimetria digitalizzata 2.0 ormai rappresenta il primo metodo di controllo del cantiere, sia per il vostro cliente ma anche per il vostro ufficio preposto alla qualit\u00e0. Dalla planimetria interattiva \u00e8 possibile tenere sotto controllo tutto in tempo reale, rappresenta una finestra visiva sul vostro Cliente. Anche i punti 4.13.2 dello standard IFS e il [&hellip;]<\/p>","protected":false},"author":1,"featured_media":0,"parent":0,"menu_order":0,"comment_status":"closed","ping_status":"closed","template":"","meta":[],"yoast_head":"<!-- This site is optimized with the Yoast SEO plugin v14.9 - https:\/\/yoast.com\/wordpress\/plugins\/seo\/ -->\n<title>Gestione Planimetria Avanzata -<\/title>\n<meta name=\"robots\" content=\"index, follow, max-snippet:-1, max-image-preview:large, max-video-preview:-1\" \/>\n<link rel=\"canonical\" href=\"https:\/\/www.byronweb.net\/es\/elementor-816\/\" \/>\n<meta property=\"og:locale\" content=\"es_ES\" \/>\n<meta property=\"og:type\" content=\"article\" \/>\n<meta property=\"og:title\" content=\"Gestione Planimetria Avanzata -\" \/>\n<meta property=\"og:description\" content=\"La Planimetria digitalizzata 2.0 ormai rappresenta il primo metodo di controllo del cantiere, sia per il vostro cliente ma anche per il vostro ufficio preposto alla qualit\u00e0. Dalla planimetria interattiva \u00e8 possibile tenere sotto controllo tutto in tempo reale, rappresenta una finestra visiva sul vostro Cliente. Anche i punti 4.13.2 dello standard IFS e il [&hellip;]\" \/>\n<meta property=\"og:url\" content=\"https:\/\/www.byronweb.net\/es\/elementor-816\/\" \/>\n<meta property=\"article:modified_time\" content=\"2023-02-16T08:41:45+00:00\" \/>\n<meta property=\"og:image\" content=\"https:\/\/www.byronweb.net\/wp-content\/uploads\/2023\/02\/Schermata-del-2023-02-16-09-41-05.png\" \/>\n<meta name=\"twitter:card\" content=\"summary_large_image\" \/>\n<script type=\"application\/ld+json\" class=\"yoast-schema-graph\">{\"@context\":\"https:\/\/schema.org\",\"@graph\":[{\"@type\":\"WebSite\",\"@id\":\"https:\/\/www.byronweb.net\/es\/#website\",\"url\":\"https:\/\/www.byronweb.net\/es\/\",\"name\":\"\",\"description\":\"\",\"potentialAction\":[{\"@type\":\"SearchAction\",\"target\":\"https:\/\/www.byronweb.net\/es\/?s={search_term_string}\",\"query-input\":\"required name=search_term_string\"}],\"inLanguage\":\"es-ES\"},{\"@type\":\"ImageObject\",\"@id\":\"https:\/\/www.byronweb.net\/elementor-816\/#primaryimage\",\"inLanguage\":\"es-ES\",\"url\":\"https:\/\/www.byronweb.net\/wp-content\/uploads\/2023\/02\/Schermata-del-2023-02-16-09-41-05.png\",\"width\":834,\"height\":598},{\"@type\":\"WebPage\",\"@id\":\"https:\/\/www.byronweb.net\/elementor-816\/#webpage\",\"url\":\"https:\/\/www.byronweb.net\/elementor-816\/\",\"name\":\"Gestione Planimetria Avanzata -\",\"isPartOf\":{\"@id\":\"https:\/\/www.byronweb.net\/es\/#website\"},\"primaryImageOfPage\":{\"@id\":\"https:\/\/www.byronweb.net\/elementor-816\/#primaryimage\"},\"datePublished\":\"2022-04-12T14:02:27+00:00\",\"dateModified\":\"2023-02-16T08:41:45+00:00\",\"inLanguage\":\"es-ES\",\"potentialAction\":[{\"@type\":\"ReadAction\",\"target\":[\"https:\/\/www.byronweb.net\/elementor-816\/\"]}]}]}<\/script>\n<!-- \/ Yoast SEO plugin. -->","_links":{"self":[{"href":"https:\/\/www.byronweb.net\/es\/wp-json\/wp\/v2\/pages\/816"}],"collection":[{"href":"https:\/\/www.byronweb.net\/es\/wp-json\/wp\/v2\/pages"}],"about":[{"href":"https:\/\/www.byronweb.net\/es\/wp-json\/wp\/v2\/types\/page"}],"author":[{"embeddable":true,"href":"https:\/\/www.byronweb.net\/es\/wp-json\/wp\/v2\/users\/1"}],"replies":[{"embeddable":true,"href":"https:\/\/www.byronweb.net\/es\/wp-json\/wp\/v2\/comments?post=816"}],"version-history":[{"count":20,"href":"https:\/\/www.byronweb.net\/es\/wp-json\/wp\/v2\/pages\/816\/revisions"}],"predecessor-version":[{"id":1298,"href":"https:\/\/www.byronweb.net\/es\/wp-json\/wp\/v2\/pages\/816\/revisions\/1298"}],"wp:attachment":[{"href":"https:\/\/www.byronweb.net\/es\/wp-json\/wp\/v2\/media?parent=816"}],"curies":[{"name":"wp","href":"https:\/\/api.w.org\/{rel}","templated":true}]}}