{"id":840,"date":"2022-04-12T16:16:29","date_gmt":"2022-04-12T14:16:29","guid":{"rendered":"https:\/\/www.byronweb.net\/?page_id=840"},"modified":"2023-02-16T10:01:22","modified_gmt":"2023-02-16T09:01:22","slug":"grafici-avanzati","status":"publish","type":"page","link":"https:\/\/www.byronweb.net\/es\/grafici-avanzati\/","title":{"rendered":"Gr\u00e1ficos Avanzados"},"content":{"rendered":"<div data-elementor-type=\"wp-page\" data-elementor-id=\"840\" class=\"elementor elementor-840\">\n\t\t\t\t\t\t\t\t\t<section class=\"elementor-section elementor-top-section elementor-element elementor-element-252f011 elementor-section-boxed elementor-section-height-default elementor-section-height-default\" data-id=\"252f011\" data-element_type=\"section\">\n\t\t\t\t\t\t<div class=\"elementor-container elementor-column-gap-default\">\n\t\t\t\t\t<div class=\"elementor-column elementor-col-100 elementor-top-column elementor-element elementor-element-137f8b8\" data-id=\"137f8b8\" data-element_type=\"column\">\n\t\t\t<div class=\"elementor-widget-wrap elementor-element-populated\">\n\t\t\t\t\t\t\t\t<div class=\"elementor-element elementor-element-3a79cd3 elementor-widget elementor-widget-text-editor\" data-id=\"3a79cd3\" data-element_type=\"widget\" data-widget_type=\"text-editor.default\">\n\t\t\t\t<div class=\"elementor-widget-container\">\n\t\t\t<style>\/*! elementor - v3.6.2 - 04-04-2022 *\/\n.elementor-widget-text-editor.elementor-drop-cap-view-stacked .elementor-drop-cap{background-color:#818a91;color:#fff}.elementor-widget-text-editor.elementor-drop-cap-view-framed .elementor-drop-cap{color:#818a91;border:3px solid;background-color:transparent}.elementor-widget-text-editor:not(.elementor-drop-cap-view-default) .elementor-drop-cap{margin-top:8px}.elementor-widget-text-editor:not(.elementor-drop-cap-view-default) .elementor-drop-cap-letter{width:1em;height:1em}.elementor-widget-text-editor .elementor-drop-cap{float:left;text-align:center;line-height:1;font-size:50px}.elementor-widget-text-editor .elementor-drop-cap-letter{display:inline-block}<\/style>\t\t\t\t<p>ByronWeb genera en autom\u00e1tico los gr\u00e1ficos que proceden de los datos recogidos durante las visitas. Es posible exportar en formato .xls para seguir procesando los datos.<\/p><p>Los Gr\u00e1ficos de Tiempo permiten visualizar en la l\u00ednea del tiempo todas las visitas realizadas e identificar el valor de monitoreo m\u00e1s alto. Se puede seleccionar un intervalo de tiempo y elegir el tipo de monitoreo realizado.<\/p><p>Seleccionando una visita se visualizar\u00e1n los detalles de cada dispositivo instalado.<\/p><p>En la secci\u00f3n Gr\u00e1ficos Avanzados es posible visualizar gr\u00e1ficos m\u00e1s espec\u00edficos y exportar los datos en el intervalo de tiempo que se necesita. Los gr\u00e1ficos avanzados permiten exportar los datos en varios formatos para poder procesar los datos de manera muy f\u00e1cil y seg\u00fan las exigencias.<\/p><p>Todos los datos se pueden consultar y si necesario extraer en la Zona Cliente de manera aut\u00f3noma.<\/p><p><img loading=\"lazy\" class=\"aligncenter wp-image-1299 size-large\" src=\"https:\/\/www.byronweb.net\/wp-content\/uploads\/2023\/02\/27001-1-1024x858.png\" alt=\"\" width=\"750\" height=\"628\" srcset=\"https:\/\/www.byronweb.net\/wp-content\/uploads\/2023\/02\/27001-1-1024x858.png 1024w, https:\/\/www.byronweb.net\/wp-content\/uploads\/2023\/02\/27001-1-300x251.png 300w, https:\/\/www.byronweb.net\/wp-content\/uploads\/2023\/02\/27001-1-768x644.png 768w, https:\/\/www.byronweb.net\/wp-content\/uploads\/2023\/02\/27001-1-14x12.png 14w, https:\/\/www.byronweb.net\/wp-content\/uploads\/2023\/02\/27001-1.png 1175w\" sizes=\"(max-width: 750px) 100vw, 750px\" \/><\/p>\t\t\t\t\t\t<\/div>\n\t\t\t\t<\/div>\n\t\t\t\t\t<\/div>\n\t\t<\/div>\n\t\t\t\t\t\t\t<\/div>\n\t\t<\/section>\n\t\t\t\t\t\t\t<\/div>","protected":false},"excerpt":{"rendered":"<p>ByronWeb genera in autonomia i grafici derivanti dai dati raccolti durante le visite. E\u2019 possibile estrarre questi dati anche in formato .xls per ulteriori elaborazioni. I Grafici Timeline permettono di visualizzare sulla linea del tempo tutte le visite svolte e di identificare il valore di monitoraggio pi\u00f9 alto. E\u2019 possibile selezionare un arco di tempo [&hellip;]<\/p>","protected":false},"author":1,"featured_media":0,"parent":0,"menu_order":0,"comment_status":"closed","ping_status":"closed","template":"","meta":[],"yoast_head":"<!-- This site is optimized with the Yoast SEO plugin v14.9 - https:\/\/yoast.com\/wordpress\/plugins\/seo\/ -->\n<title>Grafici Avanzati -<\/title>\n<meta name=\"robots\" content=\"index, follow, max-snippet:-1, max-image-preview:large, max-video-preview:-1\" \/>\n<link rel=\"canonical\" href=\"https:\/\/www.byronweb.net\/es\/grafici-avanzati\/\" \/>\n<meta property=\"og:locale\" content=\"es_ES\" \/>\n<meta property=\"og:type\" content=\"article\" \/>\n<meta property=\"og:title\" content=\"Grafici Avanzati -\" \/>\n<meta property=\"og:description\" content=\"ByronWeb genera in autonomia i grafici derivanti dai dati raccolti durante le visite. E\u2019 possibile estrarre questi dati anche in formato .xls per ulteriori elaborazioni. I Grafici Timeline permettono di visualizzare sulla linea del tempo tutte le visite svolte e di identificare il valore di monitoraggio pi\u00f9 alto. E\u2019 possibile selezionare un arco di tempo [&hellip;]\" \/>\n<meta property=\"og:url\" content=\"https:\/\/www.byronweb.net\/es\/grafici-avanzati\/\" \/>\n<meta property=\"article:modified_time\" content=\"2023-02-16T09:01:22+00:00\" \/>\n<meta property=\"og:image\" content=\"https:\/\/www.byronweb.net\/wp-content\/uploads\/2023\/02\/27001-1-1024x858.png\" \/>\n<meta name=\"twitter:card\" content=\"summary_large_image\" \/>\n<script type=\"application\/ld+json\" class=\"yoast-schema-graph\">{\"@context\":\"https:\/\/schema.org\",\"@graph\":[{\"@type\":\"WebSite\",\"@id\":\"https:\/\/www.byronweb.net\/es\/#website\",\"url\":\"https:\/\/www.byronweb.net\/es\/\",\"name\":\"\",\"description\":\"\",\"potentialAction\":[{\"@type\":\"SearchAction\",\"target\":\"https:\/\/www.byronweb.net\/es\/?s={search_term_string}\",\"query-input\":\"required name=search_term_string\"}],\"inLanguage\":\"es-ES\"},{\"@type\":\"ImageObject\",\"@id\":\"https:\/\/www.byronweb.net\/grafici-avanzati\/#primaryimage\",\"inLanguage\":\"es-ES\",\"url\":\"https:\/\/www.byronweb.net\/wp-content\/uploads\/2023\/02\/27001-1.png\",\"width\":1175,\"height\":985},{\"@type\":\"WebPage\",\"@id\":\"https:\/\/www.byronweb.net\/grafici-avanzati\/#webpage\",\"url\":\"https:\/\/www.byronweb.net\/grafici-avanzati\/\",\"name\":\"Grafici Avanzati -\",\"isPartOf\":{\"@id\":\"https:\/\/www.byronweb.net\/es\/#website\"},\"primaryImageOfPage\":{\"@id\":\"https:\/\/www.byronweb.net\/grafici-avanzati\/#primaryimage\"},\"datePublished\":\"2022-04-12T14:16:29+00:00\",\"dateModified\":\"2023-02-16T09:01:22+00:00\",\"inLanguage\":\"es-ES\",\"potentialAction\":[{\"@type\":\"ReadAction\",\"target\":[\"https:\/\/www.byronweb.net\/grafici-avanzati\/\"]}]}]}<\/script>\n<!-- \/ Yoast SEO plugin. -->","_links":{"self":[{"href":"https:\/\/www.byronweb.net\/es\/wp-json\/wp\/v2\/pages\/840"}],"collection":[{"href":"https:\/\/www.byronweb.net\/es\/wp-json\/wp\/v2\/pages"}],"about":[{"href":"https:\/\/www.byronweb.net\/es\/wp-json\/wp\/v2\/types\/page"}],"author":[{"embeddable":true,"href":"https:\/\/www.byronweb.net\/es\/wp-json\/wp\/v2\/users\/1"}],"replies":[{"embeddable":true,"href":"https:\/\/www.byronweb.net\/es\/wp-json\/wp\/v2\/comments?post=840"}],"version-history":[{"count":31,"href":"https:\/\/www.byronweb.net\/es\/wp-json\/wp\/v2\/pages\/840\/revisions"}],"predecessor-version":[{"id":1327,"href":"https:\/\/www.byronweb.net\/es\/wp-json\/wp\/v2\/pages\/840\/revisions\/1327"}],"wp:attachment":[{"href":"https:\/\/www.byronweb.net\/es\/wp-json\/wp\/v2\/media?parent=840"}],"curies":[{"name":"wp","href":"https:\/\/api.w.org\/{rel}","templated":true}]}}