{"id":950,"date":"2022-07-15T17:18:55","date_gmt":"2022-07-15T15:18:55","guid":{"rendered":"https:\/\/www.byronweb.net\/?page_id=950"},"modified":"2023-02-15T11:46:49","modified_gmt":"2023-02-15T10:46:49","slug":"alert-uomo-a-terra","status":"publish","type":"page","link":"https:\/\/www.byronweb.net\/es\/alert-uomo-a-terra\/","title":{"rendered":"Alarma de Hombre Ca\u00eddo!"},"content":{"rendered":"<div data-elementor-type=\"wp-page\" data-elementor-id=\"950\" class=\"elementor elementor-950\">\n\t\t\t\t\t\t\t\t\t<section class=\"elementor-section elementor-top-section elementor-element elementor-element-6686f6a5 elementor-section-boxed elementor-section-height-default elementor-section-height-default\" data-id=\"6686f6a5\" data-element_type=\"section\">\n\t\t\t\t\t\t<div class=\"elementor-container elementor-column-gap-default\">\n\t\t\t\t\t<div class=\"elementor-column elementor-col-100 elementor-top-column elementor-element elementor-element-46e4828f\" data-id=\"46e4828f\" data-element_type=\"column\">\n\t\t\t<div class=\"elementor-widget-wrap elementor-element-populated\">\n\t\t\t\t\t\t\t\t<div class=\"elementor-element elementor-element-44c77dec elementor-widget elementor-widget-text-editor\" data-id=\"44c77dec\" data-element_type=\"widget\" data-widget_type=\"text-editor.default\">\n\t\t\t\t<div class=\"elementor-widget-container\">\n\t\t\t<style>\/*! elementor - v3.6.2 - 04-04-2022 *\/\n.elementor-widget-text-editor.elementor-drop-cap-view-stacked .elementor-drop-cap{background-color:#818a91;color:#fff}.elementor-widget-text-editor.elementor-drop-cap-view-framed .elementor-drop-cap{color:#818a91;border:3px solid;background-color:transparent}.elementor-widget-text-editor:not(.elementor-drop-cap-view-default) .elementor-drop-cap{margin-top:8px}.elementor-widget-text-editor:not(.elementor-drop-cap-view-default) .elementor-drop-cap-letter{width:1em;height:1em}.elementor-widget-text-editor .elementor-drop-cap{float:left;text-align:center;line-height:1;font-size:50px}.elementor-widget-text-editor .elementor-drop-cap-letter{display:inline-block}<\/style>\t\t\t\t<p><!-- wp:paragraph --><\/p>\n<div dir=\"auto\">\n<div data-ad-comet-preview=\"message\" data-ad-preview=\"message\">\n<div>\n<div>\n<div>\n<div dir=\"auto\"><strong><span style=\"font-size: 12pt;\">\u00a0Alarma de Hombre Ca\u00eddo!<\/span><\/strong><\/div>\n<div dir=\"auto\">\u00a0<\/div>\n<div dir=\"auto\">I<span style=\"font-size: 12pt;\">En cumplimiento con las actualizaciones para el adecuamento en \u00e1mbito normativo Europeo sobre la calidad y seguridad en el trabajo, a partir de hoy los usuarios pueden activar uan funci\u00f3n de seguridad que permitir\u00e1 recibir un aviso en tiempo real si un operador est\u00e1 inm\u00f3vil por el suelo.<\/span><\/div>\n<div dir=\"auto\">\u00a0<\/div>\n<\/div>\n<div>\n<div dir=\"auto\"><span style=\"font-size: 12pt;\">\u00a1Tu empresa merece lo MEJOR!\u00a0<\/span><\/div>\n<\/div>\n<\/div>\n<\/div>\n<\/div>\n<\/div>\n<p>\u00a0<\/p>\n<p><img loading=\"lazy\" class=\"aligncenter wp-image-1255 size-large\" src=\"https:\/\/www.byronweb.net\/wp-content\/uploads\/2023\/02\/Uomo-a-terra-Allarme.-1024x858.png\" alt=\"\" width=\"750\" height=\"628\" srcset=\"https:\/\/www.byronweb.net\/wp-content\/uploads\/2023\/02\/Uomo-a-terra-Allarme.-1024x858.png 1024w, https:\/\/www.byronweb.net\/wp-content\/uploads\/2023\/02\/Uomo-a-terra-Allarme.-300x251.png 300w, https:\/\/www.byronweb.net\/wp-content\/uploads\/2023\/02\/Uomo-a-terra-Allarme.-768x644.png 768w, https:\/\/www.byronweb.net\/wp-content\/uploads\/2023\/02\/Uomo-a-terra-Allarme.-14x12.png 14w, https:\/\/www.byronweb.net\/wp-content\/uploads\/2023\/02\/Uomo-a-terra-Allarme..png 1175w\" sizes=\"(max-width: 750px) 100vw, 750px\" \/><\/p>\n<p>\u00a0<\/p>\n<p><!-- \/wp:paragraph --><\/p>\t\t\t\t\t\t<\/div>\n\t\t\t\t<\/div>\n\t\t\t\t\t<\/div>\n\t\t<\/div>\n\t\t\t\t\t\t\t<\/div>\n\t\t<\/section>\n\t\t\t\t\t\t\t<\/div>","protected":false},"excerpt":{"rendered":"<p>\u00a0Alert uomo a terra! \u00a0 In linea con la scia degli aggiornamenti rilasciati per gli adeguamenti in ambito normativo Europeo qualit\u00e0 e sicurezza sul lavoro, da oggi per gli utenti \u00e8 possibile attivare una funzione di sicurezza che consentir\u00e0 di essere avvisati in tempo reale se un operatore \u00e8 a terra fermo in difficolt\u00e0. \u00a0 [&hellip;]<\/p>","protected":false},"author":1,"featured_media":0,"parent":0,"menu_order":0,"comment_status":"closed","ping_status":"closed","template":"","meta":[],"yoast_head":"<!-- This site is optimized with the Yoast SEO plugin v14.9 - https:\/\/yoast.com\/wordpress\/plugins\/seo\/ -->\n<title>Alert uomo a terra! -<\/title>\n<meta name=\"robots\" content=\"index, follow, max-snippet:-1, max-image-preview:large, max-video-preview:-1\" \/>\n<link rel=\"canonical\" href=\"https:\/\/www.byronweb.net\/es\/alert-uomo-a-terra\/\" \/>\n<meta property=\"og:locale\" content=\"es_ES\" \/>\n<meta property=\"og:type\" content=\"article\" \/>\n<meta property=\"og:title\" content=\"Alert uomo a terra! -\" \/>\n<meta property=\"og:description\" content=\"\u00a0Alert uomo a terra! \u00a0 In linea con la scia degli aggiornamenti rilasciati per gli adeguamenti in ambito normativo Europeo qualit\u00e0 e sicurezza sul lavoro, da oggi per gli utenti \u00e8 possibile attivare una funzione di sicurezza che consentir\u00e0 di essere avvisati in tempo reale se un operatore \u00e8 a terra fermo in difficolt\u00e0. \u00a0 [&hellip;]\" \/>\n<meta property=\"og:url\" content=\"https:\/\/www.byronweb.net\/es\/alert-uomo-a-terra\/\" \/>\n<meta property=\"article:modified_time\" content=\"2023-02-15T10:46:49+00:00\" \/>\n<meta property=\"og:image\" content=\"https:\/\/www.byronweb.net\/wp-content\/uploads\/2023\/02\/Uomo-a-terra-Allarme.-1024x858.png\" \/>\n<meta name=\"twitter:card\" content=\"summary_large_image\" \/>\n<script type=\"application\/ld+json\" class=\"yoast-schema-graph\">{\"@context\":\"https:\/\/schema.org\",\"@graph\":[{\"@type\":\"WebSite\",\"@id\":\"https:\/\/www.byronweb.net\/es\/#website\",\"url\":\"https:\/\/www.byronweb.net\/es\/\",\"name\":\"\",\"description\":\"\",\"potentialAction\":[{\"@type\":\"SearchAction\",\"target\":\"https:\/\/www.byronweb.net\/es\/?s={search_term_string}\",\"query-input\":\"required name=search_term_string\"}],\"inLanguage\":\"es-ES\"},{\"@type\":\"ImageObject\",\"@id\":\"https:\/\/www.byronweb.net\/alert-uomo-a-terra\/#primaryimage\",\"inLanguage\":\"es-ES\",\"url\":\"https:\/\/www.byronweb.net\/wp-content\/uploads\/2023\/02\/Uomo-a-terra-Allarme..png\",\"width\":1175,\"height\":985},{\"@type\":\"WebPage\",\"@id\":\"https:\/\/www.byronweb.net\/alert-uomo-a-terra\/#webpage\",\"url\":\"https:\/\/www.byronweb.net\/alert-uomo-a-terra\/\",\"name\":\"Alert uomo a terra! -\",\"isPartOf\":{\"@id\":\"https:\/\/www.byronweb.net\/es\/#website\"},\"primaryImageOfPage\":{\"@id\":\"https:\/\/www.byronweb.net\/alert-uomo-a-terra\/#primaryimage\"},\"datePublished\":\"2022-07-15T15:18:55+00:00\",\"dateModified\":\"2023-02-15T10:46:49+00:00\",\"inLanguage\":\"es-ES\",\"potentialAction\":[{\"@type\":\"ReadAction\",\"target\":[\"https:\/\/www.byronweb.net\/alert-uomo-a-terra\/\"]}]}]}<\/script>\n<!-- \/ Yoast SEO plugin. -->","_links":{"self":[{"href":"https:\/\/www.byronweb.net\/es\/wp-json\/wp\/v2\/pages\/950"}],"collection":[{"href":"https:\/\/www.byronweb.net\/es\/wp-json\/wp\/v2\/pages"}],"about":[{"href":"https:\/\/www.byronweb.net\/es\/wp-json\/wp\/v2\/types\/page"}],"author":[{"embeddable":true,"href":"https:\/\/www.byronweb.net\/es\/wp-json\/wp\/v2\/users\/1"}],"replies":[{"embeddable":true,"href":"https:\/\/www.byronweb.net\/es\/wp-json\/wp\/v2\/comments?post=950"}],"version-history":[{"count":13,"href":"https:\/\/www.byronweb.net\/es\/wp-json\/wp\/v2\/pages\/950\/revisions"}],"predecessor-version":[{"id":1258,"href":"https:\/\/www.byronweb.net\/es\/wp-json\/wp\/v2\/pages\/950\/revisions\/1258"}],"wp:attachment":[{"href":"https:\/\/www.byronweb.net\/es\/wp-json\/wp\/v2\/media?parent=950"}],"curies":[{"name":"wp","href":"https:\/\/api.w.org\/{rel}","templated":true}]}}